{"id":4292,"date":"2025-03-09T13:24:14","date_gmt":"2025-03-09T13:24:14","guid":{"rendered":"https:\/\/artstella-elixirs-floraux.com\/product\/ant-fourmi-wea-30-ml\/"},"modified":"2025-05-05T12:55:42","modified_gmt":"2025-05-05T12:55:42","slug":"ant-fourmi-wea-30-ml","status":"publish","type":"product","link":"https:\/\/artstella-elixirs-floraux.com\/fr_fr\/produit\/ant-fourmi-wea-30-ml\/","title":{"rendered":"ANT\/FOURMI WEA 30 ML"},"content":{"rendered":"","protected":false},"excerpt":{"rendered":"<p><strong><em>Ant (fourmi)<\/em><\/strong><\/p>\n<p>Infatigable au travail\u00a0; excellente productivit\u00e9\u00a0; action pr\u00e9cise\u00a0; engagement\u00a0; accomplir\u00a0; efficacit\u00e9 prodigieuse\u00a0; service communautaire.<\/p>\n","protected":false},"featured_media":4293,"template":"","meta":[],"product_brand":[],"product_cat":[150],"product_tag":[],"class_list":{"0":"post-4292","1":"product","2":"type-product","3":"status-publish","4":"has-post-thumbnail","6":"product_cat-les-elixirs-d-animaux-complementaires","8":"first","9":"instock","10":"taxable","11":"shipping-taxable","12":"purchasable","13":"product-type-simple"},"etheme_brands":{"errors":{"invalid_taxonomy":["Taxonomie non valide."]},"error_data":[]},"jetpack_sharing_enabled":true,"jetpack-related-posts":[{"id":5814,"url":"https:\/\/artstella-elixirs-floraux.com\/fr_fr\/produit\/fourmi-ant-formicidae-15ml-phi\/","url_meta":{"origin":4292,"position":0},"title":"Fourmi (Ant) (Formicidae) 15ml PHI","author":"eveapprill","date":"9 mars 2025","format":false,"excerpt":"Fourmi (Ant) (Formicidae)\u00a0 L\u2019\u00e9lixir aide \u00e0 \u00e9quilibrer \u00e9nerg\u00e9tiquement l\u2019acidit\u00e9 dans le corps. Aide \u00e0 dissoudre les d\u00e9p\u00f4ts au niveau des articulations. Nous apprenons \u00e0 d\u00e9passer l\u2019\u00e9nergie de l\u2019\u00e9go au niveau du plexus solaire et \u00e0 d\u00e9velopper la volont\u00e9 et la d\u00e9termination au service du bien commun.","rel":"","context":"Article similaire","block_context":{"text":"Article similaire","link":""},"img":{"alt_text":"","src":"","width":0,"height":0},"classes":[]},{"id":3938,"url":"https:\/\/artstella-elixirs-floraux.com\/fr_fr\/produit\/fourmi-phi-15-ml\/","url_meta":{"origin":4292,"position":1},"title":"FOURMI PHI 15 ML","author":"eveapprill","date":"27 mai 2025","format":false,"excerpt":"Fourmi (Formicoidea) Ameise\u00a0 Il aide \u00e0 r\u00e9guler \u00e9nerg\u00e9tiquement l'acidit\u00e9 dans le corps,","rel":"","context":"Article similaire","block_context":{"text":"Article similaire","link":""},"img":{"alt_text":"","src":"","width":0,"height":0},"classes":[]},{"id":5532,"url":"https:\/\/artstella-elixirs-floraux.com\/fr_fr\/produit\/coffret-10-animaux-n2-phi-15ml\/","url_meta":{"origin":4292,"position":2},"title":"COFFRET 10 ANIMAUX N\u00b02 PHI 15ML","author":"eveapprill","date":"9 mars 2025","format":false,"excerpt":"Coffret n\u00b0 2 10 \u00e9lixirs d'animaux Contient : Alligator, Lamantin, Anaconda, Fourmi, Abeille, Chameau, Flamant rouge, Gibbon, Girafe, Gorille.","rel":"","context":"Article similaire","block_context":{"text":"Article similaire","link":""},"img":{"alt_text":"","src":"https:\/\/i0.wp.com\/artstella-elixirs-floraux.com\/wp-content\/uploads\/2025\/03\/wp-image1761.png?resize=350%2C200&ssl=1","width":350,"height":200},"classes":[]}],"_links":{"self":[{"href":"https:\/\/artstella-elixirs-floraux.com\/fr_fr\/wp-json\/wp\/v2\/product\/4292","targetHints":{"allow":["GET"]}}],"collection":[{"href":"https:\/\/artstella-elixirs-floraux.com\/fr_fr\/wp-json\/wp\/v2\/product"}],"about":[{"href":"https:\/\/artstella-elixirs-floraux.com\/fr_fr\/wp-json\/wp\/v2\/types\/product"}],"version-history":[{"count":0,"href":"https:\/\/artstella-elixirs-floraux.com\/fr_fr\/wp-json\/wp\/v2\/product\/4292\/revisions"}],"wp:featuredmedia":[{"embeddable":true,"href":"https:\/\/artstella-elixirs-floraux.com\/fr_fr\/wp-json\/wp\/v2\/media\/4293"}],"wp:attachment":[{"href":"https:\/\/artstella-elixirs-floraux.com\/fr_fr\/wp-json\/wp\/v2\/media?parent=4292"}],"wp:term":[{"taxonomy":"product_brand","embeddable":true,"href":"https:\/\/artstella-elixirs-floraux.com\/fr_fr\/wp-json\/wp\/v2\/product_brand?post=4292"},{"taxonomy":"product_cat","embeddable":true,"href":"https:\/\/artstella-elixirs-floraux.com\/fr_fr\/wp-json\/wp\/v2\/product_cat?post=4292"},{"taxonomy":"product_tag","embeddable":true,"href":"https:\/\/artstella-elixirs-floraux.com\/fr_fr\/wp-json\/wp\/v2\/product_tag?post=4292"}],"curies":[{"name":"wp","href":"https:\/\/api.w.org\/{rel}","templated":true}]}}