{"id":4302,"date":"2025-03-09T13:24:24","date_gmt":"2025-03-09T13:24:24","guid":{"rendered":"https:\/\/artstella-elixirs-floraux.com\/product\/bobcat-chat-sauvage-wea-30-ml\/"},"modified":"2025-05-05T12:55:35","modified_gmt":"2025-05-05T12:55:35","slug":"bobcat-chat-sauvage-wea-30-ml","status":"publish","type":"product","link":"https:\/\/artstella-elixirs-floraux.com\/fr_fr\/produit\/bobcat-chat-sauvage-wea-30-ml\/","title":{"rendered":"BOBCAT\/CHAT SAUVAGE WEA 30 ML"},"content":{"rendered":"","protected":false},"excerpt":{"rendered":"<p><strong><em>Bobcat (chat sauvage)<\/em><\/strong><\/p>\n<p>Concentration et clart\u00e9 d\u2019esprit\u00a0; clart\u00e9 spirituelle\u00a0; conscience du moment pr\u00e9sent\u00a0; sagesse de l\u2019esprit apais\u00e9.<\/p>\n","protected":false},"featured_media":4303,"template":"","meta":[],"product_brand":[],"product_cat":[150],"product_tag":[],"class_list":{"0":"post-4302","1":"product","2":"type-product","3":"status-publish","4":"has-post-thumbnail","6":"product_cat-les-elixirs-d-animaux-complementaires","8":"first","9":"instock","10":"taxable","11":"shipping-taxable","12":"purchasable","13":"product-type-simple"},"etheme_brands":{"errors":{"invalid_taxonomy":["Taxonomie non valide."]},"error_data":[]},"jetpack_sharing_enabled":true,"jetpack-related-posts":[{"id":3324,"url":"https:\/\/artstella-elixirs-floraux.com\/fr_fr\/produit\/citronnier-15-ml-phi\/","url_meta":{"origin":4302,"position":0},"title":"CITRONNIER 15 ML PHI","author":"eveapprill","date":"9 mars 2025","format":false,"excerpt":"Citronnier (Citrus limon) (Zitrone) Purifie les plans subtils et apporte une clart\u00e9 nouvelle. L'\u00e9lixir renouvelle le sentiment de bien-\u00eatre.","rel":"","context":"Article similaire","block_context":{"text":"Article similaire","link":""},"img":{"alt_text":"","src":"https:\/\/i0.wp.com\/artstella-elixirs-floraux.com\/wp-content\/uploads\/2025\/03\/wp-image702.png?resize=350%2C200&ssl=1","width":350,"height":200},"classes":[]},{"id":6171,"url":"https:\/\/artstella-elixirs-floraux.com\/fr_fr\/produit\/cafe-sylfos-15-ml\/","url_meta":{"origin":4302,"position":1},"title":"CAFE SYLFOS 15 ML","author":"eveapprill","date":"9 mars 2025","format":false,"excerpt":"CAF\u00c9 Coffea arabica\u00a0\u00a0 Clart\u00e9, renouveau Am\u00e9liore l\u2019acuit\u00e9 mentale en nous aidant dans la prise de d\u00e9cision rapide. Permet de se lib\u00e9rer des coutumes et des sch\u00e9mas de comportements et\/ou de pens\u00e9e qui ne sont pas constructif pour notre cheminement actuel.","rel":"","context":"Article similaire","block_context":{"text":"Article similaire","link":""},"img":{"alt_text":"","src":"https:\/\/i0.wp.com\/artstella-elixirs-floraux.com\/wp-content\/uploads\/2025\/03\/wp-image2177.png?resize=350%2C200&ssl=1","width":350,"height":200},"classes":[]},{"id":3962,"url":"https:\/\/artstella-elixirs-floraux.com\/fr_fr\/produit\/aigle-a-tete-blanche-15-ml-phi\/","url_meta":{"origin":4302,"position":2},"title":"AIGLE A TETE BLANCHE 15 ML PHI","author":"eveapprill","date":"9 mars 2025","format":false,"excerpt":"Aigle \u00e0 t\u00eate blanche (Haliaetus leucocephalus) (Weisskopfseeadler) Il \u00e9tablit une clart\u00e9 de l\u2019esprit, renforce une vision plus large des choses,","rel":"","context":"Article similaire","block_context":{"text":"Article similaire","link":""},"img":{"alt_text":"","src":"","width":0,"height":0},"classes":[]},{"id":5428,"url":"https:\/\/artstella-elixirs-floraux.com\/fr_fr\/produit\/lamier-rouge-lamiun-red-henbit-10ml\/","url_meta":{"origin":4302,"position":3},"title":"Lamier rouge Lamiun Red Henbit 10ml","author":"eveapprill","date":"9 mars 2025","format":false,"excerpt":"Lamier rouge - Lamium purpureum - Red Henbit \u00a0 am\u00e9liore le lien \u00e0 la terre et apporte de la joie dans les occupations terrestres. Donne de la clart\u00e9 dans les occupations chaotiques et \u00e9veille l\u2019esprit d\u2019ordre et de rangement.\u00a0","rel":"","context":"Article similaire","block_context":{"text":"Article similaire","link":""},"img":{"alt_text":"","src":"","width":0,"height":0},"classes":[]},{"id":6278,"url":"https:\/\/artstella-elixirs-floraux.com\/fr_fr\/produit\/hortensia-sylfos-15ml\/","url_meta":{"origin":4302,"position":4},"title":"HORTENSIA SYLFOS 15ML","author":"eveapprill","date":"9 mars 2025","format":false,"excerpt":"HORTENSIA (Hydrangea sp.) \u00a0Confiance en soi - \u00c9nergie - Purification \u2013 Responsabilit\u00e9 Elixir recommand\u00e9 aux personnes qui souffrent d\u2019anxi\u00e9t\u00e9 dans les relations. Ils manquent souvent de clart\u00e9 de pens\u00e9e, n'ont pas confiance en eux mais sont tr\u00e8s exigeants et ne sont jamais satisfaits.","rel":"","context":"Article similaire","block_context":{"text":"Article similaire","link":""},"img":{"alt_text":"","src":"https:\/\/i0.wp.com\/artstella-elixirs-floraux.com\/wp-content\/uploads\/2025\/03\/wp-image2228.png?resize=350%2C200&ssl=1","width":350,"height":200},"classes":[]},{"id":6280,"url":"https:\/\/artstella-elixirs-floraux.com\/fr_fr\/produit\/lantana-sylfos-15ml\/","url_meta":{"origin":4302,"position":5},"title":"LANTANA SYLFOS 15ML","author":"eveapprill","date":"9 mars 2025","format":false,"excerpt":"LANTANA \u2013Lantana camara Sensibilit\u00e9 \u2013 Luminosit\u00e9 - Karma aide \u00e0 r\u00e9soudre les manques de motivation, de direction et de clart\u00e9, en amenant directement \u00e0 ce qui est bloqu\u00e9 dans notre conscience.","rel":"","context":"Article similaire","block_context":{"text":"Article similaire","link":""},"img":{"alt_text":"","src":"https:\/\/i0.wp.com\/artstella-elixirs-floraux.com\/wp-content\/uploads\/2025\/03\/wp-image2229.png?resize=350%2C200&ssl=1","width":350,"height":200},"classes":[]}],"_links":{"self":[{"href":"https:\/\/artstella-elixirs-floraux.com\/fr_fr\/wp-json\/wp\/v2\/product\/4302","targetHints":{"allow":["GET"]}}],"collection":[{"href":"https:\/\/artstella-elixirs-floraux.com\/fr_fr\/wp-json\/wp\/v2\/product"}],"about":[{"href":"https:\/\/artstella-elixirs-floraux.com\/fr_fr\/wp-json\/wp\/v2\/types\/product"}],"version-history":[{"count":0,"href":"https:\/\/artstella-elixirs-floraux.com\/fr_fr\/wp-json\/wp\/v2\/product\/4302\/revisions"}],"wp:featuredmedia":[{"embeddable":true,"href":"https:\/\/artstella-elixirs-floraux.com\/fr_fr\/wp-json\/wp\/v2\/media\/4303"}],"wp:attachment":[{"href":"https:\/\/artstella-elixirs-floraux.com\/fr_fr\/wp-json\/wp\/v2\/media?parent=4302"}],"wp:term":[{"taxonomy":"product_brand","embeddable":true,"href":"https:\/\/artstella-elixirs-floraux.com\/fr_fr\/wp-json\/wp\/v2\/product_brand?post=4302"},{"taxonomy":"product_cat","embeddable":true,"href":"https:\/\/artstella-elixirs-floraux.com\/fr_fr\/wp-json\/wp\/v2\/product_cat?post=4302"},{"taxonomy":"product_tag","embeddable":true,"href":"https:\/\/artstella-elixirs-floraux.com\/fr_fr\/wp-json\/wp\/v2\/product_tag?post=4302"}],"curies":[{"name":"wp","href":"https:\/\/api.w.org\/{rel}","templated":true}]}}