{"id":4304,"date":"2025-03-09T13:24:26","date_gmt":"2025-03-09T13:24:26","guid":{"rendered":"https:\/\/artstella-elixirs-floraux.com\/product\/chipmunk-tamia-raye-wea-30-ml\/"},"modified":"2025-05-05T12:55:34","modified_gmt":"2025-05-05T12:55:34","slug":"chipmunk-tamia-raye-wea-30-ml","status":"publish","type":"product","link":"https:\/\/artstella-elixirs-floraux.com\/fr_fr\/produit\/chipmunk-tamia-raye-wea-30-ml\/","title":{"rendered":"CHIPMUNK\/TAMIA RAYE WEA 30 ML"},"content":{"rendered":"","protected":false},"excerpt":{"rendered":"<p><strong><em>Chipmunk (tamia ray\u00e9)<\/em><\/strong><\/p>\n<p>Spontan\u00e9it\u00e9 espi\u00e8gle\u00a0; exub\u00e9rance enfantine\u00a0; jeu d\u2019enfant\u00a0; vivre la vie comme un jeu joyeux.<\/p>\n","protected":false},"featured_media":4305,"template":"","meta":[],"product_brand":[],"product_cat":[150],"product_tag":[],"class_list":{"0":"post-4304","1":"product","2":"type-product","3":"status-publish","4":"has-post-thumbnail","6":"product_cat-les-elixirs-d-animaux-complementaires","8":"first","9":"instock","10":"taxable","11":"shipping-taxable","12":"purchasable","13":"product-type-simple"},"etheme_brands":{"errors":{"invalid_taxonomy":["Taxonomie non valide."]},"error_data":[]},"jetpack_sharing_enabled":true,"jetpack-related-posts":[{"id":4684,"url":"https:\/\/artstella-elixirs-floraux.com\/fr_fr\/produit\/coffret-soul-ray\/","url_meta":{"origin":4304,"position":0},"title":"COFFRET SOUL RAY","author":"eveapprill","date":"9 mars 2025","format":false,"excerpt":"COFFRET SOUL RAY Coffret de 8 flacons de Soul Ray Essences","rel":"","context":"Article similaire","block_context":{"text":"Article similaire","link":""},"img":{"alt_text":"","src":"https:\/\/i0.wp.com\/artstella-elixirs-floraux.com\/wp-content\/uploads\/2025\/03\/wp-image1272.png?resize=350%2C200&ssl=1","width":350,"height":200},"classes":[]},{"id":4324,"url":"https:\/\/artstella-elixirs-floraux.com\/fr_fr\/produit\/manta-ray-raie-manta-wea-exp-30-ml\/","url_meta":{"origin":4304,"position":1},"title":"MANTA RAY\/RAIE MANTA WEA EXP 30 ML","author":"eveapprill","date":"9 mars 2025","format":false,"excerpt":"Manta Ray (raie manta) Mouvement gracieux\u00a0; efficacit\u00e9 absolue de l\u2019action\u00a0; \u00eatre en paix dans l\u2019instant tout en avan\u00e7ant.","rel":"","context":"Article similaire","block_context":{"text":"Article similaire","link":""},"img":{"alt_text":"","src":"https:\/\/i0.wp.com\/artstella-elixirs-floraux.com\/wp-content\/uploads\/2025\/03\/wp-image2299.png?resize=350%2C200&ssl=1","width":350,"height":200,"srcset":"https:\/\/i0.wp.com\/artstella-elixirs-floraux.com\/wp-content\/uploads\/2025\/03\/wp-image2299.png?resize=350%2C200&ssl=1 1x, https:\/\/i0.wp.com\/artstella-elixirs-floraux.com\/wp-content\/uploads\/2025\/03\/wp-image2299.png?resize=525%2C300&ssl=1 1.5x, https:\/\/i0.wp.com\/artstella-elixirs-floraux.com\/wp-content\/uploads\/2025\/03\/wp-image2299.png?resize=700%2C400&ssl=1 2x, https:\/\/i0.wp.com\/artstella-elixirs-floraux.com\/wp-content\/uploads\/2025\/03\/wp-image2299.png?resize=1050%2C600&ssl=1 3x, https:\/\/i0.wp.com\/artstella-elixirs-floraux.com\/wp-content\/uploads\/2025\/03\/wp-image2299.png?resize=1400%2C800&ssl=1 4x"},"classes":[]},{"id":4790,"url":"https:\/\/artstella-elixirs-floraux.com\/fr_fr\/produit\/sre-8-perelandra-14-2-ml\/","url_meta":{"origin":4304,"position":2},"title":"SRE 8 PERELANDRA 14.2 ML","author":"eveapprill","date":"9 mars 2025","format":false,"excerpt":"SRE 8 PERELANDRA 15 ML","rel":"","context":"Article similaire","block_context":{"text":"Article similaire","link":""},"img":{"alt_text":"","src":"https:\/\/i0.wp.com\/artstella-elixirs-floraux.com\/wp-content\/uploads\/2025\/03\/wp-image1328.png?resize=350%2C200&ssl=1","width":350,"height":200},"classes":[]},{"id":5269,"url":"https:\/\/artstella-elixirs-floraux.com\/fr_fr\/produit\/jeu-de-20-cartes-de-champignons\/","url_meta":{"origin":4304,"position":3},"title":"Jeu de 20 cartes de champignons","author":"eveapprill","date":"9 mars 2025","format":false,"excerpt":"Jeu de 20 cartes de champignons avec lesquels les \u00e9lixirs ont \u00e9t\u00e9 r\u00e9alis\u00e9s par Andr\u00e9as Korte","rel":"","context":"Article similaire","block_context":{"text":"Article similaire","link":""},"img":{"alt_text":"","src":"","width":0,"height":0},"classes":[]},{"id":5255,"url":"https:\/\/artstella-elixirs-floraux.com\/fr_fr\/produit\/jeu-de-40-cartes-de-fleurs-classiques\/","url_meta":{"origin":4304,"position":4},"title":"Jeu de 40 cartes de Fleurs Classiques","author":"","date":"9 mars 2025","format":false,"excerpt":"Jeu de 40 cartes de Fleurs classiques repr\u00e9sentant les fleurs de Bach","rel":"","context":"Article similaire","block_context":{"text":"Article similaire","link":""},"img":{"alt_text":"","src":"https:\/\/i0.wp.com\/artstella-elixirs-floraux.com\/wp-content\/uploads\/2025\/03\/wp-image2489.png?resize=350%2C200&ssl=1","width":350,"height":200,"srcset":"https:\/\/i0.wp.com\/artstella-elixirs-floraux.com\/wp-content\/uploads\/2025\/03\/wp-image2489.png?resize=350%2C200&ssl=1 1x, https:\/\/i0.wp.com\/artstella-elixirs-floraux.com\/wp-content\/uploads\/2025\/03\/wp-image2489.png?resize=525%2C300&ssl=1 1.5x"},"classes":[]},{"id":5271,"url":"https:\/\/artstella-elixirs-floraux.com\/fr_fr\/produit\/jeu-de-10-cartes-de-roses\/","url_meta":{"origin":4304,"position":5},"title":"Jeu de 10 cartes de roses","author":"","date":"9 mars 2025","format":false,"excerpt":"Jeu de 10 cartes de Roses avec lesquelles les \u00e9lixirs de roses ont \u00e9t\u00e9 r\u00e9alis\u00e9s par Andr\u00e9as Korte","rel":"","context":"Article similaire","block_context":{"text":"Article similaire","link":""},"img":{"alt_text":"","src":"","width":0,"height":0},"classes":[]}],"_links":{"self":[{"href":"https:\/\/artstella-elixirs-floraux.com\/fr_fr\/wp-json\/wp\/v2\/product\/4304","targetHints":{"allow":["GET"]}}],"collection":[{"href":"https:\/\/artstella-elixirs-floraux.com\/fr_fr\/wp-json\/wp\/v2\/product"}],"about":[{"href":"https:\/\/artstella-elixirs-floraux.com\/fr_fr\/wp-json\/wp\/v2\/types\/product"}],"version-history":[{"count":0,"href":"https:\/\/artstella-elixirs-floraux.com\/fr_fr\/wp-json\/wp\/v2\/product\/4304\/revisions"}],"wp:featuredmedia":[{"embeddable":true,"href":"https:\/\/artstella-elixirs-floraux.com\/fr_fr\/wp-json\/wp\/v2\/media\/4305"}],"wp:attachment":[{"href":"https:\/\/artstella-elixirs-floraux.com\/fr_fr\/wp-json\/wp\/v2\/media?parent=4304"}],"wp:term":[{"taxonomy":"product_brand","embeddable":true,"href":"https:\/\/artstella-elixirs-floraux.com\/fr_fr\/wp-json\/wp\/v2\/product_brand?post=4304"},{"taxonomy":"product_cat","embeddable":true,"href":"https:\/\/artstella-elixirs-floraux.com\/fr_fr\/wp-json\/wp\/v2\/product_cat?post=4304"},{"taxonomy":"product_tag","embeddable":true,"href":"https:\/\/artstella-elixirs-floraux.com\/fr_fr\/wp-json\/wp\/v2\/product_tag?post=4304"}],"curies":[{"name":"wp","href":"https:\/\/api.w.org\/{rel}","templated":true}]}}