{"id":4314,"date":"2025-03-09T13:24:38","date_gmt":"2025-03-09T13:24:38","guid":{"rendered":"https:\/\/artstella-elixirs-floraux.com\/product\/great-blue-heron-grand-heron-30-ml\/"},"modified":"2025-05-05T12:55:28","modified_gmt":"2025-05-05T12:55:28","slug":"great-blue-heron-grand-heron-30-ml","status":"publish","type":"product","link":"https:\/\/artstella-elixirs-floraux.com\/fr_fr\/produit\/great-blue-heron-grand-heron-30-ml\/","title":{"rendered":"GREAT BLUE HERON\/GRAND HERON 30 ML"},"content":{"rendered":"","protected":false},"excerpt":{"rendered":"<p><strong><em>Great Blue Heron (grand h\u00e9ron)<\/em><\/strong><\/p>\n<p>S\u00e9r\u00e9nit\u00e9 paisible ; connexion spirituelle ; communion ancr\u00e9e avec le Divin<\/p>\n","protected":false},"featured_media":4315,"template":"","meta":[],"product_brand":[],"product_cat":[150],"product_tag":[],"class_list":{"0":"post-4314","1":"product","2":"type-product","3":"status-publish","4":"has-post-thumbnail","6":"product_cat-les-elixirs-d-animaux-complementaires","8":"first","9":"instock","10":"taxable","11":"shipping-taxable","12":"purchasable","13":"product-type-simple"},"etheme_brands":{"errors":{"invalid_taxonomy":["Taxonomie non valide."]},"error_data":[]},"jetpack_sharing_enabled":true,"jetpack-related-posts":[{"id":6325,"url":"https:\/\/artstella-elixirs-floraux.com\/fr_fr\/produit\/septieme-chakra-weae-30ml\/","url_meta":{"origin":4314,"position":0},"title":"SEPTIEME CHAKRA WEAE 30 ml","author":"eveapprill","date":"9 mars 2025","format":false,"excerpt":"Seventh Chakra Essence fournit un soutien pour recevoir les dons du septi\u00e8me chakra, y compris: \u00eatre en unit\u00e9 avec l'esprit, recevoir des conseils sup\u00e9rieurs, la connexion divine.","rel":"","context":"Article similaire","block_context":{"text":"Article similaire","link":""},"img":{"alt_text":"","src":"https:\/\/i0.wp.com\/artstella-elixirs-floraux.com\/wp-content\/uploads\/2025\/03\/1f748c53-28aa-4d2b-a2a4-484c606e5bf4.jpg?resize=350%2C200&ssl=1","width":350,"height":200,"srcset":"https:\/\/i0.wp.com\/artstella-elixirs-floraux.com\/wp-content\/uploads\/2025\/03\/1f748c53-28aa-4d2b-a2a4-484c606e5bf4.jpg?resize=350%2C200&ssl=1 1x, https:\/\/i0.wp.com\/artstella-elixirs-floraux.com\/wp-content\/uploads\/2025\/03\/1f748c53-28aa-4d2b-a2a4-484c606e5bf4.jpg?resize=525%2C300&ssl=1 1.5x, https:\/\/i0.wp.com\/artstella-elixirs-floraux.com\/wp-content\/uploads\/2025\/03\/1f748c53-28aa-4d2b-a2a4-484c606e5bf4.jpg?resize=700%2C400&ssl=1 2x"},"classes":[]},{"id":2751,"url":"https:\/\/artstella-elixirs-floraux.com\/fr_fr\/produit\/water-eau-bush-white-light\/","url_meta":{"origin":4314,"position":1},"title":"WATER (Eau) BUSH WHITE LIGHT","author":"eveapprill","date":"9 mars 2025","format":false,"excerpt":"L'\u00c9LIXIR EAU (WATER ESSENCE) a \u00e9t\u00e9 r\u00e9alis\u00e9 \u00e0 partir d\u2019un m\u00e9lange alchimique de deux \u00e9lixirs qui ont \u00e9t\u00e9 pr\u00e9par\u00e9s dans l\u2019h\u00e9misph\u00e8re Nord sur l\u2019\u00eele d\u2019Iona \u00e0 l\u2019ouest au large de l\u2019Ecosse, et dans l\u2019h\u00e9misph\u00e8re Sud sur l\u2019\u00eele Heron sur la grande barri\u00e8re de corail australienne. \u00a0","rel":"","context":"Article similaire","block_context":{"text":"Article similaire","link":""},"img":{"alt_text":"","src":"https:\/\/i0.wp.com\/artstella-elixirs-floraux.com\/wp-content\/uploads\/2025\/03\/b043b8f5-107e-4ab0-a70c-df54db5f2015.jpg?resize=350%2C200&ssl=1","width":350,"height":200,"srcset":"https:\/\/i0.wp.com\/artstella-elixirs-floraux.com\/wp-content\/uploads\/2025\/03\/b043b8f5-107e-4ab0-a70c-df54db5f2015.jpg?resize=350%2C200&ssl=1 1x, https:\/\/i0.wp.com\/artstella-elixirs-floraux.com\/wp-content\/uploads\/2025\/03\/b043b8f5-107e-4ab0-a70c-df54db5f2015.jpg?resize=525%2C300&ssl=1 1.5x, https:\/\/i0.wp.com\/artstella-elixirs-floraux.com\/wp-content\/uploads\/2025\/03\/b043b8f5-107e-4ab0-a70c-df54db5f2015.jpg?resize=700%2C400&ssl=1 2x"},"classes":[]},{"id":5466,"url":"https:\/\/artstella-elixirs-floraux.com\/fr_fr\/produit\/grande-chelidoine-chelidoine-greater-celandine-10-ml\/","url_meta":{"origin":4314,"position":2},"title":"Grande ch\u00e9lidoine Chelidoine -Greater celandine 10 ML","author":"eveapprill","date":"9 mars 2025","format":false,"excerpt":"Chelidoine - Chelidonium majus - Greater celandine La cerise sur le g\u00e2teau\u201d qui rend la vie plus compl\u00e8te. Pour d\u00e9velopper un esprit de d\u00e9cision. Permet d\u2019int\u00e9grer des qualit\u00e9s int\u00e9rieures masculines et f\u00e9minines, autant chez l\u2019homme que chez la femme. Purifie les poisons \u00e9motionnels, am\u00e9liore les relations, notamment quand un mur\u2026","rel":"","context":"Article similaire","block_context":{"text":"Article similaire","link":""},"img":{"alt_text":"","src":"","width":0,"height":0},"classes":[]},{"id":4191,"url":"https:\/\/artstella-elixirs-floraux.com\/fr_fr\/produit\/communion-with-god-wea-30-ml\/","url_meta":{"origin":4314,"position":3},"title":"COMMUNION WITH GOD WEA 30 ML","author":"eveapprill","date":"9 mars 2025","format":false,"excerpt":"\u00a0 Communion with God (communion avec Dieu) Pour ressentir l\u2019unit\u00e9 avec le Divin sa vie pleinement, avec libert\u00e9 et abandon.","rel":"","context":"Article similaire","block_context":{"text":"Article similaire","link":""},"img":{"alt_text":"","src":"https:\/\/i0.wp.com\/artstella-elixirs-floraux.com\/wp-content\/uploads\/2025\/03\/wp-image2374.png?resize=350%2C200&ssl=1","width":350,"height":200},"classes":[]},{"id":4235,"url":"https:\/\/artstella-elixirs-floraux.com\/fr_fr\/produit\/girafe-wea-30-ml\/","url_meta":{"origin":4314,"position":4},"title":"GIRAFE WEA 30 ML","author":"eveapprill","date":"9 mars 2025","format":false,"excerpt":"Giraffe (girafe) Pour d\u00e9velopper la capacit\u00e9 \u00e0 voir le terrain de sa vie sous une plus grande et plus Claire perspective. Pour l\u2019expansion et la vision spirituelles, tout en restant bien ancr\u00e9.","rel":"","context":"Article similaire","block_context":{"text":"Article similaire","link":""},"img":{"alt_text":"","src":"https:\/\/i0.wp.com\/artstella-elixirs-floraux.com\/wp-content\/uploads\/2025\/03\/wp-image2263.png?resize=350%2C200&ssl=1","width":350,"height":200,"srcset":"https:\/\/i0.wp.com\/artstella-elixirs-floraux.com\/wp-content\/uploads\/2025\/03\/wp-image2263.png?resize=350%2C200&ssl=1 1x, https:\/\/i0.wp.com\/artstella-elixirs-floraux.com\/wp-content\/uploads\/2025\/03\/wp-image2263.png?resize=525%2C300&ssl=1 1.5x, https:\/\/i0.wp.com\/artstella-elixirs-floraux.com\/wp-content\/uploads\/2025\/03\/wp-image2263.png?resize=700%2C400&ssl=1 2x"},"classes":[]},{"id":4259,"url":"https:\/\/artstella-elixirs-floraux.com\/fr_fr\/produit\/white-rhinoceros-30-ml-wea\/","url_meta":{"origin":4314,"position":5},"title":"WHITE RHINOCEROS 30 ML WEA","author":"eveapprill","date":"9 mars 2025","format":false,"excerpt":"White Rhinoceros (rhinoc\u00e9ros blanc) Lenteur de mouvement\u00a0; progr\u00e8s r\u00e9gulier\u00a0; force ancr\u00e9e\u00a0; conscience spirituelle du Divin prenant forme.","rel":"","context":"Article similaire","block_context":{"text":"Article similaire","link":""},"img":{"alt_text":"","src":"https:\/\/i0.wp.com\/artstella-elixirs-floraux.com\/wp-content\/uploads\/2025\/03\/wp-image2317.png?resize=350%2C200&ssl=1","width":350,"height":200,"srcset":"https:\/\/i0.wp.com\/artstella-elixirs-floraux.com\/wp-content\/uploads\/2025\/03\/wp-image2317.png?resize=350%2C200&ssl=1 1x, https:\/\/i0.wp.com\/artstella-elixirs-floraux.com\/wp-content\/uploads\/2025\/03\/wp-image2317.png?resize=525%2C300&ssl=1 1.5x, https:\/\/i0.wp.com\/artstella-elixirs-floraux.com\/wp-content\/uploads\/2025\/03\/wp-image2317.png?resize=700%2C400&ssl=1 2x"},"classes":[]}],"_links":{"self":[{"href":"https:\/\/artstella-elixirs-floraux.com\/fr_fr\/wp-json\/wp\/v2\/product\/4314","targetHints":{"allow":["GET"]}}],"collection":[{"href":"https:\/\/artstella-elixirs-floraux.com\/fr_fr\/wp-json\/wp\/v2\/product"}],"about":[{"href":"https:\/\/artstella-elixirs-floraux.com\/fr_fr\/wp-json\/wp\/v2\/types\/product"}],"version-history":[{"count":0,"href":"https:\/\/artstella-elixirs-floraux.com\/fr_fr\/wp-json\/wp\/v2\/product\/4314\/revisions"}],"wp:featuredmedia":[{"embeddable":true,"href":"https:\/\/artstella-elixirs-floraux.com\/fr_fr\/wp-json\/wp\/v2\/media\/4315"}],"wp:attachment":[{"href":"https:\/\/artstella-elixirs-floraux.com\/fr_fr\/wp-json\/wp\/v2\/media?parent=4314"}],"wp:term":[{"taxonomy":"product_brand","embeddable":true,"href":"https:\/\/artstella-elixirs-floraux.com\/fr_fr\/wp-json\/wp\/v2\/product_brand?post=4314"},{"taxonomy":"product_cat","embeddable":true,"href":"https:\/\/artstella-elixirs-floraux.com\/fr_fr\/wp-json\/wp\/v2\/product_cat?post=4314"},{"taxonomy":"product_tag","embeddable":true,"href":"https:\/\/artstella-elixirs-floraux.com\/fr_fr\/wp-json\/wp\/v2\/product_tag?post=4314"}],"curies":[{"name":"wp","href":"https:\/\/api.w.org\/{rel}","templated":true}]}}