{"id":4326,"date":"2025-03-09T13:24:54","date_gmt":"2025-03-09T13:24:54","guid":{"rendered":"https:\/\/artstella-elixirs-floraux.com\/product\/moose-elan-wea-exp-30-ml\/"},"modified":"2025-05-05T12:54:07","modified_gmt":"2025-05-05T12:54:07","slug":"moose-elan-wea-exp-30-ml","status":"publish","type":"product","link":"https:\/\/artstella-elixirs-floraux.com\/fr_fr\/produit\/moose-elan-wea-exp-30-ml\/","title":{"rendered":"MOOSE\/ELAN WEA EXP 30 ML"},"content":{"rendered":"","protected":false},"excerpt":{"rendered":"<p><strong><em>Moose (\u00e9lan)<\/em><\/strong><\/p>\n<p>Sagesse du rythme g\u00e9ologique\u00a0; sagesse dela Terre\u00a0; compr\u00e9hension de son histoire personnelle\u00a0; simplicit\u00e9.<\/p>\n","protected":false},"featured_media":4327,"template":"","meta":[],"product_brand":[],"product_cat":[150],"product_tag":[],"class_list":{"0":"post-4326","1":"product","2":"type-product","3":"status-publish","4":"has-post-thumbnail","6":"product_cat-les-elixirs-d-animaux-complementaires","8":"first","9":"instock","10":"taxable","11":"shipping-taxable","12":"purchasable","13":"product-type-simple"},"etheme_brands":{"errors":{"invalid_taxonomy":["Taxonomie non valide."]},"error_data":[]},"jetpack_sharing_enabled":true,"jetpack-related-posts":[{"id":12277,"url":"https:\/\/artstella-elixirs-floraux.com\/fr_fr\/produit\/12-orchidee-de-la-sagesse-lycaste-longipetala-sylfos\/","url_meta":{"origin":4326,"position":0},"title":"12. ORCHID\u00c9E DE LA SAGESSE Lycaste longipetala Sylfos","author":"eveapprill","date":"13 mars 2026","format":false,"excerpt":"\u00c9lixir de\u00a0discernement sup\u00e9rieur et de compr\u00e9hension spirituelle. Aide \u00e0 d\u00e9couvrir le but de l\u2019\u00e2me, clarifie l\u2019esprit et ouvre l\u2019acc\u00e8s \u00e0 la sagesse int\u00e9rieure.","rel":"","context":"Article similaire","block_context":{"text":"Article similaire","link":""},"img":{"alt_text":"","src":"https:\/\/i0.wp.com\/artstella-elixirs-floraux.com\/wp-content\/uploads\/2026\/03\/12_sabiduria_-WEB.png?resize=350%2C200&ssl=1","width":350,"height":200},"classes":[]},{"id":3659,"url":"https:\/\/artstella-elixirs-floraux.com\/fr_fr\/produit\/54-secret-wisdom-ltoe-15-ml\/","url_meta":{"origin":4326,"position":1},"title":"54. SECRET WISDOM LTOE 15 ML","author":"eveapprill","date":"9 mars 2025","format":false,"excerpt":"Secret Wisdom \/Sagesse secrete : oriente l\u2019attention vers la divinit\u00e9 int\u00e9rieure, au niveau de la chambre int\u00e9rieure du chakra du c\u0153ur.","rel":"","context":"Article similaire","block_context":{"text":"Article similaire","link":""},"img":{"alt_text":"","src":"https:\/\/i0.wp.com\/artstella-elixirs-floraux.com\/wp-content\/uploads\/2025\/03\/0291e82f-9c29-418d-a2ef-b20a6361b50a.jpg?resize=350%2C200&ssl=1","width":350,"height":200,"srcset":"https:\/\/i0.wp.com\/artstella-elixirs-floraux.com\/wp-content\/uploads\/2025\/03\/0291e82f-9c29-418d-a2ef-b20a6361b50a.jpg?resize=350%2C200&ssl=1 1x, https:\/\/i0.wp.com\/artstella-elixirs-floraux.com\/wp-content\/uploads\/2025\/03\/0291e82f-9c29-418d-a2ef-b20a6361b50a.jpg?resize=525%2C300&ssl=1 1.5x, https:\/\/i0.wp.com\/artstella-elixirs-floraux.com\/wp-content\/uploads\/2025\/03\/0291e82f-9c29-418d-a2ef-b20a6361b50a.jpg?resize=700%2C400&ssl=1 2x"},"classes":[]},{"id":2239,"url":"https:\/\/artstella-elixirs-floraux.com\/fr_fr\/produit\/northern-twayblade-alaskan\/","url_meta":{"origin":4326,"position":2},"title":"Northern twayblade Alaskan","author":"eveapprill","date":"9 mars 2025","format":false,"excerpt":"Northern twayblade. Listera borealis R\u00e9sistance \u00e0 s'ouvrir aux niveaux subtils de sa conscience ; incapable de concilier","rel":"","context":"Article similaire","block_context":{"text":"Article similaire","link":""},"img":{"alt_text":"","src":"https:\/\/i0.wp.com\/artstella-elixirs-floraux.com\/wp-content\/uploads\/2025\/03\/wp-image569.png?resize=350%2C200&ssl=1","width":350,"height":200},"classes":[]},{"id":3934,"url":"https:\/\/artstella-elixirs-floraux.com\/fr_fr\/produit\/bison-a-e-15-ml-phi\/","url_meta":{"origin":4326,"position":3},"title":"BISON A.E 15 ML PHI","author":"eveapprill","date":"9 mars 2025","format":false,"excerpt":"Bison (Bison bonasus) Bisent contient une grande sagesse. Il nous aide \u00e0 tirer des le\u00e7ons de nos exp\u00e9riences pour l\u2019avenir.","rel":"","context":"Article similaire","block_context":{"text":"Article similaire","link":""},"img":{"alt_text":"","src":"","width":0,"height":0},"classes":[]},{"id":5464,"url":"https:\/\/artstella-elixirs-floraux.com\/fr_fr\/produit\/escholzia-california-poppy-10ml\/","url_meta":{"origin":4326,"position":4},"title":"Escholzia &#8211; California poppy 10ML","author":"eveapprill","date":"9 mars 2025","format":false,"excerpt":"Escholzia \/ Eschscholzia california (california poppy) SLAAPMUTSJE Pour faire confiance \u00e0 notre ressenti et \u00e0 notre c\u0153ur.\u00a0 Apporte chaleur, confiance et paix au niveau du c\u0153ur. Pour d\u00e9passer les aspects superficiels et rechercher la sagesse int\u00e9rieure.","rel":"","context":"Article similaire","block_context":{"text":"Article similaire","link":""},"img":{"alt_text":"","src":"","width":0,"height":0},"classes":[]},{"id":12079,"url":"https:\/\/artstella-elixirs-floraux.com\/fr_fr\/produit\/2026-essence-bush-australien\/","url_meta":{"origin":4326,"position":5},"title":"2026 Essence Bush Australien","author":"eveapprill","date":"9 f\u00e9vrier 2026","format":false,"excerpt":"Compos\u00e9 r\u00e9alis\u00e9 par Ian White pour faire face aux d\u00e9fis de 2026 !","rel":"","context":"Article similaire","block_context":{"text":"Article similaire","link":""},"img":{"alt_text":"","src":"https:\/\/i0.wp.com\/artstella-elixirs-floraux.com\/wp-content\/uploads\/2026\/02\/2026-comp.webp?resize=350%2C200&ssl=1","width":350,"height":200,"srcset":"https:\/\/i0.wp.com\/artstella-elixirs-floraux.com\/wp-content\/uploads\/2026\/02\/2026-comp.webp?resize=350%2C200&ssl=1 1x, https:\/\/i0.wp.com\/artstella-elixirs-floraux.com\/wp-content\/uploads\/2026\/02\/2026-comp.webp?resize=525%2C300&ssl=1 1.5x, https:\/\/i0.wp.com\/artstella-elixirs-floraux.com\/wp-content\/uploads\/2026\/02\/2026-comp.webp?resize=700%2C400&ssl=1 2x, https:\/\/i0.wp.com\/artstella-elixirs-floraux.com\/wp-content\/uploads\/2026\/02\/2026-comp.webp?resize=1050%2C600&ssl=1 3x"},"classes":[]}],"_links":{"self":[{"href":"https:\/\/artstella-elixirs-floraux.com\/fr_fr\/wp-json\/wp\/v2\/product\/4326","targetHints":{"allow":["GET"]}}],"collection":[{"href":"https:\/\/artstella-elixirs-floraux.com\/fr_fr\/wp-json\/wp\/v2\/product"}],"about":[{"href":"https:\/\/artstella-elixirs-floraux.com\/fr_fr\/wp-json\/wp\/v2\/types\/product"}],"version-history":[{"count":0,"href":"https:\/\/artstella-elixirs-floraux.com\/fr_fr\/wp-json\/wp\/v2\/product\/4326\/revisions"}],"wp:featuredmedia":[{"embeddable":true,"href":"https:\/\/artstella-elixirs-floraux.com\/fr_fr\/wp-json\/wp\/v2\/media\/4327"}],"wp:attachment":[{"href":"https:\/\/artstella-elixirs-floraux.com\/fr_fr\/wp-json\/wp\/v2\/media?parent=4326"}],"wp:term":[{"taxonomy":"product_brand","embeddable":true,"href":"https:\/\/artstella-elixirs-floraux.com\/fr_fr\/wp-json\/wp\/v2\/product_brand?post=4326"},{"taxonomy":"product_cat","embeddable":true,"href":"https:\/\/artstella-elixirs-floraux.com\/fr_fr\/wp-json\/wp\/v2\/product_cat?post=4326"},{"taxonomy":"product_tag","embeddable":true,"href":"https:\/\/artstella-elixirs-floraux.com\/fr_fr\/wp-json\/wp\/v2\/product_tag?post=4326"}],"curies":[{"name":"wp","href":"https:\/\/api.w.org\/{rel}","templated":true}]}}