{"id":4328,"date":"2025-03-09T13:24:57","date_gmt":"2025-03-09T13:24:57","guid":{"rendered":"https:\/\/artstella-elixirs-floraux.com\/product\/mosquito-moustique-wea-exp-30-ml\/"},"modified":"2025-05-05T12:54:05","modified_gmt":"2025-05-05T12:54:05","slug":"mosquito-moustique-wea-exp-30-ml","status":"publish","type":"product","link":"https:\/\/artstella-elixirs-floraux.com\/fr_fr\/produit\/mosquito-moustique-wea-exp-30-ml\/","title":{"rendered":"MOSQUITO\/MOUSTIQUE WEA EXP 30 ML"},"content":{"rendered":"","protected":false},"excerpt":{"rendered":"<p><strong><em>Mosquito (moustique)<\/em><\/strong><\/p>\n<p><strong><em>Son primordial\u00a0; bourdonnement divin\u00a0; connexion au Divin<\/em><\/strong> par le son\u00a0; le son comme chemin menant \u00e0 Dieu.<\/p>\n","protected":false},"featured_media":4329,"template":"","meta":[],"product_brand":[],"product_cat":[150],"product_tag":[],"class_list":{"0":"post-4328","1":"product","2":"type-product","3":"status-publish","4":"has-post-thumbnail","6":"product_cat-les-elixirs-d-animaux-complementaires","8":"first","9":"instock","10":"taxable","11":"shipping-taxable","12":"purchasable","13":"product-type-simple"},"etheme_brands":{"errors":{"invalid_taxonomy":["Taxonomie non valide."]},"error_data":[]},"jetpack_sharing_enabled":true,"jetpack-related-posts":[{"id":4169,"url":"https:\/\/artstella-elixirs-floraux.com\/fr_fr\/produit\/mere-divine-messagers-15ml\/","url_meta":{"origin":4328,"position":0},"title":"MERE DIVINE (MESSAGERS) 15ML","author":"eveapprill","date":"9 mars 2025","format":false,"excerpt":"MADRE DIVINA \/ MERE DIVINE Cr\u00e9ation des conditions de l\u2019\u00e9volution \u00b7 Acceptation des contraintes du karma \u00b7 Renforce la r\u00e9alisation de l\u2019\u00e9volution \u00b7 Perfection spirituelle\u00a0","rel":"","context":"Article similaire","block_context":{"text":"Article similaire","link":""},"img":{"alt_text":"","src":"","width":0,"height":0},"classes":[]},{"id":4837,"url":"https:\/\/artstella-elixirs-floraux.com\/fr_fr\/produit\/vivre-le-divin-en-tte-chose\/","url_meta":{"origin":4328,"position":1},"title":"VIVRE LE DIVIN EN TTE CHOSE","author":"eveapprill","date":"9 mars 2025","format":false,"excerpt":"VIVRE LE DIVIN EN TOUTE CHOSE L'exp\u00e9rience du jardin de Perelandra par Machaelle Small Wright Editions Co-Cr\u00e9atives","rel":"","context":"Article similaire","block_context":{"text":"Article similaire","link":""},"img":{"alt_text":"","src":"https:\/\/i0.wp.com\/artstella-elixirs-floraux.com\/wp-content\/uploads\/2025\/03\/wp-image1348.png?resize=350%2C200&ssl=1","width":350,"height":200},"classes":[]},{"id":2223,"url":"https:\/\/artstella-elixirs-floraux.com\/fr_fr\/produit\/monkshood-alaskan\/","url_meta":{"origin":4328,"position":2},"title":"Monkshood Alaskan","author":"eveapprill","date":"9 mars 2025","format":false,"excerpt":"Monkshood. Aconit delphinifolium Difficult\u00e9 \u00e0 accepter le contact physique avec les autres ; confusion au niveau de son identit\u00e9 spirituelle ; effray\u00e9 \u00e0 l'id\u00e9e d'explorer ses zones d'ombres","rel":"","context":"Article similaire","block_context":{"text":"Article similaire","link":""},"img":{"alt_text":"","src":"https:\/\/i0.wp.com\/artstella-elixirs-floraux.com\/wp-content\/uploads\/2025\/03\/wp-image565.png?resize=350%2C200&ssl=1","width":350,"height":200},"classes":[]},{"id":6093,"url":"https:\/\/artstella-elixirs-floraux.com\/fr_fr\/produit\/collier-mammendorf-phi\/","url_meta":{"origin":4328,"position":3},"title":"COLLIER \u00ab\u00a0MAMMENDORF\u00a0\u00bb PHI","author":"eveapprill","date":"9 mars 2025","format":false,"excerpt":"\u00a0 Le cercle de bl\u00e9 \"Mammendorf\"\u00a0 montre la perfection du nombre PHI de la g\u00e9om\u00e9trie sacr\u00e9 : le souvenir du lien de toute vie avec le divin. Cet \u00e9lixir r\u00e9g\u00e9n\u00e8re \u00e9nerg\u00e9tiquement l\u2019information dans son \u00e9tat originel. L\u2019\u00eatre humain peut se recentrer \u00e9nerg\u00e9tiquement. Avec un\u00a0 cristal de roche. plaqu\u00e9 or 24\u2026","rel":"","context":"Article similaire","block_context":{"text":"Article similaire","link":""},"img":{"alt_text":"","src":"https:\/\/i0.wp.com\/artstella-elixirs-floraux.com\/wp-content\/uploads\/2025\/03\/wp-image2128.png?resize=350%2C200&ssl=1","width":350,"height":200,"srcset":"https:\/\/i0.wp.com\/artstella-elixirs-floraux.com\/wp-content\/uploads\/2025\/03\/wp-image2128.png?resize=350%2C200&ssl=1 1x, https:\/\/i0.wp.com\/artstella-elixirs-floraux.com\/wp-content\/uploads\/2025\/03\/wp-image2128.png?resize=525%2C300&ssl=1 1.5x, https:\/\/i0.wp.com\/artstella-elixirs-floraux.com\/wp-content\/uploads\/2025\/03\/wp-image2128.png?resize=700%2C400&ssl=1 2x"},"classes":[]},{"id":4872,"url":"https:\/\/artstella-elixirs-floraux.com\/fr_fr\/produit\/angelica-alas-f-sup\/","url_meta":{"origin":4328,"position":4},"title":"ANGELICA ALAS F SUP","author":"eveapprill","date":"9 mars 2025","format":false,"excerpt":"Angelica Indications : se sentir perdus ou abandonn\u00e9s et sans protection spirituelle ; isol\u00e9 dans son anxi\u00e9t\u00e9 ; d\u00e9bord\u00e9s par la vie.","rel":"","context":"Article similaire","block_context":{"text":"Article similaire","link":""},"img":{"alt_text":"","src":"https:\/\/i0.wp.com\/artstella-elixirs-floraux.com\/wp-content\/uploads\/2025\/03\/wp-image1373.png?resize=350%2C200&ssl=1","width":350,"height":200},"classes":[]},{"id":6341,"url":"https:\/\/artstella-elixirs-floraux.com\/fr_fr\/produit\/shadow-facing-15ml-ltoe\/","url_meta":{"origin":4328,"position":5},"title":"Shadow Facing 15ml LTOE","author":"eveapprill","date":"9 mars 2025","format":false,"excerpt":"800x600 Normal 0 21 false false false FR X-NONE X-NONE MicrosoftInternetExplorer4 \/* Style Definitions *\/ table.MsoNormalTable {mso-style-name:\"Tableau Normal\"; mso-tstyle-rowband-size:0; mso-tstyle-colband-size:0; mso-style-noshow:yes; mso-style-priority:99; mso-style-parent:\"\"; mso-padding-alt:0cm 5.4pt 0cm 5.4pt; mso-para-margin:0cm; mso-para-margin-bottom:.0001pt; mso-pagination:widow-orphan; font-size:10.0pt; font-family:\"Times New Roman\",serif;} Shadow Facing\u00a0 ou Sound of Thunder\u2013 Face \u00e0 l\u2019ombre ou Tonnerre Dracula chimaera (Columbia) Connecte avec\u2026","rel":"","context":"Article similaire","block_context":{"text":"Article similaire","link":""},"img":{"alt_text":"","src":"https:\/\/i0.wp.com\/artstella-elixirs-floraux.com\/wp-content\/uploads\/2025\/03\/wp-image2345.png?resize=350%2C200&ssl=1","width":350,"height":200},"classes":[]}],"_links":{"self":[{"href":"https:\/\/artstella-elixirs-floraux.com\/fr_fr\/wp-json\/wp\/v2\/product\/4328","targetHints":{"allow":["GET"]}}],"collection":[{"href":"https:\/\/artstella-elixirs-floraux.com\/fr_fr\/wp-json\/wp\/v2\/product"}],"about":[{"href":"https:\/\/artstella-elixirs-floraux.com\/fr_fr\/wp-json\/wp\/v2\/types\/product"}],"version-history":[{"count":0,"href":"https:\/\/artstella-elixirs-floraux.com\/fr_fr\/wp-json\/wp\/v2\/product\/4328\/revisions"}],"wp:featuredmedia":[{"embeddable":true,"href":"https:\/\/artstella-elixirs-floraux.com\/fr_fr\/wp-json\/wp\/v2\/media\/4329"}],"wp:attachment":[{"href":"https:\/\/artstella-elixirs-floraux.com\/fr_fr\/wp-json\/wp\/v2\/media?parent=4328"}],"wp:term":[{"taxonomy":"product_brand","embeddable":true,"href":"https:\/\/artstella-elixirs-floraux.com\/fr_fr\/wp-json\/wp\/v2\/product_brand?post=4328"},{"taxonomy":"product_cat","embeddable":true,"href":"https:\/\/artstella-elixirs-floraux.com\/fr_fr\/wp-json\/wp\/v2\/product_cat?post=4328"},{"taxonomy":"product_tag","embeddable":true,"href":"https:\/\/artstella-elixirs-floraux.com\/fr_fr\/wp-json\/wp\/v2\/product_tag?post=4328"}],"curies":[{"name":"wp","href":"https:\/\/api.w.org\/{rel}","templated":true}]}}