{"id":4334,"date":"2025-03-09T13:25:04","date_gmt":"2025-03-09T13:25:04","guid":{"rendered":"https:\/\/artstella-elixirs-floraux.com\/product\/orca-orque-wea-experimentaux-30-ml\/"},"modified":"2025-05-05T12:54:00","modified_gmt":"2025-05-05T12:54:00","slug":"orca-orque-wea-experimentaux-30-ml","status":"publish","type":"product","link":"https:\/\/artstella-elixirs-floraux.com\/fr_fr\/produit\/orca-orque-wea-experimentaux-30-ml\/","title":{"rendered":"ORCA\/ORQUE WEA EXPERIMENTAUX 30 ML"},"content":{"rendered":"<p><!-- pagebreak --><\/p>\n","protected":false},"excerpt":{"rendered":"<p>Etre le pont vers d\u2019autres mondes\u00a0; personnifier la conscience de l\u2019univers\u00a0; sagesse du cosmos<\/p>\n","protected":false},"featured_media":4335,"template":"","meta":[],"product_brand":[],"product_cat":[150],"product_tag":[],"class_list":{"0":"post-4334","1":"product","2":"type-product","3":"status-publish","4":"has-post-thumbnail","6":"product_cat-les-elixirs-d-animaux-complementaires","8":"first","9":"instock","10":"taxable","11":"shipping-taxable","12":"purchasable","13":"product-type-simple"},"etheme_brands":{"errors":{"invalid_taxonomy":["Taxonomie non valide."]},"error_data":[]},"jetpack_sharing_enabled":true,"jetpack-related-posts":[{"id":5518,"url":"https:\/\/artstella-elixirs-floraux.com\/fr_fr\/produit\/orque\/","url_meta":{"origin":4334,"position":0},"title":"ORQUE","author":"eveapprill","date":"9 mars 2025","format":false,"excerpt":"ORQUE - Orca (Orcinus Orca) Cet \u00e9lixir a une forte action au niveau du chakra du c\u0153ur et nous relie \u00e0 la cinqui\u00e8me dimension. Il nous relie \u00e0 notre force int\u00e9rieure et nous permet de puiser dans notre potentiel de cr\u00e9ation, pour nous relier \u00e0 la lumi\u00e8re. Dans cette dimension,\u2026","rel":"","context":"Article similaire","block_context":{"text":"Article similaire","link":""},"img":{"alt_text":"","src":"https:\/\/i0.wp.com\/artstella-elixirs-floraux.com\/wp-content\/uploads\/2025\/03\/wp-image1754.png?resize=350%2C200&ssl=1","width":350,"height":200},"classes":[]},{"id":4344,"url":"https:\/\/artstella-elixirs-floraux.com\/fr_fr\/produit\/raven-corbeau-wea-exp-30-ml\/","url_meta":{"origin":4334,"position":1},"title":"RAVEN\/CORBEAU WEA EXP 30 ML","author":"eveapprill","date":"9 mars 2025","format":false,"excerpt":"Raven (corbeau) Calme chamanique\u00a0; conscience lumineuse\u00a0; \u00eatre le myst\u00e8re\u00a0; guide sacr\u00e9 vers les royaumes","rel":"","context":"Article similaire","block_context":{"text":"Article similaire","link":""},"img":{"alt_text":"","src":"https:\/\/i0.wp.com\/artstella-elixirs-floraux.com\/wp-content\/uploads\/2025\/03\/wp-image2309.png?resize=350%2C200&ssl=1","width":350,"height":200,"srcset":"https:\/\/i0.wp.com\/artstella-elixirs-floraux.com\/wp-content\/uploads\/2025\/03\/wp-image2309.png?resize=350%2C200&ssl=1 1x, https:\/\/i0.wp.com\/artstella-elixirs-floraux.com\/wp-content\/uploads\/2025\/03\/wp-image2309.png?resize=525%2C300&ssl=1 1.5x, https:\/\/i0.wp.com\/artstella-elixirs-floraux.com\/wp-content\/uploads\/2025\/03\/wp-image2309.png?resize=700%2C400&ssl=1 2x"},"classes":[]},{"id":4233,"url":"https:\/\/artstella-elixirs-floraux.com\/fr_fr\/produit\/gazelle-wea-30-ml\/","url_meta":{"origin":4334,"position":2},"title":"GAZELLE WEA 30 ML","author":"eveapprill","date":"9 mars 2025","format":false,"excerpt":"Gazelle Aide \u00e0 faire face \u00e0 sa propre vuln\u00e9rabilit\u00e9 et \u00e0 apprendre la force d\u2019une saine vuln\u00e9rabilit\u00e9. Pour \u00eatre en s\u00e9curit\u00e9 dans le monde. Aide \u00e0 d\u00e9velopper un fort sens de vigilance et de conscience","rel":"","context":"Article similaire","block_context":{"text":"Article similaire","link":""},"img":{"alt_text":"","src":"https:\/\/i0.wp.com\/artstella-elixirs-floraux.com\/wp-content\/uploads\/2025\/03\/wp-image2262.png?resize=350%2C200&ssl=1","width":350,"height":200,"srcset":"https:\/\/i0.wp.com\/artstella-elixirs-floraux.com\/wp-content\/uploads\/2025\/03\/wp-image2262.png?resize=350%2C200&ssl=1 1x, https:\/\/i0.wp.com\/artstella-elixirs-floraux.com\/wp-content\/uploads\/2025\/03\/wp-image2262.png?resize=525%2C300&ssl=1 1.5x, https:\/\/i0.wp.com\/artstella-elixirs-floraux.com\/wp-content\/uploads\/2025\/03\/wp-image2262.png?resize=700%2C400&ssl=1 2x"},"classes":[]},{"id":4302,"url":"https:\/\/artstella-elixirs-floraux.com\/fr_fr\/produit\/bobcat-chat-sauvage-wea-30-ml\/","url_meta":{"origin":4334,"position":3},"title":"BOBCAT\/CHAT SAUVAGE WEA 30 ML","author":"eveapprill","date":"9 mars 2025","format":false,"excerpt":"Bobcat (chat sauvage) Concentration et clart\u00e9 d\u2019esprit\u00a0; clart\u00e9 spirituelle\u00a0; conscience du moment pr\u00e9sent\u00a0; sagesse de l\u2019esprit apais\u00e9.","rel":"","context":"Article similaire","block_context":{"text":"Article similaire","link":""},"img":{"alt_text":"","src":"https:\/\/i0.wp.com\/artstella-elixirs-floraux.com\/wp-content\/uploads\/2025\/03\/wp-image2288.png?resize=350%2C200&ssl=1","width":350,"height":200,"srcset":"https:\/\/i0.wp.com\/artstella-elixirs-floraux.com\/wp-content\/uploads\/2025\/03\/wp-image2288.png?resize=350%2C200&ssl=1 1x, https:\/\/i0.wp.com\/artstella-elixirs-floraux.com\/wp-content\/uploads\/2025\/03\/wp-image2288.png?resize=525%2C300&ssl=1 1.5x, https:\/\/i0.wp.com\/artstella-elixirs-floraux.com\/wp-content\/uploads\/2025\/03\/wp-image2288.png?resize=700%2C400&ssl=1 2x"},"classes":[]},{"id":4360,"url":"https:\/\/artstella-elixirs-floraux.com\/fr_fr\/produit\/bear-cub-ourson-wea-30-ml\/","url_meta":{"origin":4334,"position":4},"title":"BEAR CUB\/OURSON WEA 30 ML","author":"eveapprill","date":"9 mars 2025","format":false,"excerpt":"Bear Cub (ourson) Favorise la prise de conscience de nos sentiments et de ceux des autres. Cet \u00e9lixir nous \u00e9claire sur l\u2019influence de nos actions sur les autres. Pour approfondir la prise de conscience de soi, l\u2019ancrage, l\u2019introspection et mieux nous conna\u00eetre. Pour savoir qui nous sommes.","rel":"","context":"Article similaire","block_context":{"text":"Article similaire","link":""},"img":{"alt_text":"","src":"https:\/\/i0.wp.com\/artstella-elixirs-floraux.com\/wp-content\/uploads\/2025\/03\/wp-image2318.png?resize=350%2C200&ssl=1","width":350,"height":200,"srcset":"https:\/\/i0.wp.com\/artstella-elixirs-floraux.com\/wp-content\/uploads\/2025\/03\/wp-image2318.png?resize=350%2C200&ssl=1 1x, https:\/\/i0.wp.com\/artstella-elixirs-floraux.com\/wp-content\/uploads\/2025\/03\/wp-image2318.png?resize=525%2C300&ssl=1 1.5x, https:\/\/i0.wp.com\/artstella-elixirs-floraux.com\/wp-content\/uploads\/2025\/03\/wp-image2318.png?resize=700%2C400&ssl=1 2x, https:\/\/i0.wp.com\/artstella-elixirs-floraux.com\/wp-content\/uploads\/2025\/03\/wp-image2318.png?resize=1050%2C600&ssl=1 3x"},"classes":[]},{"id":4370,"url":"https:\/\/artstella-elixirs-floraux.com\/fr_fr\/produit\/wolf-pup-louveteau-wea-30-ml\/","url_meta":{"origin":4334,"position":5},"title":"WOLF PUP\/LOUVETEAU WEA 30 ML","author":"eveapprill","date":"9 mars 2025","format":false,"excerpt":"Wolf Pup (louveteau) Favorise un profond sentiment d\u2019appartenance, d\u2019int\u00e9gration, la conscience de notre importance et de notre place dans le monde","rel":"","context":"Article similaire","block_context":{"text":"Article similaire","link":""},"img":{"alt_text":"","src":"https:\/\/i0.wp.com\/artstella-elixirs-floraux.com\/wp-content\/uploads\/2025\/03\/wp-image2323.png?resize=350%2C200&ssl=1","width":350,"height":200,"srcset":"https:\/\/i0.wp.com\/artstella-elixirs-floraux.com\/wp-content\/uploads\/2025\/03\/wp-image2323.png?resize=350%2C200&ssl=1 1x, https:\/\/i0.wp.com\/artstella-elixirs-floraux.com\/wp-content\/uploads\/2025\/03\/wp-image2323.png?resize=525%2C300&ssl=1 1.5x"},"classes":[]}],"_links":{"self":[{"href":"https:\/\/artstella-elixirs-floraux.com\/fr_fr\/wp-json\/wp\/v2\/product\/4334","targetHints":{"allow":["GET"]}}],"collection":[{"href":"https:\/\/artstella-elixirs-floraux.com\/fr_fr\/wp-json\/wp\/v2\/product"}],"about":[{"href":"https:\/\/artstella-elixirs-floraux.com\/fr_fr\/wp-json\/wp\/v2\/types\/product"}],"version-history":[{"count":0,"href":"https:\/\/artstella-elixirs-floraux.com\/fr_fr\/wp-json\/wp\/v2\/product\/4334\/revisions"}],"wp:featuredmedia":[{"embeddable":true,"href":"https:\/\/artstella-elixirs-floraux.com\/fr_fr\/wp-json\/wp\/v2\/media\/4335"}],"wp:attachment":[{"href":"https:\/\/artstella-elixirs-floraux.com\/fr_fr\/wp-json\/wp\/v2\/media?parent=4334"}],"wp:term":[{"taxonomy":"product_brand","embeddable":true,"href":"https:\/\/artstella-elixirs-floraux.com\/fr_fr\/wp-json\/wp\/v2\/product_brand?post=4334"},{"taxonomy":"product_cat","embeddable":true,"href":"https:\/\/artstella-elixirs-floraux.com\/fr_fr\/wp-json\/wp\/v2\/product_cat?post=4334"},{"taxonomy":"product_tag","embeddable":true,"href":"https:\/\/artstella-elixirs-floraux.com\/fr_fr\/wp-json\/wp\/v2\/product_tag?post=4334"}],"curies":[{"name":"wp","href":"https:\/\/api.w.org\/{rel}","templated":true}]}}