{"id":4338,"date":"2025-03-09T13:25:11","date_gmt":"2025-03-09T13:25:11","guid":{"rendered":"https:\/\/artstella-elixirs-floraux.com\/product\/pileated-woodpecker-grand-pic-wea-e\/"},"modified":"2025-05-05T12:53:57","modified_gmt":"2025-05-05T12:53:57","slug":"pileated-woodpecker-grand-pic-wea-e","status":"publish","type":"product","link":"https:\/\/artstella-elixirs-floraux.com\/fr_fr\/produit\/pileated-woodpecker-grand-pic-wea-e\/","title":{"rendered":"PILEATED WOODPECKER\/GRAND PIC WEA E"},"content":{"rendered":"","protected":false},"excerpt":{"rendered":"<p><strong><em>Pileated Woodpecker (grand pic)<\/em><\/strong><\/p>\n<p>Inspiration divine\u00a0; ouverture \u00e0 l\u2019Esprit\u00a0; t\u00e9nacit\u00e9 au travail\u00a0; conscience dela Divinit\u00e9au travail.<\/p>\n","protected":false},"featured_media":4339,"template":"","meta":[],"product_brand":[],"product_cat":[150],"product_tag":[],"class_list":{"0":"post-4338","1":"product","2":"type-product","3":"status-publish","4":"has-post-thumbnail","6":"product_cat-les-elixirs-d-animaux-complementaires","8":"first","9":"instock","10":"taxable","11":"shipping-taxable","12":"purchasable","13":"product-type-simple"},"etheme_brands":{"errors":{"invalid_taxonomy":["Taxonomie non valide."]},"error_data":[]},"jetpack_sharing_enabled":true,"jetpack-related-posts":[{"id":2284,"url":"https:\/\/artstella-elixirs-floraux.com\/fr_fr\/produit\/sitka-spruce-pollen-alaskan\/","url_meta":{"origin":4338,"position":0},"title":"Sitka spruce pollen Alaskan","author":"eveapprill","date":"9 mars 2025","format":false,"excerpt":"Sitka spruce pollen. Picea sitchensis Manque d'humilit\u00e9 dans son rapport \u00e0 la terre ; d\u00e9s\u00e9quilibre entre les expressions masculine et f\u00e9minine du pouvoir","rel":"","context":"Article similaire","block_context":{"text":"Article similaire","link":""},"img":{"alt_text":"","src":"https:\/\/i0.wp.com\/artstella-elixirs-floraux.com\/wp-content\/uploads\/2025\/03\/wp-image582.png?resize=350%2C200&ssl=1","width":350,"height":200},"classes":[]},{"id":2339,"url":"https:\/\/artstella-elixirs-floraux.com\/fr_fr\/produit\/white-spruce-alaskan\/","url_meta":{"origin":4338,"position":1},"title":"White spruce Alaskan","author":"eveapprill","date":"9 mars 2025","format":false,"excerpt":"White spruce. Picea glauca Surcharge d'informations ; sensation d'\u00eatre d\u00e9sint\u00e9gr\u00e9, incapacit\u00e9 \u00e0 appliquer ses connaissances dans les d\u00e9fis de la vie","rel":"","context":"Article similaire","block_context":{"text":"Article similaire","link":""},"img":{"alt_text":"","src":"https:\/\/i0.wp.com\/artstella-elixirs-floraux.com\/wp-content\/uploads\/2025\/03\/wp-image598.png?resize=350%2C200&ssl=1","width":350,"height":200},"classes":[]},{"id":2410,"url":"https:\/\/artstella-elixirs-floraux.com\/fr_fr\/produit\/solstice-sun\/","url_meta":{"origin":4338,"position":2},"title":"SOLSTICE SUN","author":"eveapprill","date":"9 mars 2025","format":false,"excerpt":"SOLSTICE SUN. SOLEIL DU SOLSTICE Cet \u00e9lixir a \u00e9t\u00e9 r\u00e9alis\u00e9 dans la nuit du 21 au 22 juin, alors que le soleil de minuit dansait avec les Pics de Brooks Range dans la r\u00e9gion int\u00e9rieure du centre de l'Alaska. Solstice Sun catalyse les capacit\u00e9s pour d'acc\u00e9der et faire circuler un\u2026","rel":"","context":"Article similaire","block_context":{"text":"Article similaire","link":""},"img":{"alt_text":"","src":"https:\/\/i0.wp.com\/artstella-elixirs-floraux.com\/wp-content\/uploads\/2025\/03\/f6ae4c68-611f-4b0c-8c27-b0577fb451c7.jpg?resize=350%2C200&ssl=1","width":350,"height":200,"srcset":"https:\/\/i0.wp.com\/artstella-elixirs-floraux.com\/wp-content\/uploads\/2025\/03\/f6ae4c68-611f-4b0c-8c27-b0577fb451c7.jpg?resize=350%2C200&ssl=1 1x, https:\/\/i0.wp.com\/artstella-elixirs-floraux.com\/wp-content\/uploads\/2025\/03\/f6ae4c68-611f-4b0c-8c27-b0577fb451c7.jpg?resize=525%2C300&ssl=1 1.5x, https:\/\/i0.wp.com\/artstella-elixirs-floraux.com\/wp-content\/uploads\/2025\/03\/f6ae4c68-611f-4b0c-8c27-b0577fb451c7.jpg?resize=700%2C400&ssl=1 2x"},"classes":[]},{"id":5582,"url":"https:\/\/artstella-elixirs-floraux.com\/fr_fr\/produit\/working-dog-chien-de-travail-30ml\/","url_meta":{"origin":4338,"position":3},"title":"Working Dog (Chien de travail) 30ml","author":"eveapprill","date":"9 mars 2025","format":false,"excerpt":"Working Dog (Chien de travail) \/ \u201cAllons travailler! \u00bb Pour s\u2019impliquer dans le monde du travail avec grande joie et gait\u00e9 ! Donne de l\u2019endurance et l\u2019engagement pour rester sur le bon chemin et accomplir les choses remarquables avec concentration et joie.\u00a0","rel":"","context":"Article similaire","block_context":{"text":"Article similaire","link":""},"img":{"alt_text":"","src":"https:\/\/i0.wp.com\/artstella-elixirs-floraux.com\/wp-content\/uploads\/2025\/03\/147c79e4-0bd9-491f-8f07-69af9e2163b9.jpg?resize=350%2C200&ssl=1","width":350,"height":200,"srcset":"https:\/\/i0.wp.com\/artstella-elixirs-floraux.com\/wp-content\/uploads\/2025\/03\/147c79e4-0bd9-491f-8f07-69af9e2163b9.jpg?resize=350%2C200&ssl=1 1x, https:\/\/i0.wp.com\/artstella-elixirs-floraux.com\/wp-content\/uploads\/2025\/03\/147c79e4-0bd9-491f-8f07-69af9e2163b9.jpg?resize=525%2C300&ssl=1 1.5x, https:\/\/i0.wp.com\/artstella-elixirs-floraux.com\/wp-content\/uploads\/2025\/03\/147c79e4-0bd9-491f-8f07-69af9e2163b9.jpg?resize=700%2C400&ssl=1 2x"},"classes":[]},{"id":6278,"url":"https:\/\/artstella-elixirs-floraux.com\/fr_fr\/produit\/hortensia-sylfos-15ml\/","url_meta":{"origin":4338,"position":4},"title":"HORTENSIA SYLFOS 15ML","author":"eveapprill","date":"9 mars 2025","format":false,"excerpt":"HORTENSIA (Hydrangea sp.) \u00a0Confiance en soi - \u00c9nergie - Purification \u2013 Responsabilit\u00e9 Elixir recommand\u00e9 aux personnes qui souffrent d\u2019anxi\u00e9t\u00e9 dans les relations. Ils manquent souvent de clart\u00e9 de pens\u00e9e, n'ont pas confiance en eux mais sont tr\u00e8s exigeants et ne sont jamais satisfaits.","rel":"","context":"Article similaire","block_context":{"text":"Article similaire","link":""},"img":{"alt_text":"","src":"https:\/\/i0.wp.com\/artstella-elixirs-floraux.com\/wp-content\/uploads\/2025\/03\/wp-image2228.png?resize=350%2C200&ssl=1","width":350,"height":200},"classes":[]},{"id":4171,"url":"https:\/\/artstella-elixirs-floraux.com\/fr_fr\/produit\/metatron-messagers-sylfos-15-ml\/","url_meta":{"origin":4338,"position":5},"title":"METATRON (MESSAGERS) SYLFOS 15 ML","author":"eveapprill","date":"9 mars 2025","format":false,"excerpt":"METATRON\u00a0 Cr\u00e9ation divine Aide \u00e0 reprogrammer la vie dans la Grande Lumi\u00e8re, en restructurant l\u2019\u00eatre. Soutient le changement et invite \u00e0 \u00e9voluer...","rel":"","context":"Article similaire","block_context":{"text":"Article similaire","link":""},"img":{"alt_text":"","src":"","width":0,"height":0},"classes":[]}],"_links":{"self":[{"href":"https:\/\/artstella-elixirs-floraux.com\/fr_fr\/wp-json\/wp\/v2\/product\/4338","targetHints":{"allow":["GET"]}}],"collection":[{"href":"https:\/\/artstella-elixirs-floraux.com\/fr_fr\/wp-json\/wp\/v2\/product"}],"about":[{"href":"https:\/\/artstella-elixirs-floraux.com\/fr_fr\/wp-json\/wp\/v2\/types\/product"}],"version-history":[{"count":0,"href":"https:\/\/artstella-elixirs-floraux.com\/fr_fr\/wp-json\/wp\/v2\/product\/4338\/revisions"}],"wp:featuredmedia":[{"embeddable":true,"href":"https:\/\/artstella-elixirs-floraux.com\/fr_fr\/wp-json\/wp\/v2\/media\/4339"}],"wp:attachment":[{"href":"https:\/\/artstella-elixirs-floraux.com\/fr_fr\/wp-json\/wp\/v2\/media?parent=4338"}],"wp:term":[{"taxonomy":"product_brand","embeddable":true,"href":"https:\/\/artstella-elixirs-floraux.com\/fr_fr\/wp-json\/wp\/v2\/product_brand?post=4338"},{"taxonomy":"product_cat","embeddable":true,"href":"https:\/\/artstella-elixirs-floraux.com\/fr_fr\/wp-json\/wp\/v2\/product_cat?post=4338"},{"taxonomy":"product_tag","embeddable":true,"href":"https:\/\/artstella-elixirs-floraux.com\/fr_fr\/wp-json\/wp\/v2\/product_tag?post=4338"}],"curies":[{"name":"wp","href":"https:\/\/api.w.org\/{rel}","templated":true}]}}