{"id":4340,"date":"2025-03-09T13:25:13","date_gmt":"2025-03-09T13:25:13","guid":{"rendered":"https:\/\/artstella-elixirs-floraux.com\/product\/prairie-dog-wea-exp-30-ml\/"},"modified":"2025-05-05T12:53:55","modified_gmt":"2025-05-05T12:53:55","slug":"prairie-dog-wea-exp-30-ml","status":"publish","type":"product","link":"https:\/\/artstella-elixirs-floraux.com\/fr_fr\/produit\/prairie-dog-wea-exp-30-ml\/","title":{"rendered":"PRAIRIE DOG WEA EXP 30 ML"},"content":{"rendered":"","protected":false},"excerpt":{"rendered":"<p><strong><em>Prairie Dog (chien de prairie)<\/em><\/strong><\/p>\n<p>Etablir des contacts avec les autres\u00a0; sociabilit\u00e9\u00a0; implication et participation communautaires.<\/p>\n","protected":false},"featured_media":4341,"template":"","meta":[],"product_brand":[],"product_cat":[150],"product_tag":[],"class_list":{"0":"post-4340","1":"product","2":"type-product","3":"status-publish","4":"has-post-thumbnail","6":"product_cat-les-elixirs-d-animaux-complementaires","8":"first","9":"instock","10":"taxable","11":"shipping-taxable","12":"purchasable","13":"product-type-simple"},"etheme_brands":{"errors":{"invalid_taxonomy":["Taxonomie non valide."]},"error_data":[]},"jetpack_sharing_enabled":true,"jetpack-related-posts":[{"id":4966,"url":"https:\/\/artstella-elixirs-floraux.com\/fr_fr\/produit\/pasque-flower-alaskan-f-sup\/","url_meta":{"origin":4340,"position":0},"title":"PASQUE FLOWER ALASKAN F SUP","author":"eveapprill","date":"9 mars 2025","format":false,"excerpt":"Pasque Flower Pulsatilla patens An\u00e9mone de Prairie Indications\u00a0: timide et distant\u00a0; mauvaises d\u00e9limitations\u00a0; trop sensible au contact\u00a0physique; perte d\u2019identit\u00e9 dans la foule ou dans l\u2019intimit\u00e9.","rel":"","context":"Article similaire","block_context":{"text":"Article similaire","link":""},"img":{"alt_text":"","src":"","width":0,"height":0},"classes":[]},{"id":2647,"url":"https:\/\/artstella-elixirs-floraux.com\/fr_fr\/produit\/dog-rose-bush-15ml\/","url_meta":{"origin":4340,"position":1},"title":"DOG ROSE BUSH 15ml","author":"eveapprill","date":"9 mars 2025","format":false,"excerpt":"DOG ROSE Etre peureux, timide, se sentir ins\u00e9curis\u00e9, avoir peur des autres. Confiance, courage, croire en soi, joie de vivre.","rel":"","context":"Article similaire","block_context":{"text":"Article similaire","link":""},"img":{"alt_text":"","src":"https:\/\/i0.wp.com\/artstella-elixirs-floraux.com\/wp-content\/uploads\/2025\/03\/wp-image254.png?resize=350%2C200&ssl=1","width":350,"height":200},"classes":[]},{"id":2649,"url":"https:\/\/artstella-elixirs-floraux.com\/fr_fr\/produit\/dog-rose-of-the-wild-forces-15ml\/","url_meta":{"origin":4340,"position":2},"title":"DOG ROSE OF THE WILD FORCES 15ml","author":"eveapprill","date":"9 mars 2025","format":false,"excerpt":"Dog Rose Of The Wild Forces Peur de perdre le contr\u00f4le de soi-m\u00eame, souffrance sans raison apparente. Equilibre \u00e9motionnel, rester calme et centr\u00e9 face aux bouleversements internes ou externes.","rel":"","context":"Article similaire","block_context":{"text":"Article similaire","link":""},"img":{"alt_text":"","src":"https:\/\/i0.wp.com\/artstella-elixirs-floraux.com\/wp-content\/uploads\/2025\/03\/wp-image255.png?resize=350%2C200&ssl=1","width":350,"height":200},"classes":[]},{"id":5582,"url":"https:\/\/artstella-elixirs-floraux.com\/fr_fr\/produit\/working-dog-chien-de-travail-30ml\/","url_meta":{"origin":4340,"position":3},"title":"Working Dog (Chien de travail) 30ml","author":"eveapprill","date":"9 mars 2025","format":false,"excerpt":"Working Dog (Chien de travail) \/ \u201cAllons travailler! \u00bb Pour s\u2019impliquer dans le monde du travail avec grande joie et gait\u00e9 ! Donne de l\u2019endurance et l\u2019engagement pour rester sur le bon chemin et accomplir les choses remarquables avec concentration et joie.\u00a0","rel":"","context":"Article similaire","block_context":{"text":"Article similaire","link":""},"img":{"alt_text":"","src":"https:\/\/i0.wp.com\/artstella-elixirs-floraux.com\/wp-content\/uploads\/2025\/03\/147c79e4-0bd9-491f-8f07-69af9e2163b9.jpg?resize=350%2C200&ssl=1","width":350,"height":200,"srcset":"https:\/\/i0.wp.com\/artstella-elixirs-floraux.com\/wp-content\/uploads\/2025\/03\/147c79e4-0bd9-491f-8f07-69af9e2163b9.jpg?resize=350%2C200&ssl=1 1x, https:\/\/i0.wp.com\/artstella-elixirs-floraux.com\/wp-content\/uploads\/2025\/03\/147c79e4-0bd9-491f-8f07-69af9e2163b9.jpg?resize=525%2C300&ssl=1 1.5x, https:\/\/i0.wp.com\/artstella-elixirs-floraux.com\/wp-content\/uploads\/2025\/03\/147c79e4-0bd9-491f-8f07-69af9e2163b9.jpg?resize=700%2C400&ssl=1 2x"},"classes":[]},{"id":5584,"url":"https:\/\/artstella-elixirs-floraux.com\/fr_fr\/produit\/wolf-dog-hybrid-hybride-loup-chien-30ml\/","url_meta":{"origin":4340,"position":4},"title":"Wolf-dog Hybrid (Hybride loup-chien) 30ML","author":"eveapprill","date":"9 mars 2025","format":false,"excerpt":"Wolf-dog Hybrid (Hybride loup-chien) \/ sauvagerie saine Pour rester connect\u00e9 avec la nature dans la vie moderne. Apporte un \u00e9quilibre entre le sauvage et l\u2019apprivois\u00e9 en nous. Pour rester en contact avec son c\u00f4t\u00e9 sauvage mais sain. Pour se sentir une appartenance sociale avec sa \u00ab meute \u00bb et le\u2026","rel":"","context":"Article similaire","block_context":{"text":"Article similaire","link":""},"img":{"alt_text":"","src":"https:\/\/i0.wp.com\/artstella-elixirs-floraux.com\/wp-content\/uploads\/2025\/03\/e5130010-8c56-43f9-acf4-6dee43f9f3c1.jpg?resize=350%2C200&ssl=1","width":350,"height":200,"srcset":"https:\/\/i0.wp.com\/artstella-elixirs-floraux.com\/wp-content\/uploads\/2025\/03\/e5130010-8c56-43f9-acf4-6dee43f9f3c1.jpg?resize=350%2C200&ssl=1 1x, https:\/\/i0.wp.com\/artstella-elixirs-floraux.com\/wp-content\/uploads\/2025\/03\/e5130010-8c56-43f9-acf4-6dee43f9f3c1.jpg?resize=525%2C300&ssl=1 1.5x, https:\/\/i0.wp.com\/artstella-elixirs-floraux.com\/wp-content\/uploads\/2025\/03\/e5130010-8c56-43f9-acf4-6dee43f9f3c1.jpg?resize=700%2C400&ssl=1 2x"},"classes":[]},{"id":5586,"url":"https:\/\/artstella-elixirs-floraux.com\/fr_fr\/produit\/combination-blessings-of-dog-30ml\/","url_meta":{"origin":4340,"position":5},"title":"Combination Blessings of Dog 30ML","author":"eveapprill","date":"9 mars 2025","format":false,"excerpt":"Combination Blessings of Dog (Complexe \u201cB\u00e9n\u00e9diction de chien\u201d) Pour exp\u00e9rimenter la joie, l\u2019amour, l\u2019enjouement, la simplicit\u00e9 et la pr\u00e9sence incarn\u00e9s par les chiens, en g\u00e9n\u00e9ral. Grande joie d\u2019\u00eatre vivant et vivre du c\u0153ur. Cr\u00e9ation des liens affectifs avec autrui, \u00eatre loyal et d\u00e9vou\u00e9 \u00e0 ceux que nous aimons.\u00a0","rel":"","context":"Article similaire","block_context":{"text":"Article similaire","link":""},"img":{"alt_text":"","src":"https:\/\/i0.wp.com\/artstella-elixirs-floraux.com\/wp-content\/uploads\/2025\/03\/5f231411-2387-45a0-b372-3733395a77dc.jpg?resize=350%2C200&ssl=1","width":350,"height":200,"srcset":"https:\/\/i0.wp.com\/artstella-elixirs-floraux.com\/wp-content\/uploads\/2025\/03\/5f231411-2387-45a0-b372-3733395a77dc.jpg?resize=350%2C200&ssl=1 1x, https:\/\/i0.wp.com\/artstella-elixirs-floraux.com\/wp-content\/uploads\/2025\/03\/5f231411-2387-45a0-b372-3733395a77dc.jpg?resize=525%2C300&ssl=1 1.5x, https:\/\/i0.wp.com\/artstella-elixirs-floraux.com\/wp-content\/uploads\/2025\/03\/5f231411-2387-45a0-b372-3733395a77dc.jpg?resize=700%2C400&ssl=1 2x"},"classes":[]}],"_links":{"self":[{"href":"https:\/\/artstella-elixirs-floraux.com\/fr_fr\/wp-json\/wp\/v2\/product\/4340","targetHints":{"allow":["GET"]}}],"collection":[{"href":"https:\/\/artstella-elixirs-floraux.com\/fr_fr\/wp-json\/wp\/v2\/product"}],"about":[{"href":"https:\/\/artstella-elixirs-floraux.com\/fr_fr\/wp-json\/wp\/v2\/types\/product"}],"version-history":[{"count":0,"href":"https:\/\/artstella-elixirs-floraux.com\/fr_fr\/wp-json\/wp\/v2\/product\/4340\/revisions"}],"wp:featuredmedia":[{"embeddable":true,"href":"https:\/\/artstella-elixirs-floraux.com\/fr_fr\/wp-json\/wp\/v2\/media\/4341"}],"wp:attachment":[{"href":"https:\/\/artstella-elixirs-floraux.com\/fr_fr\/wp-json\/wp\/v2\/media?parent=4340"}],"wp:term":[{"taxonomy":"product_brand","embeddable":true,"href":"https:\/\/artstella-elixirs-floraux.com\/fr_fr\/wp-json\/wp\/v2\/product_brand?post=4340"},{"taxonomy":"product_cat","embeddable":true,"href":"https:\/\/artstella-elixirs-floraux.com\/fr_fr\/wp-json\/wp\/v2\/product_cat?post=4340"},{"taxonomy":"product_tag","embeddable":true,"href":"https:\/\/artstella-elixirs-floraux.com\/fr_fr\/wp-json\/wp\/v2\/product_tag?post=4340"}],"curies":[{"name":"wp","href":"https:\/\/api.w.org\/{rel}","templated":true}]}}