{"id":4342,"date":"2025-03-09T13:25:15","date_gmt":"2025-03-09T13:25:15","guid":{"rendered":"https:\/\/artstella-elixirs-floraux.com\/product\/praying-mantis-mante-religieuse-wea\/"},"modified":"2025-05-05T12:53:53","modified_gmt":"2025-05-05T12:53:53","slug":"praying-mantis-mante-religieuse-wea","status":"publish","type":"product","link":"https:\/\/artstella-elixirs-floraux.com\/fr_fr\/produit\/praying-mantis-mante-religieuse-wea\/","title":{"rendered":"PRAYING MANTIS\/MANTE RELIGIEUSE WEA"},"content":{"rendered":"","protected":false},"excerpt":{"rendered":"<p><strong><em>Praying Mantis (mante religieuse)<\/em><\/strong><\/p>\n<p>Connexion avec les royaumes spirituels sup\u00e9rieurs\u00a0; aller au-del\u00e0 du visible\u00a0; d\u00e9votion de l\u2019Esprit.<\/p>\n","protected":false},"featured_media":4343,"template":"","meta":[],"product_brand":[],"product_cat":[150],"product_tag":[],"class_list":{"0":"post-4342","1":"product","2":"type-product","3":"status-publish","4":"has-post-thumbnail","6":"product_cat-les-elixirs-d-animaux-complementaires","8":"first","9":"instock","10":"taxable","11":"shipping-taxable","12":"purchasable","13":"product-type-simple"},"etheme_brands":{"errors":{"invalid_taxonomy":["Taxonomie non valide."]},"error_data":[]},"jetpack_sharing_enabled":true,"jetpack-related-posts":[{"id":4324,"url":"https:\/\/artstella-elixirs-floraux.com\/fr_fr\/produit\/manta-ray-raie-manta-wea-exp-30-ml\/","url_meta":{"origin":4342,"position":0},"title":"MANTA RAY\/RAIE MANTA WEA EXP 30 ML","author":"eveapprill","date":"9 mars 2025","format":false,"excerpt":"Manta Ray (raie manta) Mouvement gracieux\u00a0; efficacit\u00e9 absolue de l\u2019action\u00a0; \u00eatre en paix dans l\u2019instant tout en avan\u00e7ant.","rel":"","context":"Article similaire","block_context":{"text":"Article similaire","link":""},"img":{"alt_text":"","src":"https:\/\/i0.wp.com\/artstella-elixirs-floraux.com\/wp-content\/uploads\/2025\/03\/wp-image2299.png?resize=350%2C200&ssl=1","width":350,"height":200,"srcset":"https:\/\/i0.wp.com\/artstella-elixirs-floraux.com\/wp-content\/uploads\/2025\/03\/wp-image2299.png?resize=350%2C200&ssl=1 1x, https:\/\/i0.wp.com\/artstella-elixirs-floraux.com\/wp-content\/uploads\/2025\/03\/wp-image2299.png?resize=525%2C300&ssl=1 1.5x, https:\/\/i0.wp.com\/artstella-elixirs-floraux.com\/wp-content\/uploads\/2025\/03\/wp-image2299.png?resize=700%2C400&ssl=1 2x, https:\/\/i0.wp.com\/artstella-elixirs-floraux.com\/wp-content\/uploads\/2025\/03\/wp-image2299.png?resize=1050%2C600&ssl=1 3x, https:\/\/i0.wp.com\/artstella-elixirs-floraux.com\/wp-content\/uploads\/2025\/03\/wp-image2299.png?resize=1400%2C800&ssl=1 4x"},"classes":[]},{"id":2735,"url":"https:\/\/artstella-elixirs-floraux.com\/fr_fr\/produit\/meditation-bush-30-ml\/","url_meta":{"origin":4342,"position":1},"title":"MEDITATION BUSH 30 ml","author":"eveapprill","date":"9 mars 2025","format":false,"excerpt":"Meditation Eveille la spiritualit\u00e9. Aide approfondir toute pratique spirituelle ou religieuse et favorise l'acc\u00e8s \u00e0 un autre niveau de conscience, tout en assurant une plus grande protection du Moi et la sauvegarde de l'aura. Fortement recommand\u00e9 \u00e0 tous ceux qui pratiquent la m\u00e9ditation.","rel":"","context":"Article similaire","block_context":{"text":"Article similaire","link":""},"img":{"alt_text":"","src":"https:\/\/i0.wp.com\/artstella-elixirs-floraux.com\/wp-content\/uploads\/2025\/03\/8213eb41-48ef-461b-ada2-bbd45136e611.jpg?resize=350%2C200&ssl=1","width":350,"height":200,"srcset":"https:\/\/i0.wp.com\/artstella-elixirs-floraux.com\/wp-content\/uploads\/2025\/03\/8213eb41-48ef-461b-ada2-bbd45136e611.jpg?resize=350%2C200&ssl=1 1x, https:\/\/i0.wp.com\/artstella-elixirs-floraux.com\/wp-content\/uploads\/2025\/03\/8213eb41-48ef-461b-ada2-bbd45136e611.jpg?resize=525%2C300&ssl=1 1.5x, https:\/\/i0.wp.com\/artstella-elixirs-floraux.com\/wp-content\/uploads\/2025\/03\/8213eb41-48ef-461b-ada2-bbd45136e611.jpg?resize=700%2C400&ssl=1 2x"},"classes":[]}],"_links":{"self":[{"href":"https:\/\/artstella-elixirs-floraux.com\/fr_fr\/wp-json\/wp\/v2\/product\/4342","targetHints":{"allow":["GET"]}}],"collection":[{"href":"https:\/\/artstella-elixirs-floraux.com\/fr_fr\/wp-json\/wp\/v2\/product"}],"about":[{"href":"https:\/\/artstella-elixirs-floraux.com\/fr_fr\/wp-json\/wp\/v2\/types\/product"}],"version-history":[{"count":0,"href":"https:\/\/artstella-elixirs-floraux.com\/fr_fr\/wp-json\/wp\/v2\/product\/4342\/revisions"}],"wp:featuredmedia":[{"embeddable":true,"href":"https:\/\/artstella-elixirs-floraux.com\/fr_fr\/wp-json\/wp\/v2\/media\/4343"}],"wp:attachment":[{"href":"https:\/\/artstella-elixirs-floraux.com\/fr_fr\/wp-json\/wp\/v2\/media?parent=4342"}],"wp:term":[{"taxonomy":"product_brand","embeddable":true,"href":"https:\/\/artstella-elixirs-floraux.com\/fr_fr\/wp-json\/wp\/v2\/product_brand?post=4342"},{"taxonomy":"product_cat","embeddable":true,"href":"https:\/\/artstella-elixirs-floraux.com\/fr_fr\/wp-json\/wp\/v2\/product_cat?post=4342"},{"taxonomy":"product_tag","embeddable":true,"href":"https:\/\/artstella-elixirs-floraux.com\/fr_fr\/wp-json\/wp\/v2\/product_tag?post=4342"}],"curies":[{"name":"wp","href":"https:\/\/api.w.org\/{rel}","templated":true}]}}