{"id":4360,"date":"2025-03-09T13:25:35","date_gmt":"2025-03-09T13:25:35","guid":{"rendered":"https:\/\/artstella-elixirs-floraux.com\/product\/bear-cub-ourson-wea-30-ml\/"},"modified":"2025-05-05T12:59:27","modified_gmt":"2025-05-05T12:59:27","slug":"bear-cub-ourson-wea-30-ml","status":"publish","type":"product","link":"https:\/\/artstella-elixirs-floraux.com\/fr_fr\/produit\/bear-cub-ourson-wea-30-ml\/","title":{"rendered":"BEAR CUB\/OURSON WEA 30 ML"},"content":{"rendered":"","protected":false},"excerpt":{"rendered":"<p><strong><em>Bear Cub (ourson)<\/em><\/strong><\/p>\n<p>Favorise la prise de conscience de nos sentiments et de ceux des autres. Cet \u00e9lixir nous \u00e9claire sur l\u2019influence de nos actions sur les autres. Pour approfondir la prise de conscience de soi, l\u2019ancrage, l\u2019introspection et mieux nous conna\u00eetre. Pour savoir qui nous sommes.<\/p>\n","protected":false},"featured_media":4361,"template":"","meta":[],"product_brand":[],"product_cat":[106],"product_tag":[],"class_list":{"0":"post-4360","1":"product","2":"type-product","3":"status-publish","4":"has-post-thumbnail","6":"product_cat-les-elixirs-de-bebes-d-animaux","8":"first","9":"instock","10":"taxable","11":"shipping-taxable","12":"purchasable","13":"product-type-simple"},"etheme_brands":{"errors":{"invalid_taxonomy":["Taxonomie non valide."]},"error_data":[]},"jetpack_sharing_enabled":true,"jetpack-related-posts":[{"id":4201,"url":"https:\/\/artstella-elixirs-floraux.com\/fr_fr\/produit\/bear-ours-wea-30-ml\/","url_meta":{"origin":4360,"position":0},"title":"BEAR\/OURS WEA 30 ML","author":"eveapprill","date":"9 mars 2025","format":false,"excerpt":"Bear (ours) Aide \u00e0 incuber les id\u00e9es, plans et r\u00eaves et \u00e0 les concr\u00e9tiser. Pour se mettre en contact avec le pouvoir de son propre inconscient et cultiver la force, l\u2019ancrage et le pouvoir.","rel":"","context":"Article similaire","block_context":{"text":"Article similaire","link":""},"img":{"alt_text":"","src":"https:\/\/i0.wp.com\/artstella-elixirs-floraux.com\/wp-content\/uploads\/2025\/03\/wp-image2247.png?resize=350%2C200&ssl=1","width":350,"height":200,"srcset":"https:\/\/i0.wp.com\/artstella-elixirs-floraux.com\/wp-content\/uploads\/2025\/03\/wp-image2247.png?resize=350%2C200&ssl=1 1x, https:\/\/i0.wp.com\/artstella-elixirs-floraux.com\/wp-content\/uploads\/2025\/03\/wp-image2247.png?resize=525%2C300&ssl=1 1.5x, https:\/\/i0.wp.com\/artstella-elixirs-floraux.com\/wp-content\/uploads\/2025\/03\/wp-image2247.png?resize=700%2C400&ssl=1 2x, https:\/\/i0.wp.com\/artstella-elixirs-floraux.com\/wp-content\/uploads\/2025\/03\/wp-image2247.png?resize=1050%2C600&ssl=1 3x"},"classes":[]},{"id":4253,"url":"https:\/\/artstella-elixirs-floraux.com\/fr_fr\/produit\/polar-bear-ours-polaire-wea-30-ml\/","url_meta":{"origin":4360,"position":1},"title":"POLAR BEAR\/OURS POLAIRE WEA 30 ML","author":"eveapprill","date":"9 mars 2025","format":false,"excerpt":"Polar Bear (ours polaire) Nous aide \u00e0 aller de l\u2019avant de fa\u00e7on tr\u00e8s ancr\u00e9e. Favorise l\u2019int\u00e9gration de l\u2019ancrage et de l\u2019action. Pour renforcer notre exp\u00e9rience de l\u2019ancrage et du pouvoir au long de notre qu\u00eate et chemin spirituels.","rel":"","context":"Article similaire","block_context":{"text":"Article similaire","link":""},"img":{"alt_text":"","src":"https:\/\/i0.wp.com\/artstella-elixirs-floraux.com\/wp-content\/uploads\/2025\/03\/wp-image2270.png?resize=350%2C200&ssl=1","width":350,"height":200,"srcset":"https:\/\/i0.wp.com\/artstella-elixirs-floraux.com\/wp-content\/uploads\/2025\/03\/wp-image2270.png?resize=350%2C200&ssl=1 1x, https:\/\/i0.wp.com\/artstella-elixirs-floraux.com\/wp-content\/uploads\/2025\/03\/wp-image2270.png?resize=525%2C300&ssl=1 1.5x, https:\/\/i0.wp.com\/artstella-elixirs-floraux.com\/wp-content\/uploads\/2025\/03\/wp-image2270.png?resize=700%2C400&ssl=1 2x"},"classes":[]},{"id":5824,"url":"https:\/\/artstella-elixirs-floraux.com\/fr_fr\/produit\/ours-a-lunettes-spectacled-bear-tremarctos-ornatus15-ml-phi\/","url_meta":{"origin":4360,"position":2},"title":"Ours \u00e0 lunettes &#8211; Spectacled Bear (Tremarctos ornatus)15 ml PHI","author":"eveapprill","date":"9 mars 2025","format":false,"excerpt":"Ours \u00e0 lunettes - Spectacled Bear\u00a0(Tremarctos ornatus) Cet \u00e9lixir renforce et ouvre le c\u0153ur. Nous apprenons \u00e0 donner et \u00e0 recevoir de fa\u00e7on inconditionnelle. Nous pouvons \u00e9galement d\u00e9velopper plus de confiance en nous et ainsi faire face plus facilement aux situations nouvelles, aux changements dans nos vies en nous sentant\u2026","rel":"","context":"Article similaire","block_context":{"text":"Article similaire","link":""},"img":{"alt_text":"","src":"","width":0,"height":0},"classes":[]},{"id":3746,"url":"https:\/\/artstella-elixirs-floraux.com\/fr_fr\/produit\/lady-butterfly-cuba-15-ml-phi\/","url_meta":{"origin":4360,"position":3},"title":"LADY BUTTERFLY (CUBA) 15 ML PHI","author":"eveapprill","date":"9 mars 2025","format":false,"excerpt":"LADY BUTTERFLYPsichosys papilo\u00a0\u00ab\u00a0Mademoiselle Papillon\u00a0\u00bb\u00a0\u00a0Est une tr\u00e8s belle orchid\u00e9e color\u00e9e, dont la forme rappelle un papillon. Elle est originaire d\u2019Am\u00e9rique du Sud. L\u2019\u00e9lixir\u00a0: Aide \u00e0 pouvoir exprimer sa beaut\u00e9 int\u00e9rieure, \u00e0 prendre les choses plus \u00e0 la l\u00e9g\u00e8re, \u00e0 traverser la vie avec plus d\u2019assurance.","rel":"","context":"Article similaire","block_context":{"text":"Article similaire","link":""},"img":{"alt_text":"","src":"","width":0,"height":0},"classes":[]},{"id":3750,"url":"https:\/\/artstella-elixirs-floraux.com\/fr_fr\/produit\/green-orchid-cuba-15ml-phi\/","url_meta":{"origin":4360,"position":4},"title":"GREEN ORCHID (CUBA) 15ML PHI","author":"eveapprill","date":"9 mars 2025","format":false,"excerpt":"GREEN ORCHIDEpidendrum umbellatum\u00a0\u00ab\u00a0Orchid\u00e9e verte\u00a0\u00bb\u00a0Les p\u00e9tales de la fleur contiennent de la chlorophylle comme les feuilles et peuvent de ce fait \u00e9galement r\u00e9aliser la photosynth\u00e8se.","rel":"","context":"Article similaire","block_context":{"text":"Article similaire","link":""},"img":{"alt_text":"","src":"","width":0,"height":0},"classes":[]},{"id":4368,"url":"https:\/\/artstella-elixirs-floraux.com\/fr_fr\/produit\/lion-cub-lionceau-wea-30-ml\/","url_meta":{"origin":4360,"position":5},"title":"LION CUB\/LIONCEAU WEA 30 ML","author":"eveapprill","date":"9 mars 2025","format":false,"excerpt":"Lion Cub (lionceau) Favorise l\u2019intr\u00e9pidit\u00e9, la confiance, le courage, la puissance et le pouvoir authentiques.","rel":"","context":"Article similaire","block_context":{"text":"Article similaire","link":""},"img":{"alt_text":"","src":"https:\/\/i0.wp.com\/artstella-elixirs-floraux.com\/wp-content\/uploads\/2025\/03\/wp-image2322.png?resize=350%2C200&ssl=1","width":350,"height":200,"srcset":"https:\/\/i0.wp.com\/artstella-elixirs-floraux.com\/wp-content\/uploads\/2025\/03\/wp-image2322.png?resize=350%2C200&ssl=1 1x, https:\/\/i0.wp.com\/artstella-elixirs-floraux.com\/wp-content\/uploads\/2025\/03\/wp-image2322.png?resize=525%2C300&ssl=1 1.5x, https:\/\/i0.wp.com\/artstella-elixirs-floraux.com\/wp-content\/uploads\/2025\/03\/wp-image2322.png?resize=700%2C400&ssl=1 2x"},"classes":[]}],"_links":{"self":[{"href":"https:\/\/artstella-elixirs-floraux.com\/fr_fr\/wp-json\/wp\/v2\/product\/4360","targetHints":{"allow":["GET"]}}],"collection":[{"href":"https:\/\/artstella-elixirs-floraux.com\/fr_fr\/wp-json\/wp\/v2\/product"}],"about":[{"href":"https:\/\/artstella-elixirs-floraux.com\/fr_fr\/wp-json\/wp\/v2\/types\/product"}],"version-history":[{"count":0,"href":"https:\/\/artstella-elixirs-floraux.com\/fr_fr\/wp-json\/wp\/v2\/product\/4360\/revisions"}],"wp:featuredmedia":[{"embeddable":true,"href":"https:\/\/artstella-elixirs-floraux.com\/fr_fr\/wp-json\/wp\/v2\/media\/4361"}],"wp:attachment":[{"href":"https:\/\/artstella-elixirs-floraux.com\/fr_fr\/wp-json\/wp\/v2\/media?parent=4360"}],"wp:term":[{"taxonomy":"product_brand","embeddable":true,"href":"https:\/\/artstella-elixirs-floraux.com\/fr_fr\/wp-json\/wp\/v2\/product_brand?post=4360"},{"taxonomy":"product_cat","embeddable":true,"href":"https:\/\/artstella-elixirs-floraux.com\/fr_fr\/wp-json\/wp\/v2\/product_cat?post=4360"},{"taxonomy":"product_tag","embeddable":true,"href":"https:\/\/artstella-elixirs-floraux.com\/fr_fr\/wp-json\/wp\/v2\/product_tag?post=4360"}],"curies":[{"name":"wp","href":"https:\/\/api.w.org\/{rel}","templated":true}]}}