{"id":4366,"date":"2025-03-09T13:25:42","date_gmt":"2025-03-09T13:25:42","guid":{"rendered":"https:\/\/artstella-elixirs-floraux.com\/product\/fawn-faon-wea-30-ml\/"},"modified":"2025-05-05T12:59:13","modified_gmt":"2025-05-05T12:59:13","slug":"fawn-faon-wea-30-ml","status":"publish","type":"product","link":"https:\/\/artstella-elixirs-floraux.com\/fr_fr\/produit\/fawn-faon-wea-30-ml\/","title":{"rendered":"FAWN\/FAON WEA 30 ML"},"content":{"rendered":"","protected":false},"excerpt":{"rendered":"<p><em>Fawn (faon)<\/em><\/p>\n<p><strong><em>Favorise l\u2019exp\u00e9rience de la douceur, l\u2019innocence, la puret\u00e9, la<\/em><\/strong> paix, le calme et un \u00e9tat de gr\u00e2ce enfantin.<\/p>\n","protected":false},"featured_media":4367,"template":"","meta":[],"product_brand":[],"product_cat":[106],"product_tag":[],"class_list":{"0":"post-4366","1":"product","2":"type-product","3":"status-publish","4":"has-post-thumbnail","6":"product_cat-les-elixirs-de-bebes-d-animaux","8":"first","9":"instock","10":"taxable","11":"shipping-taxable","12":"purchasable","13":"product-type-simple"},"etheme_brands":{"errors":{"invalid_taxonomy":["Taxonomie non valide."]},"error_data":[]},"jetpack_sharing_enabled":true,"jetpack-related-posts":[{"id":4217,"url":"https:\/\/artstella-elixirs-floraux.com\/fr_fr\/produit\/deer-daim-wea-30-ml\/","url_meta":{"origin":4366,"position":0},"title":"DEER\/DAIM WEA 30 ML","author":"eveapprill","date":"9 mars 2025","format":false,"excerpt":"Deer (daim) Favorise la conscience et le calme, ainsi que la douceur et la paix. Pour voir avec la cart\u00e9 ce qui se passe autour et \u00e0 l\u2019int\u00e9rieur de soi. Pour cultiver en douceur l\u2019humilit\u00e9 et la confiance.","rel":"","context":"Article similaire","block_context":{"text":"Article similaire","link":""},"img":{"alt_text":"","src":"","width":0,"height":0},"classes":[]},{"id":2767,"url":"https:\/\/artstella-elixirs-floraux.com\/fr_fr\/produit\/antarctic-bush-lf\/","url_meta":{"origin":4366,"position":1},"title":"ANTARCTIC BUSH LF","author":"eveapprill","date":"9 mars 2025","format":false,"excerpt":"Antarctic Essence \u2013 Elixir de l'Antarctique Favorise le calme, la paix et le repos. Donne une meilleure vision de ce qui est n\u00e9cessaire et essentiel dans la vie. Antarctic Essence r\u00e9v\u00e8le et dissout les aspects profonds et cach\u00e9s de notre personnalit\u00e9.","rel":"","context":"Article similaire","block_context":{"text":"Article similaire","link":""},"img":{"alt_text":"","src":"https:\/\/i0.wp.com\/artstella-elixirs-floraux.com\/wp-content\/uploads\/2025\/03\/619e443f-a1e4-4582-9202-7ae7c3b159c7.jpg?resize=350%2C200&ssl=1","width":350,"height":200,"srcset":"https:\/\/i0.wp.com\/artstella-elixirs-floraux.com\/wp-content\/uploads\/2025\/03\/619e443f-a1e4-4582-9202-7ae7c3b159c7.jpg?resize=350%2C200&ssl=1 1x, https:\/\/i0.wp.com\/artstella-elixirs-floraux.com\/wp-content\/uploads\/2025\/03\/619e443f-a1e4-4582-9202-7ae7c3b159c7.jpg?resize=525%2C300&ssl=1 1.5x, https:\/\/i0.wp.com\/artstella-elixirs-floraux.com\/wp-content\/uploads\/2025\/03\/619e443f-a1e4-4582-9202-7ae7c3b159c7.jpg?resize=700%2C400&ssl=1 2x"},"classes":[]},{"id":4221,"url":"https:\/\/artstella-elixirs-floraux.com\/fr_fr\/produit\/dove-colombe-wea-30-ml\/","url_meta":{"origin":4366,"position":2},"title":"DOVE\/COLOMBE WEA 30 ML","author":"eveapprill","date":"9 mars 2025","format":false,"excerpt":"Dove (colombe) D\u00e9veloppe des sentiments de paix, de calme et de tranquillit\u00e9 au c\u0153ur de la vie de chacun. Apaise les pens\u00e9es mentales. Permet de ressentir la gloire de Dieu dans le moment pr\u00e9sent. Pour appr\u00e9cier la simplicit\u00e9","rel":"","context":"Article similaire","block_context":{"text":"Article similaire","link":""},"img":{"alt_text":"","src":"https:\/\/i0.wp.com\/artstella-elixirs-floraux.com\/wp-content\/uploads\/2025\/03\/wp-image2254.png?resize=350%2C200&ssl=1","width":350,"height":200,"srcset":"https:\/\/i0.wp.com\/artstella-elixirs-floraux.com\/wp-content\/uploads\/2025\/03\/wp-image2254.png?resize=350%2C200&ssl=1 1x, https:\/\/i0.wp.com\/artstella-elixirs-floraux.com\/wp-content\/uploads\/2025\/03\/wp-image2254.png?resize=525%2C300&ssl=1 1.5x, https:\/\/i0.wp.com\/artstella-elixirs-floraux.com\/wp-content\/uploads\/2025\/03\/wp-image2254.png?resize=700%2C400&ssl=1 2x, https:\/\/i0.wp.com\/artstella-elixirs-floraux.com\/wp-content\/uploads\/2025\/03\/wp-image2254.png?resize=1050%2C600&ssl=1 3x, https:\/\/i0.wp.com\/artstella-elixirs-floraux.com\/wp-content\/uploads\/2025\/03\/wp-image2254.png?resize=1400%2C800&ssl=1 4x"},"classes":[]},{"id":4203,"url":"https:\/\/artstella-elixirs-floraux.com\/fr_fr\/produit\/buffalo-buffle-wea-30-ml\/","url_meta":{"origin":4366,"position":3},"title":"BUFFALO\/BUFFLE WEA 30 ML","author":"eveapprill","date":"9 mars 2025","format":false,"excerpt":"Buffalo (buffle) Pour ralentir, pour l\u2019ancrage et la connexion avec les rythmes dela Terre. D\u00e9veloppeun sens du sacr\u00e9 et de tranquillit\u00e9, et favorise le calme et la contemplation, ainsi que les sentiments de gratitude pour le cadeau de la vie.","rel":"","context":"Article similaire","block_context":{"text":"Article similaire","link":""},"img":{"alt_text":"","src":"https:\/\/i0.wp.com\/artstella-elixirs-floraux.com\/wp-content\/uploads\/2025\/03\/wp-image2248.png?resize=350%2C200&ssl=1","width":350,"height":200,"srcset":"https:\/\/i0.wp.com\/artstella-elixirs-floraux.com\/wp-content\/uploads\/2025\/03\/wp-image2248.png?resize=350%2C200&ssl=1 1x, https:\/\/i0.wp.com\/artstella-elixirs-floraux.com\/wp-content\/uploads\/2025\/03\/wp-image2248.png?resize=525%2C300&ssl=1 1.5x, https:\/\/i0.wp.com\/artstella-elixirs-floraux.com\/wp-content\/uploads\/2025\/03\/wp-image2248.png?resize=700%2C400&ssl=1 2x"},"classes":[]},{"id":4403,"url":"https:\/\/artstella-elixirs-floraux.com\/fr_fr\/produit\/sharing-love-wea-30-ml\/","url_meta":{"origin":4366,"position":4},"title":"SHARING LOVE WEA 30 ML","author":"eveapprill","date":"9 mars 2025","format":false,"excerpt":"Sharing Love\u00a0(partager l'amour)\u00a0\u00a0 Profond soutien dans les relations avec les autres, et le partage de l\u2019amour dans tous les domaines de sa vie. Ce complexe comprend : ....","rel":"","context":"Article similaire","block_context":{"text":"Article similaire","link":""},"img":{"alt_text":"","src":"","width":0,"height":0},"classes":[]},{"id":4322,"url":"https:\/\/artstella-elixirs-floraux.com\/fr_fr\/produit\/mallard-colvert-wea-exp-30-ml\/","url_meta":{"origin":4366,"position":5},"title":"MALLARD\/COLVERT WEA EXP 30 ML","author":"eveapprill","date":"9 mars 2025","format":false,"excerpt":"Mallard (colvert) Trajectoire et action inspir\u00e9es\u00a0; agir avec l\u2019esprit d\u2019un enfant\u00a0; joie enfantine\u00a0; accomplir avec joie.","rel":"","context":"Article similaire","block_context":{"text":"Article similaire","link":""},"img":{"alt_text":"","src":"https:\/\/i0.wp.com\/artstella-elixirs-floraux.com\/wp-content\/uploads\/2025\/03\/wp-image2298.png?resize=350%2C200&ssl=1","width":350,"height":200,"srcset":"https:\/\/i0.wp.com\/artstella-elixirs-floraux.com\/wp-content\/uploads\/2025\/03\/wp-image2298.png?resize=350%2C200&ssl=1 1x, https:\/\/i0.wp.com\/artstella-elixirs-floraux.com\/wp-content\/uploads\/2025\/03\/wp-image2298.png?resize=525%2C300&ssl=1 1.5x, https:\/\/i0.wp.com\/artstella-elixirs-floraux.com\/wp-content\/uploads\/2025\/03\/wp-image2298.png?resize=700%2C400&ssl=1 2x"},"classes":[]}],"_links":{"self":[{"href":"https:\/\/artstella-elixirs-floraux.com\/fr_fr\/wp-json\/wp\/v2\/product\/4366","targetHints":{"allow":["GET"]}}],"collection":[{"href":"https:\/\/artstella-elixirs-floraux.com\/fr_fr\/wp-json\/wp\/v2\/product"}],"about":[{"href":"https:\/\/artstella-elixirs-floraux.com\/fr_fr\/wp-json\/wp\/v2\/types\/product"}],"version-history":[{"count":0,"href":"https:\/\/artstella-elixirs-floraux.com\/fr_fr\/wp-json\/wp\/v2\/product\/4366\/revisions"}],"wp:featuredmedia":[{"embeddable":true,"href":"https:\/\/artstella-elixirs-floraux.com\/fr_fr\/wp-json\/wp\/v2\/media\/4367"}],"wp:attachment":[{"href":"https:\/\/artstella-elixirs-floraux.com\/fr_fr\/wp-json\/wp\/v2\/media?parent=4366"}],"wp:term":[{"taxonomy":"product_brand","embeddable":true,"href":"https:\/\/artstella-elixirs-floraux.com\/fr_fr\/wp-json\/wp\/v2\/product_brand?post=4366"},{"taxonomy":"product_cat","embeddable":true,"href":"https:\/\/artstella-elixirs-floraux.com\/fr_fr\/wp-json\/wp\/v2\/product_cat?post=4366"},{"taxonomy":"product_tag","embeddable":true,"href":"https:\/\/artstella-elixirs-floraux.com\/fr_fr\/wp-json\/wp\/v2\/product_tag?post=4366"}],"curies":[{"name":"wp","href":"https:\/\/api.w.org\/{rel}","templated":true}]}}