{"id":4370,"date":"2025-03-09T13:26:48","date_gmt":"2025-03-09T13:26:48","guid":{"rendered":"https:\/\/artstella-elixirs-floraux.com\/product\/wolf-pup-louveteau-wea-30-ml\/"},"modified":"2025-05-05T12:59:05","modified_gmt":"2025-05-05T12:59:05","slug":"wolf-pup-louveteau-wea-30-ml","status":"publish","type":"product","link":"https:\/\/artstella-elixirs-floraux.com\/fr_fr\/produit\/wolf-pup-louveteau-wea-30-ml\/","title":{"rendered":"WOLF PUP\/LOUVETEAU WEA 30 ML"},"content":{"rendered":"","protected":false},"excerpt":{"rendered":"<p><strong><em>Wolf Pup (louveteau)<\/em><\/strong><\/p>\n<p>Favorise un profond sentiment d\u2019appartenance, d\u2019int\u00e9gration, la conscience de notre importance et de notre place dans le monde<\/p>\n","protected":false},"featured_media":4371,"template":"","meta":[],"product_brand":[],"product_cat":[106],"product_tag":[],"class_list":{"0":"post-4370","1":"product","2":"type-product","3":"status-publish","4":"has-post-thumbnail","6":"product_cat-les-elixirs-de-bebes-d-animaux","8":"first","9":"instock","10":"taxable","11":"shipping-taxable","12":"purchasable","13":"product-type-simple"},"etheme_brands":{"errors":{"invalid_taxonomy":["Taxonomie non valide."]},"error_data":[]},"jetpack_sharing_enabled":true,"jetpack-related-posts":[{"id":4285,"url":"https:\/\/artstella-elixirs-floraux.com\/fr_fr\/produit\/wolf-loup-wea-30-ml\/","url_meta":{"origin":4370,"position":0},"title":"WOLF\/LOUP WEA 30 ML","author":"eveapprill","date":"9 mars 2025","format":false,"excerpt":"Wolf (loup) Aide \u00e0 d\u00e9finir les relations et \u00e0 fixer des limites saines avec autrui. Favorise la sociabilit\u00e9 et la communaut\u00e9. Pour conna\u00eetre et agir selon la v\u00e9rit\u00e9. D\u00e9veloppe l\u2019int\u00e9grit\u00e9 et le respect des engagements de la vie.","rel":"","context":"Article similaire","block_context":{"text":"Article similaire","link":""},"img":{"alt_text":"","src":"","width":0,"height":0},"classes":[]},{"id":5584,"url":"https:\/\/artstella-elixirs-floraux.com\/fr_fr\/produit\/wolf-dog-hybrid-hybride-loup-chien-30ml\/","url_meta":{"origin":4370,"position":1},"title":"Wolf-dog Hybrid (Hybride loup-chien) 30ML","author":"eveapprill","date":"9 mars 2025","format":false,"excerpt":"Wolf-dog Hybrid (Hybride loup-chien) \/ sauvagerie saine Pour rester connect\u00e9 avec la nature dans la vie moderne. Apporte un \u00e9quilibre entre le sauvage et l\u2019apprivois\u00e9 en nous. Pour rester en contact avec son c\u00f4t\u00e9 sauvage mais sain. Pour se sentir une appartenance sociale avec sa \u00ab meute \u00bb et le\u2026","rel":"","context":"Article similaire","block_context":{"text":"Article similaire","link":""},"img":{"alt_text":"","src":"https:\/\/i0.wp.com\/artstella-elixirs-floraux.com\/wp-content\/uploads\/2025\/03\/e5130010-8c56-43f9-acf4-6dee43f9f3c1.jpg?resize=350%2C200&ssl=1","width":350,"height":200,"srcset":"https:\/\/i0.wp.com\/artstella-elixirs-floraux.com\/wp-content\/uploads\/2025\/03\/e5130010-8c56-43f9-acf4-6dee43f9f3c1.jpg?resize=350%2C200&ssl=1 1x, https:\/\/i0.wp.com\/artstella-elixirs-floraux.com\/wp-content\/uploads\/2025\/03\/e5130010-8c56-43f9-acf4-6dee43f9f3c1.jpg?resize=525%2C300&ssl=1 1.5x, https:\/\/i0.wp.com\/artstella-elixirs-floraux.com\/wp-content\/uploads\/2025\/03\/e5130010-8c56-43f9-acf4-6dee43f9f3c1.jpg?resize=700%2C400&ssl=1 2x"},"classes":[]},{"id":5500,"url":"https:\/\/artstella-elixirs-floraux.com\/fr_fr\/produit\/les-essences-de-fleurs-de-bach-la-memoire-de-leau\/","url_meta":{"origin":4370,"position":2},"title":"les essences de fleurs de bach &amp; la m\u00e9moire de l&rsquo;eau","author":"eveapprill","date":"9 mars 2025","format":false,"excerpt":"Nouveau : Les Essences de Fleurs de Bach et la M\u00e9moire de l\u2019Eau, de Julian Barnard,\u00a0 parution\u00a0 Ulmus Ltd Traduction par G\u00e9rard Wolf","rel":"","context":"Article similaire","block_context":{"text":"Article similaire","link":""},"img":{"alt_text":"","src":"https:\/\/i0.wp.com\/artstella-elixirs-floraux.com\/wp-content\/uploads\/2025\/03\/wp-image1746.png?resize=350%2C200&ssl=1","width":350,"height":200},"classes":[]},{"id":3936,"url":"https:\/\/artstella-elixirs-floraux.com\/fr_fr\/produit\/loup-a-e-15-ml-phi\/","url_meta":{"origin":4370,"position":3},"title":"LOUP A.E 15 ML PHI","author":"eveapprill","date":"9 mars 2025","format":false,"excerpt":"Loup (Canis lupus) Wolf\u00a0 renforce les perceptions de nos sens et notre vigilance. Il renforce notre conscience du groupe et de sa dynamique.","rel":"","context":"Article similaire","block_context":{"text":"Article similaire","link":""},"img":{"alt_text":"","src":"","width":0,"height":0},"classes":[]},{"id":6321,"url":"https:\/\/artstella-elixirs-floraux.com\/fr_fr\/produit\/cinquieme-chakra-weae-30ml\/","url_meta":{"origin":4370,"position":4},"title":"CINQUIEME CHAKRA WEAE 30ML","author":"eveapprill","date":"9 mars 2025","format":false,"excerpt":"Fifth Chakra Essence fournit un soutien pour recevoir les dons du cinqui\u00e8me chakra, y compris: la communication, l\u2019expression de soi confiante, l\u2019expression cr\u00e9ative, dire la v\u00e9rit\u00e9. \u00a0 \u00a0","rel":"","context":"Article similaire","block_context":{"text":"Article similaire","link":""},"img":{"alt_text":"","src":"https:\/\/i0.wp.com\/artstella-elixirs-floraux.com\/wp-content\/uploads\/2025\/03\/61805dda-b41e-4abe-9b1e-b0483d6e4efb.jpg?resize=350%2C200&ssl=1","width":350,"height":200,"srcset":"https:\/\/i0.wp.com\/artstella-elixirs-floraux.com\/wp-content\/uploads\/2025\/03\/61805dda-b41e-4abe-9b1e-b0483d6e4efb.jpg?resize=350%2C200&ssl=1 1x, https:\/\/i0.wp.com\/artstella-elixirs-floraux.com\/wp-content\/uploads\/2025\/03\/61805dda-b41e-4abe-9b1e-b0483d6e4efb.jpg?resize=525%2C300&ssl=1 1.5x, https:\/\/i0.wp.com\/artstella-elixirs-floraux.com\/wp-content\/uploads\/2025\/03\/61805dda-b41e-4abe-9b1e-b0483d6e4efb.jpg?resize=700%2C400&ssl=1 2x"},"classes":[]},{"id":4403,"url":"https:\/\/artstella-elixirs-floraux.com\/fr_fr\/produit\/sharing-love-wea-30-ml\/","url_meta":{"origin":4370,"position":5},"title":"SHARING LOVE WEA 30 ML","author":"eveapprill","date":"9 mars 2025","format":false,"excerpt":"Sharing Love\u00a0(partager l'amour)\u00a0\u00a0 Profond soutien dans les relations avec les autres, et le partage de l\u2019amour dans tous les domaines de sa vie. Ce complexe comprend : ....","rel":"","context":"Article similaire","block_context":{"text":"Article similaire","link":""},"img":{"alt_text":"","src":"","width":0,"height":0},"classes":[]}],"_links":{"self":[{"href":"https:\/\/artstella-elixirs-floraux.com\/fr_fr\/wp-json\/wp\/v2\/product\/4370","targetHints":{"allow":["GET"]}}],"collection":[{"href":"https:\/\/artstella-elixirs-floraux.com\/fr_fr\/wp-json\/wp\/v2\/product"}],"about":[{"href":"https:\/\/artstella-elixirs-floraux.com\/fr_fr\/wp-json\/wp\/v2\/types\/product"}],"version-history":[{"count":0,"href":"https:\/\/artstella-elixirs-floraux.com\/fr_fr\/wp-json\/wp\/v2\/product\/4370\/revisions"}],"wp:featuredmedia":[{"embeddable":true,"href":"https:\/\/artstella-elixirs-floraux.com\/fr_fr\/wp-json\/wp\/v2\/media\/4371"}],"wp:attachment":[{"href":"https:\/\/artstella-elixirs-floraux.com\/fr_fr\/wp-json\/wp\/v2\/media?parent=4370"}],"wp:term":[{"taxonomy":"product_brand","embeddable":true,"href":"https:\/\/artstella-elixirs-floraux.com\/fr_fr\/wp-json\/wp\/v2\/product_brand?post=4370"},{"taxonomy":"product_cat","embeddable":true,"href":"https:\/\/artstella-elixirs-floraux.com\/fr_fr\/wp-json\/wp\/v2\/product_cat?post=4370"},{"taxonomy":"product_tag","embeddable":true,"href":"https:\/\/artstella-elixirs-floraux.com\/fr_fr\/wp-json\/wp\/v2\/product_tag?post=4370"}],"curies":[{"name":"wp","href":"https:\/\/api.w.org\/{rel}","templated":true}]}}