{"id":4378,"date":"2025-05-27T16:08:57","date_gmt":"2025-05-27T16:08:57","guid":{"rendered":"https:\/\/artstella-elixirs-floraux.com\/?post_type=product&#038;p=4378"},"modified":"2025-05-27T16:08:57","modified_gmt":"2025-05-27T16:08:57","slug":"cygnet-cignon-30ml-wea-child","status":"publish","type":"product","link":"https:\/\/artstella-elixirs-floraux.com\/fr_fr\/produit\/cygnet-cignon-30ml-wea-child\/","title":{"rendered":"CYGNET CIGNON 30ML WEA CHILD"},"content":{"rendered":"","protected":false},"excerpt":{"rendered":"","protected":false},"featured_media":4379,"template":"","meta":[],"product_brand":[],"product_cat":[106],"product_tag":[],"class_list":{"0":"post-4378","1":"product","2":"type-product","3":"status-publish","4":"has-post-thumbnail","6":"product_cat-les-elixirs-de-bebes-d-animaux","8":"first","9":"instock","10":"taxable","11":"shipping-taxable","12":"purchasable","13":"product-type-simple"},"etheme_brands":{"errors":{"invalid_taxonomy":["Taxonomie non valide."]},"error_data":[]},"jetpack_sharing_enabled":true,"jetpack-related-posts":[{"id":4372,"url":"https:\/\/artstella-elixirs-floraux.com\/fr_fr\/produit\/balanced-child-wea-30ml\/","url_meta":{"origin":4378,"position":0},"title":"BALANCED CHILD WEA 30ML","author":"eveapprill","date":"9 mars 2025","format":false,"excerpt":"Balanced Child (un complexe de tous les b\u00e9b\u00e9s animaux) soutient au plus profond pour arriver \u00e0 un \u00e9tat d\u2019\u00e9quilibre et d\u2019harmonie. S\u2019adresse aux enfants et \u00e0 l\u2019enfant en chacun.","rel":"","context":"Article similaire","block_context":{"text":"Article similaire","link":""},"img":{"alt_text":"","src":"","width":0,"height":0},"classes":[]},{"id":1964,"url":"https:\/\/artstella-elixirs-floraux.com\/fr_fr\/produit\/inner-child-healing-30-ml-wea\/","url_meta":{"origin":4378,"position":1},"title":"INNER CHILD HEALING 30 ML WEA","author":"eveapprill","date":"27 mai 2025","format":false,"excerpt":"Ce complexe comprend les 6 \u00e9lixirs de b\u00e9b\u00e9s animaux suivants\u00a0: Hippopotamus Calf \u2013 aide \u00e0 ressentir profond\u00e9ment. Wild Foal \u2013aide \u00e0 se lib\u00e9rer du chagrin profond. Badger Cub \u2013 pour embrasser et exprimer la col\u00e8re. Robin Chick \u2013 pour recevoir l\u2019amour et la chaleur nourrici\u00e8re. Bat Pup \u2013 pour faire\u2026","rel":"","context":"Article similaire","block_context":{"text":"Article similaire","link":""},"img":{"alt_text":"","src":"https:\/\/i0.wp.com\/artstella-elixirs-floraux.com\/wp-content\/uploads\/2025\/05\/InnerChildHealing.png?resize=350%2C200&ssl=1","width":350,"height":200},"classes":[]},{"id":4374,"url":"https:\/\/artstella-elixirs-floraux.com\/fr_fr\/produit\/badger-cub-blaireautin-30ml-wea\/","url_meta":{"origin":4378,"position":2},"title":"BADGER CUB BLAIREAUTIN 30ML WEA","author":"eveapprill","date":"27 mai 2025","format":false,"excerpt":"","rel":"","context":"Article similaire","block_context":{"text":"Article similaire","link":""},"img":{"alt_text":"","src":"https:\/\/i0.wp.com\/artstella-elixirs-floraux.com\/wp-content\/uploads\/2025\/03\/wp-image2324.png?resize=350%2C200&ssl=1","width":350,"height":200,"srcset":"https:\/\/i0.wp.com\/artstella-elixirs-floraux.com\/wp-content\/uploads\/2025\/03\/wp-image2324.png?resize=350%2C200&ssl=1 1x, https:\/\/i0.wp.com\/artstella-elixirs-floraux.com\/wp-content\/uploads\/2025\/03\/wp-image2324.png?resize=525%2C300&ssl=1 1.5x, https:\/\/i0.wp.com\/artstella-elixirs-floraux.com\/wp-content\/uploads\/2025\/03\/wp-image2324.png?resize=700%2C400&ssl=1 2x, https:\/\/i0.wp.com\/artstella-elixirs-floraux.com\/wp-content\/uploads\/2025\/03\/wp-image2324.png?resize=1050%2C600&ssl=1 3x"},"classes":[]},{"id":4376,"url":"https:\/\/artstella-elixirs-floraux.com\/fr_fr\/produit\/bat-pup-chauve-souriceau-30ml-wea\/","url_meta":{"origin":4378,"position":3},"title":"BAT PUP \/ CHAUVE SOURICEAU 30ML WEA","author":"eveapprill","date":"27 mai 2025","format":false,"excerpt":"","rel":"","context":"Article similaire","block_context":{"text":"Article similaire","link":""},"img":{"alt_text":"","src":"https:\/\/i0.wp.com\/artstella-elixirs-floraux.com\/wp-content\/uploads\/2025\/03\/wp-image1426.png?resize=350%2C200&ssl=1","width":350,"height":200,"srcset":"https:\/\/i0.wp.com\/artstella-elixirs-floraux.com\/wp-content\/uploads\/2025\/03\/wp-image1426.png?resize=350%2C200&ssl=1 1x, https:\/\/i0.wp.com\/artstella-elixirs-floraux.com\/wp-content\/uploads\/2025\/03\/wp-image1426.png?resize=525%2C300&ssl=1 1.5x"},"classes":[]},{"id":4392,"url":"https:\/\/artstella-elixirs-floraux.com\/fr_fr\/produit\/gratitude-wea-30ml\/","url_meta":{"origin":4378,"position":4},"title":"GRATITUDE WEA 30ML","author":"eveapprill","date":"9 mars 2025","format":false,"excerpt":"Gratitude Aide \u00e0 prendre conscience et exprimer de la gratitude pour les nombreux cadeaux que la vie offre.","rel":"","context":"Article similaire","block_context":{"text":"Article similaire","link":""},"img":{"alt_text":"","src":"https:\/\/i0.wp.com\/artstella-elixirs-floraux.com\/wp-content\/uploads\/2025\/03\/wp-image1016.png?resize=350%2C200&ssl=1","width":350,"height":200},"classes":[]},{"id":1961,"url":"https:\/\/artstella-elixirs-floraux.com\/fr_fr\/produit\/hippopotamus-calf-30ml-wea\/","url_meta":{"origin":4378,"position":5},"title":"HIPPOPOTAMUS CALF 30ML WEA","author":"eveapprill","date":"9 septembre 2025","format":false,"excerpt":"Hippopotamus Calf (b\u00e9b\u00e9 hippopotame) apporte la chaleur nourrici\u00e8re n\u00e9cessaire pour ressentir et exprimer les sentiments cach\u00e9s au fond de nous suite aux blessures de l\u2019enfance. Nous aide \u00e0 nous connecter avec, ressentir et exprimer les sentiments r\u00e9prim\u00e9s suite \u00e0 des blessures\/traumatismes du pass\u00e9 qui doivent \u00eatre lib\u00e9r\u00e9s pour que la\u2026","rel":"","context":"Article similaire","block_context":{"text":"Article similaire","link":""},"img":{"alt_text":"","src":"https:\/\/i0.wp.com\/artstella-elixirs-floraux.com\/wp-content\/uploads\/2025\/05\/Hippocalf.jpg?resize=350%2C200&ssl=1","width":350,"height":200,"srcset":"https:\/\/i0.wp.com\/artstella-elixirs-floraux.com\/wp-content\/uploads\/2025\/05\/Hippocalf.jpg?resize=350%2C200&ssl=1 1x, https:\/\/i0.wp.com\/artstella-elixirs-floraux.com\/wp-content\/uploads\/2025\/05\/Hippocalf.jpg?resize=525%2C300&ssl=1 1.5x, https:\/\/i0.wp.com\/artstella-elixirs-floraux.com\/wp-content\/uploads\/2025\/05\/Hippocalf.jpg?resize=700%2C400&ssl=1 2x"},"classes":[]}],"_links":{"self":[{"href":"https:\/\/artstella-elixirs-floraux.com\/fr_fr\/wp-json\/wp\/v2\/product\/4378","targetHints":{"allow":["GET"]}}],"collection":[{"href":"https:\/\/artstella-elixirs-floraux.com\/fr_fr\/wp-json\/wp\/v2\/product"}],"about":[{"href":"https:\/\/artstella-elixirs-floraux.com\/fr_fr\/wp-json\/wp\/v2\/types\/product"}],"version-history":[{"count":0,"href":"https:\/\/artstella-elixirs-floraux.com\/fr_fr\/wp-json\/wp\/v2\/product\/4378\/revisions"}],"wp:featuredmedia":[{"embeddable":true,"href":"https:\/\/artstella-elixirs-floraux.com\/fr_fr\/wp-json\/wp\/v2\/media\/4379"}],"wp:attachment":[{"href":"https:\/\/artstella-elixirs-floraux.com\/fr_fr\/wp-json\/wp\/v2\/media?parent=4378"}],"wp:term":[{"taxonomy":"product_brand","embeddable":true,"href":"https:\/\/artstella-elixirs-floraux.com\/fr_fr\/wp-json\/wp\/v2\/product_brand?post=4378"},{"taxonomy":"product_cat","embeddable":true,"href":"https:\/\/artstella-elixirs-floraux.com\/fr_fr\/wp-json\/wp\/v2\/product_cat?post=4378"},{"taxonomy":"product_tag","embeddable":true,"href":"https:\/\/artstella-elixirs-floraux.com\/fr_fr\/wp-json\/wp\/v2\/product_tag?post=4378"}],"curies":[{"name":"wp","href":"https:\/\/api.w.org\/{rel}","templated":true}]}}