{"id":4380,"date":"2025-05-27T16:38:51","date_gmt":"2025-05-27T16:38:51","guid":{"rendered":"https:\/\/artstella-elixirs-floraux.com\/?post_type=product&#038;p=4380"},"modified":"2025-05-27T16:38:52","modified_gmt":"2025-05-27T16:38:52","slug":"empower-wea-30-ml","status":"publish","type":"product","link":"https:\/\/artstella-elixirs-floraux.com\/fr_fr\/produit\/empower-wea-30-ml\/","title":{"rendered":"EMPOWER WEA 30 ML"},"content":{"rendered":"<p><strong><em>Empower<\/em><\/strong><\/p>\n<p>Grand soutien pour revendiquer notre sens de pouvoir et notre autorit\u00e9<\/p>\n","protected":false},"excerpt":{"rendered":"<p>Empower Grand soutien pour revendiquer notre sens de pouvoir et notre autorit\u00e9<\/p>\n","protected":false},"featured_media":9721,"template":"","meta":[],"product_brand":[],"product_cat":[166,339],"product_tag":[],"class_list":{"0":"post-4380","1":"product","2":"type-product","3":"status-publish","4":"has-post-thumbnail","6":"product_cat-fleurs-de-bach","7":"product_cat-les-composes-weae","9":"first","10":"instock","11":"taxable","12":"shipping-taxable","13":"purchasable","14":"product-type-simple"},"etheme_brands":{"errors":{"invalid_taxonomy":["Taxonomie non valide."]},"error_data":[]},"jetpack_sharing_enabled":true,"jetpack-related-posts":[{"id":4243,"url":"https:\/\/artstella-elixirs-floraux.com\/fr_fr\/produit\/lion-wea-30-ml\/","url_meta":{"origin":4380,"position":0},"title":"LION WEA 30 ML","author":"eveapprill","date":"9 mars 2025","format":false,"excerpt":"Lion Pour revendiquer sa plus profonde autorit\u00e9 personnelle et son plus profond pouvoir spirituel. Favorise le courage, l\u2019intr\u00e9pidit\u00e9, le \u00ab\u00a0leadership\u00a0\u00bb, la performance et le succ\u00e8s. D\u00e9veloppe un sens de bien-\u00eatre et de force.","rel":"","context":"Article similaire","block_context":{"text":"Article similaire","link":""},"img":{"alt_text":"","src":"https:\/\/i0.wp.com\/artstella-elixirs-floraux.com\/wp-content\/uploads\/2025\/03\/wp-image2267.png?resize=350%2C200&ssl=1","width":350,"height":200,"srcset":"https:\/\/i0.wp.com\/artstella-elixirs-floraux.com\/wp-content\/uploads\/2025\/03\/wp-image2267.png?resize=350%2C200&ssl=1 1x, https:\/\/i0.wp.com\/artstella-elixirs-floraux.com\/wp-content\/uploads\/2025\/03\/wp-image2267.png?resize=525%2C300&ssl=1 1.5x, https:\/\/i0.wp.com\/artstella-elixirs-floraux.com\/wp-content\/uploads\/2025\/03\/wp-image2267.png?resize=700%2C400&ssl=1 2x, https:\/\/i0.wp.com\/artstella-elixirs-floraux.com\/wp-content\/uploads\/2025\/03\/wp-image2267.png?resize=1050%2C600&ssl=1 3x"},"classes":[]},{"id":4251,"url":"https:\/\/artstella-elixirs-floraux.com\/fr_fr\/produit\/peacock-paon-wea-30-ml\/","url_meta":{"origin":4380,"position":1},"title":"PEACOCK\/PAON WEA 30 ML","author":"eveapprill","date":"9 mars 2025","format":false,"excerpt":"Peacock (paon) D\u00e9veloppe un sens de pl\u00e9nitude, d\u2019accomplissement et de compl\u00e9tude. Pour revendiquer sa propre authenticit\u00e9 et autorit\u00e9. Favorise la confiance et soutient l\u2019estime de soi. Pour faire na\u00eetre l\u2019abondance spirituelle","rel":"","context":"Article similaire","block_context":{"text":"Article similaire","link":""},"img":{"alt_text":"","src":"","width":0,"height":0},"classes":[]},{"id":4300,"url":"https:\/\/artstella-elixirs-floraux.com\/fr_fr\/produit\/bighorn-sheep-mouflon-wea-30-ml\/","url_meta":{"origin":4380,"position":2},"title":"BIGHORN SHEEP\/MOUFLON WEA 30 ML","author":"eveapprill","date":"9 mars 2025","format":false,"excerpt":"Bighorn Sheep (mouflon) Revendication et expression du pouvoir int\u00e9rieur et de l\u2019autorit\u00e9\u00a0; se donner le pouvoir\u00a0; majest\u00e9\u00a0; sagesse de la montagne.","rel":"","context":"Article similaire","block_context":{"text":"Article similaire","link":""},"img":{"alt_text":"","src":"https:\/\/i0.wp.com\/artstella-elixirs-floraux.com\/wp-content\/uploads\/2025\/03\/wp-image2287.png?resize=350%2C200&ssl=1","width":350,"height":200,"srcset":"https:\/\/i0.wp.com\/artstella-elixirs-floraux.com\/wp-content\/uploads\/2025\/03\/wp-image2287.png?resize=350%2C200&ssl=1 1x, https:\/\/i0.wp.com\/artstella-elixirs-floraux.com\/wp-content\/uploads\/2025\/03\/wp-image2287.png?resize=525%2C300&ssl=1 1.5x, https:\/\/i0.wp.com\/artstella-elixirs-floraux.com\/wp-content\/uploads\/2025\/03\/wp-image2287.png?resize=700%2C400&ssl=1 2x"},"classes":[]},{"id":4205,"url":"https:\/\/artstella-elixirs-floraux.com\/fr_fr\/produit\/bumblebee-bourdon-wea-30-ml\/","url_meta":{"origin":4380,"position":3},"title":"BUMBLEBEE\/BOURDON WEA 30 ML","author":"eveapprill","date":"9 mars 2025","format":false,"excerpt":"Bumblebee (bourdon) Pour revendiquer notre propre pouvoir en tant qu\u2019individus forts et pleinement capables. Nous aide \u00e0 accomplir ce qui nous aurait autrement sembl\u00e9 impossible.","rel":"","context":"Article similaire","block_context":{"text":"Article similaire","link":""},"img":{"alt_text":"","src":"","width":0,"height":0},"classes":[]},{"id":4277,"url":"https:\/\/artstella-elixirs-floraux.com\/fr_fr\/produit\/tigre-wea-30-ml\/","url_meta":{"origin":4380,"position":4},"title":"TIGRE WEA 30 ML","author":"eveapprill","date":"9 mars 2025","format":false,"excerpt":"Tiger (tigre) Pour calmer l\u2019esprit et arriver \u00e0 la conscience pure et brute et au pouvoir de l\u2019instant pr\u00e9sent. Apporte la force et la concentration. D\u00e9veloppe un sens de force et de ma\u00eetrise spirituelle. Pour d\u00e9velopper un esprit in\u00e9branlable.","rel":"","context":"Article similaire","block_context":{"text":"Article similaire","link":""},"img":{"alt_text":"","src":"https:\/\/i0.wp.com\/artstella-elixirs-floraux.com\/wp-content\/uploads\/2025\/03\/wp-image2280.png?resize=350%2C200&ssl=1","width":350,"height":200,"srcset":"https:\/\/i0.wp.com\/artstella-elixirs-floraux.com\/wp-content\/uploads\/2025\/03\/wp-image2280.png?resize=350%2C200&ssl=1 1x, https:\/\/i0.wp.com\/artstella-elixirs-floraux.com\/wp-content\/uploads\/2025\/03\/wp-image2280.png?resize=525%2C300&ssl=1 1.5x, https:\/\/i0.wp.com\/artstella-elixirs-floraux.com\/wp-content\/uploads\/2025\/03\/wp-image2280.png?resize=700%2C400&ssl=1 2x"},"classes":[]},{"id":4283,"url":"https:\/\/artstella-elixirs-floraux.com\/fr_fr\/produit\/wild-horse-cheval-sauvage-wea-30-ml\/","url_meta":{"origin":4380,"position":5},"title":"WILD HORSE\/CHEVAL SAUVAGE WEA 30 ML","author":"eveapprill","date":"9 mars 2025","format":false,"excerpt":"Wild horse (cheval sauvage) D\u00e9veloppe un sens d\u2019ouverture chaleureuse, d\u2019appartenance et de connexion aux autres. Favorise la force, l\u2019endurance et le pouvoir. Ouvre doucement le chakra du c\u0153ur. Utile pour ceux qui sont d\u00e9courag\u00e9s.","rel":"","context":"Article similaire","block_context":{"text":"Article similaire","link":""},"img":{"alt_text":"","src":"","width":0,"height":0},"classes":[]}],"_links":{"self":[{"href":"https:\/\/artstella-elixirs-floraux.com\/fr_fr\/wp-json\/wp\/v2\/product\/4380","targetHints":{"allow":["GET"]}}],"collection":[{"href":"https:\/\/artstella-elixirs-floraux.com\/fr_fr\/wp-json\/wp\/v2\/product"}],"about":[{"href":"https:\/\/artstella-elixirs-floraux.com\/fr_fr\/wp-json\/wp\/v2\/types\/product"}],"version-history":[{"count":0,"href":"https:\/\/artstella-elixirs-floraux.com\/fr_fr\/wp-json\/wp\/v2\/product\/4380\/revisions"}],"wp:featuredmedia":[{"embeddable":true,"href":"https:\/\/artstella-elixirs-floraux.com\/fr_fr\/wp-json\/wp\/v2\/media\/9721"}],"wp:attachment":[{"href":"https:\/\/artstella-elixirs-floraux.com\/fr_fr\/wp-json\/wp\/v2\/media?parent=4380"}],"wp:term":[{"taxonomy":"product_brand","embeddable":true,"href":"https:\/\/artstella-elixirs-floraux.com\/fr_fr\/wp-json\/wp\/v2\/product_brand?post=4380"},{"taxonomy":"product_cat","embeddable":true,"href":"https:\/\/artstella-elixirs-floraux.com\/fr_fr\/wp-json\/wp\/v2\/product_cat?post=4380"},{"taxonomy":"product_tag","embeddable":true,"href":"https:\/\/artstella-elixirs-floraux.com\/fr_fr\/wp-json\/wp\/v2\/product_tag?post=4380"}],"curies":[{"name":"wp","href":"https:\/\/api.w.org\/{rel}","templated":true}]}}