{"id":4384,"date":"2025-05-27T16:32:59","date_gmt":"2025-05-27T16:32:59","guid":{"rendered":"https:\/\/artstella-elixirs-floraux.com\/?post_type=product&#038;p=4384"},"modified":"2025-05-27T16:33:00","modified_gmt":"2025-05-27T16:33:00","slug":"rest-and-relax-wea-30-ml","status":"publish","type":"product","link":"https:\/\/artstella-elixirs-floraux.com\/fr_fr\/produit\/rest-and-relax-wea-30-ml\/","title":{"rendered":"REST AND RELAX WEA 30 ML"},"content":{"rendered":"<p><strong><em>Rest &amp; Relax<\/em><\/strong><\/p>\n<p>Nous aide \u00e0 ralentir, \u00e0 nous relaxer et \u00e0 reposer notre corps et notre esprit.<\/p>\n","protected":false},"excerpt":{"rendered":"<p>Rest &amp; Relax Nous aide \u00e0 ralentir, \u00e0 nous relaxer et \u00e0 reposer notre corps et notre esprit.<\/p>\n","protected":false},"featured_media":9716,"template":"","meta":[],"product_brand":[],"product_cat":[339],"product_tag":[],"class_list":{"0":"post-4384","1":"product","2":"type-product","3":"status-publish","4":"has-post-thumbnail","6":"product_cat-les-composes-weae","8":"first","9":"instock","10":"taxable","11":"shipping-taxable","12":"purchasable","13":"product-type-simple"},"etheme_brands":{"errors":{"invalid_taxonomy":["Taxonomie non valide."]},"error_data":[]},"jetpack_sharing_enabled":true,"jetpack-related-posts":[{"id":4223,"url":"https:\/\/artstella-elixirs-floraux.com\/fr_fr\/produit\/dragonfly-libellule-wea-30-ml\/","url_meta":{"origin":4384,"position":0},"title":"DRAGONFLY\/LIBELLULE WEA 30 ML","author":"eveapprill","date":"9 mars 2025","format":false,"excerpt":"Dragonfly (libellule) En Ma\u00eetre de l\u2019illusion, cet \u00e9lixir aide \u00e0 voyager entre les diff\u00e9rentes dimensions et \u00e0 s\u2019ouvrir aux \u00e9nergies spirituelles. Pour se r\u00e9veiller de ses illusions personnelles. Pour la relaxation et le repos apr\u00e8s les p\u00e9riodes charg\u00e9es.","rel":"","context":"Article similaire","block_context":{"text":"Article similaire","link":""},"img":{"alt_text":"","src":"https:\/\/i0.wp.com\/artstella-elixirs-floraux.com\/wp-content\/uploads\/2025\/03\/wp-image2255.png?resize=350%2C200&ssl=1","width":350,"height":200,"srcset":"https:\/\/i0.wp.com\/artstella-elixirs-floraux.com\/wp-content\/uploads\/2025\/03\/wp-image2255.png?resize=350%2C200&ssl=1 1x, https:\/\/i0.wp.com\/artstella-elixirs-floraux.com\/wp-content\/uploads\/2025\/03\/wp-image2255.png?resize=525%2C300&ssl=1 1.5x, https:\/\/i0.wp.com\/artstella-elixirs-floraux.com\/wp-content\/uploads\/2025\/03\/wp-image2255.png?resize=700%2C400&ssl=1 2x, https:\/\/i0.wp.com\/artstella-elixirs-floraux.com\/wp-content\/uploads\/2025\/03\/wp-image2255.png?resize=1050%2C600&ssl=1 3x"},"classes":[]},{"id":5840,"url":"https:\/\/artstella-elixirs-floraux.com\/fr_fr\/produit\/paresseux-a-deux-doigts-15-ml-phi\/","url_meta":{"origin":4384,"position":1},"title":"Paresseux \u00e0 deux doigts 15 ml PHI","author":"eveapprill","date":"9 mars 2025","format":false,"excerpt":"Paresseux \u00e0 deux doigts - Southern two toed Sloth (Choloepus didactylus) Cet animal nous aide \u00e0 d\u00e9velopper une meilleure relation au temps et \u00e0 la relaxation. Il nous aide \u00e0 mieux g\u00e9rer des situations de stress, en prenant les choses plus l\u00e9g\u00e8rement et de fa\u00e7on plus d\u00e9tendue. Il nous aide\u2026","rel":"","context":"Article similaire","block_context":{"text":"Article similaire","link":""},"img":{"alt_text":"","src":"","width":0,"height":0},"classes":[]},{"id":4245,"url":"https:\/\/artstella-elixirs-floraux.com\/fr_fr\/produit\/mountain-lion-puma-wea-30-ml\/","url_meta":{"origin":4384,"position":2},"title":"MOUNTAIN LION\/PUMA WEA 30 ML","author":"eveapprill","date":"9 mars 2025","format":false,"excerpt":"Mountain Lion (puma) Favorise l\u2019action d\u00e9termin\u00e9e. Est d\u2019un grand soutien pour manifester ses r\u00eaves et visions Aide \u00e0 rester vrai envers soi-m\u00eame. Favorise la capacit\u00e9 \u00e0 \u00ab\u00a0agir selon ses dires\u00a0\u00bb.","rel":"","context":"Article similaire","block_context":{"text":"Article similaire","link":""},"img":{"alt_text":"","src":"","width":0,"height":0},"classes":[]},{"id":5572,"url":"https:\/\/artstella-elixirs-floraux.com\/fr_fr\/produit\/viperine-sylfos-15-ml\/","url_meta":{"origin":4384,"position":3},"title":"VIPERINE SYLFOS 15 ML","author":"eveapprill","date":"9 mars 2025","format":false,"excerpt":"VIP\u00c9RINE \/ VIBORERA\u00a0 Purple Viper's Bugloss Echium bonariense \u00a0 \u00a0 Pour les personnes s\u00e9rieuses, s\u00e8ches et sans sens de l\u2019humour. Apporte relaxation et lib\u00e8re des tensions accumul\u00e9es\u00a0; all\u00e8ge le mental, les \u00e9motions,","rel":"","context":"Article similaire","block_context":{"text":"Article similaire","link":""},"img":{"alt_text":"","src":"","width":0,"height":0},"classes":[]},{"id":5011,"url":"https:\/\/artstella-elixirs-floraux.com\/fr_fr\/produit\/valerian-alaskan-f-sup\/","url_meta":{"origin":4384,"position":4},"title":"VALERIAN ALASKAN F SUP","author":"eveapprill","date":"9 mars 2025","format":false,"excerpt":"Valerian Valeriana officinalis Val\u00e9riane Indications\u00a0: agit\u00e9, irritable\u00a0; difficult\u00e9 \u00e0 se relaxer physiquement et mentalement\u00a0; manque de concentration\u00a0; \u00e9nergie mentale dissip\u00e9e et inefficace.","rel":"","context":"Article similaire","block_context":{"text":"Article similaire","link":""},"img":{"alt_text":"","src":"","width":0,"height":0},"classes":[]},{"id":4267,"url":"https:\/\/artstella-elixirs-floraux.com\/fr_fr\/produit\/seal-phoque-wea-30-ml\/","url_meta":{"origin":4384,"position":5},"title":"SEAL\/PHOQUE WEA 30 ML","author":"eveapprill","date":"9 mars 2025","format":false,"excerpt":"Seal (phoque) En grand Ma\u00eetre de la facilit\u00e9 et de l\u2019aisance, Seal aide \u00e0 faire l\u2019effort et ensuite \u00e0 permettre aux choses de se d\u00e9rouler naturellement. Pour traverser la vie avec gr\u00e2ce et aisance, et pour se sentir bien et \u00e0 l\u2019aise dans son corps.","rel":"","context":"Article similaire","block_context":{"text":"Article similaire","link":""},"img":{"alt_text":"","src":"","width":0,"height":0},"classes":[]}],"_links":{"self":[{"href":"https:\/\/artstella-elixirs-floraux.com\/fr_fr\/wp-json\/wp\/v2\/product\/4384","targetHints":{"allow":["GET"]}}],"collection":[{"href":"https:\/\/artstella-elixirs-floraux.com\/fr_fr\/wp-json\/wp\/v2\/product"}],"about":[{"href":"https:\/\/artstella-elixirs-floraux.com\/fr_fr\/wp-json\/wp\/v2\/types\/product"}],"version-history":[{"count":0,"href":"https:\/\/artstella-elixirs-floraux.com\/fr_fr\/wp-json\/wp\/v2\/product\/4384\/revisions"}],"wp:featuredmedia":[{"embeddable":true,"href":"https:\/\/artstella-elixirs-floraux.com\/fr_fr\/wp-json\/wp\/v2\/media\/9716"}],"wp:attachment":[{"href":"https:\/\/artstella-elixirs-floraux.com\/fr_fr\/wp-json\/wp\/v2\/media?parent=4384"}],"wp:term":[{"taxonomy":"product_brand","embeddable":true,"href":"https:\/\/artstella-elixirs-floraux.com\/fr_fr\/wp-json\/wp\/v2\/product_brand?post=4384"},{"taxonomy":"product_cat","embeddable":true,"href":"https:\/\/artstella-elixirs-floraux.com\/fr_fr\/wp-json\/wp\/v2\/product_cat?post=4384"},{"taxonomy":"product_tag","embeddable":true,"href":"https:\/\/artstella-elixirs-floraux.com\/fr_fr\/wp-json\/wp\/v2\/product_tag?post=4384"}],"curies":[{"name":"wp","href":"https:\/\/api.w.org\/{rel}","templated":true}]}}