{"id":4414,"date":"2025-05-27T16:37:10","date_gmt":"2025-05-27T16:37:10","guid":{"rendered":"https:\/\/artstella-elixirs-floraux.com\/?post_type=product&#038;p=4414"},"modified":"2025-05-27T16:37:10","modified_gmt":"2025-05-27T16:37:10","slug":"green-essence-15-ml-bush","status":"publish","type":"product","link":"https:\/\/artstella-elixirs-floraux.com\/fr_fr\/produit\/green-essence-15-ml-bush\/","title":{"rendered":"GREEN ESSENCE 15 ML BUSH"},"content":{"rendered":"","protected":false},"excerpt":{"rendered":"<p><strong><em>Green Spider Flower<\/em><\/strong><\/p>\n<p>Cauchemars et phobies dus aux vies ant\u00e9rieures, ne pas supporter la vie du sang. Apprendre \u00e0 ne pas divulguer certaines informations, communication t\u00e9l\u00e9pathique, \u00eatre en harmonie.<\/p>\n","protected":false},"featured_media":4415,"template":"","meta":[],"product_brand":[],"product_cat":[107],"product_tag":[],"class_list":{"0":"post-4414","1":"product","2":"type-product","3":"status-publish","4":"has-post-thumbnail","6":"product_cat-les-elixirs-de-fleurs-du-bush-australien","8":"first","9":"instock","10":"taxable","11":"shipping-taxable","12":"purchasable","13":"product-type-simple"},"etheme_brands":{"errors":{"invalid_taxonomy":["Taxonomie non valide."]},"error_data":[]},"jetpack_sharing_enabled":true,"jetpack-related-posts":[{"id":4416,"url":"https:\/\/artstella-elixirs-floraux.com\/fr_fr\/produit\/green-spider-orchid-15-ml-bush\/","url_meta":{"origin":4414,"position":0},"title":"GREEN SPIDER ORCHID 15 ML BUSH","author":"eveapprill","date":"9 mars 2025","format":false,"excerpt":"Green Spider orchid Cauchemars et phobies dus aux vies ant\u00e9rieures, ne pas supporter la vie du sang. Apprendre \u00e0 ne pas divulguer certaines informations, communication t\u00e9l\u00e9pathique, \u00eatre en harmonie.","rel":"","context":"Article similaire","block_context":{"text":"Article similaire","link":""},"img":{"alt_text":"","src":"https:\/\/i0.wp.com\/artstella-elixirs-floraux.com\/wp-content\/uploads\/2025\/03\/wp-image1029.png?resize=350%2C200&ssl=1","width":350,"height":200},"classes":[]},{"id":5069,"url":"https:\/\/artstella-elixirs-floraux.com\/fr_fr\/produit\/green-tour-verte-30ml-gem-sup\/","url_meta":{"origin":4414,"position":1},"title":"GREEN TOUR\/ VERTE 30ML GEM SUP","author":"eveapprill","date":"9 mars 2025","format":false,"excerpt":"Green Tourmaline \u2013 Tourmaline verte Indication : peurs et sentiments d\u2019inf\u00e9riorit\u00e9 bloquant les liens intimes du c\u0153ur aux autres\u00a0; manque de transparence dans les relations\u00a0; difficult\u00e9 \u00e0 rester pr\u00e9sent dans la confrontation \u00e0 de fortes \u00e9motions ou aux autres.","rel":"","context":"Article similaire","block_context":{"text":"Article similaire","link":""},"img":{"alt_text":"","src":"https:\/\/i0.wp.com\/artstella-elixirs-floraux.com\/wp-content\/uploads\/2025\/03\/wp-image1405.png?resize=350%2C200&ssl=1","width":350,"height":200},"classes":[]},{"id":3750,"url":"https:\/\/artstella-elixirs-floraux.com\/fr_fr\/produit\/green-orchid-cuba-15ml-phi\/","url_meta":{"origin":4414,"position":2},"title":"GREEN ORCHID (CUBA) 15ML PHI","author":"eveapprill","date":"9 mars 2025","format":false,"excerpt":"GREEN ORCHIDEpidendrum umbellatum\u00a0\u00ab\u00a0Orchid\u00e9e verte\u00a0\u00bb\u00a0Les p\u00e9tales de la fleur contiennent de la chlorophylle comme les feuilles et peuvent de ce fait \u00e9galement r\u00e9aliser la photosynth\u00e8se.","rel":"","context":"Article similaire","block_context":{"text":"Article similaire","link":""},"img":{"alt_text":"","src":"","width":0,"height":0},"classes":[]},{"id":2170,"url":"https:\/\/artstella-elixirs-floraux.com\/fr_fr\/produit\/green-bog-orchid-alaskan\/","url_meta":{"origin":4414,"position":3},"title":"Green bog orchid Alaskan","author":"eveapprill","date":"9 mars 2025","format":false,"excerpt":"Green bog orchid. Platanthera obtusata Sensibilit\u00e9 bloqu\u00e9e par des exp\u00e9riences douloureuses ou effrayantes contenues au niveau du c\u0153ur. GREEN BOG ORCHID ALASKA 7.5 ML","rel":"","context":"Article similaire","block_context":{"text":"Article similaire","link":""},"img":{"alt_text":"","src":"https:\/\/i0.wp.com\/artstella-elixirs-floraux.com\/wp-content\/uploads\/2025\/03\/wp-image538.png?resize=350%2C200&ssl=1","width":350,"height":200},"classes":[]},{"id":2678,"url":"https:\/\/artstella-elixirs-floraux.com\/fr_fr\/produit\/green-essence-bush-15ml\/","url_meta":{"origin":4414,"position":4},"title":"GREEN ESSENCE BUSH 15ML","author":"eveapprill","date":"9 mars 2025","format":false,"excerpt":"GREEN ESSENCE D\u00e9tresse \u00e9motionnelle associ\u00e9e \u00e0 des probl\u00e8mes intestinaux et dermatologiques. Harmonise la vibration de tout champignon ou parasite avec sa propre vibration, purification.","rel":"","context":"Article similaire","block_context":{"text":"Article similaire","link":""},"img":{"alt_text":"","src":"","width":0,"height":0},"classes":[]},{"id":2657,"url":"https:\/\/artstella-elixirs-floraux.com\/fr_fr\/produit\/grey-spider-flower-15-ml-bush\/","url_meta":{"origin":4414,"position":5},"title":"GREY SPIDER FLOWER 15 ML BUSH","author":"eveapprill","date":"9 mars 2025","format":false,"excerpt":"Green Spider Flower Cauchemars et phobies dus aux vies ant\u00e9rieures, ne pas supporter la vie du sang. Apprendre \u00e0 ne pas divulguer certaines informations, communication t\u00e9l\u00e9pathique, \u00eatre en harmonie.","rel":"","context":"Article similaire","block_context":{"text":"Article similaire","link":""},"img":{"alt_text":"","src":"https:\/\/i0.wp.com\/artstella-elixirs-floraux.com\/wp-content\/uploads\/2025\/03\/wp-image606.png?resize=350%2C200&ssl=1","width":350,"height":200},"classes":[]}],"_links":{"self":[{"href":"https:\/\/artstella-elixirs-floraux.com\/fr_fr\/wp-json\/wp\/v2\/product\/4414","targetHints":{"allow":["GET"]}}],"collection":[{"href":"https:\/\/artstella-elixirs-floraux.com\/fr_fr\/wp-json\/wp\/v2\/product"}],"about":[{"href":"https:\/\/artstella-elixirs-floraux.com\/fr_fr\/wp-json\/wp\/v2\/types\/product"}],"version-history":[{"count":0,"href":"https:\/\/artstella-elixirs-floraux.com\/fr_fr\/wp-json\/wp\/v2\/product\/4414\/revisions"}],"wp:featuredmedia":[{"embeddable":true,"href":"https:\/\/artstella-elixirs-floraux.com\/fr_fr\/wp-json\/wp\/v2\/media\/4415"}],"wp:attachment":[{"href":"https:\/\/artstella-elixirs-floraux.com\/fr_fr\/wp-json\/wp\/v2\/media?parent=4414"}],"wp:term":[{"taxonomy":"product_brand","embeddable":true,"href":"https:\/\/artstella-elixirs-floraux.com\/fr_fr\/wp-json\/wp\/v2\/product_brand?post=4414"},{"taxonomy":"product_cat","embeddable":true,"href":"https:\/\/artstella-elixirs-floraux.com\/fr_fr\/wp-json\/wp\/v2\/product_cat?post=4414"},{"taxonomy":"product_tag","embeddable":true,"href":"https:\/\/artstella-elixirs-floraux.com\/fr_fr\/wp-json\/wp\/v2\/product_tag?post=4414"}],"curies":[{"name":"wp","href":"https:\/\/api.w.org\/{rel}","templated":true}]}}