{"id":4422,"date":"2025-03-09T13:27:30","date_gmt":"2025-03-09T13:27:30","guid":{"rendered":"https:\/\/artstella-elixirs-floraux.com\/product\/isopogon-15-ml-bush\/"},"modified":"2025-04-05T13:53:50","modified_gmt":"2025-04-05T13:53:50","slug":"isopogon-15-ml-bush","status":"publish","type":"product","link":"https:\/\/artstella-elixirs-floraux.com\/fr_fr\/produit\/isopogon-15-ml-bush\/","title":{"rendered":"ISOPOGON 15 ML BUSH"},"content":{"rendered":"","protected":false},"excerpt":{"rendered":"<p><strong><em>Isopogon<\/em><\/strong><\/p>\n<p>Ne pas comprendre les le\u00e7ons du pass\u00e9, contr\u00f4le des autres, personnalit\u00e9 manipulatrice. Comprendre les le\u00e7ons du pass\u00e9, retrouver les talents du pass\u00e9.<\/p>\n","protected":false},"featured_media":4423,"template":"","meta":[],"product_brand":[],"product_cat":[107],"product_tag":[],"class_list":{"0":"post-4422","1":"product","2":"type-product","3":"status-publish","4":"has-post-thumbnail","6":"product_cat-les-elixirs-de-fleurs-du-bush-australien","8":"first","9":"instock","10":"taxable","11":"shipping-taxable","12":"purchasable","13":"product-type-simple"},"etheme_brands":{"errors":{"invalid_taxonomy":["Taxonomie non valide."]},"error_data":[]},"jetpack_sharing_enabled":true,"jetpack-related-posts":[{"id":3934,"url":"https:\/\/artstella-elixirs-floraux.com\/fr_fr\/produit\/bison-a-e-15-ml-phi\/","url_meta":{"origin":4422,"position":0},"title":"BISON A.E 15 ML PHI","author":"eveapprill","date":"9 mars 2025","format":false,"excerpt":"Bison (Bison bonasus) Bisent contient une grande sagesse. Il nous aide \u00e0 tirer des le\u00e7ons de nos exp\u00e9riences pour l\u2019avenir.","rel":"","context":"Article similaire","block_context":{"text":"Article similaire","link":""},"img":{"alt_text":"","src":"","width":0,"height":0},"classes":[]},{"id":2082,"url":"https:\/\/artstella-elixirs-floraux.com\/fr_fr\/produit\/black-spruce-alaskan\/","url_meta":{"origin":4422,"position":1},"title":"Black Spruce Alaskan","author":"eveapprill","date":"9 mars 2025","format":false,"excerpt":"BLACK SPRUCE ALASKA Conceptions \u00e9troites de la vie ; tendance \u00e0 oublier les le\u00e7ons des exp\u00e9riences pass\u00e9es. Permet une int\u00e9gration de l'information cl\u00e9s mais le son y exp\u00e9rience du pass\u00e9. Pour acc\u00e9der \u00e0 la sagesse \u00e9ternelle et arch\u00e9type de la conscience collective de la terre.","rel":"","context":"Article similaire","block_context":{"text":"Article similaire","link":""},"img":{"alt_text":"","src":"https:\/\/i0.wp.com\/artstella-elixirs-floraux.com\/wp-content\/uploads\/2025\/03\/wp-image40-1.webp?resize=350%2C200&ssl=1","width":350,"height":200},"classes":[]},{"id":4868,"url":"https:\/\/artstella-elixirs-floraux.com\/fr_fr\/produit\/alpine-arnica-alas-f-sup\/","url_meta":{"origin":4422,"position":2},"title":"ALPINE ARNICA ALAS F SUP","author":"eveapprill","date":"9 mars 2025","format":false,"excerpt":"Alpine Arnica Indications : au cours de l'identification avec les traumatismes \u00e9motionnels et les blessures du pass\u00e9 ; douleur sans comprendre.","rel":"","context":"Article similaire","block_context":{"text":"Article similaire","link":""},"img":{"alt_text":"","src":"https:\/\/i0.wp.com\/artstella-elixirs-floraux.com\/wp-content\/uploads\/2025\/03\/wp-image1372.png?resize=350%2C200&ssl=1","width":350,"height":200},"classes":[]},{"id":5692,"url":"https:\/\/artstella-elixirs-floraux.com\/fr_fr\/produit\/frene-15-ml-deva\/","url_meta":{"origin":4422,"position":3},"title":"Fr\u00eane 15 ml DEVA","author":"eveapprill","date":"9 mars 2025","format":false,"excerpt":"Fr\u00eane Compr\u00e9hension, d\u00e9tachement. Aide \u00e0 affronter sereinement les \u00e9v\u00e8nements douloureux du pass\u00e9 et \u00e0 en comprendre la signification au lieu de battre en retraite.","rel":"","context":"Article similaire","block_context":{"text":"Article similaire","link":""},"img":{"alt_text":"","src":"https:\/\/i0.wp.com\/artstella-elixirs-floraux.com\/wp-content\/uploads\/2025\/03\/wp-image1862.png?resize=350%2C200&ssl=1","width":350,"height":200},"classes":[]},{"id":2280,"url":"https:\/\/artstella-elixirs-floraux.com\/fr_fr\/produit\/sitka-burnet-alaskan\/","url_meta":{"origin":4422,"position":4},"title":"Sitka burnet Alaskan","author":"eveapprill","date":"9 mars 2025","format":false,"excerpt":"Sitka burnet. Sanguisorba stipulata Sensation de malaise int\u00e9rieur profond sans la capacit\u00e9 d'en reconna\u00eetre l'origine ;","rel":"","context":"Article similaire","block_context":{"text":"Article similaire","link":""},"img":{"alt_text":"","src":"https:\/\/i0.wp.com\/artstella-elixirs-floraux.com\/wp-content\/uploads\/2025\/03\/wp-image581.png?resize=350%2C200&ssl=1","width":350,"height":200},"classes":[]},{"id":2211,"url":"https:\/\/artstella-elixirs-floraux.com\/fr_fr\/produit\/ladies-tresses-alaskan\/","url_meta":{"origin":4422,"position":5},"title":"Ladie\u2019s tresses.Alaskan","author":"eveapprill","date":"9 mars 2025","format":false,"excerpt":"Ladie\u2019s tresses. Spiranthes romanzoffiana Manque de connexion entre les le\u00e7ons de notre vie et notre but. Reconnection difficile avec le corps \u00e0 la suite d'une blessure s\u00e9rieuse ou d'une exp\u00e9rience traumatisante","rel":"","context":"Article similaire","block_context":{"text":"Article similaire","link":""},"img":{"alt_text":"","src":"https:\/\/i0.wp.com\/artstella-elixirs-floraux.com\/wp-content\/uploads\/2025\/03\/wp-image562.png?resize=350%2C200&ssl=1","width":350,"height":200},"classes":[]}],"_links":{"self":[{"href":"https:\/\/artstella-elixirs-floraux.com\/fr_fr\/wp-json\/wp\/v2\/product\/4422","targetHints":{"allow":["GET"]}}],"collection":[{"href":"https:\/\/artstella-elixirs-floraux.com\/fr_fr\/wp-json\/wp\/v2\/product"}],"about":[{"href":"https:\/\/artstella-elixirs-floraux.com\/fr_fr\/wp-json\/wp\/v2\/types\/product"}],"version-history":[{"count":0,"href":"https:\/\/artstella-elixirs-floraux.com\/fr_fr\/wp-json\/wp\/v2\/product\/4422\/revisions"}],"wp:featuredmedia":[{"embeddable":true,"href":"https:\/\/artstella-elixirs-floraux.com\/fr_fr\/wp-json\/wp\/v2\/media\/4423"}],"wp:attachment":[{"href":"https:\/\/artstella-elixirs-floraux.com\/fr_fr\/wp-json\/wp\/v2\/media?parent=4422"}],"wp:term":[{"taxonomy":"product_brand","embeddable":true,"href":"https:\/\/artstella-elixirs-floraux.com\/fr_fr\/wp-json\/wp\/v2\/product_brand?post=4422"},{"taxonomy":"product_cat","embeddable":true,"href":"https:\/\/artstella-elixirs-floraux.com\/fr_fr\/wp-json\/wp\/v2\/product_cat?post=4422"},{"taxonomy":"product_tag","embeddable":true,"href":"https:\/\/artstella-elixirs-floraux.com\/fr_fr\/wp-json\/wp\/v2\/product_tag?post=4422"}],"curies":[{"name":"wp","href":"https:\/\/api.w.org\/{rel}","templated":true}]}}