{"id":4424,"date":"2025-05-27T16:37:10","date_gmt":"2025-05-27T16:37:10","guid":{"rendered":"https:\/\/artstella-elixirs-floraux.com\/?post_type=product&#038;p=4424"},"modified":"2025-05-27T16:37:10","modified_gmt":"2025-05-27T16:37:10","slug":"lichen-15-ml-bush","status":"publish","type":"product","link":"https:\/\/artstella-elixirs-floraux.com\/fr_fr\/produit\/lichen-15-ml-bush\/","title":{"rendered":"LICHEN 15 ML BUSH"},"content":{"rendered":"","protected":false},"excerpt":{"rendered":"","protected":false},"featured_media":4425,"template":"","meta":[],"product_brand":[],"product_cat":[107],"product_tag":[],"class_list":{"0":"post-4424","1":"product","2":"type-product","3":"status-publish","4":"has-post-thumbnail","6":"product_cat-les-elixirs-de-fleurs-du-bush-australien","8":"first","9":"instock","10":"taxable","11":"shipping-taxable","12":"purchasable","13":"product-type-simple"},"etheme_brands":{"errors":{"invalid_taxonomy":["Taxonomie non valide."]},"error_data":[]},"jetpack_sharing_enabled":true,"jetpack-related-posts":[{"id":3902,"url":"https:\/\/artstella-elixirs-floraux.com\/fr_fr\/produit\/lichen-phi-n16-15-ml\/","url_meta":{"origin":4424,"position":0},"title":"LICHEN PHI n\u00b016 15 ML","author":"eveapprill","date":"9 mars 2025","format":false,"excerpt":"Lichen (Stereocaulon vesuvianum Strauchf\u00f6rmige Flechte)Pour recommencer une vie nouvelle, apr\u00e8s des difficult\u00e9s. L\u2019\u00e9lixir renforce la volont\u00e9 (m\u00eame les petits pas).","rel":"","context":"Article similaire","block_context":{"text":"Article similaire","link":""},"img":{"alt_text":"","src":"https:\/\/i0.wp.com\/artstella-elixirs-floraux.com\/wp-content\/uploads\/2025\/03\/wp-image657.png?resize=350%2C200&ssl=1","width":350,"height":200},"classes":[]},{"id":3900,"url":"https:\/\/artstella-elixirs-floraux.com\/fr_fr\/produit\/lichen-phi-n15-15-ml\/","url_meta":{"origin":4424,"position":1},"title":"LICHEN PHI n\u00b015 15 ML","author":"eveapprill","date":"9 mars 2025","format":false,"excerpt":"Lichen (Caloplaca flavescens Stralige Sch\u00f6nflechte) L\u2019\u00e9lixir poss\u00e8de une action \u00e9nerg\u00e9tique favorable \u00e0 la peau. Il facilite le contact avec le monde \u00ab\u00a0ext\u00e9rieur\u00a0\u00bb, en permettant d\u2019\u00e9tablir de nouveaux contacts.","rel":"","context":"Article similaire","block_context":{"text":"Article similaire","link":""},"img":{"alt_text":"","src":"https:\/\/i0.wp.com\/artstella-elixirs-floraux.com\/wp-content\/uploads\/2025\/03\/wp-image655.png?resize=350%2C200&ssl=1","width":350,"height":200},"classes":[]},{"id":2676,"url":"https:\/\/artstella-elixirs-floraux.com\/fr_fr\/produit\/lichen-bush-15ml\/","url_meta":{"origin":4424,"position":2},"title":"LICHEN BUSH 15ML","author":"eveapprill","date":"9 mars 2025","format":false,"excerpt":"LICHEN Ne pas savoir chercher et entrer dans la lumi\u00e8re lors de la mort, \u00eatre encore li\u00e9 \u00e0 la terre depuis le plan astral. Facilite la transition dans la lumi\u00e8re, aide \u00e0 la s\u00e9paration entre le corps physique et \u00e9th\u00e9rique, lib\u00e8re du lien \u00e0 la terre.","rel":"","context":"Article similaire","block_context":{"text":"Article similaire","link":""},"img":{"alt_text":"","src":"https:\/\/i0.wp.com\/artstella-elixirs-floraux.com\/wp-content\/uploads\/2025\/03\/wp-image262.png?resize=350%2C200&ssl=1","width":350,"height":200},"classes":[]},{"id":4493,"url":"https:\/\/artstella-elixirs-floraux.com\/fr_fr\/produit\/turkey-bush-15-ml-bush\/","url_meta":{"origin":4424,"position":3},"title":"TURKEY BUSH 15 ML BUSH","author":"eveapprill","date":"9 mars 2025","format":false,"excerpt":"Turkey Bush Blocage au niveau de la cr\u00e9ativit\u00e9, ne pas croire \u00e0 ses capacit\u00e9s cr\u00e9atrices. Inspirations cr\u00e9atrices, avoir confiance dans sa propre cr\u00e9ativit\u00e9.","rel":"","context":"Article similaire","block_context":{"text":"Article similaire","link":""},"img":{"alt_text":"","src":"https:\/\/i0.wp.com\/artstella-elixirs-floraux.com\/wp-content\/uploads\/2025\/03\/wp-image1081.png?resize=350%2C200&ssl=1","width":350,"height":200},"classes":[]},{"id":4499,"url":"https:\/\/artstella-elixirs-floraux.com\/fr_fr\/produit\/wild-potato-bush-15-ml\/","url_meta":{"origin":4424,"position":4},"title":"WILD POTATO BUSH 15 ML","author":"eveapprill","date":"9 mars 2025","format":false,"excerpt":"Wild Potato Bush Accablement, frustration. Pouvoir avancer dans la vie.","rel":"","context":"Article similaire","block_context":{"text":"Article similaire","link":""},"img":{"alt_text":"","src":"","width":0,"height":0},"classes":[]},{"id":4497,"url":"https:\/\/artstella-elixirs-floraux.com\/fr_fr\/produit\/wedding-bush-15-ml\/","url_meta":{"origin":4424,"position":5},"title":"WEDDING BUSH 15 ML","author":"eveapprill","date":"9 mars 2025","format":false,"excerpt":"Wedding Bush Difficult\u00e9 \u00e0 s\u2019engager dans les relations humaines. S\u2019engager dans les relations, se d\u00e9dier \u00e0 un objectif de vie.","rel":"","context":"Article similaire","block_context":{"text":"Article similaire","link":""},"img":{"alt_text":"","src":"https:\/\/i0.wp.com\/artstella-elixirs-floraux.com\/wp-content\/uploads\/2025\/03\/wp-image1083.png?resize=350%2C200&ssl=1","width":350,"height":200},"classes":[]}],"_links":{"self":[{"href":"https:\/\/artstella-elixirs-floraux.com\/fr_fr\/wp-json\/wp\/v2\/product\/4424","targetHints":{"allow":["GET"]}}],"collection":[{"href":"https:\/\/artstella-elixirs-floraux.com\/fr_fr\/wp-json\/wp\/v2\/product"}],"about":[{"href":"https:\/\/artstella-elixirs-floraux.com\/fr_fr\/wp-json\/wp\/v2\/types\/product"}],"version-history":[{"count":0,"href":"https:\/\/artstella-elixirs-floraux.com\/fr_fr\/wp-json\/wp\/v2\/product\/4424\/revisions"}],"wp:featuredmedia":[{"embeddable":true,"href":"https:\/\/artstella-elixirs-floraux.com\/fr_fr\/wp-json\/wp\/v2\/media\/4425"}],"wp:attachment":[{"href":"https:\/\/artstella-elixirs-floraux.com\/fr_fr\/wp-json\/wp\/v2\/media?parent=4424"}],"wp:term":[{"taxonomy":"product_brand","embeddable":true,"href":"https:\/\/artstella-elixirs-floraux.com\/fr_fr\/wp-json\/wp\/v2\/product_brand?post=4424"},{"taxonomy":"product_cat","embeddable":true,"href":"https:\/\/artstella-elixirs-floraux.com\/fr_fr\/wp-json\/wp\/v2\/product_cat?post=4424"},{"taxonomy":"product_tag","embeddable":true,"href":"https:\/\/artstella-elixirs-floraux.com\/fr_fr\/wp-json\/wp\/v2\/product_tag?post=4424"}],"curies":[{"name":"wp","href":"https:\/\/api.w.org\/{rel}","templated":true}]}}