{"id":4429,"date":"2025-03-09T13:27:34","date_gmt":"2025-03-09T13:27:34","guid":{"rendered":"https:\/\/artstella-elixirs-floraux.com\/product\/mint-bush-15-ml\/"},"modified":"2025-04-05T13:53:50","modified_gmt":"2025-04-05T13:53:50","slug":"mint-bush-15-ml","status":"publish","type":"product","link":"https:\/\/artstella-elixirs-floraux.com\/fr_fr\/produit\/mint-bush-15-ml\/","title":{"rendered":"MINT BUSH 15 ML"},"content":{"rendered":"","protected":false},"excerpt":{"rendered":"<p><strong><em>Mint Bush<\/em><\/strong><\/p>\n<p>Perturbation, confusion, naissance spirituelle. Initiation spirituelle harmonieuse, clart\u00e9, calme, pouvoir faire face.<\/p>\n","protected":false},"featured_media":4430,"template":"","meta":[],"product_brand":[],"product_cat":[107],"product_tag":[],"class_list":{"0":"post-4429","1":"product","2":"type-product","3":"status-publish","4":"has-post-thumbnail","6":"product_cat-les-elixirs-de-fleurs-du-bush-australien","8":"first","9":"instock","10":"taxable","11":"shipping-taxable","12":"purchasable","13":"product-type-simple"},"etheme_brands":{"errors":{"invalid_taxonomy":["Taxonomie non valide."]},"error_data":[]},"jetpack_sharing_enabled":true,"jetpack-related-posts":[{"id":2617,"url":"https:\/\/artstella-elixirs-floraux.com\/fr_fr\/produit\/alpine-mint-bush-15ml\/","url_meta":{"origin":4429,"position":0},"title":"ALPINE MINT BUSH 15ml","author":"eveapprill","date":"9 mars 2025","format":false,"excerpt":"Alpine Mint Bush Epuisement mental et \u00e9motionnel, manque de joie de vivre, poids des responsabilit\u00e9s. Vitalit\u00e9, joie, reprise des forces.","rel":"","context":"Article similaire","block_context":{"text":"Article similaire","link":""},"img":{"alt_text":"","src":"https:\/\/i0.wp.com\/artstella-elixirs-floraux.com\/wp-content\/uploads\/2025\/03\/wp-image239.png?resize=350%2C200&ssl=1","width":350,"height":200},"classes":[]},{"id":2745,"url":"https:\/\/artstella-elixirs-floraux.com\/fr_fr\/produit\/transition-bush-30ml\/","url_meta":{"origin":4429,"position":1},"title":"TRANSITION BUSH 30ml","author":"eveapprill","date":"9 mars 2025","format":false,"excerpt":"Transition Att\u00e9nue la peur de la mort tout en aidant \u00e0 l'affronter. Permet de faire ce passage avec douceur, calme, dignit\u00e9, s\u00e9r\u00e9nit\u00e9. Sert \u00e0 toutes les transitions importantes de la vie. Compos\u00e9 de Bottlebrush, Bush Iris, Autumn leaves, Lichen, Mint Bush et de Bauhinia.","rel":"","context":"Article similaire","block_context":{"text":"Article similaire","link":""},"img":{"alt_text":"","src":"https:\/\/i0.wp.com\/artstella-elixirs-floraux.com\/wp-content\/uploads\/2025\/03\/6d9cbf5c-0d20-404c-805c-951ad9a102b1.jpg?resize=350%2C200&ssl=1","width":350,"height":200,"srcset":"https:\/\/i0.wp.com\/artstella-elixirs-floraux.com\/wp-content\/uploads\/2025\/03\/6d9cbf5c-0d20-404c-805c-951ad9a102b1.jpg?resize=350%2C200&ssl=1 1x, https:\/\/i0.wp.com\/artstella-elixirs-floraux.com\/wp-content\/uploads\/2025\/03\/6d9cbf5c-0d20-404c-805c-951ad9a102b1.jpg?resize=525%2C300&ssl=1 1.5x, https:\/\/i0.wp.com\/artstella-elixirs-floraux.com\/wp-content\/uploads\/2025\/03\/6d9cbf5c-0d20-404c-805c-951ad9a102b1.jpg?resize=700%2C400&ssl=1 2x"},"classes":[]},{"id":4458,"url":"https:\/\/artstella-elixirs-floraux.com\/fr_fr\/produit\/red-lily-15-ml-bush\/","url_meta":{"origin":4429,"position":2},"title":"RED LILY 15 ML BUSH","author":"eveapprill","date":"9 mars 2025","format":false,"excerpt":"Red Lily Manque de connexion spirituelle, ind\u00e9cis, manque de concentration, r\u00eaveries. Etre centr\u00e9, concentration, vivre dans le pr\u00e9sent, ouvre le chakra coronal, \u00e9volution spirituelle.","rel":"","context":"Article similaire","block_context":{"text":"Article similaire","link":""},"img":{"alt_text":"","src":"https:\/\/i0.wp.com\/artstella-elixirs-floraux.com\/wp-content\/uploads\/2025\/03\/wp-image1059.png?resize=350%2C200&ssl=1","width":350,"height":200},"classes":[]},{"id":4441,"url":"https:\/\/artstella-elixirs-floraux.com\/fr_fr\/produit\/old-man-banksia-15-ml-bush\/","url_meta":{"origin":4429,"position":3},"title":"OLD MAN BANKSIA 15 ML BUSH","author":"eveapprill","date":"9 mars 2025","format":false,"excerpt":"Old Man Banksia D\u00e9couragement, lassitude, personnalit\u00e9 flegmatique. Pouvoir faire face aux diff\u00e9rentes situations.","rel":"","context":"Article similaire","block_context":{"text":"Article similaire","link":""},"img":{"alt_text":"","src":"https:\/\/i0.wp.com\/artstella-elixirs-floraux.com\/wp-content\/uploads\/2025\/03\/wp-image1050.png?resize=350%2C200&ssl=1","width":350,"height":200},"classes":[]},{"id":12079,"url":"https:\/\/artstella-elixirs-floraux.com\/fr_fr\/produit\/2026-essence-bush-australien\/","url_meta":{"origin":4429,"position":4},"title":"2026 Essence Bush Australien","author":"eveapprill","date":"9 f\u00e9vrier 2026","format":false,"excerpt":"Compos\u00e9 r\u00e9alis\u00e9 par Ian White pour faire face aux d\u00e9fis de 2026 !","rel":"","context":"Article similaire","block_context":{"text":"Article similaire","link":""},"img":{"alt_text":"","src":"https:\/\/i0.wp.com\/artstella-elixirs-floraux.com\/wp-content\/uploads\/2026\/02\/2026-comp.webp?resize=350%2C200&ssl=1","width":350,"height":200,"srcset":"https:\/\/i0.wp.com\/artstella-elixirs-floraux.com\/wp-content\/uploads\/2026\/02\/2026-comp.webp?resize=350%2C200&ssl=1 1x, https:\/\/i0.wp.com\/artstella-elixirs-floraux.com\/wp-content\/uploads\/2026\/02\/2026-comp.webp?resize=525%2C300&ssl=1 1.5x, https:\/\/i0.wp.com\/artstella-elixirs-floraux.com\/wp-content\/uploads\/2026\/02\/2026-comp.webp?resize=700%2C400&ssl=1 2x, https:\/\/i0.wp.com\/artstella-elixirs-floraux.com\/wp-content\/uploads\/2026\/02\/2026-comp.webp?resize=1050%2C600&ssl=1 3x"},"classes":[]},{"id":4452,"url":"https:\/\/artstella-elixirs-floraux.com\/fr_fr\/produit\/pink-mulla-mulla-bush-15-ml\/","url_meta":{"origin":4429,"position":5},"title":"PINK MULLA MULLA BUSH 15 ML","author":"eveapprill","date":"9 mars 2025","format":false,"excerpt":"Pink Mulla Mulla Blessure psychique profonde, personnalit\u00e9 ferm\u00e9e et difficile afin d\u2019\u00e9loigner les autres et se prot\u00e9ger. Gu\u00e9rison spirituelle, confiance et ouverture.","rel":"","context":"Article similaire","block_context":{"text":"Article similaire","link":""},"img":{"alt_text":"","src":"https:\/\/i0.wp.com\/artstella-elixirs-floraux.com\/wp-content\/uploads\/2025\/03\/wp-image1056.png?resize=350%2C200&ssl=1","width":350,"height":200},"classes":[]}],"_links":{"self":[{"href":"https:\/\/artstella-elixirs-floraux.com\/fr_fr\/wp-json\/wp\/v2\/product\/4429","targetHints":{"allow":["GET"]}}],"collection":[{"href":"https:\/\/artstella-elixirs-floraux.com\/fr_fr\/wp-json\/wp\/v2\/product"}],"about":[{"href":"https:\/\/artstella-elixirs-floraux.com\/fr_fr\/wp-json\/wp\/v2\/types\/product"}],"version-history":[{"count":0,"href":"https:\/\/artstella-elixirs-floraux.com\/fr_fr\/wp-json\/wp\/v2\/product\/4429\/revisions"}],"wp:featuredmedia":[{"embeddable":true,"href":"https:\/\/artstella-elixirs-floraux.com\/fr_fr\/wp-json\/wp\/v2\/media\/4430"}],"wp:attachment":[{"href":"https:\/\/artstella-elixirs-floraux.com\/fr_fr\/wp-json\/wp\/v2\/media?parent=4429"}],"wp:term":[{"taxonomy":"product_brand","embeddable":true,"href":"https:\/\/artstella-elixirs-floraux.com\/fr_fr\/wp-json\/wp\/v2\/product_brand?post=4429"},{"taxonomy":"product_cat","embeddable":true,"href":"https:\/\/artstella-elixirs-floraux.com\/fr_fr\/wp-json\/wp\/v2\/product_cat?post=4429"},{"taxonomy":"product_tag","embeddable":true,"href":"https:\/\/artstella-elixirs-floraux.com\/fr_fr\/wp-json\/wp\/v2\/product_tag?post=4429"}],"curies":[{"name":"wp","href":"https:\/\/api.w.org\/{rel}","templated":true}]}}