{"id":4433,"date":"2025-03-09T13:27:37","date_gmt":"2025-03-09T13:27:37","guid":{"rendered":"https:\/\/artstella-elixirs-floraux.com\/product\/mountain-devil-15-ml-bush\/"},"modified":"2025-04-05T13:53:50","modified_gmt":"2025-04-05T13:53:50","slug":"mountain-devil-15-ml-bush","status":"publish","type":"product","link":"https:\/\/artstella-elixirs-floraux.com\/fr_fr\/produit\/mountain-devil-15-ml-bush\/","title":{"rendered":"MOUNTAIN DEVIL 15 ML BUSH"},"content":{"rendered":"","protected":false},"excerpt":{"rendered":"<p><strong><em>Mountain Devil<\/em><\/strong><\/p>\n<p>Haine, col\u00e8re, jalousie, rancune, soup\u00e7on. Amour inconditionnel, bonheur, pardon, paix int\u00e9rieure.<\/p>\n","protected":false},"featured_media":4434,"template":"","meta":[],"product_brand":[],"product_cat":[107],"product_tag":[],"class_list":{"0":"post-4433","1":"product","2":"type-product","3":"status-publish","4":"has-post-thumbnail","6":"product_cat-les-elixirs-de-fleurs-du-bush-australien","8":"first","9":"instock","10":"taxable","11":"shipping-taxable","12":"purchasable","13":"product-type-simple"},"etheme_brands":{"errors":{"invalid_taxonomy":["Taxonomie non valide."]},"error_data":[]},"jetpack_sharing_enabled":true,"jetpack-related-posts":[{"id":2231,"url":"https:\/\/artstella-elixirs-floraux.com\/fr_fr\/produit\/mountain-wormwood-alaskan\/","url_meta":{"origin":4433,"position":0},"title":"Mountain wormwood Alaskan","author":"eveapprill","date":"9 mars 2025","format":false,"excerpt":"Mountain wormwood. Artemisia tilesii Col\u00e8re et ressentiment non r\u00e9solus ; ne r\u00e9ussit pas \u00e0 se pardonner soi-m\u00eame ou les autres pour des actes pass\u00e9s sans tenir compte de l'intention qui les motivait.","rel":"","context":"Article similaire","block_context":{"text":"Article similaire","link":""},"img":{"alt_text":"","src":"https:\/\/i0.wp.com\/artstella-elixirs-floraux.com\/wp-content\/uploads\/2025\/03\/wp-image567.png?resize=350%2C200&ssl=1","width":350,"height":200},"classes":[]},{"id":5928,"url":"https:\/\/artstella-elixirs-floraux.com\/fr_fr\/produit\/houx-10ml-deva\/","url_meta":{"origin":4433,"position":1},"title":"Houx 10ml DEVA","author":"eveapprill","date":"9 mars 2025","format":false,"excerpt":"Houx - Holly Ilex aquifolium Amour, harmonie int\u00e9rieure Pour tous les \u00e9tats profond\u00e9ment n\u00e9gatifs oppos\u00e9s \u00e0 l'amour : col\u00e8re, haine, jalousie, envie, suspicion, revanche\u2026","rel":"","context":"Article similaire","block_context":{"text":"Article similaire","link":""},"img":{"alt_text":"","src":"","width":0,"height":0},"classes":[]},{"id":2840,"url":"https:\/\/artstella-elixirs-floraux.com\/fr_fr\/produit\/holly-15-ml-phi\/","url_meta":{"origin":4433,"position":2},"title":"HOLLY 15 ML PHI","author":"eveapprill","date":"9 mars 2025","format":false,"excerpt":"Holly (Ilex aquifolium) (Houx) Dans les probl\u00e8mes affectifs, pour que l'amour puisse \u00eatre exprim\u00e9 dans sa forme la plus pure. Pour surmonter la jalousie, le d\u00e9pit et la haine.","rel":"","context":"Article similaire","block_context":{"text":"Article similaire","link":""},"img":{"alt_text":"","src":"https:\/\/i0.wp.com\/artstella-elixirs-floraux.com\/wp-content\/uploads\/2025\/03\/wp-image347.png?resize=350%2C200&ssl=1","width":350,"height":200},"classes":[]},{"id":4460,"url":"https:\/\/artstella-elixirs-floraux.com\/fr_fr\/produit\/red-suva-frangipani-15-ml-bush\/","url_meta":{"origin":4433,"position":3},"title":"RED SUVA FRANGIPANI 15 ML BUSH","author":"eveapprill","date":"9 mars 2025","format":false,"excerpt":"Red Suva Frangipani Chagrin et bouleversements \u00e9motionnels au sujet d\u2019une relation difficile ou d\u2019une rupture. Se sentir calme et aim\u00e9, paix int\u00e9rieure.","rel":"","context":"Article similaire","block_context":{"text":"Article similaire","link":""},"img":{"alt_text":"","src":"https:\/\/i0.wp.com\/artstella-elixirs-floraux.com\/wp-content\/uploads\/2025\/03\/wp-image1060.png?resize=350%2C200&ssl=1","width":350,"height":200},"classes":[]},{"id":4245,"url":"https:\/\/artstella-elixirs-floraux.com\/fr_fr\/produit\/mountain-lion-puma-wea-30-ml\/","url_meta":{"origin":4433,"position":4},"title":"MOUNTAIN LION\/PUMA WEA 30 ML","author":"eveapprill","date":"9 mars 2025","format":false,"excerpt":"Mountain Lion (puma) Favorise l\u2019action d\u00e9termin\u00e9e. Est d\u2019un grand soutien pour manifester ses r\u00eaves et visions Aide \u00e0 rester vrai envers soi-m\u00eame. Favorise la capacit\u00e9 \u00e0 \u00ab\u00a0agir selon ses dires\u00a0\u00bb.","rel":"","context":"Article similaire","block_context":{"text":"Article similaire","link":""},"img":{"alt_text":"","src":"","width":0,"height":0},"classes":[]},{"id":4478,"url":"https:\/\/artstella-elixirs-floraux.com\/fr_fr\/produit\/sydney-rose-15-ml-bush\/","url_meta":{"origin":4433,"position":5},"title":"SYDNEY ROSE 15 ML BUSH","author":"eveapprill","date":"9 mars 2025","format":false,"excerpt":"Sydney Rose Se sentir isol\u00e9, abandonn\u00e9, pas aim\u00e9 ou morbide. R\u00e9aliser que nous sommes tous Un, se sentir en s\u00e9curit\u00e9 et en paix, communication qui vient du fond du c\u0153ur.","rel":"","context":"Article similaire","block_context":{"text":"Article similaire","link":""},"img":{"alt_text":"","src":"https:\/\/i0.wp.com\/artstella-elixirs-floraux.com\/wp-content\/uploads\/2025\/03\/wp-image1069.png?resize=350%2C200&ssl=1","width":350,"height":200},"classes":[]}],"_links":{"self":[{"href":"https:\/\/artstella-elixirs-floraux.com\/fr_fr\/wp-json\/wp\/v2\/product\/4433","targetHints":{"allow":["GET"]}}],"collection":[{"href":"https:\/\/artstella-elixirs-floraux.com\/fr_fr\/wp-json\/wp\/v2\/product"}],"about":[{"href":"https:\/\/artstella-elixirs-floraux.com\/fr_fr\/wp-json\/wp\/v2\/types\/product"}],"version-history":[{"count":0,"href":"https:\/\/artstella-elixirs-floraux.com\/fr_fr\/wp-json\/wp\/v2\/product\/4433\/revisions"}],"wp:featuredmedia":[{"embeddable":true,"href":"https:\/\/artstella-elixirs-floraux.com\/fr_fr\/wp-json\/wp\/v2\/media\/4434"}],"wp:attachment":[{"href":"https:\/\/artstella-elixirs-floraux.com\/fr_fr\/wp-json\/wp\/v2\/media?parent=4433"}],"wp:term":[{"taxonomy":"product_brand","embeddable":true,"href":"https:\/\/artstella-elixirs-floraux.com\/fr_fr\/wp-json\/wp\/v2\/product_brand?post=4433"},{"taxonomy":"product_cat","embeddable":true,"href":"https:\/\/artstella-elixirs-floraux.com\/fr_fr\/wp-json\/wp\/v2\/product_cat?post=4433"},{"taxonomy":"product_tag","embeddable":true,"href":"https:\/\/artstella-elixirs-floraux.com\/fr_fr\/wp-json\/wp\/v2\/product_tag?post=4433"}],"curies":[{"name":"wp","href":"https:\/\/api.w.org\/{rel}","templated":true}]}}