{"id":4441,"date":"2025-03-09T13:27:41","date_gmt":"2025-03-09T13:27:41","guid":{"rendered":"https:\/\/artstella-elixirs-floraux.com\/product\/old-man-banksia-15-ml-bush\/"},"modified":"2025-04-05T13:53:49","modified_gmt":"2025-04-05T13:53:49","slug":"old-man-banksia-15-ml-bush","status":"publish","type":"product","link":"https:\/\/artstella-elixirs-floraux.com\/fr_fr\/produit\/old-man-banksia-15-ml-bush\/","title":{"rendered":"OLD MAN BANKSIA 15 ML BUSH"},"content":{"rendered":"","protected":false},"excerpt":{"rendered":"<p><strong><em>Old Man Banksia<\/em><\/strong><\/p>\n<p>D\u00e9couragement, lassitude, personnalit\u00e9 flegmatique. Pouvoir faire face aux diff\u00e9rentes situations.<\/p>\n","protected":false},"featured_media":4442,"template":"","meta":[],"product_brand":[],"product_cat":[107],"product_tag":[],"class_list":{"0":"post-4441","1":"product","2":"type-product","3":"status-publish","4":"has-post-thumbnail","6":"product_cat-les-elixirs-de-fleurs-du-bush-australien","8":"first","9":"instock","10":"taxable","11":"shipping-taxable","12":"purchasable","13":"product-type-simple"},"etheme_brands":{"errors":{"invalid_taxonomy":["Taxonomie non valide."]},"error_data":[]},"jetpack_sharing_enabled":true,"jetpack-related-posts":[{"id":2749,"url":"https:\/\/artstella-elixirs-floraux.com\/fr_fr\/produit\/woman-femme-bush-30ml\/","url_meta":{"origin":4441,"position":0},"title":"WOMAN Femme BUSH 30ml","author":"eveapprill","date":"9 mars 2025","format":false,"excerpt":"Woman -\u00a0Femme Harmonise tous les d\u00e9s\u00e9quilibres durant les p\u00e9riodes de menstruations et de m\u00e9nopause. Permet \u00e0 la femme de d\u00e9couvrir son propre corps et sa beaut\u00e9, et de se trouver bien avec.","rel":"","context":"Article similaire","block_context":{"text":"Article similaire","link":""},"img":{"alt_text":"","src":"https:\/\/i0.wp.com\/artstella-elixirs-floraux.com\/wp-content\/uploads\/2025\/03\/5e65c23c-78a1-4c2c-944d-7fae066eb8e4.jpg?resize=350%2C200&ssl=1","width":350,"height":200,"srcset":"https:\/\/i0.wp.com\/artstella-elixirs-floraux.com\/wp-content\/uploads\/2025\/03\/5e65c23c-78a1-4c2c-944d-7fae066eb8e4.jpg?resize=350%2C200&ssl=1 1x, https:\/\/i0.wp.com\/artstella-elixirs-floraux.com\/wp-content\/uploads\/2025\/03\/5e65c23c-78a1-4c2c-944d-7fae066eb8e4.jpg?resize=525%2C300&ssl=1 1.5x, https:\/\/i0.wp.com\/artstella-elixirs-floraux.com\/wp-content\/uploads\/2025\/03\/5e65c23c-78a1-4c2c-944d-7fae066eb8e4.jpg?resize=700%2C400&ssl=1 2x"},"classes":[]},{"id":2729,"url":"https:\/\/artstella-elixirs-floraux.com\/fr_fr\/produit\/dynamis-dynamisme-bush-30ml\/","url_meta":{"origin":4441,"position":1},"title":"DYNAMIS Dynamisme BUSH 30ml","author":"eveapprill","date":"9 mars 2025","format":false,"excerpt":"Dynamis -\u00a0Dynamisme A utiliser par ceux qui ne se sentent pas \u00ab\u00a0bien dans leur peau\u00a0\u00bb.\u00a0 Il renouvelle l'enthousiasme et la joie de vivre. Compos\u00e9 de Illawara Flame Tree, OId Man Banksia, clama, Macrocarpa Banksia Robur et de Yellow Cowslip Orchid.","rel":"","context":"Article similaire","block_context":{"text":"Article similaire","link":""},"img":{"alt_text":"","src":"https:\/\/i0.wp.com\/artstella-elixirs-floraux.com\/wp-content\/uploads\/2025\/03\/12a9bccb-7db2-4d6e-aaee-83e9bd5dd99a.jpg?resize=350%2C200&ssl=1","width":350,"height":200,"srcset":"https:\/\/i0.wp.com\/artstella-elixirs-floraux.com\/wp-content\/uploads\/2025\/03\/12a9bccb-7db2-4d6e-aaee-83e9bd5dd99a.jpg?resize=350%2C200&ssl=1 1x, https:\/\/i0.wp.com\/artstella-elixirs-floraux.com\/wp-content\/uploads\/2025\/03\/12a9bccb-7db2-4d6e-aaee-83e9bd5dd99a.jpg?resize=525%2C300&ssl=1 1.5x, https:\/\/i0.wp.com\/artstella-elixirs-floraux.com\/wp-content\/uploads\/2025\/03\/12a9bccb-7db2-4d6e-aaee-83e9bd5dd99a.jpg?resize=700%2C400&ssl=1 2x"},"classes":[]},{"id":5156,"url":"https:\/\/artstella-elixirs-floraux.com\/fr_fr\/produit\/creme-woman-femme\/","url_meta":{"origin":4441,"position":2},"title":"CREME WOMAN &#8211; Femme","author":"eveapprill","date":"9 mars 2025","format":false,"excerpt":"Cr\u00e8me Woman - Femme soutient l'\u00e9quilibre du f\u00e9minin","rel":"","context":"Article similaire","block_context":{"text":"Article similaire","link":""},"img":{"alt_text":"","src":"https:\/\/i0.wp.com\/artstella-elixirs-floraux.com\/wp-content\/uploads\/2025\/03\/b78bd427-f8e9-40e9-9843-590ac990b48a.jpg?resize=350%2C200&ssl=1","width":350,"height":200,"srcset":"https:\/\/i0.wp.com\/artstella-elixirs-floraux.com\/wp-content\/uploads\/2025\/03\/b78bd427-f8e9-40e9-9843-590ac990b48a.jpg?resize=350%2C200&ssl=1 1x, https:\/\/i0.wp.com\/artstella-elixirs-floraux.com\/wp-content\/uploads\/2025\/03\/b78bd427-f8e9-40e9-9843-590ac990b48a.jpg?resize=525%2C300&ssl=1 1.5x, https:\/\/i0.wp.com\/artstella-elixirs-floraux.com\/wp-content\/uploads\/2025\/03\/b78bd427-f8e9-40e9-9843-590ac990b48a.jpg?resize=700%2C400&ssl=1 2x"},"classes":[]},{"id":2623,"url":"https:\/\/artstella-elixirs-floraux.com\/fr_fr\/produit\/banksia-robur-bush-15ml\/","url_meta":{"origin":4441,"position":3},"title":"BANKSIA ROBUR BUSH 15ml","author":"eveapprill","date":"9 mars 2025","format":false,"excerpt":"\u00a0BANKSIA ROBUR\u00a0 Perte de motivation et d\u2019enthousiasme, frustration et manque d\u2019\u00e9nergie. Joie de vivre, enthousiasme et \u00e9nergie.","rel":"","context":"Article similaire","block_context":{"text":"Article similaire","link":""},"img":{"alt_text":"","src":"https:\/\/i0.wp.com\/artstella-elixirs-floraux.com\/wp-content\/uploads\/2025\/03\/wp-image241.png?resize=350%2C200&ssl=1","width":350,"height":200},"classes":[]},{"id":4431,"url":"https:\/\/artstella-elixirs-floraux.com\/fr_fr\/produit\/monga-waratah-15-ml-bush\/","url_meta":{"origin":4441,"position":4},"title":"MONGA WARATAH 15 ML BUSH","author":"eveapprill","date":"9 mars 2025","format":false,"excerpt":"Monga Waratah D\u00e9pendant des autres, ne pas pouvoir faire les choses seul, sentiment d\u2019impuissance, personnalit\u00e9 d\u00e9pendante. Fortifier sa volont\u00e9, r\u00e9clamer\/reprendre son esprit, avoir la certitude de pouvoir se d\u00e9faire de toute forme de d\u00e9pendance.","rel":"","context":"Article similaire","block_context":{"text":"Article similaire","link":""},"img":{"alt_text":"","src":"https:\/\/i0.wp.com\/artstella-elixirs-floraux.com\/wp-content\/uploads\/2025\/03\/wp-image1043.png?resize=350%2C200&ssl=1","width":350,"height":200},"classes":[]},{"id":4429,"url":"https:\/\/artstella-elixirs-floraux.com\/fr_fr\/produit\/mint-bush-15-ml\/","url_meta":{"origin":4441,"position":5},"title":"MINT BUSH 15 ML","author":"eveapprill","date":"9 mars 2025","format":false,"excerpt":"Mint Bush Perturbation, confusion, naissance spirituelle. Initiation spirituelle harmonieuse, clart\u00e9, calme, pouvoir faire face.","rel":"","context":"Article similaire","block_context":{"text":"Article similaire","link":""},"img":{"alt_text":"","src":"https:\/\/i0.wp.com\/artstella-elixirs-floraux.com\/wp-content\/uploads\/2025\/03\/wp-image1042.png?resize=350%2C200&ssl=1","width":350,"height":200},"classes":[]}],"_links":{"self":[{"href":"https:\/\/artstella-elixirs-floraux.com\/fr_fr\/wp-json\/wp\/v2\/product\/4441","targetHints":{"allow":["GET"]}}],"collection":[{"href":"https:\/\/artstella-elixirs-floraux.com\/fr_fr\/wp-json\/wp\/v2\/product"}],"about":[{"href":"https:\/\/artstella-elixirs-floraux.com\/fr_fr\/wp-json\/wp\/v2\/types\/product"}],"version-history":[{"count":0,"href":"https:\/\/artstella-elixirs-floraux.com\/fr_fr\/wp-json\/wp\/v2\/product\/4441\/revisions"}],"wp:featuredmedia":[{"embeddable":true,"href":"https:\/\/artstella-elixirs-floraux.com\/fr_fr\/wp-json\/wp\/v2\/media\/4442"}],"wp:attachment":[{"href":"https:\/\/artstella-elixirs-floraux.com\/fr_fr\/wp-json\/wp\/v2\/media?parent=4441"}],"wp:term":[{"taxonomy":"product_brand","embeddable":true,"href":"https:\/\/artstella-elixirs-floraux.com\/fr_fr\/wp-json\/wp\/v2\/product_brand?post=4441"},{"taxonomy":"product_cat","embeddable":true,"href":"https:\/\/artstella-elixirs-floraux.com\/fr_fr\/wp-json\/wp\/v2\/product_cat?post=4441"},{"taxonomy":"product_tag","embeddable":true,"href":"https:\/\/artstella-elixirs-floraux.com\/fr_fr\/wp-json\/wp\/v2\/product_tag?post=4441"}],"curies":[{"name":"wp","href":"https:\/\/api.w.org\/{rel}","templated":true}]}}