{"id":4447,"date":"2025-03-09T13:28:49","date_gmt":"2025-03-09T13:28:49","guid":{"rendered":"https:\/\/artstella-elixirs-floraux.com\/product\/philotheca-bush-15-ml\/"},"modified":"2025-04-05T13:53:49","modified_gmt":"2025-04-05T13:53:49","slug":"philotheca-bush-15-ml","status":"publish","type":"product","link":"https:\/\/artstella-elixirs-floraux.com\/fr_fr\/produit\/philotheca-bush-15-ml\/","title":{"rendered":"PHILOTHECA BUSH 15 ML"},"content":{"rendered":"","protected":false},"excerpt":{"rendered":"<p><strong><em>Philoteca<\/em><\/strong><\/p>\n<p>G\u00e9n\u00e9rosit\u00e9 excessive, incapacit\u00e9 d\u2019accepter la reconnaissance. Recevoir de l\u2019amour et de la reconnaissance, accepter les \u00e9loges, abondance.<\/p>\n","protected":false},"featured_media":4448,"template":"","meta":[],"product_brand":[],"product_cat":[107],"product_tag":[],"class_list":{"0":"post-4447","1":"product","2":"type-product","3":"status-publish","4":"has-post-thumbnail","6":"product_cat-les-elixirs-de-fleurs-du-bush-australien","8":"first","9":"instock","10":"taxable","11":"shipping-taxable","12":"purchasable","13":"product-type-simple"},"etheme_brands":{"errors":{"invalid_taxonomy":["Taxonomie non valide."]},"error_data":[]},"jetpack_sharing_enabled":true,"jetpack-related-posts":[{"id":5394,"url":"https:\/\/artstella-elixirs-floraux.com\/fr_fr\/produit\/morfo-blanco-sylfos\/","url_meta":{"origin":4447,"position":0},"title":"MORFO BLANCO SYLFOS","author":"eveapprill","date":"9 mars 2025","format":false,"excerpt":"33 - MORFO BLANCO\/ MORPHO BLANC Morpho polyphemus\u00a0\u00a0 Contr\u00f4le de l\u2019ego -\u00a0 Reconnaissance Cet \u00e9lixir nous permet d\u2019accepter les \u00e9loges et la reconnaissance de la part des autres, car ils valorisent et reconnaissent nos contributions.","rel":"","context":"Article similaire","block_context":{"text":"Article similaire","link":""},"img":{"alt_text":"","src":"https:\/\/i0.wp.com\/artstella-elixirs-floraux.com\/wp-content\/uploads\/2025\/03\/a6f90f42-30f1-4d81-ac70-8af75cb91c09.jpg?resize=350%2C200&ssl=1","width":350,"height":200,"srcset":"https:\/\/i0.wp.com\/artstella-elixirs-floraux.com\/wp-content\/uploads\/2025\/03\/a6f90f42-30f1-4d81-ac70-8af75cb91c09.jpg?resize=350%2C200&ssl=1 1x, https:\/\/i0.wp.com\/artstella-elixirs-floraux.com\/wp-content\/uploads\/2025\/03\/a6f90f42-30f1-4d81-ac70-8af75cb91c09.jpg?resize=525%2C300&ssl=1 1.5x, https:\/\/i0.wp.com\/artstella-elixirs-floraux.com\/wp-content\/uploads\/2025\/03\/a6f90f42-30f1-4d81-ac70-8af75cb91c09.jpg?resize=700%2C400&ssl=1 2x"},"classes":[]},{"id":2223,"url":"https:\/\/artstella-elixirs-floraux.com\/fr_fr\/produit\/monkshood-alaskan\/","url_meta":{"origin":4447,"position":1},"title":"Monkshood Alaskan","author":"eveapprill","date":"9 mars 2025","format":false,"excerpt":"Monkshood. Aconit delphinifolium Difficult\u00e9 \u00e0 accepter le contact physique avec les autres ; confusion au niveau de son identit\u00e9 spirituelle ; effray\u00e9 \u00e0 l'id\u00e9e d'explorer ses zones d'ombres","rel":"","context":"Article similaire","block_context":{"text":"Article similaire","link":""},"img":{"alt_text":"","src":"https:\/\/i0.wp.com\/artstella-elixirs-floraux.com\/wp-content\/uploads\/2025\/03\/wp-image565.png?resize=350%2C200&ssl=1","width":350,"height":200},"classes":[]},{"id":4014,"url":"https:\/\/artstella-elixirs-floraux.com\/fr_fr\/produit\/cedron-verveine-15-ml-sylfos\/","url_meta":{"origin":4447,"position":2},"title":"CEDRON \/ VERVEINE ODORANTE SYLFOS","author":"eveapprill","date":"9 mars 2025","format":false,"excerpt":"CEDRONAloysia citriodorata Confiance en soi, pers\u00e9v\u00e9rance. D\u00e9veloppe la confiance en soi, la sociabilit\u00e9, la compr\u00e9hension, l\u201dempathie, le respect d\u2019autrui et la compassion.","rel":"","context":"Article similaire","block_context":{"text":"Article similaire","link":""},"img":{"alt_text":"","src":"","width":0,"height":0},"classes":[]},{"id":3611,"url":"https:\/\/artstella-elixirs-floraux.com\/fr_fr\/produit\/liberation-deception-ltoe-15-ml\/","url_meta":{"origin":4447,"position":3},"title":"Lib\u00e9ration &#8211; D\u00e9ception LTOE 15 ml","author":"eveapprill","date":"9 mars 2025","format":false,"excerpt":"Lib\u00e9ration - D\u00e9ception On se leurre facilement en prenant nos d\u00e9sirs pour la r\u00e9alit\u00e9 ! Comment distinguer le vrai de l\u2019illusoire ? La lib\u00e9ration se trouve-t-elle dans l\u2019expression politique, dans la danse hypnotique ou dans la fum\u00e9e ?","rel":"","context":"Article similaire","block_context":{"text":"Article similaire","link":""},"img":{"alt_text":"Lib\u00e9ration - D\u00e9ception LTOE 15 ml","src":"https:\/\/i0.wp.com\/artstella-elixirs-floraux.com\/wp-content\/uploads\/2025\/03\/6e4e685b-bc13-4273-a4b5-07663997e073.jpg?resize=350%2C200&ssl=1","width":350,"height":200,"srcset":"https:\/\/i0.wp.com\/artstella-elixirs-floraux.com\/wp-content\/uploads\/2025\/03\/6e4e685b-bc13-4273-a4b5-07663997e073.jpg?resize=350%2C200&ssl=1 1x, https:\/\/i0.wp.com\/artstella-elixirs-floraux.com\/wp-content\/uploads\/2025\/03\/6e4e685b-bc13-4273-a4b5-07663997e073.jpg?resize=525%2C300&ssl=1 1.5x, https:\/\/i0.wp.com\/artstella-elixirs-floraux.com\/wp-content\/uploads\/2025\/03\/6e4e685b-bc13-4273-a4b5-07663997e073.jpg?resize=700%2C400&ssl=1 2x"},"classes":[]},{"id":4177,"url":"https:\/\/artstella-elixirs-floraux.com\/fr_fr\/produit\/uriel-messagers-sylfos-15ml\/","url_meta":{"origin":4447,"position":4},"title":"URIEL (MESSAGERS) SYLFOS 15ML","author":"eveapprill","date":"9 mars 2025","format":false,"excerpt":"URIEL Service d\u00e9sint\u00e9ress\u00e9, Don, Accueil, Service, Discernement, Paix, Reconnaissance du Divin en toute chose.","rel":"","context":"Article similaire","block_context":{"text":"Article similaire","link":""},"img":{"alt_text":"","src":"","width":0,"height":0},"classes":[]},{"id":4125,"url":"https:\/\/artstella-elixirs-floraux.com\/fr_fr\/produit\/capitan-salpicado-sylfos-15ml-pap\/","url_meta":{"origin":4447,"position":5},"title":"CAPITAN SALPICADO SYLFOS 15ML PAP","author":"eveapprill","date":"9 mars 2025","format":false,"excerpt":"CAPITAN SALPICADO DE PLATA Hesperia comma Jouissance et foi en la vie Cet \u00e9lixir nous donne la foi en l\u2019avenir avec la reconnaissance de l\u2019aspect positif qui nous attend.","rel":"","context":"Article similaire","block_context":{"text":"Article similaire","link":""},"img":{"alt_text":"","src":"","width":0,"height":0},"classes":[]}],"_links":{"self":[{"href":"https:\/\/artstella-elixirs-floraux.com\/fr_fr\/wp-json\/wp\/v2\/product\/4447","targetHints":{"allow":["GET"]}}],"collection":[{"href":"https:\/\/artstella-elixirs-floraux.com\/fr_fr\/wp-json\/wp\/v2\/product"}],"about":[{"href":"https:\/\/artstella-elixirs-floraux.com\/fr_fr\/wp-json\/wp\/v2\/types\/product"}],"version-history":[{"count":0,"href":"https:\/\/artstella-elixirs-floraux.com\/fr_fr\/wp-json\/wp\/v2\/product\/4447\/revisions"}],"wp:featuredmedia":[{"embeddable":true,"href":"https:\/\/artstella-elixirs-floraux.com\/fr_fr\/wp-json\/wp\/v2\/media\/4448"}],"wp:attachment":[{"href":"https:\/\/artstella-elixirs-floraux.com\/fr_fr\/wp-json\/wp\/v2\/media?parent=4447"}],"wp:term":[{"taxonomy":"product_brand","embeddable":true,"href":"https:\/\/artstella-elixirs-floraux.com\/fr_fr\/wp-json\/wp\/v2\/product_brand?post=4447"},{"taxonomy":"product_cat","embeddable":true,"href":"https:\/\/artstella-elixirs-floraux.com\/fr_fr\/wp-json\/wp\/v2\/product_cat?post=4447"},{"taxonomy":"product_tag","embeddable":true,"href":"https:\/\/artstella-elixirs-floraux.com\/fr_fr\/wp-json\/wp\/v2\/product_tag?post=4447"}],"curies":[{"name":"wp","href":"https:\/\/api.w.org\/{rel}","templated":true}]}}