{"id":4452,"date":"2025-03-09T13:28:52","date_gmt":"2025-03-09T13:28:52","guid":{"rendered":"https:\/\/artstella-elixirs-floraux.com\/product\/pink-mulla-mulla-bush-15-ml\/"},"modified":"2025-04-05T13:53:48","modified_gmt":"2025-04-05T13:53:48","slug":"pink-mulla-mulla-bush-15-ml","status":"publish","type":"product","link":"https:\/\/artstella-elixirs-floraux.com\/fr_fr\/produit\/pink-mulla-mulla-bush-15-ml\/","title":{"rendered":"PINK MULLA MULLA BUSH 15 ML"},"content":{"rendered":"<p><strong><em>Pink Mulla Mulla<\/em><\/strong><\/p>\n<p>Blessure psychique profonde, personnalit\u00e9 ferm\u00e9e et difficile afin d\u2019\u00e9loigner les autres et se prot\u00e9ger. Gu\u00e9rison spirituelle, confiance et ouverture.<\/p>\n","protected":false},"excerpt":{"rendered":"<p><strong><em>Pink Mulla Mulla<\/em><\/strong><\/p>\n<p>Blessure psychique profonde, personnalit\u00e9 ferm\u00e9e et difficile afin d\u2019\u00e9loigner les autres et se prot\u00e9ger. Gu\u00e9rison spirituelle, confiance et ouverture.<\/p>\n","protected":false},"featured_media":4453,"template":"","meta":[],"product_brand":[],"product_cat":[107],"product_tag":[],"class_list":{"0":"post-4452","1":"product","2":"type-product","3":"status-publish","4":"has-post-thumbnail","6":"product_cat-les-elixirs-de-fleurs-du-bush-australien","8":"first","9":"instock","10":"taxable","11":"shipping-taxable","12":"purchasable","13":"product-type-simple"},"etheme_brands":{"errors":{"invalid_taxonomy":["Taxonomie non valide."]},"error_data":[]},"jetpack_sharing_enabled":true,"jetpack-related-posts":[{"id":4480,"url":"https:\/\/artstella-elixirs-floraux.com\/fr_fr\/produit\/tall-mulla-mulla-bush-15-ml\/","url_meta":{"origin":4452,"position":0},"title":"TALL MULLA MULLA BUSH 15 ML","author":"eveapprill","date":"9 mars 2025","format":false,"excerpt":"Tall Mulla Mulla Se sentir mal dans sa peau, peur des relations sociales, solitaire, \u00e9viter les confrontations. Se sentir \u00e0 l\u2019aise et en s\u00e9curit\u00e9 avec les autres et dans les relations sociales.","rel":"","context":"Article similaire","block_context":{"text":"Article similaire","link":""},"img":{"alt_text":"","src":"https:\/\/i0.wp.com\/artstella-elixirs-floraux.com\/wp-content\/uploads\/2025\/03\/wp-image1070.png?resize=350%2C200&ssl=1","width":350,"height":200},"classes":[]},{"id":4900,"url":"https:\/\/artstella-elixirs-floraux.com\/fr_fr\/produit\/comfrey-alaskan-f-sup\/","url_meta":{"origin":4452,"position":1},"title":"COMFREY ALASKAN F SUP","author":"eveapprill","date":"9 mars 2025","format":false,"excerpt":"COMFREY Indications : conscience du corps faible ; traumatismes non r\u00e9solus et les blessures du pass\u00e9 ; Difficult\u00e9 \u00e0 gu\u00e9rir de vieilles blessures ; perte d'\u00e9nergie sans raison apparente.","rel":"","context":"Article similaire","block_context":{"text":"Article similaire","link":""},"img":{"alt_text":"","src":"https:\/\/i0.wp.com\/artstella-elixirs-floraux.com\/wp-content\/uploads\/2025\/03\/wp-image1380.png?resize=350%2C200&ssl=1","width":350,"height":200},"classes":[]},{"id":5093,"url":"https:\/\/artstella-elixirs-floraux.com\/fr_fr\/produit\/pink-quartz-rose-7-5-ml-alas-g-sup\/","url_meta":{"origin":4452,"position":2},"title":"PINK QUARTZ ROSE 7.5 ML ALAS G SUP","author":"eveapprill","date":"9 mars 2025","format":false,"excerpt":"Pink Quartz \u2013 Quartz Rose Indication : grande douleur \u00e9motionnelle\u00a0; angoisse et souffrance\u00a0; attachement \u00e0 la souffrance\u00a0; manque de compassion pour soi-m\u00eame et les autres\u00a0; comportement de victime\u00a0; se lamente par rapport \u00e0 des actions ou des \u00e9v\u00e9nements pass\u00e9s.","rel":"","context":"Article similaire","block_context":{"text":"Article similaire","link":""},"img":{"alt_text":"","src":"","width":0,"height":0},"classes":[]},{"id":4140,"url":"https:\/\/artstella-elixirs-floraux.com\/fr_fr\/produit\/filodice-sylfos-15ml-pap\/","url_meta":{"origin":4452,"position":3},"title":"FILODICE SYLFOS 15ML PAP","author":"eveapprill","date":"9 mars 2025","format":false,"excerpt":"FILODICE Colias philodice L\u00e2cher-prise \u2013 Confiance \u2013 Respect . Cet \u00e9lixir permet de nous \u00e9lever et nous apporte l\u2019inspiration. Il nous aide \u00e0 comprendre que toutes choses \u00e0 une base spirituelle et que nous ne devons pas avoir peur...","rel":"","context":"Article similaire","block_context":{"text":"Article similaire","link":""},"img":{"alt_text":"","src":"","width":0,"height":0},"classes":[]},{"id":2619,"url":"https:\/\/artstella-elixirs-floraux.com\/fr_fr\/produit\/angelsword-15ml\/","url_meta":{"origin":4452,"position":4},"title":"ANGELSWORD 15ml","author":"eveapprill","date":"9 mars 2025","format":false,"excerpt":"Angelsword Difficult\u00e9 \u00e0 se connecter avec son Moi sup\u00e9rieur. Discernement spirituel, lib\u00e9ration des \u00e9nergies psychiques n\u00e9gatives, acc\u00e8s aux dons des vies ant\u00e9rieures, communication spirituelle sans entraves.","rel":"","context":"Article similaire","block_context":{"text":"Article similaire","link":""},"img":{"alt_text":"","src":"https:\/\/i0.wp.com\/artstella-elixirs-floraux.com\/wp-content\/uploads\/2025\/03\/Angelsword-.jpg?resize=350%2C200&ssl=1","width":350,"height":200,"srcset":"https:\/\/i0.wp.com\/artstella-elixirs-floraux.com\/wp-content\/uploads\/2025\/03\/Angelsword-.jpg?resize=350%2C200&ssl=1 1x, https:\/\/i0.wp.com\/artstella-elixirs-floraux.com\/wp-content\/uploads\/2025\/03\/Angelsword-.jpg?resize=525%2C300&ssl=1 1.5x, https:\/\/i0.wp.com\/artstella-elixirs-floraux.com\/wp-content\/uploads\/2025\/03\/Angelsword-.jpg?resize=700%2C400&ssl=1 2x"},"classes":[]},{"id":4112,"url":"https:\/\/artstella-elixirs-floraux.com\/fr_fr\/produit\/grenouille-rana-el-cham-15ml\/","url_meta":{"origin":4452,"position":5},"title":"GRENOUILLE\/ RANA EL CHAM 15ML","author":"eveapprill","date":"9 mars 2025","format":false,"excerpt":"RANA \/ GRENOUILLE Gu\u00e9rison \u00e9motionnelle \u2013 Force pour affronter les changements. Renouveau. Aide \u00e0 comprendre sainement les besoins des autres. Permet de canaliser le flux cr\u00e9atif pour l\u2019exprimer notamment \u00e0 travers l\u2019art.","rel":"","context":"Article similaire","block_context":{"text":"Article similaire","link":""},"img":{"alt_text":"","src":"","width":0,"height":0},"classes":[]}],"_links":{"self":[{"href":"https:\/\/artstella-elixirs-floraux.com\/fr_fr\/wp-json\/wp\/v2\/product\/4452","targetHints":{"allow":["GET"]}}],"collection":[{"href":"https:\/\/artstella-elixirs-floraux.com\/fr_fr\/wp-json\/wp\/v2\/product"}],"about":[{"href":"https:\/\/artstella-elixirs-floraux.com\/fr_fr\/wp-json\/wp\/v2\/types\/product"}],"version-history":[{"count":0,"href":"https:\/\/artstella-elixirs-floraux.com\/fr_fr\/wp-json\/wp\/v2\/product\/4452\/revisions"}],"wp:featuredmedia":[{"embeddable":true,"href":"https:\/\/artstella-elixirs-floraux.com\/fr_fr\/wp-json\/wp\/v2\/media\/4453"}],"wp:attachment":[{"href":"https:\/\/artstella-elixirs-floraux.com\/fr_fr\/wp-json\/wp\/v2\/media?parent=4452"}],"wp:term":[{"taxonomy":"product_brand","embeddable":true,"href":"https:\/\/artstella-elixirs-floraux.com\/fr_fr\/wp-json\/wp\/v2\/product_brand?post=4452"},{"taxonomy":"product_cat","embeddable":true,"href":"https:\/\/artstella-elixirs-floraux.com\/fr_fr\/wp-json\/wp\/v2\/product_cat?post=4452"},{"taxonomy":"product_tag","embeddable":true,"href":"https:\/\/artstella-elixirs-floraux.com\/fr_fr\/wp-json\/wp\/v2\/product_tag?post=4452"}],"curies":[{"name":"wp","href":"https:\/\/api.w.org\/{rel}","templated":true}]}}