{"id":4454,"date":"2025-03-09T13:28:53","date_gmt":"2025-03-09T13:28:53","guid":{"rendered":"https:\/\/artstella-elixirs-floraux.com\/product\/red-grevillea-15-ml-bush\/"},"modified":"2025-04-05T13:52:43","modified_gmt":"2025-04-05T13:52:43","slug":"red-grevillea-15-ml-bush","status":"publish","type":"product","link":"https:\/\/artstella-elixirs-floraux.com\/fr_fr\/produit\/red-grevillea-15-ml-bush\/","title":{"rendered":"RED GREVILLEA 15 ML BUSH"},"content":{"rendered":"","protected":false},"excerpt":{"rendered":"<p><strong><em>Red Grevillea<\/em><\/strong><\/p>\n<p>Stagnation, susceptible aux critiques, \u00eatre trop d\u00e9pendants des autres. Force pour quitter des situations difficiles, audace, indiff\u00e9rence devant les jugements des autres.<\/p>\n","protected":false},"featured_media":4455,"template":"","meta":[],"product_brand":[],"product_cat":[107],"product_tag":[],"class_list":{"0":"post-4454","1":"product","2":"type-product","3":"status-publish","4":"has-post-thumbnail","6":"product_cat-les-elixirs-de-fleurs-du-bush-australien","8":"first","9":"instock","10":"taxable","11":"shipping-taxable","12":"purchasable","13":"product-type-simple"},"etheme_brands":{"errors":{"invalid_taxonomy":["Taxonomie non valide."]},"error_data":[]},"jetpack_sharing_enabled":true,"jetpack-related-posts":[{"id":2867,"url":"https:\/\/artstella-elixirs-floraux.com\/fr_fr\/produit\/red-chestnut-15-ml\/","url_meta":{"origin":4454,"position":0},"title":"RED CHESTNUT 15 ML","author":"eveapprill","date":"9 mars 2025","format":false,"excerpt":"Red chesnut) (Aesculus carnea) (Marronnier rouge Nous lib\u00e8re du souci excessif d'autrui. Pour trouver le calme int\u00e9rieur et penser positivement","rel":"","context":"Article similaire","block_context":{"text":"Article similaire","link":""},"img":{"alt_text":"","src":"https:\/\/i0.wp.com\/artstella-elixirs-floraux.com\/wp-content\/uploads\/2025\/03\/wp-image1092.png?resize=350%2C200&ssl=1","width":350,"height":200},"classes":[]},{"id":5934,"url":"https:\/\/artstella-elixirs-floraux.com\/fr_fr\/produit\/marronnier-rouge-15-ml-deva\/","url_meta":{"origin":4454,"position":1},"title":"Marronnier rouge 15 ml DEVA","author":"eveapprill","date":"9 mars 2025","format":false,"excerpt":"Marronnier rouge - Red chestnut Aesculus carnea Confiance en la vie Supprime l'inqui\u00e9tude et la crainte du pire pour les autres. Pour ceux qui ont tendance \u00e0 trop s'impliquer dans la vie des autres. Pour ceux qui ne peuvent s'emp\u00eacher de se faire du souci pour autrui.","rel":"","context":"Article similaire","block_context":{"text":"Article similaire","link":""},"img":{"alt_text":"","src":"","width":0,"height":0},"classes":[]},{"id":4458,"url":"https:\/\/artstella-elixirs-floraux.com\/fr_fr\/produit\/red-lily-15-ml-bush\/","url_meta":{"origin":4454,"position":2},"title":"RED LILY 15 ML BUSH","author":"eveapprill","date":"9 mars 2025","format":false,"excerpt":"Red Lily Manque de connexion spirituelle, ind\u00e9cis, manque de concentration, r\u00eaveries. Etre centr\u00e9, concentration, vivre dans le pr\u00e9sent, ouvre le chakra coronal, \u00e9volution spirituelle.","rel":"","context":"Article similaire","block_context":{"text":"Article similaire","link":""},"img":{"alt_text":"","src":"https:\/\/i0.wp.com\/artstella-elixirs-floraux.com\/wp-content\/uploads\/2025\/03\/wp-image1059.png?resize=350%2C200&ssl=1","width":350,"height":200},"classes":[]},{"id":4460,"url":"https:\/\/artstella-elixirs-floraux.com\/fr_fr\/produit\/red-suva-frangipani-15-ml-bush\/","url_meta":{"origin":4454,"position":3},"title":"RED SUVA FRANGIPANI 15 ML BUSH","author":"eveapprill","date":"9 mars 2025","format":false,"excerpt":"Red Suva Frangipani Chagrin et bouleversements \u00e9motionnels au sujet d\u2019une relation difficile ou d\u2019une rupture. Se sentir calme et aim\u00e9, paix int\u00e9rieure.","rel":"","context":"Article similaire","block_context":{"text":"Article similaire","link":""},"img":{"alt_text":"","src":"https:\/\/i0.wp.com\/artstella-elixirs-floraux.com\/wp-content\/uploads\/2025\/03\/wp-image1060.png?resize=350%2C200&ssl=1","width":350,"height":200},"classes":[]},{"id":4456,"url":"https:\/\/artstella-elixirs-floraux.com\/fr_fr\/produit\/red-helmet-orchid-15-ml-bush\/","url_meta":{"origin":4454,"position":4},"title":"RED HELMET ORCHID 15 ML BUSH","author":"eveapprill","date":"9 mars 2025","format":false,"excerpt":"Red Helmet Orchid Probl\u00e8mes non r\u00e9solus avec le p\u00e8re, r\u00e9bellion, probl\u00e8me avec l\u2019autorit\u00e9. Nouer des liens entre p\u00e8re et enfant, sensibilit\u00e9, respect.","rel":"","context":"Article similaire","block_context":{"text":"Article similaire","link":""},"img":{"alt_text":"","src":"https:\/\/i0.wp.com\/artstella-elixirs-floraux.com\/wp-content\/uploads\/2025\/03\/wp-image1058.png?resize=350%2C200&ssl=1","width":350,"height":200},"classes":[]},{"id":5558,"url":"https:\/\/artstella-elixirs-floraux.com\/fr_fr\/produit\/orchidee-red-helmet-15ml-corybas-dilatatus\/","url_meta":{"origin":4454,"position":5},"title":"Orchid\u00e9e RED HELMET 15ml Corybas dilatatus","author":"eveapprill","date":"9 mars 2025","format":false,"excerpt":"Orchid\u00e9e RED HELMET Corybas dilatatus \u00a0 \u00a0 Pour les personnes rebelles, \u00e9go\u00efstes, ayant des probl\u00e8mes avec la figure de l\u2019autorit\u00e9 provenant d\u2019une mauvaise relation avec leur propre p\u00e8re.\u00a0","rel":"","context":"Article similaire","block_context":{"text":"Article similaire","link":""},"img":{"alt_text":"","src":"","width":0,"height":0},"classes":[]}],"_links":{"self":[{"href":"https:\/\/artstella-elixirs-floraux.com\/fr_fr\/wp-json\/wp\/v2\/product\/4454","targetHints":{"allow":["GET"]}}],"collection":[{"href":"https:\/\/artstella-elixirs-floraux.com\/fr_fr\/wp-json\/wp\/v2\/product"}],"about":[{"href":"https:\/\/artstella-elixirs-floraux.com\/fr_fr\/wp-json\/wp\/v2\/types\/product"}],"version-history":[{"count":0,"href":"https:\/\/artstella-elixirs-floraux.com\/fr_fr\/wp-json\/wp\/v2\/product\/4454\/revisions"}],"wp:featuredmedia":[{"embeddable":true,"href":"https:\/\/artstella-elixirs-floraux.com\/fr_fr\/wp-json\/wp\/v2\/media\/4455"}],"wp:attachment":[{"href":"https:\/\/artstella-elixirs-floraux.com\/fr_fr\/wp-json\/wp\/v2\/media?parent=4454"}],"wp:term":[{"taxonomy":"product_brand","embeddable":true,"href":"https:\/\/artstella-elixirs-floraux.com\/fr_fr\/wp-json\/wp\/v2\/product_brand?post=4454"},{"taxonomy":"product_cat","embeddable":true,"href":"https:\/\/artstella-elixirs-floraux.com\/fr_fr\/wp-json\/wp\/v2\/product_cat?post=4454"},{"taxonomy":"product_tag","embeddable":true,"href":"https:\/\/artstella-elixirs-floraux.com\/fr_fr\/wp-json\/wp\/v2\/product_tag?post=4454"}],"curies":[{"name":"wp","href":"https:\/\/api.w.org\/{rel}","templated":true}]}}