{"id":4470,"date":"2025-03-09T13:29:04","date_gmt":"2025-03-09T13:29:04","guid":{"rendered":"https:\/\/artstella-elixirs-floraux.com\/product\/spinifex-bush-15-ml\/"},"modified":"2025-04-03T16:48:57","modified_gmt":"2025-04-03T16:48:57","slug":"spinifex-bush-15-ml","status":"publish","type":"product","link":"https:\/\/artstella-elixirs-floraux.com\/fr_fr\/produit\/spinifex-bush-15-ml\/","title":{"rendered":"SPINIFEX BUSH 15 ML"},"content":{"rendered":"","protected":false},"excerpt":{"rendered":"<p><strong><em>Spinifex<\/em><\/strong><\/p>\n<p>Se sentir victime de la maladie. S\u2019autoriser \u00e0 gu\u00e9rir par une compr\u00e9hension des causes de la maladie.<\/p>\n","protected":false},"featured_media":4471,"template":"","meta":[],"product_brand":[],"product_cat":[107],"product_tag":[],"class_list":{"0":"post-4470","1":"product","2":"type-product","3":"status-publish","4":"has-post-thumbnail","6":"product_cat-les-elixirs-de-fleurs-du-bush-australien","8":"first","9":"instock","10":"taxable","11":"shipping-taxable","12":"purchasable","13":"product-type-simple"},"etheme_brands":{"errors":{"invalid_taxonomy":["Taxonomie non valide."]},"error_data":[]},"jetpack_sharing_enabled":true,"jetpack-related-posts":[{"id":2743,"url":"https:\/\/artstella-elixirs-floraux.com\/fr_fr\/produit\/solaris-bush-30ml\/","url_meta":{"origin":4470,"position":0},"title":"SOLARIS BUSH 30ml","author":"eveapprill","date":"9 mars 2025","format":false,"excerpt":"Solaris Contribue largement \u00e0 att\u00e9nuer la peur et le d\u00e9sarroi provoqu\u00e9s par l'incendie, le feu, la chaleur et le soleil en combattant les effets des ultra- violets et des radiations. Compos\u00e9 de Mulla Mulla, She oak et Spinifex.","rel":"","context":"Article similaire","block_context":{"text":"Article similaire","link":""},"img":{"alt_text":"","src":"https:\/\/i0.wp.com\/artstella-elixirs-floraux.com\/wp-content\/uploads\/2025\/03\/67fe5512-b4ff-4518-9255-d7d644ec8b3b.jpg?resize=350%2C200&ssl=1","width":350,"height":200,"srcset":"https:\/\/i0.wp.com\/artstella-elixirs-floraux.com\/wp-content\/uploads\/2025\/03\/67fe5512-b4ff-4518-9255-d7d644ec8b3b.jpg?resize=350%2C200&ssl=1 1x, https:\/\/i0.wp.com\/artstella-elixirs-floraux.com\/wp-content\/uploads\/2025\/03\/67fe5512-b4ff-4518-9255-d7d644ec8b3b.jpg?resize=525%2C300&ssl=1 1.5x, https:\/\/i0.wp.com\/artstella-elixirs-floraux.com\/wp-content\/uploads\/2025\/03\/67fe5512-b4ff-4518-9255-d7d644ec8b3b.jpg?resize=700%2C400&ssl=1 2x"},"classes":[]},{"id":4480,"url":"https:\/\/artstella-elixirs-floraux.com\/fr_fr\/produit\/tall-mulla-mulla-bush-15-ml\/","url_meta":{"origin":4470,"position":1},"title":"TALL MULLA MULLA BUSH 15 ML","author":"eveapprill","date":"9 mars 2025","format":false,"excerpt":"Tall Mulla Mulla Se sentir mal dans sa peau, peur des relations sociales, solitaire, \u00e9viter les confrontations. Se sentir \u00e0 l\u2019aise et en s\u00e9curit\u00e9 avec les autres et dans les relations sociales.","rel":"","context":"Article similaire","block_context":{"text":"Article similaire","link":""},"img":{"alt_text":"","src":"https:\/\/i0.wp.com\/artstella-elixirs-floraux.com\/wp-content\/uploads\/2025\/03\/wp-image1070.png?resize=350%2C200&ssl=1","width":350,"height":200},"classes":[]},{"id":4468,"url":"https:\/\/artstella-elixirs-floraux.com\/fr_fr\/produit\/southern-cross-15-ml-bush\/","url_meta":{"origin":4470,"position":2},"title":"SOUTHERN CROSS 15 ML BUSH","author":"eveapprill","date":"9 mars 2025","format":false,"excerpt":"Southern Cross Mentalit\u00e9 de victime, de martyr, de pauvret\u00e9, faire des reproches aux autres. Pouvoir personnel, adopter une attitude positive, prendre responsabilit\u00e9 pour soi-m\u00eame","rel":"","context":"Article similaire","block_context":{"text":"Article similaire","link":""},"img":{"alt_text":"","src":"https:\/\/i0.wp.com\/artstella-elixirs-floraux.com\/wp-content\/uploads\/2025\/03\/wp-image1064.png?resize=350%2C200&ssl=1","width":350,"height":200},"classes":[]},{"id":4478,"url":"https:\/\/artstella-elixirs-floraux.com\/fr_fr\/produit\/sydney-rose-15-ml-bush\/","url_meta":{"origin":4470,"position":3},"title":"SYDNEY ROSE 15 ML BUSH","author":"eveapprill","date":"9 mars 2025","format":false,"excerpt":"Sydney Rose Se sentir isol\u00e9, abandonn\u00e9, pas aim\u00e9 ou morbide. R\u00e9aliser que nous sommes tous Un, se sentir en s\u00e9curit\u00e9 et en paix, communication qui vient du fond du c\u0153ur.","rel":"","context":"Article similaire","block_context":{"text":"Article similaire","link":""},"img":{"alt_text":"","src":"https:\/\/i0.wp.com\/artstella-elixirs-floraux.com\/wp-content\/uploads\/2025\/03\/wp-image1069.png?resize=350%2C200&ssl=1","width":350,"height":200},"classes":[]},{"id":1972,"url":"https:\/\/artstella-elixirs-floraux.com\/fr_fr\/produit\/macrocarpa-15-ml-bush\/","url_meta":{"origin":4470,"position":4},"title":"MACROCARPA 15 ML BUSH","author":"eveapprill","date":"27 mai 2025","format":false,"excerpt":"Macrocarpa Epuisement, sentiment de vide. Endurance, reprise d\u2019enthousiasme","rel":"","context":"Article similaire","block_context":{"text":"Article similaire","link":""},"img":{"alt_text":"","src":"https:\/\/i0.wp.com\/artstella-elixirs-floraux.com\/wp-content\/uploads\/2025\/03\/wp-image1041.webp?resize=350%2C200&ssl=1","width":350,"height":200},"classes":[]},{"id":2659,"url":"https:\/\/artstella-elixirs-floraux.com\/fr_fr\/produit\/illawara-flame-tree-15-ml-bush\/","url_meta":{"origin":4470,"position":5},"title":"ILLAWARA FLAME TREE 15 ML BUSH","author":"eveapprill","date":"9 mars 2025","format":false,"excerpt":"Illawarra Flame Tree Sentiment de rejet, peur d\u2019assumer des responsabilit\u00e9s. Avoir confiance en soi, force inn\u00e9e, ind\u00e9pendance.","rel":"","context":"Article similaire","block_context":{"text":"Article similaire","link":""},"img":{"alt_text":"","src":"https:\/\/i0.wp.com\/artstella-elixirs-floraux.com\/wp-content\/uploads\/2025\/03\/wp-image609.png?resize=350%2C200&ssl=1","width":350,"height":200},"classes":[]}],"_links":{"self":[{"href":"https:\/\/artstella-elixirs-floraux.com\/fr_fr\/wp-json\/wp\/v2\/product\/4470","targetHints":{"allow":["GET"]}}],"collection":[{"href":"https:\/\/artstella-elixirs-floraux.com\/fr_fr\/wp-json\/wp\/v2\/product"}],"about":[{"href":"https:\/\/artstella-elixirs-floraux.com\/fr_fr\/wp-json\/wp\/v2\/types\/product"}],"version-history":[{"count":0,"href":"https:\/\/artstella-elixirs-floraux.com\/fr_fr\/wp-json\/wp\/v2\/product\/4470\/revisions"}],"wp:featuredmedia":[{"embeddable":true,"href":"https:\/\/artstella-elixirs-floraux.com\/fr_fr\/wp-json\/wp\/v2\/media\/4471"}],"wp:attachment":[{"href":"https:\/\/artstella-elixirs-floraux.com\/fr_fr\/wp-json\/wp\/v2\/media?parent=4470"}],"wp:term":[{"taxonomy":"product_brand","embeddable":true,"href":"https:\/\/artstella-elixirs-floraux.com\/fr_fr\/wp-json\/wp\/v2\/product_brand?post=4470"},{"taxonomy":"product_cat","embeddable":true,"href":"https:\/\/artstella-elixirs-floraux.com\/fr_fr\/wp-json\/wp\/v2\/product_cat?post=4470"},{"taxonomy":"product_tag","embeddable":true,"href":"https:\/\/artstella-elixirs-floraux.com\/fr_fr\/wp-json\/wp\/v2\/product_tag?post=4470"}],"curies":[{"name":"wp","href":"https:\/\/api.w.org\/{rel}","templated":true}]}}