{"id":4478,"date":"2025-03-09T13:29:09","date_gmt":"2025-03-09T13:29:09","guid":{"rendered":"https:\/\/artstella-elixirs-floraux.com\/product\/sydney-rose-15-ml-bush\/"},"modified":"2025-04-03T16:48:56","modified_gmt":"2025-04-03T16:48:56","slug":"sydney-rose-15-ml-bush","status":"publish","type":"product","link":"https:\/\/artstella-elixirs-floraux.com\/fr_fr\/produit\/sydney-rose-15-ml-bush\/","title":{"rendered":"SYDNEY ROSE 15 ML BUSH"},"content":{"rendered":"","protected":false},"excerpt":{"rendered":"<p><strong><em>Sydney Rose<\/em><\/strong><\/p>\n<p>Se sentir isol\u00e9, abandonn\u00e9, pas aim\u00e9 ou morbide. R\u00e9aliser que nous sommes tous Un, se sentir en s\u00e9curit\u00e9 et en paix, communication qui vient du fond du c\u0153ur.<\/p>\n","protected":false},"featured_media":4479,"template":"","meta":[],"product_brand":[],"product_cat":[107],"product_tag":[],"class_list":{"0":"post-4478","1":"product","2":"type-product","3":"status-publish","4":"has-post-thumbnail","6":"product_cat-les-elixirs-de-fleurs-du-bush-australien","8":"first","9":"instock","10":"taxable","11":"shipping-taxable","12":"purchasable","13":"product-type-simple"},"etheme_brands":{"errors":{"invalid_taxonomy":["Taxonomie non valide."]},"error_data":[]},"jetpack_sharing_enabled":true,"jetpack-related-posts":[{"id":4854,"url":"https:\/\/artstella-elixirs-floraux.com\/fr_fr\/produit\/pendentif-love-rose\/","url_meta":{"origin":4478,"position":0},"title":"Pendentif \u00ab\u00a0LOVE\u00a0\u00bb rose","author":"eveapprill","date":"9 mars 2025","format":false,"excerpt":"Pendentif \u00ab\u00a0Love\u00a0\u00bb Pendentif de verre souffl\u00e9 en forme de c\u0153ur couleur rose, rempli avec les \u00e9lixirs Sydney Rose, Five Corners et Pink Flannel Flower, les \u00e9lixirs de l\u2019ouverture et de la protection du c\u0153ur","rel":"","context":"Article similaire","block_context":{"text":"Article similaire","link":""},"img":{"alt_text":"","src":"https:\/\/i0.wp.com\/artstella-elixirs-floraux.com\/wp-content\/uploads\/2025\/03\/wp-image1361.png?resize=350%2C200&ssl=1","width":350,"height":200,"srcset":"https:\/\/i0.wp.com\/artstella-elixirs-floraux.com\/wp-content\/uploads\/2025\/03\/wp-image1361.png?resize=350%2C200&ssl=1 1x, https:\/\/i0.wp.com\/artstella-elixirs-floraux.com\/wp-content\/uploads\/2025\/03\/wp-image1361.png?resize=525%2C300&ssl=1 1.5x"},"classes":[]},{"id":3185,"url":"https:\/\/artstella-elixirs-floraux.com\/fr_fr\/produit\/rose-provence-15-ml-phi\/","url_meta":{"origin":4478,"position":1},"title":"ROSE PROVENCE 15 ML PHI","author":"eveapprill","date":"9 mars 2025","format":false,"excerpt":"Rose de Provence (Rosa centifolia) (Provence Rose) Nous aide \u00e0 d\u00e9passer les obstacles apparents et relie le c\u0153ur \u00e0 la raison. Il apporte un \u00e9quilibre entre l\u2019esprit et les sentiments.","rel":"","context":"Article similaire","block_context":{"text":"Article similaire","link":""},"img":{"alt_text":"","src":"https:\/\/i0.wp.com\/artstella-elixirs-floraux.com\/wp-content\/uploads\/2025\/03\/wp-image406.png?resize=350%2C200&ssl=1","width":350,"height":200},"classes":[]},{"id":5850,"url":"https:\/\/artstella-elixirs-floraux.com\/fr_fr\/produit\/tarantule-tarantula-grammostola-rosea-15-ml-phi\/","url_meta":{"origin":4478,"position":2},"title":"Tarantule &#8211; Tarantula (Grammostola rosea) 15 ml PHI","author":"eveapprill","date":"9 mars 2025","format":false,"excerpt":"Tarantule - Tarantula (Grammostola rosea) Cet \u00e9lixir donne un meilleur sens de l\u2019\u00e9quilibre et nous rend plus confiant. Nous apprenons \u00e0 transformer des sentiments n\u00e9gatifs et des peurs, tout en nous sentant plus en confiance, connect\u00e9s \u00e0 tous les \u00eatres vivants.\u00a0","rel":"","context":"Article similaire","block_context":{"text":"Article similaire","link":""},"img":{"alt_text":"","src":"","width":0,"height":0},"classes":[]},{"id":2260,"url":"https:\/\/artstella-elixirs-floraux.com\/fr_fr\/produit\/prickly-wild-rose-alaskan\/","url_meta":{"origin":4478,"position":3},"title":"Prickly wild rose Alaskan","author":"eveapprill","date":"9 mars 2025","format":false,"excerpt":"Prickly wild rose. Rosa acicularis Manque de confiance et de foi ; se sent sans espoir ; apathique et sans int\u00e9r\u00eat. Incapacit\u00e9 \u00e0 garder le c\u0153ur ouvert dans les situations hostiles.","rel":"","context":"Article similaire","block_context":{"text":"Article similaire","link":""},"img":{"alt_text":"","src":"https:\/\/i0.wp.com\/artstella-elixirs-floraux.com\/wp-content\/uploads\/2025\/03\/wp-image576.png?resize=350%2C200&ssl=1","width":350,"height":200},"classes":[]},{"id":3161,"url":"https:\/\/artstella-elixirs-floraux.com\/fr_fr\/produit\/rose-sauvage-15-ml-phi\/","url_meta":{"origin":4478,"position":4},"title":"ROSE SAUVAGE 15 ML PHI","author":"eveapprill","date":"9 mars 2025","format":false,"excerpt":"Rose sauvage (Rosa X pruhoniciana) (Wildrosen Hybride) Dans un monde o\u00f9 nous rencontrons beaucoup d'opposition, cette rose permet de d\u00e9velopper notre r\u00e9sistance. Notre c\u0153ur peut se sentir reli\u00e9 \u00e0 la terre ce qui nous donne une meilleure assise, et renouvelle notre amour de la vie.","rel":"","context":"Article similaire","block_context":{"text":"Article similaire","link":""},"img":{"alt_text":"","src":"https:\/\/i0.wp.com\/artstella-elixirs-floraux.com\/wp-content\/uploads\/2025\/03\/wp-image401.png?resize=350%2C200&ssl=1","width":350,"height":200},"classes":[]},{"id":2647,"url":"https:\/\/artstella-elixirs-floraux.com\/fr_fr\/produit\/dog-rose-bush-15ml\/","url_meta":{"origin":4478,"position":5},"title":"DOG ROSE BUSH 15ml","author":"eveapprill","date":"9 mars 2025","format":false,"excerpt":"DOG ROSE Etre peureux, timide, se sentir ins\u00e9curis\u00e9, avoir peur des autres. Confiance, courage, croire en soi, joie de vivre.","rel":"","context":"Article similaire","block_context":{"text":"Article similaire","link":""},"img":{"alt_text":"","src":"https:\/\/i0.wp.com\/artstella-elixirs-floraux.com\/wp-content\/uploads\/2025\/03\/wp-image254.png?resize=350%2C200&ssl=1","width":350,"height":200},"classes":[]}],"_links":{"self":[{"href":"https:\/\/artstella-elixirs-floraux.com\/fr_fr\/wp-json\/wp\/v2\/product\/4478","targetHints":{"allow":["GET"]}}],"collection":[{"href":"https:\/\/artstella-elixirs-floraux.com\/fr_fr\/wp-json\/wp\/v2\/product"}],"about":[{"href":"https:\/\/artstella-elixirs-floraux.com\/fr_fr\/wp-json\/wp\/v2\/types\/product"}],"version-history":[{"count":0,"href":"https:\/\/artstella-elixirs-floraux.com\/fr_fr\/wp-json\/wp\/v2\/product\/4478\/revisions"}],"wp:featuredmedia":[{"embeddable":true,"href":"https:\/\/artstella-elixirs-floraux.com\/fr_fr\/wp-json\/wp\/v2\/media\/4479"}],"wp:attachment":[{"href":"https:\/\/artstella-elixirs-floraux.com\/fr_fr\/wp-json\/wp\/v2\/media?parent=4478"}],"wp:term":[{"taxonomy":"product_brand","embeddable":true,"href":"https:\/\/artstella-elixirs-floraux.com\/fr_fr\/wp-json\/wp\/v2\/product_brand?post=4478"},{"taxonomy":"product_cat","embeddable":true,"href":"https:\/\/artstella-elixirs-floraux.com\/fr_fr\/wp-json\/wp\/v2\/product_cat?post=4478"},{"taxonomy":"product_tag","embeddable":true,"href":"https:\/\/artstella-elixirs-floraux.com\/fr_fr\/wp-json\/wp\/v2\/product_tag?post=4478"}],"curies":[{"name":"wp","href":"https:\/\/api.w.org\/{rel}","templated":true}]}}