{"id":4491,"date":"2025-03-09T13:29:14","date_gmt":"2025-03-09T13:29:14","guid":{"rendered":"https:\/\/artstella-elixirs-floraux.com\/product\/tall-yellow-top-15-ml-bush\/"},"modified":"2025-04-03T16:48:55","modified_gmt":"2025-04-03T16:48:55","slug":"tall-yellow-top-15-ml-bush","status":"publish","type":"product","link":"https:\/\/artstella-elixirs-floraux.com\/fr_fr\/produit\/tall-yellow-top-15-ml-bush\/","title":{"rendered":"TALL YELLOW TOP 15 ML BUSH"},"content":{"rendered":"","protected":false},"excerpt":{"rendered":"<p><strong><em>Tall Yellow Top<\/em><\/strong><\/p>\n<p>Ali\u00e9nation, solitude, isolement. Sens d\u2019appartenance.<\/p>\n","protected":false},"featured_media":4492,"template":"","meta":[],"product_brand":[],"product_cat":[107],"product_tag":[],"class_list":{"0":"post-4491","1":"product","2":"type-product","3":"status-publish","4":"has-post-thumbnail","6":"product_cat-les-elixirs-de-fleurs-du-bush-australien","8":"first","9":"instock","10":"taxable","11":"shipping-taxable","12":"purchasable","13":"product-type-simple"},"etheme_brands":{"errors":{"invalid_taxonomy":["Taxonomie non valide."]},"error_data":[]},"jetpack_sharing_enabled":true,"jetpack-related-posts":[{"id":11845,"url":"https:\/\/artstella-elixirs-floraux.com\/fr_fr\/produit\/mood-essence-elixir-pour-lhumeur-30ml-bush\/","url_meta":{"origin":4491,"position":0},"title":"Mood Essence \u00ab\u00a0Elixir pour l&rsquo;humeur\u00a0\u00bb 30ml Bush","author":"eveapprill","date":"10 d\u00e9cembre 2025","format":false,"excerpt":"L\u2019\u00e9lixir \u00ab Mood \u00bb favorise l'\u00e9quilibre \u00e9motionnel, la clart\u00e9, l'optimisme et un sentiment renouvel\u00e9 de joie. Il a \u00e9t\u00e9 con\u00e7u pour traiter et aider \u00e0 soulager les diverses conditions que tant de personnes malheureusement vivent en ce moment.","rel":"","context":"Article similaire","block_context":{"text":"Article similaire","link":""},"img":{"alt_text":"","src":"","width":0,"height":0},"classes":[]},{"id":4503,"url":"https:\/\/artstella-elixirs-floraux.com\/fr_fr\/produit\/yellow-cowslip-orchid-bush-15-ml\/","url_meta":{"origin":4491,"position":1},"title":"YELLOW COWSLIP ORCHID BUSH 15 ML","author":"eveapprill","date":"9 mars 2025","format":false,"excerpt":"Yellow Cowslip Orchid Trop critique, s\u2019\u00e9riger en juge, bureaucratique. Int\u00e9r\u00eats humanitaires, impartialit\u00e9, \u00eatre constructif, arbitrage.","rel":"","context":"Article similaire","block_context":{"text":"Article similaire","link":""},"img":{"alt_text":"","src":"https:\/\/i0.wp.com\/artstella-elixirs-floraux.com\/wp-content\/uploads\/2025\/03\/wp-image1086.png?resize=350%2C200&ssl=1","width":350,"height":200},"classes":[]},{"id":4480,"url":"https:\/\/artstella-elixirs-floraux.com\/fr_fr\/produit\/tall-mulla-mulla-bush-15-ml\/","url_meta":{"origin":4491,"position":2},"title":"TALL MULLA MULLA BUSH 15 ML","author":"eveapprill","date":"9 mars 2025","format":false,"excerpt":"Tall Mulla Mulla Se sentir mal dans sa peau, peur des relations sociales, solitaire, \u00e9viter les confrontations. Se sentir \u00e0 l\u2019aise et en s\u00e9curit\u00e9 avec les autres et dans les relations sociales.","rel":"","context":"Article similaire","block_context":{"text":"Article similaire","link":""},"img":{"alt_text":"","src":"https:\/\/i0.wp.com\/artstella-elixirs-floraux.com\/wp-content\/uploads\/2025\/03\/wp-image1070.png?resize=350%2C200&ssl=1","width":350,"height":200},"classes":[]},{"id":4770,"url":"https:\/\/artstella-elixirs-floraux.com\/fr_fr\/produit\/yellow-yarrow-14-2ml-npe\/","url_meta":{"origin":4491,"position":3},"title":"YELLOW YARROW 14.2ML NPE","author":"eveapprill","date":"9 mars 2025","format":false,"excerpt":"YELLOW YARROW 15 ML NPE","rel":"","context":"Article similaire","block_context":{"text":"Article similaire","link":""},"img":{"alt_text":"","src":"https:\/\/i0.wp.com\/artstella-elixirs-floraux.com\/wp-content\/uploads\/2025\/03\/wp-image1318.png?resize=350%2C200&ssl=1","width":350,"height":200},"classes":[]},{"id":4478,"url":"https:\/\/artstella-elixirs-floraux.com\/fr_fr\/produit\/sydney-rose-15-ml-bush\/","url_meta":{"origin":4491,"position":4},"title":"SYDNEY ROSE 15 ML BUSH","author":"eveapprill","date":"9 mars 2025","format":false,"excerpt":"Sydney Rose Se sentir isol\u00e9, abandonn\u00e9, pas aim\u00e9 ou morbide. R\u00e9aliser que nous sommes tous Un, se sentir en s\u00e9curit\u00e9 et en paix, communication qui vient du fond du c\u0153ur.","rel":"","context":"Article similaire","block_context":{"text":"Article similaire","link":""},"img":{"alt_text":"","src":"https:\/\/i0.wp.com\/artstella-elixirs-floraux.com\/wp-content\/uploads\/2025\/03\/wp-image1069.png?resize=350%2C200&ssl=1","width":350,"height":200},"classes":[]},{"id":2747,"url":"https:\/\/artstella-elixirs-floraux.com\/fr_fr\/produit\/travel-voyage-bush-30-ml\/","url_meta":{"origin":4491,"position":5},"title":"TRAVEL Voyage BUSH 30 ml","author":"eveapprill","date":"9 mars 2025","format":false,"excerpt":"Travel -\u00a0Voyage Recommand\u00e9 \u00e0 tous ceux qui partent en voyage et tout particuli\u00e8rement \u00e0 ceux qui voyagent en avion. Limite les effets du mal des transports (mer, air, fer, route).","rel":"","context":"Article similaire","block_context":{"text":"Article similaire","link":""},"img":{"alt_text":"","src":"https:\/\/i0.wp.com\/artstella-elixirs-floraux.com\/wp-content\/uploads\/2025\/03\/797b8093-234c-413f-994e-c16f863422b6.jpg?resize=350%2C200&ssl=1","width":350,"height":200,"srcset":"https:\/\/i0.wp.com\/artstella-elixirs-floraux.com\/wp-content\/uploads\/2025\/03\/797b8093-234c-413f-994e-c16f863422b6.jpg?resize=350%2C200&ssl=1 1x, https:\/\/i0.wp.com\/artstella-elixirs-floraux.com\/wp-content\/uploads\/2025\/03\/797b8093-234c-413f-994e-c16f863422b6.jpg?resize=525%2C300&ssl=1 1.5x, https:\/\/i0.wp.com\/artstella-elixirs-floraux.com\/wp-content\/uploads\/2025\/03\/797b8093-234c-413f-994e-c16f863422b6.jpg?resize=700%2C400&ssl=1 2x"},"classes":[]}],"_links":{"self":[{"href":"https:\/\/artstella-elixirs-floraux.com\/fr_fr\/wp-json\/wp\/v2\/product\/4491","targetHints":{"allow":["GET"]}}],"collection":[{"href":"https:\/\/artstella-elixirs-floraux.com\/fr_fr\/wp-json\/wp\/v2\/product"}],"about":[{"href":"https:\/\/artstella-elixirs-floraux.com\/fr_fr\/wp-json\/wp\/v2\/types\/product"}],"version-history":[{"count":0,"href":"https:\/\/artstella-elixirs-floraux.com\/fr_fr\/wp-json\/wp\/v2\/product\/4491\/revisions"}],"wp:featuredmedia":[{"embeddable":true,"href":"https:\/\/artstella-elixirs-floraux.com\/fr_fr\/wp-json\/wp\/v2\/media\/4492"}],"wp:attachment":[{"href":"https:\/\/artstella-elixirs-floraux.com\/fr_fr\/wp-json\/wp\/v2\/media?parent=4491"}],"wp:term":[{"taxonomy":"product_brand","embeddable":true,"href":"https:\/\/artstella-elixirs-floraux.com\/fr_fr\/wp-json\/wp\/v2\/product_brand?post=4491"},{"taxonomy":"product_cat","embeddable":true,"href":"https:\/\/artstella-elixirs-floraux.com\/fr_fr\/wp-json\/wp\/v2\/product_cat?post=4491"},{"taxonomy":"product_tag","embeddable":true,"href":"https:\/\/artstella-elixirs-floraux.com\/fr_fr\/wp-json\/wp\/v2\/product_tag?post=4491"}],"curies":[{"name":"wp","href":"https:\/\/api.w.org\/{rel}","templated":true}]}}