{"id":4503,"date":"2025-03-09T13:29:21","date_gmt":"2025-03-09T13:29:21","guid":{"rendered":"https:\/\/artstella-elixirs-floraux.com\/product\/yellow-cowslip-orchid-bush-15-ml\/"},"modified":"2025-04-03T16:48:53","modified_gmt":"2025-04-03T16:48:53","slug":"yellow-cowslip-orchid-bush-15-ml","status":"publish","type":"product","link":"https:\/\/artstella-elixirs-floraux.com\/fr_fr\/produit\/yellow-cowslip-orchid-bush-15-ml\/","title":{"rendered":"YELLOW COWSLIP ORCHID BUSH 15 ML"},"content":{"rendered":"","protected":false},"excerpt":{"rendered":"<p><strong><em>Yellow Cowslip Orchid<\/em><\/strong><\/p>\n<p>Trop critique, s\u2019\u00e9riger en juge, bureaucratique. Int\u00e9r\u00eats humanitaires, impartialit\u00e9, \u00eatre constructif, arbitrage.<\/p>\n","protected":false},"featured_media":4504,"template":"","meta":[],"product_brand":[],"product_cat":[107],"product_tag":[],"class_list":{"0":"post-4503","1":"product","2":"type-product","3":"status-publish","4":"has-post-thumbnail","6":"product_cat-les-elixirs-de-fleurs-du-bush-australien","8":"first","9":"instock","10":"taxable","11":"shipping-taxable","12":"purchasable","13":"product-type-simple"},"etheme_brands":{"errors":{"invalid_taxonomy":["Taxonomie non valide."]},"error_data":[]},"jetpack_sharing_enabled":true,"jetpack-related-posts":[{"id":6182,"url":"https:\/\/artstella-elixirs-floraux.com\/fr_fr\/produit\/men-homme-bush-australien-30ml\/","url_meta":{"origin":4503,"position":0},"title":"MEN &#8211; \u00ab\u00a0Homme\u00a0\u00bb Bush Australien 30ml","author":"eveapprill","date":"9 mars 2025","format":false,"excerpt":"MEN Pour les homes toujours sur la br\u00e8che, ce qui peut conduire \u00e0 de l\u2019impatience et de l\u2019irritabilit\u00e9. Pour ressentir et exprimer ses sentiments. \u00a0","rel":"","context":"Article similaire","block_context":{"text":"Article similaire","link":""},"img":{"alt_text":"","src":"https:\/\/i0.wp.com\/artstella-elixirs-floraux.com\/wp-content\/uploads\/2025\/03\/wp-image2185.png?resize=350%2C200&ssl=1","width":350,"height":200,"srcset":"https:\/\/i0.wp.com\/artstella-elixirs-floraux.com\/wp-content\/uploads\/2025\/03\/wp-image2185.png?resize=350%2C200&ssl=1 1x, https:\/\/i0.wp.com\/artstella-elixirs-floraux.com\/wp-content\/uploads\/2025\/03\/wp-image2185.png?resize=525%2C300&ssl=1 1.5x, https:\/\/i0.wp.com\/artstella-elixirs-floraux.com\/wp-content\/uploads\/2025\/03\/wp-image2185.png?resize=700%2C400&ssl=1 2x"},"classes":[]},{"id":2729,"url":"https:\/\/artstella-elixirs-floraux.com\/fr_fr\/produit\/dynamis-dynamisme-bush-30ml\/","url_meta":{"origin":4503,"position":1},"title":"DYNAMIS Dynamisme BUSH 30ml","author":"eveapprill","date":"9 mars 2025","format":false,"excerpt":"Dynamis -\u00a0Dynamisme A utiliser par ceux qui ne se sentent pas \u00ab\u00a0bien dans leur peau\u00a0\u00bb.\u00a0 Il renouvelle l'enthousiasme et la joie de vivre. Compos\u00e9 de Illawara Flame Tree, OId Man Banksia, clama, Macrocarpa Banksia Robur et de Yellow Cowslip Orchid.","rel":"","context":"Article similaire","block_context":{"text":"Article similaire","link":""},"img":{"alt_text":"","src":"https:\/\/i0.wp.com\/artstella-elixirs-floraux.com\/wp-content\/uploads\/2025\/03\/12a9bccb-7db2-4d6e-aaee-83e9bd5dd99a.jpg?resize=350%2C200&ssl=1","width":350,"height":200,"srcset":"https:\/\/i0.wp.com\/artstella-elixirs-floraux.com\/wp-content\/uploads\/2025\/03\/12a9bccb-7db2-4d6e-aaee-83e9bd5dd99a.jpg?resize=350%2C200&ssl=1 1x, https:\/\/i0.wp.com\/artstella-elixirs-floraux.com\/wp-content\/uploads\/2025\/03\/12a9bccb-7db2-4d6e-aaee-83e9bd5dd99a.jpg?resize=525%2C300&ssl=1 1.5x, https:\/\/i0.wp.com\/artstella-elixirs-floraux.com\/wp-content\/uploads\/2025\/03\/12a9bccb-7db2-4d6e-aaee-83e9bd5dd99a.jpg?resize=700%2C400&ssl=1 2x"},"classes":[]},{"id":4770,"url":"https:\/\/artstella-elixirs-floraux.com\/fr_fr\/produit\/yellow-yarrow-14-2ml-npe\/","url_meta":{"origin":4503,"position":2},"title":"YELLOW YARROW 14.2ML NPE","author":"eveapprill","date":"9 mars 2025","format":false,"excerpt":"YELLOW YARROW 15 ML NPE","rel":"","context":"Article similaire","block_context":{"text":"Article similaire","link":""},"img":{"alt_text":"","src":"https:\/\/i0.wp.com\/artstella-elixirs-floraux.com\/wp-content\/uploads\/2025\/03\/wp-image1318.png?resize=350%2C200&ssl=1","width":350,"height":200},"classes":[]},{"id":5235,"url":"https:\/\/artstella-elixirs-floraux.com\/fr_fr\/produit\/creme-de-venus-orchid\/","url_meta":{"origin":4503,"position":3},"title":"Cr\u00e8me de Venus orchid","author":"eveapprill","date":"9 mars 2025","format":false,"excerpt":"Cr\u00e8me Venus Orchid La Cr\u00e8me de V\u00e9nus-Orchid est r\u00e9alis\u00e9e avec l\u2019\u00e9nergie de l\u2019orchid\u00e9e Anguloa Cliftonii. Elle est particuli\u00e8rement recommand\u00e9e pour les soins quotidiens de la peau du visage et du corps. Son action profond\u00e9ment relaxante stimule la partie f\u00e9minine de notre \u00eatre et adoucit la peau.","rel":"","context":"Article similaire","block_context":{"text":"Article similaire","link":""},"img":{"alt_text":"Cr\u00e8mes aux Elixirs","src":"https:\/\/i0.wp.com\/artstella-elixirs-floraux.com\/wp-content\/uploads\/2025\/03\/4eca510c-6209-4de4-bcce-2a270758fe96.jpg?resize=350%2C200&ssl=1","width":350,"height":200,"srcset":"https:\/\/i0.wp.com\/artstella-elixirs-floraux.com\/wp-content\/uploads\/2025\/03\/4eca510c-6209-4de4-bcce-2a270758fe96.jpg?resize=350%2C200&ssl=1 1x, https:\/\/i0.wp.com\/artstella-elixirs-floraux.com\/wp-content\/uploads\/2025\/03\/4eca510c-6209-4de4-bcce-2a270758fe96.jpg?resize=525%2C300&ssl=1 1.5x, https:\/\/i0.wp.com\/artstella-elixirs-floraux.com\/wp-content\/uploads\/2025\/03\/4eca510c-6209-4de4-bcce-2a270758fe96.jpg?resize=700%2C400&ssl=1 2x"},"classes":[]},{"id":3762,"url":"https:\/\/artstella-elixirs-floraux.com\/fr_fr\/produit\/angel-orchid-phi\/","url_meta":{"origin":4503,"position":4},"title":"ANGEL ORCHID PHI","author":"eveapprill","date":"9 mars 2025","format":false,"excerpt":"Angel Orchid (Epidendrum secundum) Nous ouvre \u00e0 la communication avec les plans d'\u00e9nergies sup\u00e9rieurs. Cet \u00e9lixir nous all\u00e8ge et il accro\u00eet ainsi notre sentiment de s\u00e9curit\u00e9.","rel":"","context":"Article similaire","block_context":{"text":"Article similaire","link":""},"img":{"alt_text":"","src":"https:\/\/i0.wp.com\/artstella-elixirs-floraux.com\/wp-content\/uploads\/2025\/03\/wp-image501.png?resize=350%2C200&ssl=1","width":350,"height":200},"classes":[]},{"id":3770,"url":"https:\/\/artstella-elixirs-floraux.com\/fr_fr\/produit\/channeling-orchid-phi\/","url_meta":{"origin":4503,"position":5},"title":"CHANNELING ORCHID PHI","author":"eveapprill","date":"9 mars 2025","format":false,"excerpt":"Channeling Orchid (Oncidium Incurvum) Nous aide \u00e0 entrer en contact direct avec la conscience sup\u00e9rieure et \u00e0 mieux entendre notre voix int\u00e9rieure.","rel":"","context":"Article similaire","block_context":{"text":"Article similaire","link":""},"img":{"alt_text":"","src":"https:\/\/i0.wp.com\/artstella-elixirs-floraux.com\/wp-content\/uploads\/2025\/03\/wp-image503.png?resize=350%2C200&ssl=1","width":350,"height":200},"classes":[]}],"_links":{"self":[{"href":"https:\/\/artstella-elixirs-floraux.com\/fr_fr\/wp-json\/wp\/v2\/product\/4503","targetHints":{"allow":["GET"]}}],"collection":[{"href":"https:\/\/artstella-elixirs-floraux.com\/fr_fr\/wp-json\/wp\/v2\/product"}],"about":[{"href":"https:\/\/artstella-elixirs-floraux.com\/fr_fr\/wp-json\/wp\/v2\/types\/product"}],"version-history":[{"count":0,"href":"https:\/\/artstella-elixirs-floraux.com\/fr_fr\/wp-json\/wp\/v2\/product\/4503\/revisions"}],"wp:featuredmedia":[{"embeddable":true,"href":"https:\/\/artstella-elixirs-floraux.com\/fr_fr\/wp-json\/wp\/v2\/media\/4504"}],"wp:attachment":[{"href":"https:\/\/artstella-elixirs-floraux.com\/fr_fr\/wp-json\/wp\/v2\/media?parent=4503"}],"wp:term":[{"taxonomy":"product_brand","embeddable":true,"href":"https:\/\/artstella-elixirs-floraux.com\/fr_fr\/wp-json\/wp\/v2\/product_brand?post=4503"},{"taxonomy":"product_cat","embeddable":true,"href":"https:\/\/artstella-elixirs-floraux.com\/fr_fr\/wp-json\/wp\/v2\/product_cat?post=4503"},{"taxonomy":"product_tag","embeddable":true,"href":"https:\/\/artstella-elixirs-floraux.com\/fr_fr\/wp-json\/wp\/v2\/product_tag?post=4503"}],"curies":[{"name":"wp","href":"https:\/\/api.w.org\/{rel}","templated":true}]}}