{"id":4516,"date":"2025-03-09T13:29:30","date_gmt":"2025-03-09T13:29:30","guid":{"rendered":"https:\/\/artstella-elixirs-floraux.com\/product\/belle-de-jour\/"},"modified":"2025-04-25T13:34:08","modified_gmt":"2025-04-25T13:34:08","slug":"belle-de-jour","status":"publish","type":"product","link":"https:\/\/artstella-elixirs-floraux.com\/fr_fr\/produit\/belle-de-jour\/","title":{"rendered":"Belle de jour"},"content":{"rendered":"","protected":false},"excerpt":{"rendered":"<p><strong><em>Belle de jour (ipomea purpurea)<\/em><\/strong>Fait partie de la gamme des fleurs sauvages. En favorisant la prise de conscience de nos habitudes nocives, l\u2019\u00e9lixir nous aide \u00e0 pouvoir les l\u00e2cher.<strong><em><\/em><\/strong><\/p>\n","protected":false},"featured_media":4517,"template":"","meta":[],"product_brand":[],"product_cat":[91],"product_tag":[],"class_list":{"0":"post-4516","1":"product","2":"type-product","3":"status-publish","4":"has-post-thumbnail","6":"product_cat-les-elixirs-pour-arreter-les-drogues","8":"first","9":"instock","10":"taxable","11":"shipping-taxable","12":"purchasable","13":"product-type-simple"},"etheme_brands":{"errors":{"invalid_taxonomy":["Taxonomie non valide."]},"error_data":[]},"jetpack_sharing_enabled":true,"jetpack-related-posts":[{"id":3264,"url":"https:\/\/artstella-elixirs-floraux.com\/fr_fr\/produit\/belle-de-jour-15-ml-phi\/","url_meta":{"origin":4516,"position":0},"title":"BELLE DE JOUR 15 ML PHI","author":"eveapprill","date":"9 mars 2025","format":false,"excerpt":"Belle de jour (Ipomea purpurea) (Prunkwinde) L'\u00e9lixir favorise la prise de conscience de nos habitudes de vie et de nos d\u00e9pendances. Les processus de lib\u00e9ration et de sevrage sont facilit\u00e9s. Notre cr\u00e9ativit\u00e9 peut se red\u00e9ployer.","rel":"","context":"Article similaire","block_context":{"text":"Article similaire","link":""},"img":{"alt_text":"","src":"https:\/\/i0.wp.com\/artstella-elixirs-floraux.com\/wp-content\/uploads\/2025\/03\/wp-image673.png?resize=350%2C200&ssl=1","width":350,"height":200},"classes":[]},{"id":2641,"url":"https:\/\/artstella-elixirs-floraux.com\/fr_fr\/produit\/christmas-bell-bush-15ml\/","url_meta":{"origin":4516,"position":1},"title":"CHRISTMAS BELL BUSH 15ml","author":"eveapprill","date":"9 mars 2025","format":false,"excerpt":"CHRISMAS BELL Sentiment de manque. Manifestation de ses d\u00e9sirs.","rel":"","context":"Article similaire","block_context":{"text":"Article similaire","link":""},"img":{"alt_text":"","src":"","width":0,"height":0},"classes":[]},{"id":4766,"url":"https:\/\/artstella-elixirs-floraux.com\/fr_fr\/produit\/sweet-bell-pepper-14-2ml-npe\/","url_meta":{"origin":4516,"position":2},"title":"SWEET BELL PEPPER 14.2ML NPE","author":"eveapprill","date":"9 mars 2025","format":false,"excerpt":"SWEET BELL PEPPER 15 ML NPE","rel":"","context":"Article similaire","block_context":{"text":"Article similaire","link":""},"img":{"alt_text":"","src":"https:\/\/i0.wp.com\/artstella-elixirs-floraux.com\/wp-content\/uploads\/2025\/03\/wp-image1316.png?resize=350%2C200&ssl=1","width":350,"height":200},"classes":[]},{"id":2119,"url":"https:\/\/artstella-elixirs-floraux.com\/fr_fr\/produit\/chiming-bells-alaska\/","url_meta":{"origin":4516,"position":3},"title":"CHIMING BELLS ALASKA","author":"eveapprill","date":"9 mars 2025","format":false,"excerpt":"CHIMING BELLS ALASKA D\u00e9prim\u00e9 abattu manque d'enthousiasme, sans joie dans la vie quotidienne, sensation de faiblesse physique et d'instabilit\u00e9. Permet\u00a0 de faire l'exp\u00e9rience de la joie de la paix et de sentir une stabilit\u00e9 sur la plan physique de notre \u00eatre. Ouvre nos coeurs \u00e0 l'\u00e9nergie d'amour de la M\u00e8re\u2026","rel":"","context":"Article similaire","block_context":{"text":"Article similaire","link":""},"img":{"alt_text":"","src":"https:\/\/i0.wp.com\/artstella-elixirs-floraux.com\/wp-content\/uploads\/2025\/03\/wp-image551.png?resize=350%2C200&ssl=1","width":350,"height":200},"classes":[]},{"id":2166,"url":"https:\/\/artstella-elixirs-floraux.com\/fr_fr\/produit\/green-bells-of-ireland-alaskan\/","url_meta":{"origin":4516,"position":4},"title":"Green bells of Ireland Alaskan","author":"eveapprill","date":"9 mars 2025","format":false,"excerpt":"Green bells of Ireland. Molucella laevis D\u00e9racin\u00e9 ; manque de connexion avec la nature, inconscience de la lumi\u00e8re et de l'intelligence pr\u00e9sentes dans la nature.","rel":"","context":"Article similaire","block_context":{"text":"Article similaire","link":""},"img":{"alt_text":"","src":"https:\/\/i0.wp.com\/artstella-elixirs-floraux.com\/wp-content\/uploads\/2025\/03\/wp-image537.png?resize=350%2C200&ssl=1","width":350,"height":200},"classes":[]},{"id":5434,"url":"https:\/\/artstella-elixirs-floraux.com\/fr_fr\/produit\/belle-de-nuit-onagre-10ml\/","url_meta":{"origin":4516,"position":5},"title":"BELLE DE NUIT Onagre 10ml","author":"eveapprill","date":"9 mars 2025","format":false,"excerpt":"Belle de nuit - Onagre - Oenothera lamarcki\u00e6na - Evening primrose Pour ressentir les forces cr\u00e9atrices lunaires. Aide \u00e0 (re)d\u00e9couvrir et \u00e0 \u00e9tablir une connexion avec la source de la confiance en soi et de la valeur du f\u00e9minin. Il soutient ceux qui ont subi des incestes, viols, ou probl\u00e8mes\u2026","rel":"","context":"Article similaire","block_context":{"text":"Article similaire","link":""},"img":{"alt_text":"","src":"","width":0,"height":0},"classes":[]}],"_links":{"self":[{"href":"https:\/\/artstella-elixirs-floraux.com\/fr_fr\/wp-json\/wp\/v2\/product\/4516","targetHints":{"allow":["GET"]}}],"collection":[{"href":"https:\/\/artstella-elixirs-floraux.com\/fr_fr\/wp-json\/wp\/v2\/product"}],"about":[{"href":"https:\/\/artstella-elixirs-floraux.com\/fr_fr\/wp-json\/wp\/v2\/types\/product"}],"version-history":[{"count":0,"href":"https:\/\/artstella-elixirs-floraux.com\/fr_fr\/wp-json\/wp\/v2\/product\/4516\/revisions"}],"wp:featuredmedia":[{"embeddable":true,"href":"https:\/\/artstella-elixirs-floraux.com\/fr_fr\/wp-json\/wp\/v2\/media\/4517"}],"wp:attachment":[{"href":"https:\/\/artstella-elixirs-floraux.com\/fr_fr\/wp-json\/wp\/v2\/media?parent=4516"}],"wp:term":[{"taxonomy":"product_brand","embeddable":true,"href":"https:\/\/artstella-elixirs-floraux.com\/fr_fr\/wp-json\/wp\/v2\/product_brand?post=4516"},{"taxonomy":"product_cat","embeddable":true,"href":"https:\/\/artstella-elixirs-floraux.com\/fr_fr\/wp-json\/wp\/v2\/product_cat?post=4516"},{"taxonomy":"product_tag","embeddable":true,"href":"https:\/\/artstella-elixirs-floraux.com\/fr_fr\/wp-json\/wp\/v2\/product_tag?post=4516"}],"curies":[{"name":"wp","href":"https:\/\/api.w.org\/{rel}","templated":true}]}}