{"id":4539,"date":"2025-03-09T13:30:00","date_gmt":"2025-03-09T13:30:00","guid":{"rendered":"https:\/\/artstella-elixirs-floraux.com\/product\/coffret-orchidees-amaz-15-ml-phi\/"},"modified":"2025-03-09T13:30:00","modified_gmt":"2025-03-09T13:30:00","slug":"coffret-orchidees-amaz-15-ml-phi","status":"publish","type":"product","link":"https:\/\/artstella-elixirs-floraux.com\/fr_fr\/produit\/coffret-orchidees-amaz-15-ml-phi\/","title":{"rendered":"COFFRET ORCHIDEES AMAZ 15 ML PHI"},"content":{"rendered":"<p>Si vous h\u00e9sitez, demander conseil ou suivez un stage de formation. Comme la plupart des orchid\u00e9es n&rsquo;ont qu&rsquo;un nom botanique, un nom anglais pour en faciliter la d\u00e9nomination leur a \u00e9t\u00e9 donn\u00e9.<\/p>\n","protected":false},"excerpt":{"rendered":"<p><span style=\"color: #008000\">Orchid\u00e9es d&rsquo;amazonie<\/span> :<\/p>\n<p>Il est recommand\u00e9 de tester les \u00e9lixirs avant de les utiliser, car leur vibration est tr\u00e8s \u00e9lev\u00e9e. Par exemple le test du pouls, la kin\u00e9siologie (test du muscle) ou la radiesth\u00e9sie.<\/p>\n","protected":false},"featured_media":4540,"template":"","meta":[],"product_brand":[],"product_cat":[108,97],"product_tag":[],"class_list":{"0":"post-4539","1":"product","2":"type-product","3":"status-publish","4":"has-post-thumbnail","6":"product_cat-les-coffrets-phi","7":"product_cat-amazonie","9":"first","10":"outofstock","11":"taxable","12":"shipping-taxable","13":"purchasable","14":"product-type-simple"},"etheme_brands":{"errors":{"invalid_taxonomy":["Taxonomie non valide."]},"error_data":[]},"jetpack_sharing_enabled":true,"jetpack-related-posts":[{"id":3744,"url":"https:\/\/artstella-elixirs-floraux.com\/fr_fr\/produit\/phantom-orchid-cuba-15-ml-phi\/","url_meta":{"origin":4539,"position":0},"title":"PHANTOM ORCHID (CUBA) 15 ML PHI","author":"eveapprill","date":"9 mars 2025","format":false,"excerpt":"PHANTOM ORCHID\u00a0Dendrophyllax varius\u00a0Orchid\u00e9e Fant\u00f4me\u00a0Est une orchid\u00e9e miniature sans feuilles. D\u2019un entrelacs de racines pos\u00e9 directement sur du bois la petite orchid\u00e9e blanche pousse sur une tige fin.","rel":"","context":"Article similaire","block_context":{"text":"Article similaire","link":""},"img":{"alt_text":"","src":"https:\/\/i0.wp.com\/artstella-elixirs-floraux.com\/wp-content\/uploads\/2025\/03\/wp-image1786.png?resize=350%2C200&ssl=1","width":350,"height":200},"classes":[]},{"id":3752,"url":"https:\/\/artstella-elixirs-floraux.com\/fr_fr\/produit\/power-orchid-cuba-15ml-phi\/","url_meta":{"origin":4539,"position":1},"title":"POWER ORCHID (CUBA) 15ML PHI","author":"eveapprill","date":"9 mars 2025","format":false,"excerpt":"POWER ORCHID Cirrhopetalum ornatissimum\u00a0\u00ab\u00a0Orchid\u00e9e de pouvoir\u00a0\u00bb\u00a0Cette orchid\u00e9e est originaire d\u2019Asie. L\u2019\u00e9lixir\u00a0: quand dans notre vie, nous sommes arriv\u00e9s \u00e0 un point o\u00f9 nous d\u00e9sirons nous d\u00e9velopper int\u00e9rieurement.","rel":"","context":"Article similaire","block_context":{"text":"Article similaire","link":""},"img":{"alt_text":"","src":"","width":0,"height":0},"classes":[]},{"id":12230,"url":"https:\/\/artstella-elixirs-floraux.com\/fr_fr\/produit\/1-orchidee-de-lharmonie-sylfos\/","url_meta":{"origin":4539,"position":2},"title":"01. ORCHID\u00c9E DE L\u2019HARMONIE Sylfos","author":"eveapprill","date":"13 mars 2026","format":false,"excerpt":"Orchid\u00e9e de l\u2019Harmonie \u2013 Bletia purpurea \u00c9lixir d\u2019\u00e9quilibre \u00e9motionnel et d\u2019alignement int\u00e9rieur. Il harmonise rapidement les \u00e9motions, calme la saturation mentale et stabilise l\u2019hypersensibilit\u00e9. Favorise pr\u00e9sence, clart\u00e9 et s\u00e9r\u00e9nit\u00e9 dans les situations de tension.","rel":"","context":"Article similaire","block_context":{"text":"Article similaire","link":""},"img":{"alt_text":"","src":"https:\/\/i0.wp.com\/artstella-elixirs-floraux.com\/wp-content\/uploads\/2026\/03\/01_ARMONIA-WEB-2.png?resize=350%2C200&ssl=1","width":350,"height":200},"classes":[]},{"id":12266,"url":"https:\/\/artstella-elixirs-floraux.com\/fr_fr\/produit\/9-orchidee-de-la-paix-dendrobium-aggregatum-sylfos\/","url_meta":{"origin":4539,"position":3},"title":"09. ORCHID\u00c9E DE LA PAIX Dendrobium aggregatum Sylfos","author":"eveapprill","date":"13 mars 2026","format":false,"excerpt":"","rel":"","context":"Article similaire","block_context":{"text":"Article similaire","link":""},"img":{"alt_text":"","src":"https:\/\/i0.wp.com\/artstella-elixirs-floraux.com\/wp-content\/uploads\/2026\/03\/9_PAZ_-WEB.png?resize=350%2C200&ssl=1","width":350,"height":200},"classes":[]},{"id":12245,"url":"https:\/\/artstella-elixirs-floraux.com\/fr_fr\/produit\/4-orchidee-de-lequilibre-phragmipedium-longifolium-sylfos\/","url_meta":{"origin":4539,"position":4},"title":"04. ORCHID\u00c9E DE L\u2019\u00c9QUILIBRE Phragmipedium longifolium Sylfos","author":"eveapprill","date":"13 mars 2026","format":false,"excerpt":"Orchid\u00e9e de l\u2019\u00c9quilibre \u2013 Phragmipedium longifolium \u00c9lixir de\u00a0paix int\u00e9rieure et d\u2019harmonisation \u00e9motionnelle. Stabilise les \u00e9motions, clarifie l\u2019esprit et aide \u00e0 transformer les tensions affectives en s\u00e9r\u00e9nit\u00e9 et maturit\u00e9.","rel":"","context":"Article similaire","block_context":{"text":"Article similaire","link":""},"img":{"alt_text":"","src":"https:\/\/i0.wp.com\/artstella-elixirs-floraux.com\/wp-content\/uploads\/2026\/03\/4_EQUILIBRIO_-WEB.png?resize=350%2C200&ssl=1","width":350,"height":200},"classes":[]},{"id":12249,"url":"https:\/\/artstella-elixirs-floraux.com\/fr_fr\/produit\/5-orchidee-de-lintuition-spathoglottis-plicata-sylfos\/","url_meta":{"origin":4539,"position":5},"title":"05. ORCHID\u00c9E DE L\u2019INTUITION Spathoglottis plicata Sylfos","author":"eveapprill","date":"13 mars 2026","format":false,"excerpt":"\u00c9lixir d\u2019intuition et de clart\u00e9 int\u00e9rieure. Ouvre la perception subtile, apaise le mental et renforce la confiance dans la voix int\u00e9rieure.","rel":"","context":"Article similaire","block_context":{"text":"Article similaire","link":""},"img":{"alt_text":"","src":"https:\/\/i0.wp.com\/artstella-elixirs-floraux.com\/wp-content\/uploads\/2026\/03\/5_intuicion_-WEB.png?resize=350%2C200&ssl=1","width":350,"height":200},"classes":[]}],"_links":{"self":[{"href":"https:\/\/artstella-elixirs-floraux.com\/fr_fr\/wp-json\/wp\/v2\/product\/4539","targetHints":{"allow":["GET"]}}],"collection":[{"href":"https:\/\/artstella-elixirs-floraux.com\/fr_fr\/wp-json\/wp\/v2\/product"}],"about":[{"href":"https:\/\/artstella-elixirs-floraux.com\/fr_fr\/wp-json\/wp\/v2\/types\/product"}],"version-history":[{"count":0,"href":"https:\/\/artstella-elixirs-floraux.com\/fr_fr\/wp-json\/wp\/v2\/product\/4539\/revisions"}],"wp:featuredmedia":[{"embeddable":true,"href":"https:\/\/artstella-elixirs-floraux.com\/fr_fr\/wp-json\/wp\/v2\/media\/4540"}],"wp:attachment":[{"href":"https:\/\/artstella-elixirs-floraux.com\/fr_fr\/wp-json\/wp\/v2\/media?parent=4539"}],"wp:term":[{"taxonomy":"product_brand","embeddable":true,"href":"https:\/\/artstella-elixirs-floraux.com\/fr_fr\/wp-json\/wp\/v2\/product_brand?post=4539"},{"taxonomy":"product_cat","embeddable":true,"href":"https:\/\/artstella-elixirs-floraux.com\/fr_fr\/wp-json\/wp\/v2\/product_cat?post=4539"},{"taxonomy":"product_tag","embeddable":true,"href":"https:\/\/artstella-elixirs-floraux.com\/fr_fr\/wp-json\/wp\/v2\/product_tag?post=4539"}],"curies":[{"name":"wp","href":"https:\/\/api.w.org\/{rel}","templated":true}]}}