{"id":4544,"date":"2025-03-09T13:30:05","date_gmt":"2025-03-09T13:30:05","guid":{"rendered":"https:\/\/artstella-elixirs-floraux.com\/product\/coffret-elixirs-de-planetes-phi-15-ml\/"},"modified":"2025-08-04T10:20:49","modified_gmt":"2025-08-04T10:20:49","slug":"coffret-elixirs-de-planetes-phi-15-ml","status":"publish","type":"product","link":"https:\/\/artstella-elixirs-floraux.com\/fr_fr\/produit\/coffret-elixirs-de-planetes-phi-15-ml\/","title":{"rendered":"COFFRET \u00e9lixirs de PLANETES PHI 15 ML"},"content":{"rendered":"","protected":false},"excerpt":{"rendered":"<p><span style=\"color: #008000;\"><strong>Contient les 11 flacons des \u00e9lixirs de plan\u00e8tes<\/strong><\/span><\/p>\n<p><strong>Jupiter, Lune, Mars, Mercure, Neptune, Pluton, Saturne, Soleil, Uranus, Venus, Chiron.<br \/>\n<\/strong><\/p>\n","protected":false},"featured_media":4545,"template":"","meta":[],"product_brand":[],"product_cat":[108,128],"product_tag":[],"class_list":{"0":"post-4544","1":"product","2":"type-product","3":"status-publish","4":"has-post-thumbnail","6":"product_cat-les-coffrets-phi","7":"product_cat-les-elixirs-de-planetes","9":"first","10":"instock","11":"taxable","12":"shipping-taxable","13":"purchasable","14":"product-type-simple"},"etheme_brands":{"errors":{"invalid_taxonomy":["Taxonomie non valide."]},"error_data":[]},"jetpack_sharing_enabled":true,"jetpack-related-posts":[{"id":3072,"url":"https:\/\/artstella-elixirs-floraux.com\/fr_fr\/produit\/neptune-planete-phi-15ml\/","url_meta":{"origin":4544,"position":0},"title":"NEPTUNE PLANETE PHI 15ML","author":"eveapprill","date":"9 mars 2025","format":false,"excerpt":"Neptune Cet \u00e9lixir contribue avec douceur et comme dans un r\u00eave \u00e0 notre harmonie int\u00e9rieure et met en mouvement notre \u00e9nergie vitale, ce qui permet d'\u00e9liminer sans heurts nos blocages \u00e9nerg\u00e9tiques.","rel":"","context":"Article similaire","block_context":{"text":"Article similaire","link":""},"img":{"alt_text":"","src":"","width":0,"height":0},"classes":[]},{"id":3078,"url":"https:\/\/artstella-elixirs-floraux.com\/fr_fr\/produit\/soleil-planete-phi-15-ml\/","url_meta":{"origin":4544,"position":1},"title":"SOLEIL PLANETE PHI 15 ML","author":"eveapprill","date":"9 mars 2025","format":false,"excerpt":"Soleil Il correspond au principe masculin et paternel. Il favorise et renforce la lumi\u00e8re et la lucidit\u00e9 spirituelle, nous relie \u00e0 la source cosmique.","rel":"","context":"Article similaire","block_context":{"text":"Article similaire","link":""},"img":{"alt_text":"","src":"","width":0,"height":0},"classes":[]},{"id":3082,"url":"https:\/\/artstella-elixirs-floraux.com\/fr_fr\/produit\/venus-planete-15-ml-phi\/","url_meta":{"origin":4544,"position":2},"title":"VENUS PLANETE 15 ML PHI","author":"eveapprill","date":"9 mars 2025","format":false,"excerpt":"Venus Correspond au principe f\u00e9minin, cet \u00e9lixir nous aide \u00e0 reconna\u00eetre notre composante f\u00e9minine, \u00e0 l'\u00e9quilibrer et \u00e0 laisser rayonner notre beaut\u00e9 int\u00e9rieure","rel":"","context":"Article similaire","block_context":{"text":"Article similaire","link":""},"img":{"alt_text":"","src":"https:\/\/i0.wp.com\/artstella-elixirs-floraux.com\/wp-content\/uploads\/2025\/03\/wp-image530.png?resize=350%2C200&ssl=1","width":350,"height":200},"classes":[]},{"id":3080,"url":"https:\/\/artstella-elixirs-floraux.com\/fr_fr\/produit\/uranus-planete-15-ml-phi\/","url_meta":{"origin":4544,"position":3},"title":"URANUS PLANETE 15 ML PHI","author":"eveapprill","date":"9 mars 2025","format":false,"excerpt":"UranusCet \u00e9lixir nous relie au principe d'origine et nous aide \u00e0 reconna\u00eetre le lien entre tous les \u00eatres humains. Il ne convient ni aux animaux ni aux plantes.","rel":"","context":"Article similaire","block_context":{"text":"Article similaire","link":""},"img":{"alt_text":"","src":"https:\/\/i0.wp.com\/artstella-elixirs-floraux.com\/wp-content\/uploads\/2025\/03\/wp-image529.png?resize=350%2C200&ssl=1","width":350,"height":200},"classes":[]},{"id":3068,"url":"https:\/\/artstella-elixirs-floraux.com\/fr_fr\/produit\/mars-planete-phi-15-ml\/","url_meta":{"origin":4544,"position":4},"title":"MARS PLANETE PHI 15 ML","author":"eveapprill","date":"9 mars 2025","format":false,"excerpt":"Mars Active notre \u00e9nergie vitale et notre vigueur. Soutient notre volont\u00e9 lorsqu'il s'agit de dire Non dans les moments d\u00e9cisifs. Nous aide \u00e0 comprendre le sens de l'action \u00e0 mener.","rel":"","context":"Article similaire","block_context":{"text":"Article similaire","link":""},"img":{"alt_text":"","src":"https:\/\/i0.wp.com\/artstella-elixirs-floraux.com\/wp-content\/uploads\/2025\/03\/wp-image523.png?resize=350%2C200&ssl=1","width":350,"height":200},"classes":[]},{"id":3070,"url":"https:\/\/artstella-elixirs-floraux.com\/fr_fr\/produit\/mercure-planete-phi-15-ml\/","url_meta":{"origin":4544,"position":5},"title":"MERCURE PLANETE PHI 15 ML","author":"eveapprill","date":"9 mars 2025","format":false,"excerpt":"Mercure Nous aide \u00e0 reconna\u00eetre la v\u00e9rit\u00e9 cosmique et \u00e0 nous situer au-del\u00e0 de notre vie personnelle. Favorise aussi notre capacit\u00e9 \u00e0 communiquer et notre aptitude \u00e0 apprendre, par exemple avant les examens.","rel":"","context":"Article similaire","block_context":{"text":"Article similaire","link":""},"img":{"alt_text":"","src":"https:\/\/i0.wp.com\/artstella-elixirs-floraux.com\/wp-content\/uploads\/2025\/03\/wp-image524.png?resize=350%2C200&ssl=1","width":350,"height":200},"classes":[]}],"_links":{"self":[{"href":"https:\/\/artstella-elixirs-floraux.com\/fr_fr\/wp-json\/wp\/v2\/product\/4544","targetHints":{"allow":["GET"]}}],"collection":[{"href":"https:\/\/artstella-elixirs-floraux.com\/fr_fr\/wp-json\/wp\/v2\/product"}],"about":[{"href":"https:\/\/artstella-elixirs-floraux.com\/fr_fr\/wp-json\/wp\/v2\/types\/product"}],"version-history":[{"count":1,"href":"https:\/\/artstella-elixirs-floraux.com\/fr_fr\/wp-json\/wp\/v2\/product\/4544\/revisions"}],"predecessor-version":[{"id":11099,"href":"https:\/\/artstella-elixirs-floraux.com\/fr_fr\/wp-json\/wp\/v2\/product\/4544\/revisions\/11099"}],"wp:featuredmedia":[{"embeddable":true,"href":"https:\/\/artstella-elixirs-floraux.com\/fr_fr\/wp-json\/wp\/v2\/media\/4545"}],"wp:attachment":[{"href":"https:\/\/artstella-elixirs-floraux.com\/fr_fr\/wp-json\/wp\/v2\/media?parent=4544"}],"wp:term":[{"taxonomy":"product_brand","embeddable":true,"href":"https:\/\/artstella-elixirs-floraux.com\/fr_fr\/wp-json\/wp\/v2\/product_brand?post=4544"},{"taxonomy":"product_cat","embeddable":true,"href":"https:\/\/artstella-elixirs-floraux.com\/fr_fr\/wp-json\/wp\/v2\/product_cat?post=4544"},{"taxonomy":"product_tag","embeddable":true,"href":"https:\/\/artstella-elixirs-floraux.com\/fr_fr\/wp-json\/wp\/v2\/product_tag?post=4544"}],"curies":[{"name":"wp","href":"https:\/\/api.w.org\/{rel}","templated":true}]}}