{"id":4549,"date":"2025-03-09T13:30:10","date_gmt":"2025-03-09T13:30:10","guid":{"rendered":"https:\/\/artstella-elixirs-floraux.com\/product\/coffret-10-elixirs-de-roses-15ml-phi\/"},"modified":"2025-06-17T16:52:10","modified_gmt":"2025-06-17T16:52:10","slug":"coffret-10-elixirs-de-roses-15ml-phi","status":"publish","type":"product","link":"https:\/\/artstella-elixirs-floraux.com\/fr_fr\/produit\/coffret-10-elixirs-de-roses-15ml-phi\/","title":{"rendered":"COFFRET 10 ELIXIRS DE ROSES 15ml PHI"},"content":{"rendered":"<p>Les premi\u00e8res fleurs, primev\u00e8res ou fleurs des arbres laisseront bient\u00f4t la place \u00e0 la floraison des roses qui vont embaumer nos jardins jusqu\u2019\u00e0 l\u2019automne&#8230; mais les roses n\u2019enchantent pas seulement nos jardins, elles sont maintenant entr\u00e9es dans les recherches des \u00e9lixirs floraux, recherches que nous connaissons par le Dr Edward Bach (1886 1936).<\/p>\n","protected":false},"excerpt":{"rendered":"<p><strong>Contient les 10 \u00e9lixirs de roses<\/strong>\u00a0 une particularit\u00e9 dans le domaine des \u00e9lixirs floraux<\/p>\n<p>Rose du Japon, Rose pimprenelle, Rose sauvage, Rose rugueuse Sarah van Fleet, Rose rugueuse Souvenir de Phil\u00e9mon Cochet, Rose tib\u00e9taine, Rose verte, Rose reine du Danmark, Rose Provence.<\/p>\n","protected":false},"featured_media":4550,"template":"","meta":[],"product_brand":[],"product_cat":[108,89],"product_tag":[],"class_list":{"0":"post-4549","1":"product","2":"type-product","3":"status-publish","4":"has-post-thumbnail","6":"product_cat-les-coffrets-phi","7":"product_cat-les-elixirs-de-roses","9":"first","10":"instock","11":"taxable","12":"shipping-taxable","13":"purchasable","14":"product-type-simple"},"etheme_brands":{"errors":{"invalid_taxonomy":["Taxonomie non valide."]},"error_data":[]},"jetpack_sharing_enabled":true,"jetpack-related-posts":[{"id":3165,"url":"https:\/\/artstella-elixirs-floraux.com\/fr_fr\/produit\/rose-sarah-van-fleet-15ml-phi\/","url_meta":{"origin":4549,"position":0},"title":"ROSE &lsquo;SARAH VAN FLEET&rsquo; 15ML PHI","author":"eveapprill","date":"9 mars 2025","format":false,"excerpt":"Rose rugueuse \u00ab\u00a0Sarah von Fleet\u00a0\u00bb (Rosa rugosa ) Agit au niveau du plexus cardiaque et nous ouvre \u00e0 l'exp\u00e9rience profonde de l'amour. Nous apprend \u00e0 donner de l\u2019amour sans attente de retour. Pour une joie du c\u0153ur, pure, innocente et r\u00e9jouie.","rel":"","context":"Article similaire","block_context":{"text":"Article similaire","link":""},"img":{"alt_text":"","src":"https:\/\/i0.wp.com\/artstella-elixirs-floraux.com\/wp-content\/uploads\/2025\/03\/wp-image402.png?resize=350%2C200&ssl=1","width":350,"height":200},"classes":[]},{"id":3169,"url":"https:\/\/artstella-elixirs-floraux.com\/fr_fr\/produit\/rose-souv-de-ph-cochet-phi-15-ml\/","url_meta":{"origin":4549,"position":1},"title":"ROSE SOUV DE PH COCHET PHI 15 ML","author":"eveapprill","date":"9 mars 2025","format":false,"excerpt":"Rose rugueuse \u00ab\u00a0Souvenir de Phil\u00e9mon Cochet\u00a0\u00bb (Rosa rugosa) L'amour vrai unit le corps, l'esprit et l'\u00e2me. L'\u00e9lixir aide \u00e0 construire cette unit\u00e9 et \u00e0 relier les diff\u00e9rents plans. Il favorise un amour qui inclut tout.","rel":"","context":"Article similaire","block_context":{"text":"Article similaire","link":""},"img":{"alt_text":"","src":"https:\/\/i0.wp.com\/artstella-elixirs-floraux.com\/wp-content\/uploads\/2025\/03\/wp-image403.png?resize=350%2C200&ssl=1","width":350,"height":200},"classes":[]},{"id":5271,"url":"https:\/\/artstella-elixirs-floraux.com\/fr_fr\/produit\/jeu-de-10-cartes-de-roses\/","url_meta":{"origin":4549,"position":2},"title":"Jeu de 10 cartes de roses","author":"eveapprill","date":"9 mars 2025","format":false,"excerpt":"Jeu de 10 cartes de Roses avec lesquelles les \u00e9lixirs de roses ont \u00e9t\u00e9 r\u00e9alis\u00e9s par Andr\u00e9as Korte","rel":"","context":"Article similaire","block_context":{"text":"Article similaire","link":""},"img":{"alt_text":"","src":"","width":0,"height":0},"classes":[]},{"id":3266,"url":"https:\/\/artstella-elixirs-floraux.com\/fr_fr\/produit\/achillee-rose-phi-15-ml\/","url_meta":{"origin":4549,"position":3},"title":"ACHILLEE ROSE PHI 15 ML","author":"eveapprill","date":"9 mars 2025","format":false,"excerpt":"Achill\u00e9e rose (Achillea millefolium) (Rosa Schafgarbe) Cet \u00e9lixir nous aide \u00e0 \u00eatre moins en prise avec les \u00e9motions des autres et \u00e0 nous faire moins de soucis. L'\u00e9lixir am\u00e9liore notre protection au niveau du c\u0153ur et des \u00e9motions.","rel":"","context":"Article similaire","block_context":{"text":"Article similaire","link":""},"img":{"alt_text":"","src":"https:\/\/i0.wp.com\/artstella-elixirs-floraux.com\/wp-content\/uploads\/2025\/03\/wp-image674.png?resize=350%2C200&ssl=1","width":350,"height":200},"classes":[]},{"id":3177,"url":"https:\/\/artstella-elixirs-floraux.com\/fr_fr\/produit\/rose-verte-phi-15-ml-green-rose\/","url_meta":{"origin":4549,"position":4},"title":"ROSE VERTE PHI 15 ML Green rose","author":"eveapprill","date":"9 mars 2025","format":false,"excerpt":"Rose verte (Rosa chinensis viridiflora) (Gr\u00fcne Rose) Green rose Quand nous nous sentons \u00e0 l'\u00e9troit et sous pression, l'\u00e9lixir nous aide \u00e0 nous d\u00e9tendre et \u00e0 retrouver la paix. Il agit en lib\u00e9rant et en \u00e9largissant le c\u0153ur.","rel":"","context":"Article similaire","block_context":{"text":"Article similaire","link":""},"img":{"alt_text":"","src":"https:\/\/i0.wp.com\/artstella-elixirs-floraux.com\/wp-content\/uploads\/2025\/03\/wp-image405.png?resize=350%2C200&ssl=1","width":350,"height":200},"classes":[]},{"id":2871,"url":"https:\/\/artstella-elixirs-floraux.com\/fr_fr\/produit\/rock-rose-15ml-phi\/","url_meta":{"origin":4549,"position":5},"title":"ROCK ROSE 15ML PHI","author":"eveapprill","date":"9 mars 2025","format":false,"excerpt":"Rock rose (Helianthemum nummularium) (H\u00e9lianth\u00e8me)\u00a0 Pour surmonter de grandes difficult\u00e9s ou des peurs et nous d\u00e9passer.","rel":"","context":"Article similaire","block_context":{"text":"Article similaire","link":""},"img":{"alt_text":"","src":"https:\/\/i0.wp.com\/artstella-elixirs-floraux.com\/wp-content\/uploads\/2025\/03\/wp-image1093.png?resize=350%2C200&ssl=1","width":350,"height":200},"classes":[]}],"_links":{"self":[{"href":"https:\/\/artstella-elixirs-floraux.com\/fr_fr\/wp-json\/wp\/v2\/product\/4549","targetHints":{"allow":["GET"]}}],"collection":[{"href":"https:\/\/artstella-elixirs-floraux.com\/fr_fr\/wp-json\/wp\/v2\/product"}],"about":[{"href":"https:\/\/artstella-elixirs-floraux.com\/fr_fr\/wp-json\/wp\/v2\/types\/product"}],"version-history":[{"count":1,"href":"https:\/\/artstella-elixirs-floraux.com\/fr_fr\/wp-json\/wp\/v2\/product\/4549\/revisions"}],"predecessor-version":[{"id":10903,"href":"https:\/\/artstella-elixirs-floraux.com\/fr_fr\/wp-json\/wp\/v2\/product\/4549\/revisions\/10903"}],"wp:featuredmedia":[{"embeddable":true,"href":"https:\/\/artstella-elixirs-floraux.com\/fr_fr\/wp-json\/wp\/v2\/media\/4550"}],"wp:attachment":[{"href":"https:\/\/artstella-elixirs-floraux.com\/fr_fr\/wp-json\/wp\/v2\/media?parent=4549"}],"wp:term":[{"taxonomy":"product_brand","embeddable":true,"href":"https:\/\/artstella-elixirs-floraux.com\/fr_fr\/wp-json\/wp\/v2\/product_brand?post=4549"},{"taxonomy":"product_cat","embeddable":true,"href":"https:\/\/artstella-elixirs-floraux.com\/fr_fr\/wp-json\/wp\/v2\/product_cat?post=4549"},{"taxonomy":"product_tag","embeddable":true,"href":"https:\/\/artstella-elixirs-floraux.com\/fr_fr\/wp-json\/wp\/v2\/product_tag?post=4549"}],"curies":[{"name":"wp","href":"https:\/\/api.w.org\/{rel}","templated":true}]}}