{"id":4553,"date":"2025-03-09T13:30:14","date_gmt":"2025-03-09T13:30:14","guid":{"rendered":"https:\/\/artstella-elixirs-floraux.com\/product\/coffret-fleurs-sauvages-supplementaires-phi-15-ml\/"},"modified":"2025-06-17T16:29:50","modified_gmt":"2025-06-17T16:29:50","slug":"coffret-fleurs-sauvages-supplementaires-phi-15-ml","status":"publish","type":"product","link":"https:\/\/artstella-elixirs-floraux.com\/fr_fr\/produit\/coffret-fleurs-sauvages-supplementaires-phi-15-ml\/","title":{"rendered":"COFFRET Fleurs sauvages suppl\u00e9mentaires PHI 15 ML"},"content":{"rendered":"<p>Pr\u00eale, Euphraise, Ail des ours, Ortie, Gingko, Tussilage, Petite pervenche, Gueule de loup, Onagre, Cayenne, Petunia, Souci, Menthe pouliot, Echinac\u00e9e, Oseille, Primev\u00e8re, Lys martagon, Aub\u00e9pine, Citronnier.<\/p>\n","protected":false},"excerpt":{"rendered":"<p>Contient 20 \u00e9lixirs de fleurs sauvages suppl\u00e9mentaires<\/p>\n","protected":false},"featured_media":4554,"template":"","meta":[],"product_brand":[],"product_cat":[108,90],"product_tag":[],"class_list":{"0":"post-4553","1":"product","2":"type-product","3":"status-publish","4":"has-post-thumbnail","6":"product_cat-les-coffrets-phi","7":"product_cat-les-elixirs-de-fleurs-sauvages","9":"first","10":"outofstock","11":"taxable","12":"shipping-taxable","13":"purchasable","14":"product-type-simple"},"etheme_brands":{"errors":{"invalid_taxonomy":["Taxonomie non valide."]},"error_data":[]},"jetpack_sharing_enabled":true,"jetpack-related-posts":[{"id":5259,"url":"https:\/\/artstella-elixirs-floraux.com\/fr_fr\/produit\/jeu-de-40-cartes-de-fleurs-sauvages\/","url_meta":{"origin":4553,"position":0},"title":"Jeu de 40 cartes de fleurs sauvages","author":"eveapprill","date":"9 mars 2025","format":false,"excerpt":"Jeu de 40 cartes de fleurs sauvages europ\u00e9ennes repr\u00e9sentant les fleurs \u00e0 partir desquelles ces \u00e9lixirs ont \u00e9t\u00e9 r\u00e9alis\u00e9s","rel":"","context":"Article similaire","block_context":{"text":"Article similaire","link":""},"img":{"alt_text":"","src":"","width":0,"height":0},"classes":[]},{"id":4551,"url":"https:\/\/artstella-elixirs-floraux.com\/fr_fr\/produit\/coffret-fleurs-sauvages-15-ml\/","url_meta":{"origin":4553,"position":1},"title":"COFFRET FLEURS SAUVAGES 15 ML","author":"eveapprill","date":"9 mars 2025","format":false,"excerpt":"Les \u00e9lixirs de 40 fleurs Sauvages R\u00e9alis\u00e9s avec des fleurs europ\u00e9ennes communes dans la nature.","rel":"","context":"Article similaire","block_context":{"text":"Article similaire","link":""},"img":{"alt_text":"","src":"","width":0,"height":0},"classes":[]},{"id":3237,"url":"https:\/\/artstella-elixirs-floraux.com\/fr_fr\/produit\/mure-sauvage-15-ml-phi\/","url_meta":{"origin":4553,"position":2},"title":"MURE SAUVAGE 15 ML PHI","author":"eveapprill","date":"9 mars 2025","format":false,"excerpt":"M\u00fbre sauvage (Rubus Fructosus) (Brombeere) Permet de concr\u00e9tiser dans le monde physique notre force cr\u00e9atrice. Pour les personnes auxquelles manque l'impulsion de d\u00e9part.","rel":"","context":"Article similaire","block_context":{"text":"Article similaire","link":""},"img":{"alt_text":"","src":"https:\/\/i0.wp.com\/artstella-elixirs-floraux.com\/wp-content\/uploads\/2025\/03\/wp-image659.png?resize=350%2C200&ssl=1","width":350,"height":200},"classes":[]},{"id":3276,"url":"https:\/\/artstella-elixirs-floraux.com\/fr_fr\/produit\/ail-sauvage-phi-15-ml\/","url_meta":{"origin":4553,"position":3},"title":"AIL SAUVAGE PHI 15 ML","author":"eveapprill","date":"9 mars 2025","format":false,"excerpt":"Ail sauvage (Allium angulosum) (Wilder Knoblauch) Agit \u00e9nerg\u00e9tiquement sur toutes les formes de peurs. Les \u00e9nergies bloqu\u00e9es sont lib\u00e9r\u00e9es et l'ensemble de notre syst\u00e8me se renforce.","rel":"","context":"Article similaire","block_context":{"text":"Article similaire","link":""},"img":{"alt_text":"","src":"https:\/\/i0.wp.com\/artstella-elixirs-floraux.com\/wp-content\/uploads\/2025\/03\/wp-image678.png?resize=350%2C200&ssl=1","width":350,"height":200},"classes":[]},{"id":3279,"url":"https:\/\/artstella-elixirs-floraux.com\/fr_fr\/produit\/carotte-sauvage-15-ml-phi\/","url_meta":{"origin":4553,"position":4},"title":"CAROTTE SAUVAGE 15 ML PHI","author":"eveapprill","date":"9 mars 2025","format":false,"excerpt":"Carotte sauvage (Daucus carota) (Wild M\u00f6hre) Am\u00e9liore nos perceptions int\u00e9rieures comme ext\u00e9rieures. Renforce \u00e9nerg\u00e9tiquement la vision et la paix du mental. Id\u00e9al pour l'accompagnement du \u00ab\u00a0r\u00eave \u00e9veill\u00e9\u00a0\u00bb.","rel":"","context":"Article similaire","block_context":{"text":"Article similaire","link":""},"img":{"alt_text":"","src":"https:\/\/i0.wp.com\/artstella-elixirs-floraux.com\/wp-content\/uploads\/2025\/03\/wp-image679.png?resize=350%2C200&ssl=1","width":350,"height":200},"classes":[]},{"id":5952,"url":"https:\/\/artstella-elixirs-floraux.com\/fr_fr\/produit\/pommier-sauvage-10ml-deva\/","url_meta":{"origin":4553,"position":5},"title":"Pommier sauvage 10ml DEVA","author":"eveapprill","date":"9 mars 2025","format":false,"excerpt":"Pommier sauvage - Crab apple Malus sylvestris Purification Pour ceux qui se sentent intoxiqu\u00e9s ou contamin\u00e9s \u00e0 quelque niveau que ce soit. Pour surmonter le sentiment d'impuret\u00e9 et de d\u00e9go\u00fbt de soi.","rel":"","context":"Article similaire","block_context":{"text":"Article similaire","link":""},"img":{"alt_text":"","src":"","width":0,"height":0},"classes":[]}],"_links":{"self":[{"href":"https:\/\/artstella-elixirs-floraux.com\/fr_fr\/wp-json\/wp\/v2\/product\/4553","targetHints":{"allow":["GET"]}}],"collection":[{"href":"https:\/\/artstella-elixirs-floraux.com\/fr_fr\/wp-json\/wp\/v2\/product"}],"about":[{"href":"https:\/\/artstella-elixirs-floraux.com\/fr_fr\/wp-json\/wp\/v2\/types\/product"}],"version-history":[{"count":1,"href":"https:\/\/artstella-elixirs-floraux.com\/fr_fr\/wp-json\/wp\/v2\/product\/4553\/revisions"}],"predecessor-version":[{"id":10889,"href":"https:\/\/artstella-elixirs-floraux.com\/fr_fr\/wp-json\/wp\/v2\/product\/4553\/revisions\/10889"}],"wp:featuredmedia":[{"embeddable":true,"href":"https:\/\/artstella-elixirs-floraux.com\/fr_fr\/wp-json\/wp\/v2\/media\/4554"}],"wp:attachment":[{"href":"https:\/\/artstella-elixirs-floraux.com\/fr_fr\/wp-json\/wp\/v2\/media?parent=4553"}],"wp:term":[{"taxonomy":"product_brand","embeddable":true,"href":"https:\/\/artstella-elixirs-floraux.com\/fr_fr\/wp-json\/wp\/v2\/product_brand?post=4553"},{"taxonomy":"product_cat","embeddable":true,"href":"https:\/\/artstella-elixirs-floraux.com\/fr_fr\/wp-json\/wp\/v2\/product_cat?post=4553"},{"taxonomy":"product_tag","embeddable":true,"href":"https:\/\/artstella-elixirs-floraux.com\/fr_fr\/wp-json\/wp\/v2\/product_tag?post=4553"}],"curies":[{"name":"wp","href":"https:\/\/api.w.org\/{rel}","templated":true}]}}