{"id":4555,"date":"2025-03-09T13:30:15","date_gmt":"2025-03-09T13:30:15","guid":{"rendered":"https:\/\/artstella-elixirs-floraux.com\/product\/coffret-20-elixirs-de-cactus-15-ml\/"},"modified":"2025-06-17T09:52:19","modified_gmt":"2025-06-17T09:52:19","slug":"coffret-20-elixirs-de-cactus-15-ml","status":"publish","type":"product","link":"https:\/\/artstella-elixirs-floraux.com\/fr_fr\/produit\/coffret-20-elixirs-de-cactus-15-ml\/","title":{"rendered":"COFFRET 20 \u00e9lixirs de CACTUS 15 ML"},"content":{"rendered":"<p>Lesrecherches ont montr\u00e9 que les \u00e9lixirs de cactus ont des effets th\u00e9rapeutiques tr\u00e8s int\u00e9ressants, au niveau \u00e9nerg\u00e9tique. En raison de leur haut pouvoir \u00e9nerg\u00e9tique, il est n\u00e9cessaire de les tester avant utilisation. Pour faciliter le choix, les \u00e9lixirs de cactus ont re\u00e7u un surnom anglais. Le nom du cactus est le nom botanique.<\/p>\n","protected":false},"excerpt":{"rendered":"<p><strong>Les 20 Elixirs de Cactus<\/strong><\/p>\n<p>Les cactus et les plantes succulentes sont des plantes particuli\u00e8res. Leur sph\u00e8re d&rsquo;action est \u00ab la protection et la d\u00e9limitation \u00bb.<\/p>\n","protected":false},"featured_media":4556,"template":"","meta":[],"product_brand":[],"product_cat":[108,92],"product_tag":[],"class_list":{"0":"post-4555","1":"product","2":"type-product","3":"status-publish","4":"has-post-thumbnail","6":"product_cat-les-coffrets-phi","7":"product_cat-les-elixirs-de-cactus","9":"first","10":"instock","11":"taxable","12":"shipping-taxable","13":"purchasable","14":"product-type-simple"},"etheme_brands":{"errors":{"invalid_taxonomy":["Taxonomie non valide."]},"error_data":[]},"jetpack_sharing_enabled":true,"jetpack-related-posts":[{"id":3369,"url":"https:\/\/artstella-elixirs-floraux.com\/fr_fr\/produit\/self-esteem-cactus-phi-15-ml\/","url_meta":{"origin":4555,"position":0},"title":"SELF ESTEEM CACTUS PHI 15 ML","author":"eveapprill","date":"9 mars 2025","format":false,"excerpt":"Self-Esteem cactus (Ferocactus Schwarzii) Renforce la confiance en soi et soutient \u00e9nerg\u00e9tiquement nos d\u00e9fenses. Favorise la conscience de groupe, la solidarit\u00e9 et la compassion pour tous les \u00eatres vivants. Avec la confiance en soi et dans les autres, il est possible d'\u00e9tablir des relations solides.","rel":"","context":"Article similaire","block_context":{"text":"Article similaire","link":""},"img":{"alt_text":"","src":"https:\/\/i0.wp.com\/artstella-elixirs-floraux.com\/wp-content\/uploads\/2025\/03\/wp-image364.png?resize=350%2C200&ssl=1","width":350,"height":200},"classes":[]},{"id":5265,"url":"https:\/\/artstella-elixirs-floraux.com\/fr_fr\/produit\/jeu-de-20-cartes-de-fleurs-de-cactus\/","url_meta":{"origin":4555,"position":1},"title":"Jeu de 20 cartes de fleurs de cactus","author":"eveapprill","date":"9 mars 2025","format":false,"excerpt":"Jeu de 20 cartes de fleurs de cactus repr\u00e9sentant les fleurs avec lesquelles les \u00e9lixirs de cactus ont \u00e9t\u00e9 r\u00e9alis\u00e9s par Andr\u00e9as Korte","rel":"","context":"Article similaire","block_context":{"text":"Article similaire","link":""},"img":{"alt_text":"","src":"","width":0,"height":0},"classes":[]},{"id":3411,"url":"https:\/\/artstella-elixirs-floraux.com\/fr_fr\/produit\/noble-heart-cactus-15ml-phi\/","url_meta":{"origin":4555,"position":2},"title":"NOBLE HEART CACTUS 15ML PHI","author":"eveapprill","date":"9 mars 2025","format":false,"excerpt":"Noble heart cactus (Stenocereus marginatus) favorise la droiture int\u00e9rieure. Cette attitude apporte un soutient \u00e9nerg\u00e9tique \u00e0 la colonne vert\u00e9brale et aide \u00e0 une ouverture du c\u0153ur juste et sinc\u00e8re.","rel":"","context":"Article similaire","block_context":{"text":"Article similaire","link":""},"img":{"alt_text":"","src":"https:\/\/i0.wp.com\/artstella-elixirs-floraux.com\/wp-content\/uploads\/2025\/03\/wp-image376.png?resize=350%2C200&ssl=1","width":350,"height":200},"classes":[]},{"id":3393,"url":"https:\/\/artstella-elixirs-floraux.com\/fr_fr\/produit\/life-force-cactus-15ml-phi\/","url_meta":{"origin":4555,"position":3},"title":"LIFE FORCE CACTUS 15ML PHI","author":"eveapprill","date":"9 mars 2025","format":false,"excerpt":"Life force cactus (Orbea variegate) Permet d'\u00e9tablir un contact avec la terre. Une \u00e9nergie nouvelle se r\u00e9pand en nous et renforce le rayonnement des forces vitales. De cette fa\u00e7on, les \u00e9nergies parasites sont repouss\u00e9es et la protection est renforc\u00e9e.","rel":"","context":"Article similaire","block_context":{"text":"Article similaire","link":""},"img":{"alt_text":"","src":"https:\/\/i0.wp.com\/artstella-elixirs-floraux.com\/wp-content\/uploads\/2025\/03\/wp-image370.png?resize=350%2C200&ssl=1","width":350,"height":200},"classes":[]},{"id":3348,"url":"https:\/\/artstella-elixirs-floraux.com\/fr_fr\/produit\/inner-cleansing-cactus-15-ml-phi\/","url_meta":{"origin":4555,"position":4},"title":"INNER CLEANSING CACTUS 15 ML PHI","author":"eveapprill","date":"9 mars 2025","format":false,"excerpt":"Inner cleansing cactus (Cleistocactus Ritteri) Il nous aide \u00e0 \u00ab\u00a0dig\u00e9rer\u00a0\u00bb les impressions que nous recevons. Il favorise la purification des processus internes.","rel":"","context":"Article similaire","block_context":{"text":"Article similaire","link":""},"img":{"alt_text":"","src":"https:\/\/i0.wp.com\/artstella-elixirs-floraux.com\/wp-content\/uploads\/2025\/03\/wp-image358.png?resize=350%2C200&ssl=1","width":350,"height":200},"classes":[]},{"id":3377,"url":"https:\/\/artstella-elixirs-floraux.com\/fr_fr\/produit\/formation-cactus-15-ml-phi\/","url_meta":{"origin":4555,"position":5},"title":"FORMATION CACTUS 15 ML PHI","author":"eveapprill","date":"9 mars 2025","format":false,"excerpt":"Formation cactus (Mamillaria rubrograndis) Apporte une protection et une stabilit\u00e9 sur tous les plans de la forme, du plan cellulaire \u00e0 celui de l'information. Il soutient et renforce.","rel":"","context":"Article similaire","block_context":{"text":"Article similaire","link":""},"img":{"alt_text":"","src":"https:\/\/i0.wp.com\/artstella-elixirs-floraux.com\/wp-content\/uploads\/2025\/03\/wp-image366.png?resize=350%2C200&ssl=1","width":350,"height":200},"classes":[]}],"_links":{"self":[{"href":"https:\/\/artstella-elixirs-floraux.com\/fr_fr\/wp-json\/wp\/v2\/product\/4555","targetHints":{"allow":["GET"]}}],"collection":[{"href":"https:\/\/artstella-elixirs-floraux.com\/fr_fr\/wp-json\/wp\/v2\/product"}],"about":[{"href":"https:\/\/artstella-elixirs-floraux.com\/fr_fr\/wp-json\/wp\/v2\/types\/product"}],"version-history":[{"count":1,"href":"https:\/\/artstella-elixirs-floraux.com\/fr_fr\/wp-json\/wp\/v2\/product\/4555\/revisions"}],"predecessor-version":[{"id":10799,"href":"https:\/\/artstella-elixirs-floraux.com\/fr_fr\/wp-json\/wp\/v2\/product\/4555\/revisions\/10799"}],"wp:featuredmedia":[{"embeddable":true,"href":"https:\/\/artstella-elixirs-floraux.com\/fr_fr\/wp-json\/wp\/v2\/media\/4556"}],"wp:attachment":[{"href":"https:\/\/artstella-elixirs-floraux.com\/fr_fr\/wp-json\/wp\/v2\/media?parent=4555"}],"wp:term":[{"taxonomy":"product_brand","embeddable":true,"href":"https:\/\/artstella-elixirs-floraux.com\/fr_fr\/wp-json\/wp\/v2\/product_brand?post=4555"},{"taxonomy":"product_cat","embeddable":true,"href":"https:\/\/artstella-elixirs-floraux.com\/fr_fr\/wp-json\/wp\/v2\/product_cat?post=4555"},{"taxonomy":"product_tag","embeddable":true,"href":"https:\/\/artstella-elixirs-floraux.com\/fr_fr\/wp-json\/wp\/v2\/product_tag?post=4555"}],"curies":[{"name":"wp","href":"https:\/\/api.w.org\/{rel}","templated":true}]}}