{"id":4559,"date":"2025-03-09T13:30:20","date_gmt":"2025-03-09T13:30:20","guid":{"rendered":"https:\/\/artstella-elixirs-floraux.com\/product\/coffret-pierres-sup-26fl15-ml-phi\/"},"modified":"2025-06-08T13:58:52","modified_gmt":"2025-06-08T13:58:52","slug":"coffret-pierres-sup-26fl15-ml-phi","status":"publish","type":"product","link":"https:\/\/artstella-elixirs-floraux.com\/fr_fr\/produit\/coffret-pierres-sup-26fl15-ml-phi\/","title":{"rendered":"COFFRET PIERRES SUP (26FL)15 ML PHI"},"content":{"rendered":"","protected":false},"excerpt":{"rendered":"<p><strong>Contient 26 \u00e9lixirs de pierres pr\u00e9cieuses et de m\u00e9tal suppl\u00e9mentaires :<\/strong><\/p>\n<p>Agathe, apatite, chrysob\u00e9ryl, opale de feu, fluorine, or, grenat, diamant de Herkimer, jaspe rouge, corail, cuivre, lapis-lazuli, magn\u00e9tite, malachite, moldavite, obsidienne, perle, platine, saphir bleu, argent, pierre de soleil, sugilite bleue, sugilite violette, oeil de tigre, topaze bleue, zircon.<\/p>\n","protected":false},"featured_media":4560,"template":"","meta":[],"product_brand":[],"product_cat":[108,85],"product_tag":[],"class_list":{"0":"post-4559","1":"product","2":"type-product","3":"status-publish","4":"has-post-thumbnail","6":"product_cat-les-coffrets-phi","7":"product_cat-les-elixirs-de-pierres-precieuses","9":"first","10":"instock","11":"taxable","12":"shipping-taxable","13":"purchasable","14":"product-type-simple"},"etheme_brands":{"errors":{"invalid_taxonomy":["Taxonomie non valide."]},"error_data":[]},"jetpack_sharing_enabled":true,"jetpack-related-posts":[{"id":3052,"url":"https:\/\/artstella-elixirs-floraux.com\/fr_fr\/produit\/sugilite-violette-phi-15-ml\/","url_meta":{"origin":4559,"position":0},"title":"SUGILITE VIOLETTE PHI 15 ML","author":"eveapprill","date":"9 mars 2025","format":false,"excerpt":"Sugilite violette (Violetter Sugilit) Aide \u00e0 l'int\u00e9gration de la spiritualit\u00e9 dans la vie quotidienne. Son action harmonise les \u00e9motions et aide \u00e0 dissoudre l'affliction et la m\u00e9lancolie.","rel":"","context":"Article similaire","block_context":{"text":"Article similaire","link":""},"img":{"alt_text":"","src":"https:\/\/i0.wp.com\/artstella-elixirs-floraux.com\/wp-content\/uploads\/2025\/03\/wp-image649.png?resize=350%2C200&ssl=1","width":350,"height":200},"classes":[]},{"id":4542,"url":"https:\/\/artstella-elixirs-floraux.com\/fr_fr\/produit\/coffret-pierres-precieuses-15-ml\/","url_meta":{"origin":4559,"position":1},"title":"COFFRET PIERRES PRECIEUSES 15 ML","author":"eveapprill","date":"9 mars 2025","format":false,"excerpt":"\u00a0Les 20 \u00e9lixirs de pierres pr\u00e9cieuses Les pierres pr\u00e9cieuses sont un cadeau de la terre. Durant des millions d\u2019ann\u00e9es, elles se sont form\u00e9es en son sein jusqu\u2019\u00e0 ce que les hommes les d\u00e9couvrent et les mettent \u00e0 la lumi\u00e8re.","rel":"","context":"Article similaire","block_context":{"text":"Article similaire","link":""},"img":{"alt_text":"","src":"https:\/\/i0.wp.com\/artstella-elixirs-floraux.com\/wp-content\/uploads\/2025\/03\/wp-image1169.png?resize=350%2C200&ssl=1","width":350,"height":200,"srcset":"https:\/\/i0.wp.com\/artstella-elixirs-floraux.com\/wp-content\/uploads\/2025\/03\/wp-image1169.png?resize=350%2C200&ssl=1 1x, https:\/\/i0.wp.com\/artstella-elixirs-floraux.com\/wp-content\/uploads\/2025\/03\/wp-image1169.png?resize=525%2C300&ssl=1 1.5x, https:\/\/i0.wp.com\/artstella-elixirs-floraux.com\/wp-content\/uploads\/2025\/03\/wp-image1169.png?resize=700%2C400&ssl=1 2x"},"classes":[]},{"id":3058,"url":"https:\/\/artstella-elixirs-floraux.com\/fr_fr\/produit\/topaze-bleue-phi-15-ml\/","url_meta":{"origin":4559,"position":2},"title":"TOPAZE BLEUE PHI 15 ML","author":"eveapprill","date":"9 mars 2025","format":false,"excerpt":"Topaze bleue (Topas) Favorise la cr\u00e9ativit\u00e9 et l'inspiration. Il apaise le mental et le clarifie, favorise l'effort spirituel et la tol\u00e9rance.","rel":"","context":"Article similaire","block_context":{"text":"Article similaire","link":""},"img":{"alt_text":"","src":"https:\/\/i0.wp.com\/artstella-elixirs-floraux.com\/wp-content\/uploads\/2025\/03\/wp-image651.png?resize=350%2C200&ssl=1","width":350,"height":200},"classes":[]},{"id":2964,"url":"https:\/\/artstella-elixirs-floraux.com\/fr_fr\/produit\/tourmaline-bleue-15-ml-phi\/","url_meta":{"origin":4559,"position":3},"title":"TOURMALINE BLEUE 15 ML PHI","author":"eveapprill","date":"9 mars 2025","format":false,"excerpt":"Tourmaline bleue (Indigolite) (Turmalin blau) D\u00e9noue les \u00e9motions bloqu\u00e9es au niveau du plexus solaire qui peuvent alors \u00eatre exprim\u00e9es verbalement. Correspond \u00e0 la partie r\u00e9ceptive de l'\u00eatre.","rel":"","context":"Article similaire","block_context":{"text":"Article similaire","link":""},"img":{"alt_text":"","src":"https:\/\/i0.wp.com\/artstella-elixirs-floraux.com\/wp-content\/uploads\/2025\/03\/wp-image308.png?resize=350%2C200&ssl=1","width":350,"height":200},"classes":[]},{"id":2941,"url":"https:\/\/artstella-elixirs-floraux.com\/fr_fr\/produit\/pierre-de-lune-15-ml-phi\/","url_meta":{"origin":4559,"position":4},"title":"PIERRE DE LUNE 15 ML PHI","author":"eveapprill","date":"9 mars 2025","format":false,"excerpt":"Pierre de lune (Mondstein) Stimule et favorise l'inspiration ainsi que le contact avec notre part f\u00e9minine. Il favorise la d\u00e9sintoxication sur tous les plans.","rel":"","context":"Article similaire","block_context":{"text":"Article similaire","link":""},"img":{"alt_text":"","src":"https:\/\/i0.wp.com\/artstella-elixirs-floraux.com\/wp-content\/uploads\/2025\/03\/wp-image300.png?resize=350%2C200&ssl=1","width":350,"height":200},"classes":[]},{"id":5267,"url":"https:\/\/artstella-elixirs-floraux.com\/fr_fr\/produit\/jeu-de-20-cartes-de-pierres-precieuses\/","url_meta":{"origin":4559,"position":5},"title":"Jeu de 20 cartes de pierres pr\u00e9cieuses","author":"eveapprill","date":"9 mars 2025","format":false,"excerpt":"Jeu de 20 cartes de pierres pr\u00e9cieuses repr\u00e9sentant les 20 premiers \u00e9lixirs de pierres pr\u00e9cieuses r\u00e9alis\u00e9s par Andr\u00e9s Korte","rel":"","context":"Article similaire","block_context":{"text":"Article similaire","link":""},"img":{"alt_text":"","src":"","width":0,"height":0},"classes":[]}],"_links":{"self":[{"href":"https:\/\/artstella-elixirs-floraux.com\/fr_fr\/wp-json\/wp\/v2\/product\/4559","targetHints":{"allow":["GET"]}}],"collection":[{"href":"https:\/\/artstella-elixirs-floraux.com\/fr_fr\/wp-json\/wp\/v2\/product"}],"about":[{"href":"https:\/\/artstella-elixirs-floraux.com\/fr_fr\/wp-json\/wp\/v2\/types\/product"}],"version-history":[{"count":0,"href":"https:\/\/artstella-elixirs-floraux.com\/fr_fr\/wp-json\/wp\/v2\/product\/4559\/revisions"}],"wp:featuredmedia":[{"embeddable":true,"href":"https:\/\/artstella-elixirs-floraux.com\/fr_fr\/wp-json\/wp\/v2\/media\/4560"}],"wp:attachment":[{"href":"https:\/\/artstella-elixirs-floraux.com\/fr_fr\/wp-json\/wp\/v2\/media?parent=4559"}],"wp:term":[{"taxonomy":"product_brand","embeddable":true,"href":"https:\/\/artstella-elixirs-floraux.com\/fr_fr\/wp-json\/wp\/v2\/product_brand?post=4559"},{"taxonomy":"product_cat","embeddable":true,"href":"https:\/\/artstella-elixirs-floraux.com\/fr_fr\/wp-json\/wp\/v2\/product_cat?post=4559"},{"taxonomy":"product_tag","embeddable":true,"href":"https:\/\/artstella-elixirs-floraux.com\/fr_fr\/wp-json\/wp\/v2\/product_tag?post=4559"}],"curies":[{"name":"wp","href":"https:\/\/api.w.org\/{rel}","templated":true}]}}