{"id":4561,"date":"2025-03-09T13:30:21","date_gmt":"2025-03-09T13:30:21","guid":{"rendered":"https:\/\/artstella-elixirs-floraux.com\/product\/coffret-20-elixirs-danimaux-europeens\/"},"modified":"2025-06-08T12:51:22","modified_gmt":"2025-06-08T12:51:22","slug":"coffret-20-elixirs-danimaux-europeens","status":"publish","type":"product","link":"https:\/\/artstella-elixirs-floraux.com\/fr_fr\/produit\/coffret-20-elixirs-danimaux-europeens\/","title":{"rendered":"COFFRET 20 \u00e9lixirs d&rsquo;ANIMAUX EUROPEENS"},"content":{"rendered":"","protected":false},"excerpt":{"rendered":"<p><strong>Contient 20 \u00e9lixirs d&rsquo;animaux europ\u00e9ens.<\/strong><\/p>\n<p>Ours, Salamandre, Grenouille, Lapin, Libellule, Papillon de Nuit, Paon, Cheval, Chevreuil, Boeuf, Mouton, Papillon, Cygne, Phoque, Araign\u00e9e, Bouquetin, Cigogne, Grand duc, Bison, Loup<\/p>\n","protected":false},"featured_media":4562,"template":"","meta":[],"product_brand":[],"product_cat":[108,137],"product_tag":[],"class_list":{"0":"post-4561","1":"product","2":"type-product","3":"status-publish","4":"has-post-thumbnail","6":"product_cat-les-coffrets-phi","7":"product_cat-les-elixirs-d-animlaux-europeens","9":"first","10":"instock","11":"taxable","12":"shipping-taxable","13":"purchasable","14":"product-type-simple"},"etheme_brands":{"errors":{"invalid_taxonomy":["Taxonomie non valide."]},"error_data":[]},"jetpack_sharing_enabled":true,"jetpack-related-posts":[{"id":6191,"url":"https:\/\/artstella-elixirs-floraux.com\/fr_fr\/produit\/papillon-de-nuit-a-e-15-ml-phi\/","url_meta":{"origin":4561,"position":0},"title":"PAPILLON DE NUIT A.E 15 ML PHI","author":"eveapprill","date":"9 mars 2025","format":false,"excerpt":"Papillon de nuit (Macroglossum stellatarum) L\u2019\u00e9lixir apporte du soutien et de la vigueur pour trouver le bon chemin. Il nous aide \u00e0 sortir de situations et de sch\u00e9mas bloqu\u00e9s.","rel":"","context":"Article similaire","block_context":{"text":"Article similaire","link":""},"img":{"alt_text":"","src":"https:\/\/i0.wp.com\/artstella-elixirs-floraux.com\/wp-content\/uploads\/2025\/03\/wp-image2190.png?resize=350%2C200&ssl=1","width":350,"height":200},"classes":[]},{"id":3924,"url":"https:\/\/artstella-elixirs-floraux.com\/fr_fr\/produit\/papillon-a-e-15-ml-phi\/","url_meta":{"origin":4561,"position":1},"title":"PAPILLON A.E 15 ML PHI","author":"eveapprill","date":"9 mars 2025","format":false,"excerpt":"Papillon Schmetterling, Roter fuchs nous aide \u00e0 \u00eatre nous-m\u00eame dans les situations difficiles pour nous en lib\u00e9rer. Il est l\u2019\u00e9lixir de la transformation et de la l\u00e9g\u00e8ret\u00e9. Il lib\u00e8re l\u2019\u00e2me et permet de reconna\u00eetre son potentiel.","rel":"","context":"Article similaire","block_context":{"text":"Article similaire","link":""},"img":{"alt_text":"","src":"","width":0,"height":0},"classes":[]},{"id":5536,"url":"https:\/\/artstella-elixirs-floraux.com\/fr_fr\/produit\/coffret-10-elixirs-d-animaux-n4-15ml\/","url_meta":{"origin":4561,"position":2},"title":"COFFRET 10 \u00e9lixirs d&rsquo; ANIMAUX N\u00b04 15ML","author":"eveapprill","date":"9 mars 2025","format":false,"excerpt":"Coffret n\u00b0 4 10 \u00e9lixirs d'animaux : contient : Tarentule, Tigre, Tortue, Baleine \u00e0 bosse, Baleine franche australe, Cachalot, Rorqual commun, Papillon Morpho, Papillon grand cuivr\u00e9, Dauphin rose","rel":"","context":"Article similaire","block_context":{"text":"Article similaire","link":""},"img":{"alt_text":"","src":"https:\/\/i0.wp.com\/artstella-elixirs-floraux.com\/wp-content\/uploads\/2025\/03\/wp-image1763.png?resize=350%2C200&ssl=1","width":350,"height":200},"classes":[]},{"id":4161,"url":"https:\/\/artstella-elixirs-floraux.com\/fr_fr\/produit\/cofret-papillons-de-1-20-15ml-sylfos\/","url_meta":{"origin":4561,"position":3},"title":"COFRET PAPILLONS de 1 &#8211; 20 15ML SYLFOS","author":"eveapprill","date":"9 mars 2025","format":false,"excerpt":"contient les \u00e9lixirs de papillons de 1 \u00e0 20 en 15ml","rel":"","context":"Article similaire","block_context":{"text":"Article similaire","link":""},"img":{"alt_text":"","src":"https:\/\/i0.wp.com\/artstella-elixirs-floraux.com\/wp-content\/uploads\/2025\/03\/wp-image1522.png?resize=350%2C200&ssl=1","width":350,"height":200,"srcset":"https:\/\/i0.wp.com\/artstella-elixirs-floraux.com\/wp-content\/uploads\/2025\/03\/wp-image1522.png?resize=350%2C200&ssl=1 1x, https:\/\/i0.wp.com\/artstella-elixirs-floraux.com\/wp-content\/uploads\/2025\/03\/wp-image1522.png?resize=525%2C300&ssl=1 1.5x, https:\/\/i0.wp.com\/artstella-elixirs-floraux.com\/wp-content\/uploads\/2025\/03\/wp-image1522.png?resize=700%2C400&ssl=1 2x"},"classes":[]},{"id":5860,"url":"https:\/\/artstella-elixirs-floraux.com\/fr_fr\/produit\/papillon-morpho-peleides-morpho-falter-15-ml-phi\/","url_meta":{"origin":4561,"position":4},"title":"Papillon Morpho peleides &#8211; Morpho Falter 15 ml PHI","author":"eveapprill","date":"9 mars 2025","format":false,"excerpt":"Papillon Morpho peleides - Morpho Falter Le papillon Morpho est l'un des plus beaux papillons du monde et il repr\u00e9sente le rayon bleu.Les papillons se d\u00e9placent sur des spirales et apporter de l'\u00e9nergie cosmique \u00e0 la terre. Le rayon bleu repr\u00e9sente:Protection, courage, puissance, la force et la connaissance du cosmos.","rel":"","context":"Article similaire","block_context":{"text":"Article similaire","link":""},"img":{"alt_text":"","src":"https:\/\/i0.wp.com\/artstella-elixirs-floraux.com\/wp-content\/uploads\/2025\/03\/wp-image1944.png?resize=350%2C200&ssl=1","width":350,"height":200},"classes":[]},{"id":4207,"url":"https:\/\/artstella-elixirs-floraux.com\/fr_fr\/produit\/butterfly-papillon-wea-30-ml\/","url_meta":{"origin":4561,"position":5},"title":"BUTTERFLY\/PAPILLON WEA 30 ML","author":"eveapprill","date":"9 mars 2025","format":false,"excerpt":"Butterfly (papillon) Catalyseur de transformation, cet \u00e9lixir apporte le soutien dans les moments de transition \u00e9motionnelle et spirituelle. Pour l\u00e2cher prise et aller de l\u2019avant. D\u00e9veloppe la l\u00e9g\u00e8ret\u00e9, la gr\u00e2ce, et l\u2019\u00e9quilibre entre la vuln\u00e9rabilit\u00e9 et la force.","rel":"","context":"Article similaire","block_context":{"text":"Article similaire","link":""},"img":{"alt_text":"","src":"","width":0,"height":0},"classes":[]}],"_links":{"self":[{"href":"https:\/\/artstella-elixirs-floraux.com\/fr_fr\/wp-json\/wp\/v2\/product\/4561","targetHints":{"allow":["GET"]}}],"collection":[{"href":"https:\/\/artstella-elixirs-floraux.com\/fr_fr\/wp-json\/wp\/v2\/product"}],"about":[{"href":"https:\/\/artstella-elixirs-floraux.com\/fr_fr\/wp-json\/wp\/v2\/types\/product"}],"version-history":[{"count":0,"href":"https:\/\/artstella-elixirs-floraux.com\/fr_fr\/wp-json\/wp\/v2\/product\/4561\/revisions"}],"wp:featuredmedia":[{"embeddable":true,"href":"https:\/\/artstella-elixirs-floraux.com\/fr_fr\/wp-json\/wp\/v2\/media\/4562"}],"wp:attachment":[{"href":"https:\/\/artstella-elixirs-floraux.com\/fr_fr\/wp-json\/wp\/v2\/media?parent=4561"}],"wp:term":[{"taxonomy":"product_brand","embeddable":true,"href":"https:\/\/artstella-elixirs-floraux.com\/fr_fr\/wp-json\/wp\/v2\/product_brand?post=4561"},{"taxonomy":"product_cat","embeddable":true,"href":"https:\/\/artstella-elixirs-floraux.com\/fr_fr\/wp-json\/wp\/v2\/product_cat?post=4561"},{"taxonomy":"product_tag","embeddable":true,"href":"https:\/\/artstella-elixirs-floraux.com\/fr_fr\/wp-json\/wp\/v2\/product_tag?post=4561"}],"curies":[{"name":"wp","href":"https:\/\/api.w.org\/{rel}","templated":true}]}}