{"id":4588,"date":"2025-03-09T13:30:46","date_gmt":"2025-03-09T13:30:46","guid":{"rendered":"https:\/\/artstella-elixirs-floraux.com\/product\/les-elixirs-white-light-en-francais\/"},"modified":"2025-06-02T06:37:00","modified_gmt":"2025-06-02T06:37:00","slug":"les-elixirs-white-light-en-francais","status":"publish","type":"product","link":"https:\/\/artstella-elixirs-floraux.com\/fr_fr\/produit\/les-elixirs-white-light-en-francais\/","title":{"rendered":"Les \u00e9lixirs \u00ab\u00a0WHITE LIGHT\u00a0\u00bb en fran\u00e7ais"},"content":{"rendered":"","protected":false},"excerpt":{"rendered":"<p>Petit opuscule pr\u00e9sentant cet aspect particulier de la recherche de Ian White qu&rsquo;il a men\u00e9e \u00e0 travers tous les continents.<\/p>\n","protected":false},"featured_media":4589,"template":"","meta":[],"product_brand":[],"product_cat":[158,157],"product_tag":[],"class_list":{"0":"post-4588","1":"product","2":"type-product","3":"status-publish","4":"has-post-thumbnail","6":"product_cat-livres-divers-francais","7":"product_cat-livres-et-cartes-sur-le-bush-australien","9":"first","10":"instock","11":"taxable","12":"shipping-taxable","13":"purchasable","14":"product-type-simple"},"etheme_brands":{"errors":{"invalid_taxonomy":["Taxonomie non valide."]},"error_data":[]},"jetpack_sharing_enabled":true,"jetpack-related-posts":[{"id":2339,"url":"https:\/\/artstella-elixirs-floraux.com\/fr_fr\/produit\/white-spruce-alaskan\/","url_meta":{"origin":4588,"position":0},"title":"White spruce Alaskan","author":"eveapprill","date":"9 mars 2025","format":false,"excerpt":"White spruce. Picea glauca Surcharge d'informations ; sensation d'\u00eatre d\u00e9sint\u00e9gr\u00e9, incapacit\u00e9 \u00e0 appliquer ses connaissances dans les d\u00e9fis de la vie","rel":"","context":"Article similaire","block_context":{"text":"Article similaire","link":""},"img":{"alt_text":"","src":"https:\/\/i0.wp.com\/artstella-elixirs-floraux.com\/wp-content\/uploads\/2025\/03\/wp-image598.png?resize=350%2C200&ssl=1","width":350,"height":200},"classes":[]},{"id":2343,"url":"https:\/\/artstella-elixirs-floraux.com\/fr_fr\/produit\/white-violet-alaskan\/","url_meta":{"origin":4588,"position":1},"title":"White violet Alaskan","author":"eveapprill","date":"9 mars 2025","format":false,"excerpt":"White violet. Viola renifolia Claustrophobie ; peur de perdre son identit\u00e9 au sein d'un groupe ; incapacit\u00e9 \u00e0 exprimer sa sensibilit\u00e9 d'une mani\u00e8re ais\u00e9e.","rel":"","context":"Article similaire","block_context":{"text":"Article similaire","link":""},"img":{"alt_text":"","src":"https:\/\/i0.wp.com\/artstella-elixirs-floraux.com\/wp-content\/uploads\/2025\/03\/wp-image599.png?resize=350%2C200&ssl=1","width":350,"height":200},"classes":[]},{"id":4702,"url":"https:\/\/artstella-elixirs-floraux.com\/fr_fr\/produit\/white-lightning-14-2ml-perelandra\/","url_meta":{"origin":4588,"position":2},"title":"WHITE LIGHTNING 14.2ML PERELANDRA","author":"eveapprill","date":"9 mars 2025","format":false,"excerpt":"WHITE LIGHTNING 15 ML PERELANDRA","rel":"","context":"Article similaire","block_context":{"text":"Article similaire","link":""},"img":{"alt_text":"","src":"https:\/\/i0.wp.com\/artstella-elixirs-floraux.com\/wp-content\/uploads\/2025\/03\/wp-image1281.png?resize=350%2C200&ssl=1","width":350,"height":200},"classes":[]},{"id":2335,"url":"https:\/\/artstella-elixirs-floraux.com\/fr_fr\/produit\/white-fireweed-alaskan\/","url_meta":{"origin":4588,"position":3},"title":"White fireweed Alaskan","author":"eveapprill","date":"9 mars 2025","format":false,"excerpt":"White fireweed. Epilobium angustifolium. Epilobe Profond traumatisme et choc ; profonde ali\u00e9nation du corps apr\u00e8s un abus sexuel ou \u00e9motionnel.","rel":"","context":"Article similaire","block_context":{"text":"Article similaire","link":""},"img":{"alt_text":"","src":"https:\/\/i0.wp.com\/artstella-elixirs-floraux.com\/wp-content\/uploads\/2025\/03\/wp-image597.png?resize=350%2C200&ssl=1","width":350,"height":200},"classes":[]},{"id":4594,"url":"https:\/\/artstella-elixirs-floraux.com\/fr_fr\/produit\/livre-white-light-anglais\/","url_meta":{"origin":4588,"position":4},"title":"LIVRE WHITE LIGHT anglais","author":"eveapprill","date":"9 mars 2025","format":false,"excerpt":"LIVRE WHITE LIGHT anglais","rel":"","context":"Article similaire","block_context":{"text":"Article similaire","link":""},"img":{"alt_text":"","src":"","width":0,"height":0},"classes":[]},{"id":2898,"url":"https:\/\/artstella-elixirs-floraux.com\/fr_fr\/produit\/white-chestnut-15-ml-phi\/","url_meta":{"origin":4588,"position":5},"title":"WHITE CHESTNUT 15 ML PHI","author":"eveapprill","date":"9 mars 2025","format":false,"excerpt":"White chesnut (Aezsculus hippocastanum) Marronnier blanc) Apaise les pens\u00e9es et favorise la clart\u00e9 mentale.","rel":"","context":"Article similaire","block_context":{"text":"Article similaire","link":""},"img":{"alt_text":"","src":"https:\/\/i0.wp.com\/artstella-elixirs-floraux.com\/wp-content\/uploads\/2025\/03\/wp-image1102.png?resize=350%2C200&ssl=1","width":350,"height":200},"classes":[]}],"_links":{"self":[{"href":"https:\/\/artstella-elixirs-floraux.com\/fr_fr\/wp-json\/wp\/v2\/product\/4588","targetHints":{"allow":["GET"]}}],"collection":[{"href":"https:\/\/artstella-elixirs-floraux.com\/fr_fr\/wp-json\/wp\/v2\/product"}],"about":[{"href":"https:\/\/artstella-elixirs-floraux.com\/fr_fr\/wp-json\/wp\/v2\/types\/product"}],"version-history":[{"count":0,"href":"https:\/\/artstella-elixirs-floraux.com\/fr_fr\/wp-json\/wp\/v2\/product\/4588\/revisions"}],"wp:featuredmedia":[{"embeddable":true,"href":"https:\/\/artstella-elixirs-floraux.com\/fr_fr\/wp-json\/wp\/v2\/media\/4589"}],"wp:attachment":[{"href":"https:\/\/artstella-elixirs-floraux.com\/fr_fr\/wp-json\/wp\/v2\/media?parent=4588"}],"wp:term":[{"taxonomy":"product_brand","embeddable":true,"href":"https:\/\/artstella-elixirs-floraux.com\/fr_fr\/wp-json\/wp\/v2\/product_brand?post=4588"},{"taxonomy":"product_cat","embeddable":true,"href":"https:\/\/artstella-elixirs-floraux.com\/fr_fr\/wp-json\/wp\/v2\/product_cat?post=4588"},{"taxonomy":"product_tag","embeddable":true,"href":"https:\/\/artstella-elixirs-floraux.com\/fr_fr\/wp-json\/wp\/v2\/product_tag?post=4588"}],"curies":[{"name":"wp","href":"https:\/\/api.w.org\/{rel}","templated":true}]}}