{"id":4592,"date":"2025-03-09T13:30:50","date_gmt":"2025-03-09T13:30:50","guid":{"rendered":"https:\/\/artstella-elixirs-floraux.com\/product\/petit-livre-bush-anglais\/"},"modified":"2026-02-01T15:17:49","modified_gmt":"2026-02-01T15:17:49","slug":"petit-livre-bush-anglais","status":"publish","type":"product","link":"https:\/\/artstella-elixirs-floraux.com\/fr_fr\/produit\/petit-livre-bush-anglais\/","title":{"rendered":"PETIT LIVRE BUSH en anglais"},"content":{"rendered":"","protected":false},"excerpt":{"rendered":"<p>PETIT LIVRE BUSH en anglais<\/p>\n<p>Ce <strong>Livre de r\u00e9f\u00e9rence<\/strong> en anglais pr\u00e9sente les diff\u00e9rents \u00e9lixirs du Bush Australien. Il fait partie du coffret complet.<\/p>\n","protected":false},"featured_media":12053,"template":"","meta":[],"product_brand":[],"product_cat":[159,157],"product_tag":[],"class_list":{"0":"post-4592","1":"product","2":"type-product","3":"status-publish","4":"has-post-thumbnail","6":"product_cat-livres-divers-anglais","7":"product_cat-livres-et-cartes-sur-le-bush-australien","9":"first","10":"instock","11":"taxable","12":"shipping-taxable","13":"purchasable","14":"product-type-simple"},"etheme_brands":{"errors":{"invalid_taxonomy":["Taxonomie non valide."]},"error_data":[]},"jetpack_sharing_enabled":true,"jetpack-related-posts":[{"id":4594,"url":"https:\/\/artstella-elixirs-floraux.com\/fr_fr\/produit\/livre-white-light-anglais\/","url_meta":{"origin":4592,"position":0},"title":"LIVRE WHITE LIGHT anglais","author":"eveapprill","date":"9 mars 2025","format":false,"excerpt":"LIVRE WHITE LIGHT anglais","rel":"","context":"Article similaire","block_context":{"text":"Article similaire","link":""},"img":{"alt_text":"","src":"","width":0,"height":0},"classes":[]},{"id":4598,"url":"https:\/\/artstella-elixirs-floraux.com\/fr_fr\/produit\/animal-healing-bush-essences\/","url_meta":{"origin":4592,"position":1},"title":"ANIMAL HEALING BUSH ESSENCES","author":"eveapprill","date":"9 mars 2025","format":false,"excerpt":"ANIMAL HEALING BUSH ESSENCES","rel":"","context":"Article similaire","block_context":{"text":"Article similaire","link":""},"img":{"alt_text":"","src":"","width":0,"height":0},"classes":[]},{"id":4596,"url":"https:\/\/artstella-elixirs-floraux.com\/fr_fr\/produit\/happy-healthy-kids-bush-essences\/","url_meta":{"origin":4592,"position":2},"title":"HAPPY HEALTHY KIDS BUSH ESSENCES","author":"eveapprill","date":"9 mars 2025","format":false,"excerpt":"HAPPY HEALTHY KIDS BUSH ESSENCES","rel":"","context":"Article similaire","block_context":{"text":"Article similaire","link":""},"img":{"alt_text":"","src":"","width":0,"height":0},"classes":[]},{"id":1974,"url":"https:\/\/artstella-elixirs-floraux.com\/fr_fr\/produit\/petit-livre-bush-australien\/","url_meta":{"origin":4592,"position":3},"title":"PETIT LIVRE BUSH AUSTRALIEN","author":"eveapprill","date":"17 f\u00e9vrier 2026","format":false,"excerpt":"Description des \u00e9lixirs du Bush (sauf Sedum et Calophyllum)","rel":"","context":"Article similaire","block_context":{"text":"Article similaire","link":""},"img":{"alt_text":"","src":"","width":0,"height":0},"classes":[]},{"id":4584,"url":"https:\/\/artstella-elixirs-floraux.com\/fr_fr\/produit\/coffret-elixirs-bush-71-elixirs\/","url_meta":{"origin":4592,"position":4},"title":"COFFRET ELIXIRS BUSH 71 \u00e9lixirs","author":"eveapprill","date":"9 mars 2025","format":false,"excerpt":"COFFRET \u00c9LIXIRS BUSH 71 Fl 15 ML Comprend les 71 \u00e9lixirs floraux du Bush, \u00e9tiquettes; le livret est en anglais","rel":"","context":"Article similaire","block_context":{"text":"Article similaire","link":""},"img":{"alt_text":"Les coffrets elixirs du Bush australien","src":"https:\/\/i0.wp.com\/artstella-elixirs-floraux.com\/wp-content\/uploads\/2025\/03\/wp-image2458.png?resize=350%2C200&ssl=1","width":350,"height":200,"srcset":"https:\/\/i0.wp.com\/artstella-elixirs-floraux.com\/wp-content\/uploads\/2025\/03\/wp-image2458.png?resize=350%2C200&ssl=1 1x, https:\/\/i0.wp.com\/artstella-elixirs-floraux.com\/wp-content\/uploads\/2025\/03\/wp-image2458.png?resize=525%2C300&ssl=1 1.5x, https:\/\/i0.wp.com\/artstella-elixirs-floraux.com\/wp-content\/uploads\/2025\/03\/wp-image2458.png?resize=700%2C400&ssl=1 2x, https:\/\/i0.wp.com\/artstella-elixirs-floraux.com\/wp-content\/uploads\/2025\/03\/wp-image2458.png?resize=1050%2C600&ssl=1 3x"},"classes":[]},{"id":12141,"url":"https:\/\/artstella-elixirs-floraux.com\/fr_fr\/produit\/livre-les-elixirs-du-bush-australien\/","url_meta":{"origin":4592,"position":5},"title":"Livre Les \u00e9lixirs du Bush Australien","author":"eveapprill","date":"17 f\u00e9vrier 2026","format":false,"excerpt":"Description des premiers \u00e9lixirs r\u00e9alis\u00e9s par Ian White","rel":"","context":"Article similaire","block_context":{"text":"Article similaire","link":""},"img":{"alt_text":"","src":"","width":0,"height":0},"classes":[]}],"_links":{"self":[{"href":"https:\/\/artstella-elixirs-floraux.com\/fr_fr\/wp-json\/wp\/v2\/product\/4592","targetHints":{"allow":["GET"]}}],"collection":[{"href":"https:\/\/artstella-elixirs-floraux.com\/fr_fr\/wp-json\/wp\/v2\/product"}],"about":[{"href":"https:\/\/artstella-elixirs-floraux.com\/fr_fr\/wp-json\/wp\/v2\/types\/product"}],"version-history":[{"count":4,"href":"https:\/\/artstella-elixirs-floraux.com\/fr_fr\/wp-json\/wp\/v2\/product\/4592\/revisions"}],"predecessor-version":[{"id":12058,"href":"https:\/\/artstella-elixirs-floraux.com\/fr_fr\/wp-json\/wp\/v2\/product\/4592\/revisions\/12058"}],"wp:featuredmedia":[{"embeddable":true,"href":"https:\/\/artstella-elixirs-floraux.com\/fr_fr\/wp-json\/wp\/v2\/media\/12053"}],"wp:attachment":[{"href":"https:\/\/artstella-elixirs-floraux.com\/fr_fr\/wp-json\/wp\/v2\/media?parent=4592"}],"wp:term":[{"taxonomy":"product_brand","embeddable":true,"href":"https:\/\/artstella-elixirs-floraux.com\/fr_fr\/wp-json\/wp\/v2\/product_brand?post=4592"},{"taxonomy":"product_cat","embeddable":true,"href":"https:\/\/artstella-elixirs-floraux.com\/fr_fr\/wp-json\/wp\/v2\/product_cat?post=4592"},{"taxonomy":"product_tag","embeddable":true,"href":"https:\/\/artstella-elixirs-floraux.com\/fr_fr\/wp-json\/wp\/v2\/product_tag?post=4592"}],"curies":[{"name":"wp","href":"https:\/\/api.w.org\/{rel}","templated":true}]}}