{"id":4598,"date":"2025-03-09T13:30:55","date_gmt":"2025-03-09T13:30:55","guid":{"rendered":"https:\/\/artstella-elixirs-floraux.com\/product\/animal-healing-bush-essences\/"},"modified":"2025-06-02T06:39:08","modified_gmt":"2025-06-02T06:39:08","slug":"animal-healing-bush-essences","status":"publish","type":"product","link":"https:\/\/artstella-elixirs-floraux.com\/fr_fr\/produit\/animal-healing-bush-essences\/","title":{"rendered":"ANIMAL HEALING BUSH ESSENCES"},"content":{"rendered":"","protected":false},"excerpt":{"rendered":"<p>ANIMAL HEALING BUSH ESSENCES<\/p>\n","protected":false},"featured_media":4599,"template":"","meta":[],"product_brand":[],"product_cat":[159,157],"product_tag":[],"class_list":{"0":"post-4598","1":"product","2":"type-product","3":"status-publish","4":"has-post-thumbnail","6":"product_cat-livres-divers-anglais","7":"product_cat-livres-et-cartes-sur-le-bush-australien","9":"first","10":"instock","11":"taxable","12":"shipping-taxable","13":"purchasable","14":"product-type-simple"},"etheme_brands":{"errors":{"invalid_taxonomy":["Taxonomie non valide."]},"error_data":[]},"jetpack_sharing_enabled":true,"jetpack-related-posts":[{"id":6386,"url":"https:\/\/artstella-elixirs-floraux.com\/fr_fr\/produit\/le-livre-les-elixirs-danimaux-par-d-mapel\/","url_meta":{"origin":4598,"position":0},"title":"Le livre \u00ab\u00a0Les \u00e9lixirs d&rsquo;animaux\u00a0\u00bb par D. Mapel","author":"eveapprill","date":"9 mars 2025","format":false,"excerpt":"Livre contenant des informations g\u00e9n\u00e9rales au sujet des \u00e9lixirs animaux ainsi que des informations sur tous les \u00e9lixirs et les produits d\u00e9riv\u00e9s de la gamme (descriptifs, photos, affirmations).","rel":"","context":"Article similaire","block_context":{"text":"Article similaire","link":""},"img":{"alt_text":"","src":"https:\/\/i0.wp.com\/artstella-elixirs-floraux.com\/wp-content\/uploads\/2025\/03\/wp-image2482.png?resize=350%2C200&ssl=1","width":350,"height":200,"srcset":"https:\/\/i0.wp.com\/artstella-elixirs-floraux.com\/wp-content\/uploads\/2025\/03\/wp-image2482.png?resize=350%2C200&ssl=1 1x, https:\/\/i0.wp.com\/artstella-elixirs-floraux.com\/wp-content\/uploads\/2025\/03\/wp-image2482.png?resize=525%2C300&ssl=1 1.5x, https:\/\/i0.wp.com\/artstella-elixirs-floraux.com\/wp-content\/uploads\/2025\/03\/wp-image2482.png?resize=700%2C400&ssl=1 2x"},"classes":[]},{"id":4596,"url":"https:\/\/artstella-elixirs-floraux.com\/fr_fr\/produit\/happy-healthy-kids-bush-essences\/","url_meta":{"origin":4598,"position":1},"title":"HAPPY HEALTHY KIDS BUSH ESSENCES","author":"eveapprill","date":"9 mars 2025","format":false,"excerpt":"HAPPY HEALTHY KIDS BUSH ESSENCES","rel":"","context":"Article similaire","block_context":{"text":"Article similaire","link":""},"img":{"alt_text":"","src":"","width":0,"height":0},"classes":[]},{"id":5181,"url":"https:\/\/artstella-elixirs-floraux.com\/fr_fr\/produit\/le-livre-orchid-essence-healing-en-anglais\/","url_meta":{"origin":4598,"position":2},"title":"Le livre Orchid Essence Healing en anglais","author":"eveapprill","date":"9 mars 2025","format":false,"excerpt":"Ce livre en anglais paru en 2010 est une introduction \u00e0 l'utilisation des \u00e9lixirs d'orchid\u00e9es LTOE par Don Dennis, cr\u00e9ateur de la gamme.","rel":"","context":"Article similaire","block_context":{"text":"Article similaire","link":""},"img":{"alt_text":"","src":"https:\/\/i0.wp.com\/artstella-elixirs-floraux.com\/wp-content\/uploads\/2025\/03\/wp-image1482.png?resize=350%2C200&ssl=1","width":350,"height":200},"classes":[]},{"id":2775,"url":"https:\/\/artstella-elixirs-floraux.com\/fr_fr\/produit\/madagascar-bush-lf\/","url_meta":{"origin":4598,"position":3},"title":"MADAGASCAR BUSH LF","author":"eveapprill","date":"9 mars 2025","format":false,"excerpt":"Madagascar Essence \u2013 Elixir de Madagascar Aide \u00e0 nous connecter avec gentillesse et harmonie aux autres, y compris les animaux et la terre. Mais son plus beau cadeau est de nous permettre de nous d\u00e9tacher de la conscience de masse et de sa pr\u00e9dilection pour la maladie.","rel":"","context":"Article similaire","block_context":{"text":"Article similaire","link":""},"img":{"alt_text":"Les Elixirs \" Light Fr\u00e9quences\"","src":"https:\/\/i0.wp.com\/artstella-elixirs-floraux.com\/wp-content\/uploads\/2025\/03\/5d3b0688-526c-42f3-b056-890005ef5440.jpg?resize=350%2C200&ssl=1","width":350,"height":200,"srcset":"https:\/\/i0.wp.com\/artstella-elixirs-floraux.com\/wp-content\/uploads\/2025\/03\/5d3b0688-526c-42f3-b056-890005ef5440.jpg?resize=350%2C200&ssl=1 1x, https:\/\/i0.wp.com\/artstella-elixirs-floraux.com\/wp-content\/uploads\/2025\/03\/5d3b0688-526c-42f3-b056-890005ef5440.jpg?resize=525%2C300&ssl=1 1.5x, https:\/\/i0.wp.com\/artstella-elixirs-floraux.com\/wp-content\/uploads\/2025\/03\/5d3b0688-526c-42f3-b056-890005ef5440.jpg?resize=700%2C400&ssl=1 2x"},"classes":[]},{"id":2678,"url":"https:\/\/artstella-elixirs-floraux.com\/fr_fr\/produit\/green-essence-bush-15ml\/","url_meta":{"origin":4598,"position":4},"title":"GREEN ESSENCE BUSH 15ML","author":"eveapprill","date":"9 mars 2025","format":false,"excerpt":"GREEN ESSENCE D\u00e9tresse \u00e9motionnelle associ\u00e9e \u00e0 des probl\u00e8mes intestinaux et dermatologiques. Harmonise la vibration de tout champignon ou parasite avec sa propre vibration, purification.","rel":"","context":"Article similaire","block_context":{"text":"Article similaire","link":""},"img":{"alt_text":"","src":"","width":0,"height":0},"classes":[]},{"id":2769,"url":"https:\/\/artstella-elixirs-floraux.com\/fr_fr\/produit\/arctic-essence-bush-lf\/","url_meta":{"origin":4598,"position":5},"title":"ARCTIC ESSENCE BUSH LF","author":"eveapprill","date":"9 mars 2025","format":false,"excerpt":"Arctic Essence \u2013 Elixir de l'Arctique Lib\u00e8re le potentiel lumineux de chaque individu. Favorise la spiritualit\u00e9 et nous aide \u00e0 \u00e9quilibrer notre fr\u00e9quence \u00e9lectromagn\u00e9tique avec celle de la plan\u00e8te.","rel":"","context":"Article similaire","block_context":{"text":"Article similaire","link":""},"img":{"alt_text":"","src":"https:\/\/i0.wp.com\/artstella-elixirs-floraux.com\/wp-content\/uploads\/2025\/03\/a56184b6-0ac2-44d9-a881-46b1cf098ebd.jpg?resize=350%2C200&ssl=1","width":350,"height":200,"srcset":"https:\/\/i0.wp.com\/artstella-elixirs-floraux.com\/wp-content\/uploads\/2025\/03\/a56184b6-0ac2-44d9-a881-46b1cf098ebd.jpg?resize=350%2C200&ssl=1 1x, https:\/\/i0.wp.com\/artstella-elixirs-floraux.com\/wp-content\/uploads\/2025\/03\/a56184b6-0ac2-44d9-a881-46b1cf098ebd.jpg?resize=525%2C300&ssl=1 1.5x, https:\/\/i0.wp.com\/artstella-elixirs-floraux.com\/wp-content\/uploads\/2025\/03\/a56184b6-0ac2-44d9-a881-46b1cf098ebd.jpg?resize=700%2C400&ssl=1 2x"},"classes":[]}],"_links":{"self":[{"href":"https:\/\/artstella-elixirs-floraux.com\/fr_fr\/wp-json\/wp\/v2\/product\/4598","targetHints":{"allow":["GET"]}}],"collection":[{"href":"https:\/\/artstella-elixirs-floraux.com\/fr_fr\/wp-json\/wp\/v2\/product"}],"about":[{"href":"https:\/\/artstella-elixirs-floraux.com\/fr_fr\/wp-json\/wp\/v2\/types\/product"}],"version-history":[{"count":0,"href":"https:\/\/artstella-elixirs-floraux.com\/fr_fr\/wp-json\/wp\/v2\/product\/4598\/revisions"}],"wp:featuredmedia":[{"embeddable":true,"href":"https:\/\/artstella-elixirs-floraux.com\/fr_fr\/wp-json\/wp\/v2\/media\/4599"}],"wp:attachment":[{"href":"https:\/\/artstella-elixirs-floraux.com\/fr_fr\/wp-json\/wp\/v2\/media?parent=4598"}],"wp:term":[{"taxonomy":"product_brand","embeddable":true,"href":"https:\/\/artstella-elixirs-floraux.com\/fr_fr\/wp-json\/wp\/v2\/product_brand?post=4598"},{"taxonomy":"product_cat","embeddable":true,"href":"https:\/\/artstella-elixirs-floraux.com\/fr_fr\/wp-json\/wp\/v2\/product_cat?post=4598"},{"taxonomy":"product_tag","embeddable":true,"href":"https:\/\/artstella-elixirs-floraux.com\/fr_fr\/wp-json\/wp\/v2\/product_tag?post=4598"}],"curies":[{"name":"wp","href":"https:\/\/api.w.org\/{rel}","templated":true}]}}