{"id":4607,"date":"2025-03-09T13:31:00","date_gmt":"2025-03-09T13:31:00","guid":{"rendered":"https:\/\/artstella-elixirs-floraux.com\/product\/coffret-4-sprays-combi-60-ml\/"},"modified":"2025-03-09T13:31:00","modified_gmt":"2025-03-09T13:31:00","slug":"coffret-4-sprays-combi-60-ml","status":"publish","type":"product","link":"https:\/\/artstella-elixirs-floraux.com\/fr_fr\/produit\/coffret-4-sprays-combi-60-ml\/","title":{"rendered":"COFFRET 4 SPRAYS COMBI 60 ML"},"content":{"rendered":"","protected":false},"excerpt":{"rendered":"<p>COFFRET 4 SPRAYS COMBI 60 ML<\/p>\n","protected":false},"featured_media":4608,"template":"","meta":[],"product_brand":[],"product_cat":[110],"product_tag":[],"class_list":{"0":"post-4607","1":"product","2":"type-product","3":"status-publish","4":"has-post-thumbnail","6":"product_cat-les-coffrets-des-elixirs-d-alaska","8":"first","9":"instock","10":"taxable","11":"shipping-taxable","12":"purchasable","13":"product-type-simple"},"etheme_brands":{"errors":{"invalid_taxonomy":["Taxonomie non valide."]},"error_data":[]},"jetpack_sharing_enabled":true,"jetpack-related-posts":[{"id":4603,"url":"https:\/\/artstella-elixirs-floraux.com\/fr_fr\/produit\/coffret-4sprays-espace-sacre-120-ml\/","url_meta":{"origin":4607,"position":0},"title":"COFFRET 4 SPRAYS ESPACE SACRE 120 ML","author":"eveapprill","date":"9 mars 2025","format":false,"excerpt":"COFFRET 4SPRAYS ESPACE SACRE 120 ML Purification pour \"nettoyer\" \u00e9nerg\u00e9tiquement une pi\u00e8ce. Guardian pour invoquer une \u00e9nergie de protection dans l\u2019espace. Calling All Angels pour les pi\u00e8ces de m\u00e9ditation ou de consultation... Ligthen Up Excellent pour les pi\u00e8ces manquant de lumi\u00e8re naturelle","rel":"","context":"Article similaire","block_context":{"text":"Article similaire","link":""},"img":{"alt_text":"","src":"","width":0,"height":0},"classes":[]},{"id":5526,"url":"https:\/\/artstella-elixirs-floraux.com\/fr_fr\/produit\/beyond-words-spray-60ml\/","url_meta":{"origin":4607,"position":1},"title":"BEYOND WORDS SPRAY 60ml","author":"eveapprill","date":"9 mars 2025","format":false,"excerpt":"BEYOND WORDS (Au-del\u00e0 des mots) (spray 60 ml) Est une formule qui permet d'augmenter notre capacit\u00e9 d'expression verbale et non - verbale. Elle facilite l'\u00e9change du flux d'informations et d'id\u00e9es entre deux personnes et donc la compr\u00e9hension.","rel":"","context":"Article similaire","block_context":{"text":"Article similaire","link":""},"img":{"alt_text":"","src":"https:\/\/i0.wp.com\/artstella-elixirs-floraux.com\/wp-content\/uploads\/2025\/03\/876d2e65-744e-4ea5-95bc-59cb409a0719.jpg?resize=350%2C200&ssl=1","width":350,"height":200,"srcset":"https:\/\/i0.wp.com\/artstella-elixirs-floraux.com\/wp-content\/uploads\/2025\/03\/876d2e65-744e-4ea5-95bc-59cb409a0719.jpg?resize=350%2C200&ssl=1 1x, https:\/\/i0.wp.com\/artstella-elixirs-floraux.com\/wp-content\/uploads\/2025\/03\/876d2e65-744e-4ea5-95bc-59cb409a0719.jpg?resize=525%2C300&ssl=1 1.5x, https:\/\/i0.wp.com\/artstella-elixirs-floraux.com\/wp-content\/uploads\/2025\/03\/876d2e65-744e-4ea5-95bc-59cb409a0719.jpg?resize=700%2C400&ssl=1 2x"},"classes":[]},{"id":5528,"url":"https:\/\/artstella-elixirs-floraux.com\/fr_fr\/produit\/go-create-spray-alaska-60-ml\/","url_meta":{"origin":4607,"position":2},"title":"GO CREATE SPRAY ALASKA 60ml","author":"eveapprill","date":"9 mars 2025","format":false,"excerpt":"GO CREATE\u00a0 (Cr\u00e9ativit\u00e9) (spray 60ml) Combinaison soutenant l'abondance. Elle est faite pour nous aider \u00e0 co-cr\u00e9er ce que vous voulez, avez besoin de et d\u00e9sirez dans vos vie avec moins de r\u00e9sistance, plus de facilit\u00e9 et d'efficacit\u00e9.","rel":"","context":"Article similaire","block_context":{"text":"Article similaire","link":""},"img":{"alt_text":"","src":"https:\/\/i0.wp.com\/artstella-elixirs-floraux.com\/wp-content\/uploads\/2025\/03\/a3a37652-b137-43bd-9eb5-5397cb3760f1.jpg?resize=350%2C200&ssl=1","width":350,"height":200,"srcset":"https:\/\/i0.wp.com\/artstella-elixirs-floraux.com\/wp-content\/uploads\/2025\/03\/a3a37652-b137-43bd-9eb5-5397cb3760f1.jpg?resize=350%2C200&ssl=1 1x, https:\/\/i0.wp.com\/artstella-elixirs-floraux.com\/wp-content\/uploads\/2025\/03\/a3a37652-b137-43bd-9eb5-5397cb3760f1.jpg?resize=525%2C300&ssl=1 1.5x, https:\/\/i0.wp.com\/artstella-elixirs-floraux.com\/wp-content\/uploads\/2025\/03\/a3a37652-b137-43bd-9eb5-5397cb3760f1.jpg?resize=700%2C400&ssl=1 2x"},"classes":[]},{"id":6181,"url":"https:\/\/artstella-elixirs-floraux.com\/fr_fr\/produit\/coffret-48-elixirs-bloesem-remedies-10-ml\/","url_meta":{"origin":4607,"position":3},"title":"Coffret 48 \u00e9lixirs Bloesem Remedies 10 ml","author":"eveapprill","date":"9 mars 2025","format":false,"excerpt":"Contient 48 \u00e9lixirs floraux pr\u00e9par\u00e9s par Bloesem Remedies en 10 ml les 30 premiers \u00e9lixirs + les \u00e9lixirs compl\u00e9mentaires et les 4 compos\u00e9s Terra, Protection, Arc en Ciel et Love","rel":"","context":"Article similaire","block_context":{"text":"Article similaire","link":""},"img":{"alt_text":"","src":"","width":0,"height":0},"classes":[]},{"id":5502,"url":"https:\/\/artstella-elixirs-floraux.com\/fr_fr\/produit\/coffret-4-x-10ml-elixirs-bloesem\/","url_meta":{"origin":4607,"position":4},"title":"Coffret 4 x 10ml \u00e9lixirs Bloesem","author":"eveapprill","date":"9 mars 2025","format":false,"excerpt":"Un petit coffret r\u00e9unissant les 4 compos\u00e9s des \u00e9lixirs hollandais en 10 ml: Terra un compos\u00e9 d'urgence qui am\u00e9liore l'ancrage pour passer les moments difficiles. Regenborg : Arc en ciel qui soutient le d\u00e9veloppement personnel en reliant ciel et terre. Besherming Protection au niveau \u00e9motionnel et spirituel Liefde Love Amour\u2026","rel":"","context":"Article similaire","block_context":{"text":"Article similaire","link":""},"img":{"alt_text":"","src":"","width":0,"height":0},"classes":[]},{"id":4625,"url":"https:\/\/artstella-elixirs-floraux.com\/fr_fr\/produit\/coffret-72-fleurs-30-ml\/","url_meta":{"origin":4607,"position":5},"title":"COFFRET 72 FLEURS 30 ML","author":"eveapprill","date":"9 mars 2025","format":false,"excerpt":"COFFRET 72 FLEURS 30 ML","rel":"","context":"Article similaire","block_context":{"text":"Article similaire","link":""},"img":{"alt_text":"Les coffrets des \u00e9lixirs d'Alaska","src":"https:\/\/i0.wp.com\/artstella-elixirs-floraux.com\/wp-content\/uploads\/2025\/03\/wp-image1462.png?resize=350%2C200&ssl=1","width":350,"height":200},"classes":[]}],"_links":{"self":[{"href":"https:\/\/artstella-elixirs-floraux.com\/fr_fr\/wp-json\/wp\/v2\/product\/4607","targetHints":{"allow":["GET"]}}],"collection":[{"href":"https:\/\/artstella-elixirs-floraux.com\/fr_fr\/wp-json\/wp\/v2\/product"}],"about":[{"href":"https:\/\/artstella-elixirs-floraux.com\/fr_fr\/wp-json\/wp\/v2\/types\/product"}],"version-history":[{"count":0,"href":"https:\/\/artstella-elixirs-floraux.com\/fr_fr\/wp-json\/wp\/v2\/product\/4607\/revisions"}],"wp:featuredmedia":[{"embeddable":true,"href":"https:\/\/artstella-elixirs-floraux.com\/fr_fr\/wp-json\/wp\/v2\/media\/4608"}],"wp:attachment":[{"href":"https:\/\/artstella-elixirs-floraux.com\/fr_fr\/wp-json\/wp\/v2\/media?parent=4607"}],"wp:term":[{"taxonomy":"product_brand","embeddable":true,"href":"https:\/\/artstella-elixirs-floraux.com\/fr_fr\/wp-json\/wp\/v2\/product_brand?post=4607"},{"taxonomy":"product_cat","embeddable":true,"href":"https:\/\/artstella-elixirs-floraux.com\/fr_fr\/wp-json\/wp\/v2\/product_cat?post=4607"},{"taxonomy":"product_tag","embeddable":true,"href":"https:\/\/artstella-elixirs-floraux.com\/fr_fr\/wp-json\/wp\/v2\/product_tag?post=4607"}],"curies":[{"name":"wp","href":"https:\/\/api.w.org\/{rel}","templated":true}]}}