{"id":4733,"date":"2025-03-09T13:32:53","date_gmt":"2025-03-09T13:32:53","guid":{"rendered":"https:\/\/artstella-elixirs-floraux.com\/product\/chicago-peace-14-2ml-roses-ii\/"},"modified":"2025-06-08T12:51:20","modified_gmt":"2025-06-08T12:51:20","slug":"chicago-peace-14-2ml-roses-ii","status":"publish","type":"product","link":"https:\/\/artstella-elixirs-floraux.com\/fr_fr\/produit\/chicago-peace-14-2ml-roses-ii\/","title":{"rendered":"CHICAGO PEACE 14.2ML ROSES II"},"content":{"rendered":"<p>Ingr\u00e9dients :<\/p>\n<p>. Infusion solaire du sch\u00e9ma de \u00ab\u00a0Chicago Peace\u00a0\u00bb : 0,5%<\/p>\n<p>. Eau de source<\/p>\n<p>. Alcool de raisin : 13,33 %<\/p>\n<p>Flacon en verre brun de 14,2 ml + pipette compte-gouttes<\/p>\n<p>\u00a0<\/p>\n<p>Utilisation : 1 \u00e0 2 gouttes suivant les besoins.<\/p>\n<p>\u00a0<\/p>\n<p>Fabricant : Perelandra Ltd &#8211; Virginie &#8211; USA<\/p>\n","protected":false},"excerpt":{"rendered":"<p>CHICAGO PEACE 15ML ROSES II<\/p>\n","protected":false},"featured_media":4734,"template":"","meta":[],"product_brand":[],"product_cat":[163],"product_tag":[],"class_list":{"0":"post-4733","1":"product","2":"type-product","3":"status-publish","4":"has-post-thumbnail","6":"product_cat-les-elixirs-de-roses-2","8":"first","9":"instock","10":"taxable","11":"shipping-taxable","12":"purchasable","13":"product-type-simple"},"etheme_brands":{"errors":{"invalid_taxonomy":["Taxonomie non valide."]},"error_data":[]},"jetpack_sharing_enabled":true,"jetpack-related-posts":[{"id":4674,"url":"https:\/\/artstella-elixirs-floraux.com\/fr_fr\/produit\/perelandra-roses-ii-15ml\/","url_meta":{"origin":4733,"position":0},"title":"PERELANDRA ROSES II 15ML","author":"eveapprill","date":"27 mai 2025","format":false,"excerpt":"PERELANDRA ROSES II 15ML Coffret de 8 flacons de Rose II Essences","rel":"","context":"Article similaire","block_context":{"text":"Article similaire","link":""},"img":{"alt_text":"","src":"https:\/\/i0.wp.com\/artstella-elixirs-floraux.com\/wp-content\/uploads\/2025\/03\/wp-image1267.png?resize=350%2C200&ssl=1","width":350,"height":200},"classes":[]},{"id":4680,"url":"https:\/\/artstella-elixirs-floraux.com\/fr_fr\/produit\/coffret-roses-2-perelandra\/","url_meta":{"origin":4733,"position":1},"title":"COFFRET ROSES 2 PERELANDRA","author":"eveapprill","date":"9 mars 2025","format":false,"excerpt":"COFFRET ROSES 2 PERELANDRA Coffret de 8 flacons de Rose II Essences","rel":"","context":"Article similaire","block_context":{"text":"Article similaire","link":""},"img":{"alt_text":"","src":"https:\/\/i0.wp.com\/artstella-elixirs-floraux.com\/wp-content\/uploads\/2025\/03\/wp-image1270.png?resize=350%2C200&ssl=1","width":350,"height":200},"classes":[]},{"id":4691,"url":"https:\/\/artstella-elixirs-floraux.com\/fr_fr\/produit\/peace-14-2ml-perelandra\/","url_meta":{"origin":4733,"position":2},"title":"PEACE 14.2ML PERELANDRA","author":"eveapprill","date":"9 mars 2025","format":false,"excerpt":"PEACE 15 ML PERELANDRA","rel":"","context":"Article similaire","block_context":{"text":"Article similaire","link":""},"img":{"alt_text":"","src":"https:\/\/i0.wp.com\/artstella-elixirs-floraux.com\/wp-content\/uploads\/2025\/03\/wp-image1276.png?resize=350%2C200&ssl=1","width":350,"height":200},"classes":[]},{"id":4678,"url":"https:\/\/artstella-elixirs-floraux.com\/fr_fr\/produit\/coffret-roses-1-perelandra-15-ml\/","url_meta":{"origin":4733,"position":3},"title":"COFFRET ROSES 1 PERELANDRA 15 ML","author":"eveapprill","date":"9 mars 2025","format":false,"excerpt":"COFFRET ROSES 1 PERELANDRA 15 ML 8 flacons de 14.2ml de Rose I Essences","rel":"","context":"Article similaire","block_context":{"text":"Article similaire","link":""},"img":{"alt_text":"","src":"https:\/\/i0.wp.com\/artstella-elixirs-floraux.com\/wp-content\/uploads\/2025\/03\/wp-image1269.png?resize=350%2C200&ssl=1","width":350,"height":200},"classes":[]},{"id":3517,"url":"https:\/\/artstella-elixirs-floraux.com\/fr_fr\/produit\/sleep-of-peace-lto-15-ml\/","url_meta":{"origin":4733,"position":4},"title":"SLEEP OF PEACE LTO 15 ML","author":"eveapprill","date":"9 mars 2025","format":false,"excerpt":"Sleep of peace \/ Dormir en paix : am\u00e9liore la qualit\u00e9 du sommeil et la quantit\u00e9 de sommeil, diff\u00e9remment de Gentle Sleep, en ce qu'il touche les sch\u00e9mas du sommeil.","rel":"","context":"Article similaire","block_context":{"text":"Article similaire","link":""},"img":{"alt_text":"","src":"https:\/\/i0.wp.com\/artstella-elixirs-floraux.com\/wp-content\/uploads\/2025\/03\/215447f8-a671-498d-9849-7286bf5b6f82.jpg?resize=350%2C200&ssl=1","width":350,"height":200,"srcset":"https:\/\/i0.wp.com\/artstella-elixirs-floraux.com\/wp-content\/uploads\/2025\/03\/215447f8-a671-498d-9849-7286bf5b6f82.jpg?resize=350%2C200&ssl=1 1x, https:\/\/i0.wp.com\/artstella-elixirs-floraux.com\/wp-content\/uploads\/2025\/03\/215447f8-a671-498d-9849-7286bf5b6f82.jpg?resize=525%2C300&ssl=1 1.5x, https:\/\/i0.wp.com\/artstella-elixirs-floraux.com\/wp-content\/uploads\/2025\/03\/215447f8-a671-498d-9849-7286bf5b6f82.jpg?resize=700%2C400&ssl=1 2x"},"classes":[]},{"id":4731,"url":"https:\/\/artstella-elixirs-floraux.com\/fr_fr\/produit\/sonia-14-2ml-rose-ii\/","url_meta":{"origin":4733,"position":5},"title":"SONIA 14.2ML ROSE II","author":"eveapprill","date":"9 mars 2025","format":false,"excerpt":"SONIA 15ML ROSE II","rel":"","context":"Article similaire","block_context":{"text":"Article similaire","link":""},"img":{"alt_text":"","src":"https:\/\/i0.wp.com\/artstella-elixirs-floraux.com\/wp-content\/uploads\/2025\/03\/wp-image1297.png?resize=350%2C200&ssl=1","width":350,"height":200},"classes":[]}],"_links":{"self":[{"href":"https:\/\/artstella-elixirs-floraux.com\/fr_fr\/wp-json\/wp\/v2\/product\/4733","targetHints":{"allow":["GET"]}}],"collection":[{"href":"https:\/\/artstella-elixirs-floraux.com\/fr_fr\/wp-json\/wp\/v2\/product"}],"about":[{"href":"https:\/\/artstella-elixirs-floraux.com\/fr_fr\/wp-json\/wp\/v2\/types\/product"}],"version-history":[{"count":0,"href":"https:\/\/artstella-elixirs-floraux.com\/fr_fr\/wp-json\/wp\/v2\/product\/4733\/revisions"}],"wp:featuredmedia":[{"embeddable":true,"href":"https:\/\/artstella-elixirs-floraux.com\/fr_fr\/wp-json\/wp\/v2\/media\/4734"}],"wp:attachment":[{"href":"https:\/\/artstella-elixirs-floraux.com\/fr_fr\/wp-json\/wp\/v2\/media?parent=4733"}],"wp:term":[{"taxonomy":"product_brand","embeddable":true,"href":"https:\/\/artstella-elixirs-floraux.com\/fr_fr\/wp-json\/wp\/v2\/product_brand?post=4733"},{"taxonomy":"product_cat","embeddable":true,"href":"https:\/\/artstella-elixirs-floraux.com\/fr_fr\/wp-json\/wp\/v2\/product_cat?post=4733"},{"taxonomy":"product_tag","embeddable":true,"href":"https:\/\/artstella-elixirs-floraux.com\/fr_fr\/wp-json\/wp\/v2\/product_tag?post=4733"}],"curies":[{"name":"wp","href":"https:\/\/api.w.org\/{rel}","templated":true}]}}