{"id":4764,"date":"2025-03-09T13:33:14","date_gmt":"2025-03-09T13:33:14","guid":{"rendered":"https:\/\/artstella-elixirs-floraux.com\/product\/summer-squash-14-2ml\/"},"modified":"2025-04-05T14:38:32","modified_gmt":"2025-04-05T14:38:32","slug":"summer-squash-14-2ml","status":"publish","type":"product","link":"https:\/\/artstella-elixirs-floraux.com\/fr_fr\/produit\/summer-squash-14-2ml\/","title":{"rendered":"SUMMER SQUASH 14.2ML"},"content":{"rendered":"<p>Ingr\u00e9dients :<\/p>\n<p>. Infusion solaire du sch\u00e9ma de \u00ab\u00a0Summer squash\u00a0\u00bb : 0,5%<\/p>\n<p>. Eau de source<\/p>\n<p>. Alcool de raisin : 13,33 %<\/p>\n<p>Flacon en verre brun de 14,2 ml + pipette compte-gouttes<\/p>\n<p>\u00a0<\/p>\n<p>Utilisation : 1 \u00e0 2 gouttes suivant les besoins.<\/p>\n<p>\u00a0<\/p>\n<p>Fabricant : Perelandra &#8211; Etats-unis<\/p>\n","protected":false},"excerpt":{"rendered":"<p>SUMMER SQUASH 15ML<\/p>\n","protected":false},"featured_media":4765,"template":"","meta":[],"product_brand":[],"product_cat":[113],"product_tag":[],"class_list":{"0":"post-4764","1":"product","2":"type-product","3":"status-publish","4":"has-post-thumbnail","6":"product_cat-les-elixirs-de-jardin","8":"first","9":"instock","10":"taxable","11":"shipping-taxable","12":"purchasable","13":"product-type-simple"},"etheme_brands":{"errors":{"invalid_taxonomy":["Taxonomie non valide."]},"error_data":[]},"jetpack_sharing_enabled":true,"jetpack-related-posts":[{"id":4676,"url":"https:\/\/artstella-elixirs-floraux.com\/fr_fr\/produit\/coffret-perelandra-garden-essences\/","url_meta":{"origin":4764,"position":0},"title":"COFFRET PERELANDRA GARDEN ESSENCES","author":"eveapprill","date":"9 mars 2025","format":false,"excerpt":"COFFRET PERELANDRA GARDEN ESSENCES Jeu de 18 essences (14.2ml) \u00e0 base de fleurs de l\u00e9gumes, fleurs ornementales et aromatiques d\u00e9vellop\u00e9es dans le jardin de Perelandra.","rel":"","context":"Article similaire","block_context":{"text":"Article similaire","link":""},"img":{"alt_text":"","src":"https:\/\/i0.wp.com\/artstella-elixirs-floraux.com\/wp-content\/uploads\/2025\/03\/wp-image1268.png?resize=350%2C200&ssl=1","width":350,"height":200},"classes":[]},{"id":5760,"url":"https:\/\/artstella-elixirs-floraux.com\/fr_fr\/produit\/flacon-vide-30ml-avec-compte-goutte\/","url_meta":{"origin":4764,"position":1},"title":"Flacon vide 30ml avec compte goutte","author":"eveapprill","date":"9 mars 2025","format":false,"excerpt":"Flacon vide en verre jaune 30ml compte goutte","rel":"","context":"Article similaire","block_context":{"text":"Article similaire","link":""},"img":{"alt_text":"","src":"https:\/\/i0.wp.com\/artstella-elixirs-floraux.com\/wp-content\/uploads\/2025\/03\/b6cc0192-75cd-4311-b524-0792fe9df313.jpg?resize=350%2C200&ssl=1","width":350,"height":200,"srcset":"https:\/\/i0.wp.com\/artstella-elixirs-floraux.com\/wp-content\/uploads\/2025\/03\/b6cc0192-75cd-4311-b524-0792fe9df313.jpg?resize=350%2C200&ssl=1 1x, https:\/\/i0.wp.com\/artstella-elixirs-floraux.com\/wp-content\/uploads\/2025\/03\/b6cc0192-75cd-4311-b524-0792fe9df313.jpg?resize=525%2C300&ssl=1 1.5x, https:\/\/i0.wp.com\/artstella-elixirs-floraux.com\/wp-content\/uploads\/2025\/03\/b6cc0192-75cd-4311-b524-0792fe9df313.jpg?resize=700%2C400&ssl=1 2x"},"classes":[]},{"id":5762,"url":"https:\/\/artstella-elixirs-floraux.com\/fr_fr\/produit\/flacon-vide-10ml-avec-compte-goutte\/","url_meta":{"origin":4764,"position":2},"title":"Flacon vide 10ml avec compte goutte","author":"eveapprill","date":"9 mars 2025","format":false,"excerpt":"Flacon vide en verre jaune 10ml avec compte goutte","rel":"","context":"Article similaire","block_context":{"text":"Article similaire","link":""},"img":{"alt_text":"","src":"https:\/\/i0.wp.com\/artstella-elixirs-floraux.com\/wp-content\/uploads\/2025\/03\/e7ee6513-8b84-4f19-a5bd-53f7847848ba.jpg?resize=350%2C200&ssl=1","width":350,"height":200,"srcset":"https:\/\/i0.wp.com\/artstella-elixirs-floraux.com\/wp-content\/uploads\/2025\/03\/e7ee6513-8b84-4f19-a5bd-53f7847848ba.jpg?resize=350%2C200&ssl=1 1x, https:\/\/i0.wp.com\/artstella-elixirs-floraux.com\/wp-content\/uploads\/2025\/03\/e7ee6513-8b84-4f19-a5bd-53f7847848ba.jpg?resize=525%2C300&ssl=1 1.5x, https:\/\/i0.wp.com\/artstella-elixirs-floraux.com\/wp-content\/uploads\/2025\/03\/e7ee6513-8b84-4f19-a5bd-53f7847848ba.jpg?resize=700%2C400&ssl=1 2x"},"classes":[]},{"id":5764,"url":"https:\/\/artstella-elixirs-floraux.com\/fr_fr\/produit\/flacon-vide-60ml-avec-compte-goutte\/","url_meta":{"origin":4764,"position":3},"title":"Flacon vide 60ml avec compte goutte","author":"eveapprill","date":"9 mars 2025","format":false,"excerpt":"Flacon vide en verre jaune 60ml avec compte goutte","rel":"","context":"Article similaire","block_context":{"text":"Article similaire","link":""},"img":{"alt_text":"","src":"https:\/\/i0.wp.com\/artstella-elixirs-floraux.com\/wp-content\/uploads\/2025\/03\/aa544efc-6841-4129-8560-7797048856b4.jpg?resize=350%2C200&ssl=1","width":350,"height":200,"srcset":"https:\/\/i0.wp.com\/artstella-elixirs-floraux.com\/wp-content\/uploads\/2025\/03\/aa544efc-6841-4129-8560-7797048856b4.jpg?resize=350%2C200&ssl=1 1x, https:\/\/i0.wp.com\/artstella-elixirs-floraux.com\/wp-content\/uploads\/2025\/03\/aa544efc-6841-4129-8560-7797048856b4.jpg?resize=525%2C300&ssl=1 1.5x, https:\/\/i0.wp.com\/artstella-elixirs-floraux.com\/wp-content\/uploads\/2025\/03\/aa544efc-6841-4129-8560-7797048856b4.jpg?resize=700%2C400&ssl=1 2x"},"classes":[]},{"id":2704,"url":"https:\/\/artstella-elixirs-floraux.com\/fr_fr\/produit\/purification-gouttes-alaska\/","url_meta":{"origin":4764,"position":4},"title":"PURIFICATION \u00ab\u00a0gouttes\u00a0\u00bb ALASKA","author":"eveapprill","date":"9 mars 2025","format":false,"excerpt":"Purification Existe en gouttes et en spray. Contient : Black Tourmaline Firerweed . Portage Glacier.\u00a0 Sweetgrass .Permet de nettoyer et purifier votre maison, l\u2019environnement de votre travail, ou votre champ \u00e9nerg\u00e9tique.","rel":"","context":"Article similaire","block_context":{"text":"Article similaire","link":""},"img":{"alt_text":"","src":"https:\/\/i0.wp.com\/artstella-elixirs-floraux.com\/wp-content\/uploads\/2025\/03\/fe2d0dd4-a7e2-464c-a38d-e2ff91c0394a.jpg?resize=350%2C200&ssl=1","width":350,"height":200,"srcset":"https:\/\/i0.wp.com\/artstella-elixirs-floraux.com\/wp-content\/uploads\/2025\/03\/fe2d0dd4-a7e2-464c-a38d-e2ff91c0394a.jpg?resize=350%2C200&ssl=1 1x, https:\/\/i0.wp.com\/artstella-elixirs-floraux.com\/wp-content\/uploads\/2025\/03\/fe2d0dd4-a7e2-464c-a38d-e2ff91c0394a.jpg?resize=525%2C300&ssl=1 1.5x, https:\/\/i0.wp.com\/artstella-elixirs-floraux.com\/wp-content\/uploads\/2025\/03\/fe2d0dd4-a7e2-464c-a38d-e2ff91c0394a.jpg?resize=700%2C400&ssl=1 2x"},"classes":[]},{"id":4664,"url":"https:\/\/artstella-elixirs-floraux.com\/fr_fr\/produit\/ets-plantes-59-1-ml\/","url_meta":{"origin":4764,"position":5},"title":"ETS+ PLANTES 59.1 ML","author":"eveapprill","date":"9 mars 2025","format":false,"excerpt":"ETS+ PLANTES 60 ML Pr\u00e9paration \u00e9labor\u00e9e pour r\u00e9pondre aux situations d'urgence des v\u00e9g\u00e9taux (plantes, arbres, fleurs...)","rel":"","context":"Article similaire","block_context":{"text":"Article similaire","link":""},"img":{"alt_text":"","src":"https:\/\/i0.wp.com\/artstella-elixirs-floraux.com\/wp-content\/uploads\/2025\/03\/wp-image1262.png?resize=350%2C200&ssl=1","width":350,"height":200},"classes":[]}],"_links":{"self":[{"href":"https:\/\/artstella-elixirs-floraux.com\/fr_fr\/wp-json\/wp\/v2\/product\/4764","targetHints":{"allow":["GET"]}}],"collection":[{"href":"https:\/\/artstella-elixirs-floraux.com\/fr_fr\/wp-json\/wp\/v2\/product"}],"about":[{"href":"https:\/\/artstella-elixirs-floraux.com\/fr_fr\/wp-json\/wp\/v2\/types\/product"}],"version-history":[{"count":0,"href":"https:\/\/artstella-elixirs-floraux.com\/fr_fr\/wp-json\/wp\/v2\/product\/4764\/revisions"}],"wp:featuredmedia":[{"embeddable":true,"href":"https:\/\/artstella-elixirs-floraux.com\/fr_fr\/wp-json\/wp\/v2\/media\/4765"}],"wp:attachment":[{"href":"https:\/\/artstella-elixirs-floraux.com\/fr_fr\/wp-json\/wp\/v2\/media?parent=4764"}],"wp:term":[{"taxonomy":"product_brand","embeddable":true,"href":"https:\/\/artstella-elixirs-floraux.com\/fr_fr\/wp-json\/wp\/v2\/product_brand?post=4764"},{"taxonomy":"product_cat","embeddable":true,"href":"https:\/\/artstella-elixirs-floraux.com\/fr_fr\/wp-json\/wp\/v2\/product_cat?post=4764"},{"taxonomy":"product_tag","embeddable":true,"href":"https:\/\/artstella-elixirs-floraux.com\/fr_fr\/wp-json\/wp\/v2\/product_tag?post=4764"}],"curies":[{"name":"wp","href":"https:\/\/api.w.org\/{rel}","templated":true}]}}