{"id":4772,"date":"2025-03-09T13:33:18","date_gmt":"2025-03-09T13:33:18","guid":{"rendered":"https:\/\/artstella-elixirs-floraux.com\/product\/zinnia-14-2ml-npe\/"},"modified":"2025-04-05T14:38:30","modified_gmt":"2025-04-05T14:38:30","slug":"zinnia-14-2ml-npe","status":"publish","type":"product","link":"https:\/\/artstella-elixirs-floraux.com\/fr_fr\/produit\/zinnia-14-2ml-npe\/","title":{"rendered":"ZINNIA 14.2ML NPE"},"content":{"rendered":"<p>Ingr\u00e9dients :<\/p>\n<p>. Infusion solaire du sch\u00e9ma \u00ab\u00a0Zinnia\u00a0\u00bb : 0,5%<\/p>\n<p>. Eau de source<\/p>\n<p>. Alcool de raisin : 13,33 %<\/p>\n<p>Flacon en verre brun de 14,2 ml + pipette compte-gouttes<\/p>\n<p>\u00a0<\/p>\n<p>Utilisation : 1 \u00e0 2 gouttes suivant les besoins.<\/p>\n<p>\u00a0<\/p>\n<p>Fabricant : Perelandra &#8211; Etats-unis<\/p>\n","protected":false},"excerpt":{"rendered":"<p>ZINNIA 15 ML NPE<\/p>\n","protected":false},"featured_media":4773,"template":"","meta":[],"product_brand":[],"product_cat":[113],"product_tag":[],"class_list":{"0":"post-4772","1":"product","2":"type-product","3":"status-publish","4":"has-post-thumbnail","6":"product_cat-les-elixirs-de-jardin","8":"first","9":"instock","10":"taxable","11":"shipping-taxable","12":"purchasable","13":"product-type-simple"},"etheme_brands":{"errors":{"invalid_taxonomy":["Taxonomie non valide."]},"error_data":[]},"jetpack_sharing_enabled":true,"jetpack-related-posts":[{"id":3233,"url":"https:\/\/artstella-elixirs-floraux.com\/fr_fr\/produit\/zinnia-phi-15-ml\/","url_meta":{"origin":4772,"position":0},"title":"ZINNIA PHI 15 ML","author":"eveapprill","date":"9 mars 2025","format":false,"excerpt":"Zinnia (Zinnia elegans) (Zinnia)Nous aide \u00e0 consid\u00e9rer les \u00e9v\u00e9nements avec humour, malgr\u00e9 les difficult\u00e9s. Nous sommes ainsi plus d\u00e9tendus et pouvons envisager l'avenir positivement. Le rire est la meilleure \u00ab\u00a0m\u00e9decine\u00a0\u00bb. Pour r\u00e9veiller l'enfant plein de gaiet\u00e9 qui est en nous.","rel":"","context":"Article similaire","block_context":{"text":"Article similaire","link":""},"img":{"alt_text":"","src":"https:\/\/i0.wp.com\/artstella-elixirs-floraux.com\/wp-content\/uploads\/2025\/03\/wp-image397.png?resize=350%2C200&ssl=1","width":350,"height":200},"classes":[]},{"id":5810,"url":"https:\/\/artstella-elixirs-floraux.com\/fr_fr\/produit\/zinnia-15-ml-deva\/","url_meta":{"origin":4772,"position":1},"title":"Zinnia 15 ml DEVA","author":"eveapprill","date":"9 mars 2025","format":false,"excerpt":"Zinnia Joie, gaiet\u00e9, l\u00e9g\u00e8ret\u00e9. Pour retrouver l\u2019enfant qui existe en chacun de nous. Rel\u00e2che les tensions. Aide les adultes qui ont des probl\u00e8mes de communication avec leurs enfants.","rel":"","context":"Article similaire","block_context":{"text":"Article similaire","link":""},"img":{"alt_text":"","src":"https:\/\/i0.wp.com\/artstella-elixirs-floraux.com\/wp-content\/uploads\/2025\/03\/wp-image2456.png?resize=350%2C200&ssl=1","width":350,"height":200},"classes":[]},{"id":4759,"url":"https:\/\/artstella-elixirs-floraux.com\/fr_fr\/produit\/salvia-14-2ml-npe\/","url_meta":{"origin":4772,"position":2},"title":"SALVIA 14.2ML NPE","author":"eveapprill","date":"9 mars 2025","format":false,"excerpt":"SALVIA 15 ML NPE","rel":"","context":"Article similaire","block_context":{"text":"Article similaire","link":""},"img":{"alt_text":"","src":"https:\/\/i0.wp.com\/artstella-elixirs-floraux.com\/wp-content\/uploads\/2025\/03\/wp-image1312.png?resize=350%2C200&ssl=1","width":350,"height":200},"classes":[]},{"id":4741,"url":"https:\/\/artstella-elixirs-floraux.com\/fr_fr\/produit\/broccoli-14-2ml-npe\/","url_meta":{"origin":4772,"position":3},"title":"BROCCOLI 14.2ML NPE","author":"eveapprill","date":"9 mars 2025","format":false,"excerpt":"Ingr\u00e9dients : Infusion solaire du sch\u00e9ma de \"Broccoli\" : 0,5% Eau de source Alcool de raisin : 13,33 % Flacon en verre brun de 14,2 ml + pipette compte-gouttes \u00a0 Utilisation : 1 \u00e0 2 gouttes suivant les besoins. \u00a0 Fabricant : Perelandra - Etats-unis BROCCOLI 15 ML NPE","rel":"","context":"Article similaire","block_context":{"text":"Article similaire","link":""},"img":{"alt_text":"","src":"https:\/\/i0.wp.com\/artstella-elixirs-floraux.com\/wp-content\/uploads\/2025\/03\/wp-image1302.png?resize=350%2C200&ssl=1","width":350,"height":200},"classes":[]},{"id":4749,"url":"https:\/\/artstella-elixirs-floraux.com\/fr_fr\/produit\/corn-14-2ml-npe\/","url_meta":{"origin":4772,"position":4},"title":"CORN 14.2ML NPE","author":"eveapprill","date":"9 mars 2025","format":false,"excerpt":"CORN 15 ML NPE","rel":"","context":"Article similaire","block_context":{"text":"Article similaire","link":""},"img":{"alt_text":"","src":"https:\/\/i0.wp.com\/artstella-elixirs-floraux.com\/wp-content\/uploads\/2025\/03\/wp-image1307.png?resize=350%2C200&ssl=1","width":350,"height":200},"classes":[]},{"id":1989,"url":"https:\/\/artstella-elixirs-floraux.com\/fr_fr\/produit\/celery-14-2ml-npe\/","url_meta":{"origin":4772,"position":5},"title":"CELERY 14.2ML NPE","author":"eveapprill","date":"27 mai 2025","format":false,"excerpt":"CELERY 15 ML NPE","rel":"","context":"Article similaire","block_context":{"text":"Article similaire","link":""},"img":{"alt_text":"","src":"https:\/\/i0.wp.com\/artstella-elixirs-floraux.com\/wp-content\/uploads\/2025\/03\/wp-image1303.png?resize=350%2C200&ssl=1","width":350,"height":200},"classes":[]}],"_links":{"self":[{"href":"https:\/\/artstella-elixirs-floraux.com\/fr_fr\/wp-json\/wp\/v2\/product\/4772","targetHints":{"allow":["GET"]}}],"collection":[{"href":"https:\/\/artstella-elixirs-floraux.com\/fr_fr\/wp-json\/wp\/v2\/product"}],"about":[{"href":"https:\/\/artstella-elixirs-floraux.com\/fr_fr\/wp-json\/wp\/v2\/types\/product"}],"version-history":[{"count":0,"href":"https:\/\/artstella-elixirs-floraux.com\/fr_fr\/wp-json\/wp\/v2\/product\/4772\/revisions"}],"wp:featuredmedia":[{"embeddable":true,"href":"https:\/\/artstella-elixirs-floraux.com\/fr_fr\/wp-json\/wp\/v2\/media\/4773"}],"wp:attachment":[{"href":"https:\/\/artstella-elixirs-floraux.com\/fr_fr\/wp-json\/wp\/v2\/media?parent=4772"}],"wp:term":[{"taxonomy":"product_brand","embeddable":true,"href":"https:\/\/artstella-elixirs-floraux.com\/fr_fr\/wp-json\/wp\/v2\/product_brand?post=4772"},{"taxonomy":"product_cat","embeddable":true,"href":"https:\/\/artstella-elixirs-floraux.com\/fr_fr\/wp-json\/wp\/v2\/product_cat?post=4772"},{"taxonomy":"product_tag","embeddable":true,"href":"https:\/\/artstella-elixirs-floraux.com\/fr_fr\/wp-json\/wp\/v2\/product_tag?post=4772"}],"curies":[{"name":"wp","href":"https:\/\/api.w.org\/{rel}","templated":true}]}}