{"id":4822,"date":"2025-03-09T13:33:51","date_gmt":"2025-03-09T13:33:51","guid":{"rendered":"https:\/\/artstella-elixirs-floraux.com\/product\/urinaire-59-1ml-mbp\/"},"modified":"2025-04-05T14:46:37","modified_gmt":"2025-04-05T14:46:37","slug":"urinaire-59-1ml-mbp","status":"publish","type":"product","link":"https:\/\/artstella-elixirs-floraux.com\/fr_fr\/produit\/urinaire-59-1ml-mbp\/","title":{"rendered":"URINAIRE 59.1ML MBP"},"content":{"rendered":"<p>Ingr\u00e9dients\u00a0:<\/p>\n<p>. Infusion solaire du sch\u00e9ma \u00ab Urinaire \u00bb<\/p>\n<p>. Eau de source<\/p>\n<p>. Alcool de raisin 13.33%<\/p>\n<p>Flacon verre brun 59.1ml + pipette compte-gouttes.<\/p>\n<p>Ou flacon verre brun 14.2ml + pipette compte-gouttes.<\/p>\n<p>Utilisation\u00a0: quelques gouttes suivant besoin.<\/p>\n<p>\u00a0<\/p>\n<p>Fabriqu\u00e9 par Perelandra Ltd \u2013 USA,<\/p>\n","protected":false},"excerpt":{"rendered":"<p>URINAIRE 59.1ML MBP<\/p>\n<p>Equilibrer et stabiliser l\u2019architecture \u00e9nerg\u00e9tique du syst\u00e8me \u00ab Urinaire \u00bb.<\/p>\n","protected":false},"featured_media":4823,"template":"","meta":[],"product_brand":[],"product_cat":[114],"product_tag":[],"class_list":{"0":"post-4822","1":"product","2":"type-product","3":"status-publish","4":"has-post-thumbnail","6":"product_cat-les-elixirs-mbp","8":"first","9":"instock","10":"taxable","11":"shipping-taxable","12":"purchasable","13":"product-type-simple"},"etheme_brands":{"errors":{"invalid_taxonomy":["Taxonomie non valide."]},"error_data":[]},"jetpack_sharing_enabled":true,"jetpack-related-posts":[{"id":4817,"url":"https:\/\/artstella-elixirs-floraux.com\/fr_fr\/produit\/respiratoire-59-1ml-mbp\/","url_meta":{"origin":4822,"position":0},"title":"RESPIRATOIRE 59.1ML MBP","author":"eveapprill","date":"9 mars 2025","format":false,"excerpt":"RESPIRATOIRE MBP 59.1ML Equilibrer et stabiliser l\u2019architecture \u00e9nerg\u00e9tique du syst\u00e8me \u00ab Respiratoire \u00bb.","rel":"","context":"Article similaire","block_context":{"text":"Article similaire","link":""},"img":{"alt_text":"","src":"https:\/\/i0.wp.com\/artstella-elixirs-floraux.com\/wp-content\/uploads\/2025\/03\/wp-image1340.png?resize=350%2C200&ssl=1","width":350,"height":200},"classes":[]},{"id":4819,"url":"https:\/\/artstella-elixirs-floraux.com\/fr_fr\/produit\/squelette-mbp-59-1ml\/","url_meta":{"origin":4822,"position":1},"title":"SQUELETTE MBP 59.1ML","author":"eveapprill","date":"9 mars 2025","format":false,"excerpt":"SQUELETTE MBP\u00a0 Equilibrer et stabiliser l\u2019architecture \u00e9nerg\u00e9tique du syst\u00e8me \u00ab Squelette \u00bb.","rel":"","context":"Article similaire","block_context":{"text":"Article similaire","link":""},"img":{"alt_text":"","src":"https:\/\/i0.wp.com\/artstella-elixirs-floraux.com\/wp-content\/uploads\/2025\/03\/wp-image1341.png?resize=350%2C200&ssl=1","width":350,"height":200},"classes":[]},{"id":4808,"url":"https:\/\/artstella-elixirs-floraux.com\/fr_fr\/produit\/musculaire-mbp-59-1-ml\/","url_meta":{"origin":4822,"position":2},"title":"MUSCULAIRE MBP 59.1 ML","author":"eveapprill","date":"9 mars 2025","format":false,"excerpt":"MUSCULAIRE MBP 59.1ML Equilibrer et stabiliser l\u2019architecture \u00e9nerg\u00e9tique du syst\u00e8me \u00ab Musculaire \u00bb.","rel":"","context":"Article similaire","block_context":{"text":"Article similaire","link":""},"img":{"alt_text":"","src":"https:\/\/i0.wp.com\/artstella-elixirs-floraux.com\/wp-content\/uploads\/2025\/03\/wp-image1336.png?resize=350%2C200&ssl=1","width":350,"height":200},"classes":[]},{"id":4799,"url":"https:\/\/artstella-elixirs-floraux.com\/fr_fr\/produit\/endocrinien-mbp-59-1-ml\/","url_meta":{"origin":4822,"position":3},"title":"ENDOCRINIEN MBP 59.1 ML","author":"eveapprill","date":"9 mars 2025","format":false,"excerpt":"ENDOCRINIEN 59.1ML MBP Equilibrer et stabiliser l\u2019architecture \u00e9nerg\u00e9tique du syst\u00e8me \u00ab Endocrinien \u00bb.","rel":"","context":"Article similaire","block_context":{"text":"Article similaire","link":""},"img":{"alt_text":"","src":"https:\/\/i0.wp.com\/artstella-elixirs-floraux.com\/wp-content\/uploads\/2025\/03\/wp-image1332.png?resize=350%2C200&ssl=1","width":350,"height":200},"classes":[]},{"id":4815,"url":"https:\/\/artstella-elixirs-floraux.com\/fr_fr\/produit\/repro-f-mbp-59-1-ml\/","url_meta":{"origin":4822,"position":4},"title":"REPRO F MBP 59.1 ML","author":"eveapprill","date":"9 mars 2025","format":false,"excerpt":"REPRO F 59.1ML Equilibrer et stabiliser l\u2019architecture \u00e9nerg\u00e9tique du syst\u00e8me \u00ab Reproducteur F\u00e9minin \u00bb. \u00a0 \u00a0","rel":"","context":"Article similaire","block_context":{"text":"Article similaire","link":""},"img":{"alt_text":"","src":"https:\/\/i0.wp.com\/artstella-elixirs-floraux.com\/wp-content\/uploads\/2025\/03\/wp-image1339.png?resize=350%2C200&ssl=1","width":350,"height":200},"classes":[]},{"id":4810,"url":"https:\/\/artstella-elixirs-floraux.com\/fr_fr\/produit\/nerveux-mbp\/","url_meta":{"origin":4822,"position":5},"title":"NERVEUX MBP","author":"eveapprill","date":"9 mars 2025","format":false,"excerpt":"NERVEUX MBP 59.1 Equilibrer et stabiliser l\u2019architecture \u00e9nerg\u00e9tique du syst\u00e8me \u00ab Nerveux \u00bb.","rel":"","context":"Article similaire","block_context":{"text":"Article similaire","link":""},"img":{"alt_text":"","src":"https:\/\/i0.wp.com\/artstella-elixirs-floraux.com\/wp-content\/uploads\/2025\/03\/wp-image1337.png?resize=350%2C200&ssl=1","width":350,"height":200},"classes":[]}],"_links":{"self":[{"href":"https:\/\/artstella-elixirs-floraux.com\/fr_fr\/wp-json\/wp\/v2\/product\/4822","targetHints":{"allow":["GET"]}}],"collection":[{"href":"https:\/\/artstella-elixirs-floraux.com\/fr_fr\/wp-json\/wp\/v2\/product"}],"about":[{"href":"https:\/\/artstella-elixirs-floraux.com\/fr_fr\/wp-json\/wp\/v2\/types\/product"}],"version-history":[{"count":0,"href":"https:\/\/artstella-elixirs-floraux.com\/fr_fr\/wp-json\/wp\/v2\/product\/4822\/revisions"}],"wp:featuredmedia":[{"embeddable":true,"href":"https:\/\/artstella-elixirs-floraux.com\/fr_fr\/wp-json\/wp\/v2\/media\/4823"}],"wp:attachment":[{"href":"https:\/\/artstella-elixirs-floraux.com\/fr_fr\/wp-json\/wp\/v2\/media?parent=4822"}],"wp:term":[{"taxonomy":"product_brand","embeddable":true,"href":"https:\/\/artstella-elixirs-floraux.com\/fr_fr\/wp-json\/wp\/v2\/product_brand?post=4822"},{"taxonomy":"product_cat","embeddable":true,"href":"https:\/\/artstella-elixirs-floraux.com\/fr_fr\/wp-json\/wp\/v2\/product_cat?post=4822"},{"taxonomy":"product_tag","embeddable":true,"href":"https:\/\/artstella-elixirs-floraux.com\/fr_fr\/wp-json\/wp\/v2\/product_tag?post=4822"}],"curies":[{"name":"wp","href":"https:\/\/api.w.org\/{rel}","templated":true}]}}