{"id":4826,"date":"2025-03-09T13:33:54","date_gmt":"2025-03-09T13:33:54","guid":{"rendered":"https:\/\/artstella-elixirs-floraux.com\/product\/guide-mbp-perelandra\/"},"modified":"2025-03-09T13:33:54","modified_gmt":"2025-03-09T13:33:54","slug":"guide-mbp-perelandra","status":"publish","type":"product","link":"https:\/\/artstella-elixirs-floraux.com\/fr_fr\/produit\/guide-mbp-perelandra\/","title":{"rendered":"GUIDE MBP PERELANDRA"},"content":{"rendered":"","protected":false},"excerpt":{"rendered":"<p>GUIDE des \u00e9lixirs MBP PERELANDRA<\/p>\n","protected":false},"featured_media":0,"template":"","meta":[],"product_brand":[],"product_cat":[165],"product_tag":[],"class_list":{"0":"post-4826","1":"product","2":"type-product","3":"status-publish","5":"product_cat-livres-et-cartes-perelandra","7":"first","8":"outofstock","9":"taxable","10":"shipping-taxable","11":"purchasable","12":"product-type-simple"},"etheme_brands":{"errors":{"invalid_taxonomy":["Taxonomie non valide."]},"error_data":[]},"jetpack_sharing_enabled":true,"jetpack-related-posts":[{"id":4822,"url":"https:\/\/artstella-elixirs-floraux.com\/fr_fr\/produit\/urinaire-59-1ml-mbp\/","url_meta":{"origin":4826,"position":0},"title":"URINAIRE 59.1ML MBP","author":"eveapprill","date":"9 mars 2025","format":false,"excerpt":"URINAIRE 59.1ML MBP Equilibrer et stabiliser l\u2019architecture \u00e9nerg\u00e9tique du syst\u00e8me \u00ab Urinaire \u00bb.","rel":"","context":"Article similaire","block_context":{"text":"Article similaire","link":""},"img":{"alt_text":"","src":"https:\/\/i0.wp.com\/artstella-elixirs-floraux.com\/wp-content\/uploads\/2025\/03\/wp-image1342.png?resize=350%2C200&ssl=1","width":350,"height":200},"classes":[]},{"id":4792,"url":"https:\/\/artstella-elixirs-floraux.com\/fr_fr\/produit\/cardiovasculaire-mbp\/","url_meta":{"origin":4826,"position":1},"title":"CARDIOVASCULAIRE MBP","author":"eveapprill","date":"9 mars 2025","format":false,"excerpt":"CARDIOVASCULAIRE MBP 59.1 ML Equilibrer et stabiliser l\u2019architecture \u00e9nerg\u00e9tique du syst\u00e8me \u00ab\u00a0Cardiovasculaire\u00a0\u00bb.","rel":"","context":"Article similaire","block_context":{"text":"Article similaire","link":""},"img":{"alt_text":"","src":"https:\/\/i0.wp.com\/artstella-elixirs-floraux.com\/wp-content\/uploads\/2025\/03\/wp-image1329.png?resize=350%2C200&ssl=1","width":350,"height":200},"classes":[]},{"id":4810,"url":"https:\/\/artstella-elixirs-floraux.com\/fr_fr\/produit\/nerveux-mbp\/","url_meta":{"origin":4826,"position":2},"title":"NERVEUX MBP","author":"eveapprill","date":"9 mars 2025","format":false,"excerpt":"NERVEUX MBP 59.1 Equilibrer et stabiliser l\u2019architecture \u00e9nerg\u00e9tique du syst\u00e8me \u00ab Nerveux \u00bb.","rel":"","context":"Article similaire","block_context":{"text":"Article similaire","link":""},"img":{"alt_text":"","src":"https:\/\/i0.wp.com\/artstella-elixirs-floraux.com\/wp-content\/uploads\/2025\/03\/wp-image1337.png?resize=350%2C200&ssl=1","width":350,"height":200},"classes":[]},{"id":4795,"url":"https:\/\/artstella-elixirs-floraux.com\/fr_fr\/produit\/cellulaire-mbp-59-1-ml\/","url_meta":{"origin":4826,"position":3},"title":"CELLULAIRE MBP 59.1 ML","author":"eveapprill","date":"9 mars 2025","format":false,"excerpt":"CELLULAIRE MBP 59.1 ML Equilibrer et stabiliser l\u2019architecture \u00e9nerg\u00e9tique du syst\u00e8me \u00ab\u00a0Cellulaire \u00bb. \u00a0","rel":"","context":"Article similaire","block_context":{"text":"Article similaire","link":""},"img":{"alt_text":"","src":"https:\/\/i0.wp.com\/artstella-elixirs-floraux.com\/wp-content\/uploads\/2025\/03\/wp-image1330.png?resize=350%2C200&ssl=1","width":350,"height":200},"classes":[]},{"id":4813,"url":"https:\/\/artstella-elixirs-floraux.com\/fr_fr\/produit\/repro-m-mbp-59-1-ml\/","url_meta":{"origin":4826,"position":4},"title":"REPRO M MBP 59.1 ML","author":"eveapprill","date":"9 mars 2025","format":false,"excerpt":"REPRO M MBP\u00a0 \u00a0 Equilibrer et stabiliser l\u2019architecture \u00e9nerg\u00e9tique du syst\u00e8me \u00ab Reproducteur Masculin \u00bb.","rel":"","context":"Article similaire","block_context":{"text":"Article similaire","link":""},"img":{"alt_text":"","src":"https:\/\/i0.wp.com\/artstella-elixirs-floraux.com\/wp-content\/uploads\/2025\/03\/wp-image1338.png?resize=350%2C200&ssl=1","width":350,"height":200},"classes":[]},{"id":4819,"url":"https:\/\/artstella-elixirs-floraux.com\/fr_fr\/produit\/squelette-mbp-59-1ml\/","url_meta":{"origin":4826,"position":5},"title":"SQUELETTE MBP 59.1ML","author":"eveapprill","date":"9 mars 2025","format":false,"excerpt":"SQUELETTE MBP\u00a0 Equilibrer et stabiliser l\u2019architecture \u00e9nerg\u00e9tique du syst\u00e8me \u00ab Squelette \u00bb.","rel":"","context":"Article similaire","block_context":{"text":"Article similaire","link":""},"img":{"alt_text":"","src":"https:\/\/i0.wp.com\/artstella-elixirs-floraux.com\/wp-content\/uploads\/2025\/03\/wp-image1341.png?resize=350%2C200&ssl=1","width":350,"height":200},"classes":[]}],"_links":{"self":[{"href":"https:\/\/artstella-elixirs-floraux.com\/fr_fr\/wp-json\/wp\/v2\/product\/4826","targetHints":{"allow":["GET"]}}],"collection":[{"href":"https:\/\/artstella-elixirs-floraux.com\/fr_fr\/wp-json\/wp\/v2\/product"}],"about":[{"href":"https:\/\/artstella-elixirs-floraux.com\/fr_fr\/wp-json\/wp\/v2\/types\/product"}],"version-history":[{"count":0,"href":"https:\/\/artstella-elixirs-floraux.com\/fr_fr\/wp-json\/wp\/v2\/product\/4826\/revisions"}],"wp:attachment":[{"href":"https:\/\/artstella-elixirs-floraux.com\/fr_fr\/wp-json\/wp\/v2\/media?parent=4826"}],"wp:term":[{"taxonomy":"product_brand","embeddable":true,"href":"https:\/\/artstella-elixirs-floraux.com\/fr_fr\/wp-json\/wp\/v2\/product_brand?post=4826"},{"taxonomy":"product_cat","embeddable":true,"href":"https:\/\/artstella-elixirs-floraux.com\/fr_fr\/wp-json\/wp\/v2\/product_cat?post=4826"},{"taxonomy":"product_tag","embeddable":true,"href":"https:\/\/artstella-elixirs-floraux.com\/fr_fr\/wp-json\/wp\/v2\/product_tag?post=4826"}],"curies":[{"name":"wp","href":"https:\/\/api.w.org\/{rel}","templated":true}]}}