{"id":4829,"date":"2025-03-09T13:33:56","date_gmt":"2025-03-09T13:33:56","guid":{"rendered":"https:\/\/artstella-elixirs-floraux.com\/product\/leprechauns-t-helliwell\/"},"modified":"2025-06-08T13:58:02","modified_gmt":"2025-06-08T13:58:02","slug":"leprechauns-t-helliwell","status":"publish","type":"product","link":"https:\/\/artstella-elixirs-floraux.com\/fr_fr\/produit\/leprechauns-t-helliwell\/","title":{"rendered":"LEPRECHAUNS T.HELLIWELL"},"content":{"rendered":"<p>Extrait livre :<\/p>\n<p><a href=\"http:\/\/www.jardins-cocreatifs.com\/jardin\/pdf\/un-ete-avec-les-lepreuchauns.pdf\" target=\"_blank\" rel=\"noopener\">http:\/\/www.jardins-cocreatifs.com\/jardin\/pdf\/un-ete-avec-les-lepreuchauns.pdf<\/a><\/p>\n<p>Au d\u00e9but, vous aurez du mal \u00e0 y croire jusqu&rsquo;\u00e0 ce que&#8230;<\/p>\n<p>Voil\u00e0 un vrai bijou, un texte riche et profond, frais, p\u00e9tillant d&rsquo;humour et de fantaisie\u00a0que chacun pourra lire \u00e0 sa fa\u00e7on. Vous pouvez le prendre comme une fable ou comme un enseignement. N\u00e9anmois cette rencontre avec les esprits de la Nature nous touche dans la magie de notre vie.<\/p>\n<p><em>Tanis Helliwell a v\u00e9cu une rencontre exceptionnelle avec les \u00e9l\u00e9mentaires en 1985. Aventure irlandaise au commencement, cette d\u00e9couverte accompagne sa vie depuis plus de 20 ans.<\/em><\/p>\n<p>Auteur :\u00a0Tanis Helliwell<\/p>\n<p>Editeur :\u00a0Editions Co-cr\u00e9atives<\/p>\n<p>Format :\u00a014,5 x 21 cm<\/p>\n<p>Pages :\u00a0212<\/p>\n<p>Isbn :\u00a0978-2-914326-18-6<\/p>\n","protected":false},"excerpt":{"rendered":"<p><strong>LEPRECHAUNS par T.HELLIWELL<\/strong><\/p>\n<p>Tanis Helliwell nous offre un vrai bijou,\u00a0<strong>une\u00a0histoire vraie<\/strong>,\u00a0sur sa rencontre avec les esprits de la Nature&#8230;<\/p>\n","protected":false},"featured_media":4830,"template":"","meta":[],"product_brand":[],"product_cat":[101],"product_tag":[],"class_list":{"0":"post-4829","1":"product","2":"type-product","3":"status-publish","4":"has-post-thumbnail","6":"product_cat-divers","8":"first","9":"instock","10":"taxable","11":"shipping-taxable","12":"purchasable","13":"product-type-simple"},"etheme_brands":{"errors":{"invalid_taxonomy":["Taxonomie non valide."]},"error_data":[]},"jetpack_sharing_enabled":true,"jetpack-related-posts":[{"id":4917,"url":"https:\/\/artstella-elixirs-floraux.com\/fr_fr\/produit\/enchanters-night-alaskan-f-sup\/","url_meta":{"origin":4829,"position":0},"title":"ENCHANTER&rsquo;S NIGHT ALASKAN F SUP","author":"eveapprill","date":"9 mars 2025","format":false,"excerpt":"Enchanter's Nightshade Circ\u00e9e alpine Aide \u00e0 entrer en contact avec l\u2019\u00e9nergie de la Nature. Gu\u00e9rit le d\u00e9s\u00e9quilibre cr\u00e9\u00e9 par trop d\u2019exposition \u00e0 la lumi\u00e8re. Aide \u00e0 trouver la paix, la protection, la s\u00e9curit\u00e9 et la s\u00fbret\u00e9 dans les t\u00e9n\u00e8bres \u00e0 travers la lib\u00e9ration de la peur. Pour passer de l\u2019isolation\u2026","rel":"","context":"Article similaire","block_context":{"text":"Article similaire","link":""},"img":{"alt_text":"","src":"https:\/\/i0.wp.com\/artstella-elixirs-floraux.com\/wp-content\/uploads\/2025\/03\/wp-image1385.png?resize=350%2C200&ssl=1","width":350,"height":200},"classes":[]},{"id":3631,"url":"https:\/\/artstella-elixirs-floraux.com\/fr_fr\/produit\/41-night-soul-15-ml-ltoe\/","url_meta":{"origin":4829,"position":1},"title":"41. NIGHT SOUL 15 ML LTOE","author":"eveapprill","date":"9 mars 2025","format":false,"excerpt":"Night Soul \/ Nuit de l'\u00c2me\u00a0 Un \u00e9lixir puissant pour les p\u00e9riodes sombres, ou pour gu\u00e9rir des exp\u00e9riences sombres de l\u2019\u00e2me. La d\u00e9vastation qu\u2019elle soit ressentie int\u00e9rieurement ou rencontr\u00e9e, laisse de profondes empreintes dans la psych\u00e9.","rel":"","context":"Article similaire","block_context":{"text":"Article similaire","link":""},"img":{"alt_text":"","src":"https:\/\/i0.wp.com\/artstella-elixirs-floraux.com\/wp-content\/uploads\/2025\/03\/d3acc05b-ffb5-4f4a-902e-bf77701ef7a6.jpg?resize=350%2C200&ssl=1","width":350,"height":200,"srcset":"https:\/\/i0.wp.com\/artstella-elixirs-floraux.com\/wp-content\/uploads\/2025\/03\/d3acc05b-ffb5-4f4a-902e-bf77701ef7a6.jpg?resize=350%2C200&ssl=1 1x, https:\/\/i0.wp.com\/artstella-elixirs-floraux.com\/wp-content\/uploads\/2025\/03\/d3acc05b-ffb5-4f4a-902e-bf77701ef7a6.jpg?resize=525%2C300&ssl=1 1.5x, https:\/\/i0.wp.com\/artstella-elixirs-floraux.com\/wp-content\/uploads\/2025\/03\/d3acc05b-ffb5-4f4a-902e-bf77701ef7a6.jpg?resize=700%2C400&ssl=1 2x"},"classes":[]},{"id":6010,"url":"https:\/\/artstella-elixirs-floraux.com\/fr_fr\/produit\/semerveiller-a-la-rencontre-des-fleurs\/","url_meta":{"origin":4829,"position":2},"title":"S&rsquo;\u00e9merveiller \u00e0 la rencontre des fleurs","author":"eveapprill","date":"9 mars 2025","format":false,"excerpt":"S'\u00e9merveiller \u00e0 la rencontre des fleurs. par Jean pierre Drouet Edition Le Souffle d'Or Le monde v\u00e9g\u00e9tal et les fleurs en particulier nous invitent, \u00e0 travers les \u00e9lixirs floraux, \u00e0 nous r\u00e9concilier avec nous-m\u00eames en r\u00e9\u00e9quilibrant nos \u00e9tats d'\u00e2me","rel":"","context":"Article similaire","block_context":{"text":"Article similaire","link":""},"img":{"alt_text":"","src":"https:\/\/i0.wp.com\/artstella-elixirs-floraux.com\/wp-content\/uploads\/2025\/03\/wp-image2025.png?resize=350%2C200&ssl=1","width":350,"height":200},"classes":[]},{"id":5580,"url":"https:\/\/artstella-elixirs-floraux.com\/fr_fr\/produit\/terrier-simplicite-et-joie-30ml\/","url_meta":{"origin":4829,"position":3},"title":"Terrier \/ simplicit\u00e9 et joie 30ml","author":"eveapprill","date":"9 mars 2025","format":false,"excerpt":"Terrier \/ simplicit\u00e9 et joie Pour exp\u00e9rimenter la simplicit\u00e9 et joie du moment pr\u00e9sent. Pour l\u00e2cher notre esprit sur-occup\u00e9 et appr\u00e9cier ce qui nous entoure. Tout est si simple, vraiment ! La vie est un parcoursde joie et bonheur. Pour laisser aller les complexit\u00e9s de la vie et savourer les\u2026","rel":"","context":"Article similaire","block_context":{"text":"Article similaire","link":""},"img":{"alt_text":"","src":"https:\/\/i0.wp.com\/artstella-elixirs-floraux.com\/wp-content\/uploads\/2025\/03\/bfbbed25-4c52-4a51-9d08-dbdd8aad9c72.jpg?resize=350%2C200&ssl=1","width":350,"height":200,"srcset":"https:\/\/i0.wp.com\/artstella-elixirs-floraux.com\/wp-content\/uploads\/2025\/03\/bfbbed25-4c52-4a51-9d08-dbdd8aad9c72.jpg?resize=350%2C200&ssl=1 1x, https:\/\/i0.wp.com\/artstella-elixirs-floraux.com\/wp-content\/uploads\/2025\/03\/bfbbed25-4c52-4a51-9d08-dbdd8aad9c72.jpg?resize=525%2C300&ssl=1 1.5x, https:\/\/i0.wp.com\/artstella-elixirs-floraux.com\/wp-content\/uploads\/2025\/03\/bfbbed25-4c52-4a51-9d08-dbdd8aad9c72.jpg?resize=700%2C400&ssl=1 2x"},"classes":[]},{"id":4837,"url":"https:\/\/artstella-elixirs-floraux.com\/fr_fr\/produit\/vivre-le-divin-en-tte-chose\/","url_meta":{"origin":4829,"position":4},"title":"VIVRE LE DIVIN EN TTE CHOSE","author":"eveapprill","date":"9 mars 2025","format":false,"excerpt":"VIVRE LE DIVIN EN TOUTE CHOSE L'exp\u00e9rience du jardin de Perelandra par Machaelle Small Wright Editions Co-Cr\u00e9atives","rel":"","context":"Article similaire","block_context":{"text":"Article similaire","link":""},"img":{"alt_text":"","src":"https:\/\/i0.wp.com\/artstella-elixirs-floraux.com\/wp-content\/uploads\/2025\/03\/wp-image1348.png?resize=350%2C200&ssl=1","width":350,"height":200},"classes":[]},{"id":2777,"url":"https:\/\/artstella-elixirs-floraux.com\/fr_fr\/produit\/mt-pinatubo-10ml-bush-lf\/","url_meta":{"origin":4829,"position":5},"title":"MT PINATUBO 10ML BUSH LF","author":"eveapprill","date":"9 mars 2025","format":false,"excerpt":"Mont Pinatubo Essence\u00a0 - Elixir du Mt Pinatubo\u00a0 Renforce l\u2019intuition pour avoir conscience de la pulsation profonde de la Terre et des \u00e9v\u00e9nements futurs qui se pr\u00e9parent, pour savoir o\u00f9 se trouver pour \u00eatre en s\u00e9curit\u00e9. Nous permet d\u2019\u00eatre ancr\u00e9 et centr\u00e9 dans notre pouvoir.","rel":"","context":"Article similaire","block_context":{"text":"Article similaire","link":""},"img":{"alt_text":"","src":"https:\/\/i0.wp.com\/artstella-elixirs-floraux.com\/wp-content\/uploads\/2025\/03\/fa9b96e1-bbc9-4978-a4f5-37c8f01b6d10.jpg?resize=350%2C200&ssl=1","width":350,"height":200,"srcset":"https:\/\/i0.wp.com\/artstella-elixirs-floraux.com\/wp-content\/uploads\/2025\/03\/fa9b96e1-bbc9-4978-a4f5-37c8f01b6d10.jpg?resize=350%2C200&ssl=1 1x, https:\/\/i0.wp.com\/artstella-elixirs-floraux.com\/wp-content\/uploads\/2025\/03\/fa9b96e1-bbc9-4978-a4f5-37c8f01b6d10.jpg?resize=525%2C300&ssl=1 1.5x, https:\/\/i0.wp.com\/artstella-elixirs-floraux.com\/wp-content\/uploads\/2025\/03\/fa9b96e1-bbc9-4978-a4f5-37c8f01b6d10.jpg?resize=700%2C400&ssl=1 2x"},"classes":[]}],"_links":{"self":[{"href":"https:\/\/artstella-elixirs-floraux.com\/fr_fr\/wp-json\/wp\/v2\/product\/4829","targetHints":{"allow":["GET"]}}],"collection":[{"href":"https:\/\/artstella-elixirs-floraux.com\/fr_fr\/wp-json\/wp\/v2\/product"}],"about":[{"href":"https:\/\/artstella-elixirs-floraux.com\/fr_fr\/wp-json\/wp\/v2\/types\/product"}],"version-history":[{"count":0,"href":"https:\/\/artstella-elixirs-floraux.com\/fr_fr\/wp-json\/wp\/v2\/product\/4829\/revisions"}],"wp:featuredmedia":[{"embeddable":true,"href":"https:\/\/artstella-elixirs-floraux.com\/fr_fr\/wp-json\/wp\/v2\/media\/4830"}],"wp:attachment":[{"href":"https:\/\/artstella-elixirs-floraux.com\/fr_fr\/wp-json\/wp\/v2\/media?parent=4829"}],"wp:term":[{"taxonomy":"product_brand","embeddable":true,"href":"https:\/\/artstella-elixirs-floraux.com\/fr_fr\/wp-json\/wp\/v2\/product_brand?post=4829"},{"taxonomy":"product_cat","embeddable":true,"href":"https:\/\/artstella-elixirs-floraux.com\/fr_fr\/wp-json\/wp\/v2\/product_cat?post=4829"},{"taxonomy":"product_tag","embeddable":true,"href":"https:\/\/artstella-elixirs-floraux.com\/fr_fr\/wp-json\/wp\/v2\/product_tag?post=4829"}],"curies":[{"name":"wp","href":"https:\/\/api.w.org\/{rel}","templated":true}]}}