{"id":4831,"date":"2025-03-09T13:34:08","date_gmt":"2025-03-09T13:34:08","guid":{"rendered":"https:\/\/artstella-elixirs-floraux.com\/product\/le-jardin-de-perelandra-tome-1\/"},"modified":"2025-03-09T13:34:08","modified_gmt":"2025-03-09T13:34:08","slug":"le-jardin-de-perelandra-tome-1","status":"publish","type":"product","link":"https:\/\/artstella-elixirs-floraux.com\/fr_fr\/produit\/le-jardin-de-perelandra-tome-1\/","title":{"rendered":"LE JARDIN DE PERELANDRA TOME 1"},"content":{"rendered":"<p><strong>Guide complet du Jardinage avec les Intelligences de la nature.<\/strong><br \/>Voil\u00e0 un livre que tout jardinier d\u00e9sireux de travailler en partenariat conscient avec les intelligences de la nature va aimer lire. R\u00e9sultat de l&rsquo;exp\u00e9rience qutoidienne de M.S.Wright, ce livre donne tout ce qui permet de revisiter pratiquement le jardinage biologique traditionnel et d\u00e9velopper une autre relation \u00e0 notre environnement et \u00e0 la nature.C&rsquo;est aussi un livre de joie de vivre.<br \/>Appuy\u00e9 par de nombreuses communications directes avec la nature, ce texte nous relie \u00e0 la loi universelle de la nature pour tous les jardins traditionnels d\u00e9velopp\u00e9s dans le sol, mais aussi \u00e0 tout \u00ab\u00a0jardin\u00a0\u00bb relevant de l&rsquo;exp\u00e9rience de la vie.<\/p>\n<p>Auteur : Machaelle Small Wright aux Editions Co-Cr\u00e9atives<\/p>\n<p>Isbn : 2-914326-04-1<\/p>\n<p>Format : 26,5 x 21 cm<\/p>\n<p>Pages : 374<\/p>\n","protected":false},"excerpt":{"rendered":"<p><strong>LE JARDIN DE PERELANDRA TOME 1<\/strong><\/p>\n<p>Guide complet du Jardinage avec les Intelligences de la nature<\/p>\n","protected":false},"featured_media":4832,"template":"","meta":[],"product_brand":[],"product_cat":[165],"product_tag":[],"class_list":{"0":"post-4831","1":"product","2":"type-product","3":"status-publish","4":"has-post-thumbnail","6":"product_cat-livres-et-cartes-perelandra","8":"first","9":"instock","10":"taxable","11":"shipping-taxable","12":"purchasable","13":"product-type-simple"},"etheme_brands":{"errors":{"invalid_taxonomy":["Taxonomie non valide."]},"error_data":[]},"jetpack_sharing_enabled":true,"jetpack-related-posts":[{"id":4833,"url":"https:\/\/artstella-elixirs-floraux.com\/fr_fr\/produit\/le-jardin-de-perelandra-tome-2\/","url_meta":{"origin":4831,"position":0},"title":"LE JARDIN DE PERELANDRA TOME 2","author":"","date":"9 mars 2025","format":false,"excerpt":"LE JARDIN DE PERELANDRA TOME 2 Processus \u00e9nerg\u00e9tiques co-cr\u00e9atifs pour votre jardin","rel":"","context":"Article similaire","block_context":{"text":"Article similaire","link":""},"img":{"alt_text":"","src":"https:\/\/i0.wp.com\/artstella-elixirs-floraux.com\/wp-content\/uploads\/2025\/03\/wp-image1346.png?resize=350%2C200&ssl=1","width":350,"height":200},"classes":[]},{"id":4837,"url":"https:\/\/artstella-elixirs-floraux.com\/fr_fr\/produit\/vivre-le-divin-en-tte-chose\/","url_meta":{"origin":4831,"position":1},"title":"VIVRE LE DIVIN EN TTE CHOSE","author":"","date":"9 mars 2025","format":false,"excerpt":"VIVRE LE DIVIN EN TOUTE CHOSE L'exp\u00e9rience du jardin de Perelandra par Machaelle Small Wright Editions Co-Cr\u00e9atives","rel":"","context":"Article similaire","block_context":{"text":"Article similaire","link":""},"img":{"alt_text":"","src":"https:\/\/i0.wp.com\/artstella-elixirs-floraux.com\/wp-content\/uploads\/2025\/03\/wp-image1348.png?resize=350%2C200&ssl=1","width":350,"height":200},"classes":[]},{"id":4835,"url":"https:\/\/artstella-elixirs-floraux.com\/fr_fr\/produit\/map-perelandra\/","url_meta":{"origin":4831,"position":2},"title":"MAP PERELANDRA","author":"","date":"9 mars 2025","format":false,"excerpt":"MAP PERELANDRA Programme Co-Cr\u00e9atif d\u2019 Assistance M\u00e9dicale de Perelandra","rel":"","context":"Article similaire","block_context":{"text":"Article similaire","link":""},"img":{"alt_text":"","src":"https:\/\/i0.wp.com\/artstella-elixirs-floraux.com\/wp-content\/uploads\/2025\/03\/wp-image1347.png?resize=350%2C200&ssl=1","width":350,"height":200},"classes":[]},{"id":4676,"url":"https:\/\/artstella-elixirs-floraux.com\/fr_fr\/produit\/coffret-perelandra-garden-essences\/","url_meta":{"origin":4831,"position":3},"title":"COFFRET PERELANDRA GARDEN ESSENCES","author":"eveapprill","date":"9 mars 2025","format":false,"excerpt":"COFFRET PERELANDRA GARDEN ESSENCES Jeu de 18 essences (14.2ml) \u00e0 base de fleurs de l\u00e9gumes, fleurs ornementales et aromatiques d\u00e9vellop\u00e9es dans le jardin de Perelandra.","rel":"","context":"Article similaire","block_context":{"text":"Article similaire","link":""},"img":{"alt_text":"","src":"https:\/\/i0.wp.com\/artstella-elixirs-floraux.com\/wp-content\/uploads\/2025\/03\/wp-image1268.png?resize=350%2C200&ssl=1","width":350,"height":200},"classes":[]},{"id":4780,"url":"https:\/\/artstella-elixirs-floraux.com\/fr_fr\/produit\/sr3-perelandra-14-2ml\/","url_meta":{"origin":4831,"position":4},"title":"SR3 PERELANDRA 14.2ML","author":"eveapprill","date":"9 mars 2025","format":false,"excerpt":"SR3 PERELANDRA 15ML","rel":"","context":"Article similaire","block_context":{"text":"Article similaire","link":""},"img":{"alt_text":"","src":"https:\/\/i0.wp.com\/artstella-elixirs-floraux.com\/wp-content\/uploads\/2025\/03\/wp-image1323.png?resize=350%2C200&ssl=1","width":350,"height":200},"classes":[]},{"id":4824,"url":"https:\/\/artstella-elixirs-floraux.com\/fr_fr\/produit\/guide-perelandra\/","url_meta":{"origin":4831,"position":5},"title":"GUIDE PERELANDRA","author":"eveapprill","date":"9 mars 2025","format":false,"excerpt":"GUIDE PERELANDRA Guide pratique et d\u00e9finitions des essences de Perelandra","rel":"","context":"Article similaire","block_context":{"text":"Article similaire","link":""},"img":{"alt_text":"","src":"https:\/\/i0.wp.com\/artstella-elixirs-floraux.com\/wp-content\/uploads\/2025\/03\/wp-image1343.png?resize=350%2C200&ssl=1","width":350,"height":200},"classes":[]}],"_links":{"self":[{"href":"https:\/\/artstella-elixirs-floraux.com\/fr_fr\/wp-json\/wp\/v2\/product\/4831","targetHints":{"allow":["GET"]}}],"collection":[{"href":"https:\/\/artstella-elixirs-floraux.com\/fr_fr\/wp-json\/wp\/v2\/product"}],"about":[{"href":"https:\/\/artstella-elixirs-floraux.com\/fr_fr\/wp-json\/wp\/v2\/types\/product"}],"version-history":[{"count":0,"href":"https:\/\/artstella-elixirs-floraux.com\/fr_fr\/wp-json\/wp\/v2\/product\/4831\/revisions"}],"wp:featuredmedia":[{"embeddable":true,"href":"https:\/\/artstella-elixirs-floraux.com\/fr_fr\/wp-json\/wp\/v2\/media\/4832"}],"wp:attachment":[{"href":"https:\/\/artstella-elixirs-floraux.com\/fr_fr\/wp-json\/wp\/v2\/media?parent=4831"}],"wp:term":[{"taxonomy":"product_brand","embeddable":true,"href":"https:\/\/artstella-elixirs-floraux.com\/fr_fr\/wp-json\/wp\/v2\/product_brand?post=4831"},{"taxonomy":"product_cat","embeddable":true,"href":"https:\/\/artstella-elixirs-floraux.com\/fr_fr\/wp-json\/wp\/v2\/product_cat?post=4831"},{"taxonomy":"product_tag","embeddable":true,"href":"https:\/\/artstella-elixirs-floraux.com\/fr_fr\/wp-json\/wp\/v2\/product_tag?post=4831"}],"curies":[{"name":"wp","href":"https:\/\/api.w.org\/{rel}","templated":true}]}}