{"id":4835,"date":"2025-03-09T13:34:11","date_gmt":"2025-03-09T13:34:11","guid":{"rendered":"https:\/\/artstella-elixirs-floraux.com\/product\/map-perelandra\/"},"modified":"2025-03-09T13:34:11","modified_gmt":"2025-03-09T13:34:11","slug":"map-perelandra","status":"publish","type":"product","link":"https:\/\/artstella-elixirs-floraux.com\/fr_fr\/produit\/map-perelandra\/","title":{"rendered":"MAP PERELANDRA"},"content":{"rendered":"<p><strong>Programme Co-Cr\u00e9atif d\u2019 Assistance M\u00e9dicale de Perelandra<\/strong>.<br \/>Ce livre offre bien plus que la sant\u00e9. Comme tous les autres livres de<strong>Machaelle Small Wright<\/strong>, MAP d\u00e9veloppe notre compr\u00e9hension de qui et ce que nous sommes, de ce que sont la nature et la r\u00e9alit\u00e9, de notre place dans l&rsquo;univers, de nos responsabilit\u00e9s et des chances \u00e9tonnantes qui nous sont offertes.<\/p>\n<p>Auteur : Machaelle Small Wright aux Editions Co-Cr\u00e9atives<\/p>\n<p>Isbn : 2-914326-24-7<\/p>\n<p>Format 27.5&#215;20.5 cm<\/p>\n<p>Pages : 152<\/p>\n","protected":false},"excerpt":{"rendered":"<p><strong>MAP PERELANDRA<\/strong><\/p>\n<p>Programme Co-Cr\u00e9atif d\u2019 Assistance M\u00e9dicale de Perelandra<\/p>\n","protected":false},"featured_media":4836,"template":"","meta":[],"product_brand":[],"product_cat":[165],"product_tag":[],"class_list":{"0":"post-4835","1":"product","2":"type-product","3":"status-publish","4":"has-post-thumbnail","6":"product_cat-livres-et-cartes-perelandra","8":"first","9":"instock","10":"taxable","11":"shipping-taxable","12":"purchasable","13":"product-type-simple"},"etheme_brands":{"errors":{"invalid_taxonomy":["Taxonomie non valide."]},"error_data":[]},"jetpack_sharing_enabled":true,"jetpack-related-posts":[{"id":4833,"url":"https:\/\/artstella-elixirs-floraux.com\/fr_fr\/produit\/le-jardin-de-perelandra-tome-2\/","url_meta":{"origin":4835,"position":0},"title":"LE JARDIN DE PERELANDRA TOME 2","author":"","date":"9 mars 2025","format":false,"excerpt":"LE JARDIN DE PERELANDRA TOME 2 Processus \u00e9nerg\u00e9tiques co-cr\u00e9atifs pour votre jardin","rel":"","context":"Article similaire","block_context":{"text":"Article similaire","link":""},"img":{"alt_text":"","src":"https:\/\/i0.wp.com\/artstella-elixirs-floraux.com\/wp-content\/uploads\/2025\/03\/wp-image1346.png?resize=350%2C200&ssl=1","width":350,"height":200},"classes":[]},{"id":4837,"url":"https:\/\/artstella-elixirs-floraux.com\/fr_fr\/produit\/vivre-le-divin-en-tte-chose\/","url_meta":{"origin":4835,"position":1},"title":"VIVRE LE DIVIN EN TTE CHOSE","author":"","date":"9 mars 2025","format":false,"excerpt":"VIVRE LE DIVIN EN TOUTE CHOSE L'exp\u00e9rience du jardin de Perelandra par Machaelle Small Wright Editions Co-Cr\u00e9atives","rel":"","context":"Article similaire","block_context":{"text":"Article similaire","link":""},"img":{"alt_text":"","src":"https:\/\/i0.wp.com\/artstella-elixirs-floraux.com\/wp-content\/uploads\/2025\/03\/wp-image1348.png?resize=350%2C200&ssl=1","width":350,"height":200},"classes":[]},{"id":4831,"url":"https:\/\/artstella-elixirs-floraux.com\/fr_fr\/produit\/le-jardin-de-perelandra-tome-1\/","url_meta":{"origin":4835,"position":2},"title":"LE JARDIN DE PERELANDRA TOME 1","author":"","date":"9 mars 2025","format":false,"excerpt":"LE JARDIN DE PERELANDRA TOME 1 Guide complet du Jardinage avec les Intelligences de la nature","rel":"","context":"Article similaire","block_context":{"text":"Article similaire","link":""},"img":{"alt_text":"","src":"https:\/\/i0.wp.com\/artstella-elixirs-floraux.com\/wp-content\/uploads\/2025\/03\/wp-image1344.png?resize=350%2C200&ssl=1","width":350,"height":200},"classes":[]},{"id":4824,"url":"https:\/\/artstella-elixirs-floraux.com\/fr_fr\/produit\/guide-perelandra\/","url_meta":{"origin":4835,"position":3},"title":"GUIDE PERELANDRA","author":"","date":"9 mars 2025","format":false,"excerpt":"GUIDE PERELANDRA Guide pratique et d\u00e9finitions des essences de Perelandra","rel":"","context":"Article similaire","block_context":{"text":"Article similaire","link":""},"img":{"alt_text":"","src":"https:\/\/i0.wp.com\/artstella-elixirs-floraux.com\/wp-content\/uploads\/2025\/03\/wp-image1343.png?resize=350%2C200&ssl=1","width":350,"height":200},"classes":[]},{"id":4826,"url":"https:\/\/artstella-elixirs-floraux.com\/fr_fr\/produit\/guide-mbp-perelandra\/","url_meta":{"origin":4835,"position":4},"title":"GUIDE MBP PERELANDRA","author":"","date":"9 mars 2025","format":false,"excerpt":"GUIDE des \u00e9lixirs MBP PERELANDRA","rel":"","context":"Article similaire","block_context":{"text":"Article similaire","link":""},"img":{"alt_text":"","src":"","width":0,"height":0},"classes":[]},{"id":4719,"url":"https:\/\/artstella-elixirs-floraux.com\/fr_fr\/produit\/sobopla-perelandra-14-2ml\/","url_meta":{"origin":4835,"position":5},"title":"SOBOPLA PERELANDRA 14.2ML","author":"eveapprill","date":"9 mars 2025","format":false,"excerpt":"SOBOPLA PERELANDRA 15ML","rel":"","context":"Article similaire","block_context":{"text":"Article similaire","link":""},"img":{"alt_text":"","src":"https:\/\/i0.wp.com\/artstella-elixirs-floraux.com\/wp-content\/uploads\/2025\/03\/wp-image1286.png?resize=350%2C200&ssl=1","width":350,"height":200},"classes":[]}],"_links":{"self":[{"href":"https:\/\/artstella-elixirs-floraux.com\/fr_fr\/wp-json\/wp\/v2\/product\/4835","targetHints":{"allow":["GET"]}}],"collection":[{"href":"https:\/\/artstella-elixirs-floraux.com\/fr_fr\/wp-json\/wp\/v2\/product"}],"about":[{"href":"https:\/\/artstella-elixirs-floraux.com\/fr_fr\/wp-json\/wp\/v2\/types\/product"}],"version-history":[{"count":0,"href":"https:\/\/artstella-elixirs-floraux.com\/fr_fr\/wp-json\/wp\/v2\/product\/4835\/revisions"}],"wp:featuredmedia":[{"embeddable":true,"href":"https:\/\/artstella-elixirs-floraux.com\/fr_fr\/wp-json\/wp\/v2\/media\/4836"}],"wp:attachment":[{"href":"https:\/\/artstella-elixirs-floraux.com\/fr_fr\/wp-json\/wp\/v2\/media?parent=4835"}],"wp:term":[{"taxonomy":"product_brand","embeddable":true,"href":"https:\/\/artstella-elixirs-floraux.com\/fr_fr\/wp-json\/wp\/v2\/product_brand?post=4835"},{"taxonomy":"product_cat","embeddable":true,"href":"https:\/\/artstella-elixirs-floraux.com\/fr_fr\/wp-json\/wp\/v2\/product_cat?post=4835"},{"taxonomy":"product_tag","embeddable":true,"href":"https:\/\/artstella-elixirs-floraux.com\/fr_fr\/wp-json\/wp\/v2\/product_tag?post=4835"}],"curies":[{"name":"wp","href":"https:\/\/api.w.org\/{rel}","templated":true}]}}