{"id":4837,"date":"2025-03-09T13:34:13","date_gmt":"2025-03-09T13:34:13","guid":{"rendered":"https:\/\/artstella-elixirs-floraux.com\/product\/vivre-le-divin-en-tte-chose\/"},"modified":"2025-03-09T13:34:13","modified_gmt":"2025-03-09T13:34:13","slug":"vivre-le-divin-en-tte-chose","status":"publish","type":"product","link":"https:\/\/artstella-elixirs-floraux.com\/fr_fr\/produit\/vivre-le-divin-en-tte-chose\/","title":{"rendered":"VIVRE LE DIVIN EN TTE CHOSE"},"content":{"rendered":"<p><strong>Machaelle Small Wright<\/strong>\u00a0est une pionni\u00e8re spirituelle poss\u00e9dant de grandes facult\u00e9s \u00e0 \u201cvoir\u201d et \u201centendre\u201d les forces invisibles de la nature. Son histoire personnelle est le triomphe d&rsquo;une enfance tourment\u00e9e et isol\u00e9e qui l&rsquo;a men\u00e9e vers la d\u00e9couverte de sa capacit\u00e9 \u00e0 communiquer avec le monde des esprits de la nature et des devas. Elle cr\u00e9e le Jardin de Perelandra en 1976 et y d\u00e9veloppe une \u00e9cologie globale. Au-del\u00e0 de toute th\u00e9orie, ce livre stimulera les esprits et captivera les coeurs de tous ceux qui osent r\u00eaver d&rsquo;un monde d&rsquo;harmonie dynamique et de vie compatissante.<\/p>\n<p>Auteur : M.S. Wright aux Editions Co-Cr\u00e9atives<\/p>\n<p>Isbn : 978-2-314926-00-1<\/p>\n<p>Format : 21,5 x 14 cm<\/p>\n<p>Pages : 336<\/p>\n","protected":false},"excerpt":{"rendered":"<p><strong>VIVRE LE DIVIN EN TOUTE CHOSE<\/strong><\/p>\n<p>L&rsquo;exp\u00e9rience du jardin de Perelandra par Machaelle Small Wright<\/p>\n<p>Editions Co-Cr\u00e9atives<\/p>\n","protected":false},"featured_media":4838,"template":"","meta":[],"product_brand":[],"product_cat":[165],"product_tag":[],"class_list":{"0":"post-4837","1":"product","2":"type-product","3":"status-publish","4":"has-post-thumbnail","6":"product_cat-livres-et-cartes-perelandra","8":"first","9":"instock","10":"taxable","11":"shipping-taxable","12":"purchasable","13":"product-type-simple"},"etheme_brands":{"errors":{"invalid_taxonomy":["Taxonomie non valide."]},"error_data":[]},"jetpack_sharing_enabled":true,"jetpack-related-posts":[{"id":4833,"url":"https:\/\/artstella-elixirs-floraux.com\/fr_fr\/produit\/le-jardin-de-perelandra-tome-2\/","url_meta":{"origin":4837,"position":0},"title":"LE JARDIN DE PERELANDRA TOME 2","author":"","date":"9 mars 2025","format":false,"excerpt":"LE JARDIN DE PERELANDRA TOME 2 Processus \u00e9nerg\u00e9tiques co-cr\u00e9atifs pour votre jardin","rel":"","context":"Article similaire","block_context":{"text":"Article similaire","link":""},"img":{"alt_text":"","src":"https:\/\/i0.wp.com\/artstella-elixirs-floraux.com\/wp-content\/uploads\/2025\/03\/wp-image1346.png?resize=350%2C200&ssl=1","width":350,"height":200},"classes":[]},{"id":4831,"url":"https:\/\/artstella-elixirs-floraux.com\/fr_fr\/produit\/le-jardin-de-perelandra-tome-1\/","url_meta":{"origin":4837,"position":1},"title":"LE JARDIN DE PERELANDRA TOME 1","author":"","date":"9 mars 2025","format":false,"excerpt":"LE JARDIN DE PERELANDRA TOME 1 Guide complet du Jardinage avec les Intelligences de la nature","rel":"","context":"Article similaire","block_context":{"text":"Article similaire","link":""},"img":{"alt_text":"","src":"https:\/\/i0.wp.com\/artstella-elixirs-floraux.com\/wp-content\/uploads\/2025\/03\/wp-image1344.png?resize=350%2C200&ssl=1","width":350,"height":200},"classes":[]},{"id":4835,"url":"https:\/\/artstella-elixirs-floraux.com\/fr_fr\/produit\/map-perelandra\/","url_meta":{"origin":4837,"position":2},"title":"MAP PERELANDRA","author":"","date":"9 mars 2025","format":false,"excerpt":"MAP PERELANDRA Programme Co-Cr\u00e9atif d\u2019 Assistance M\u00e9dicale de Perelandra","rel":"","context":"Article similaire","block_context":{"text":"Article similaire","link":""},"img":{"alt_text":"","src":"https:\/\/i0.wp.com\/artstella-elixirs-floraux.com\/wp-content\/uploads\/2025\/03\/wp-image1347.png?resize=350%2C200&ssl=1","width":350,"height":200},"classes":[]},{"id":4824,"url":"https:\/\/artstella-elixirs-floraux.com\/fr_fr\/produit\/guide-perelandra\/","url_meta":{"origin":4837,"position":3},"title":"GUIDE PERELANDRA","author":"","date":"9 mars 2025","format":false,"excerpt":"GUIDE PERELANDRA Guide pratique et d\u00e9finitions des essences de Perelandra","rel":"","context":"Article similaire","block_context":{"text":"Article similaire","link":""},"img":{"alt_text":"","src":"https:\/\/i0.wp.com\/artstella-elixirs-floraux.com\/wp-content\/uploads\/2025\/03\/wp-image1343.png?resize=350%2C200&ssl=1","width":350,"height":200},"classes":[]},{"id":4829,"url":"https:\/\/artstella-elixirs-floraux.com\/fr_fr\/produit\/leprechauns-t-helliwell\/","url_meta":{"origin":4837,"position":4},"title":"LEPRECHAUNS T.HELLIWELL","author":"eveapprill","date":"9 mars 2025","format":false,"excerpt":"LEPRECHAUNS par T.HELLIWELL Tanis Helliwell nous offre un vrai bijou,\u00a0une\u00a0histoire vraie,\u00a0sur sa rencontre avec les esprits de la Nature...","rel":"","context":"Article similaire","block_context":{"text":"Article similaire","link":""},"img":{"alt_text":"","src":"https:\/\/i0.wp.com\/artstella-elixirs-floraux.com\/wp-content\/uploads\/2025\/03\/wp-image1349.png?resize=350%2C200&ssl=1","width":350,"height":200},"classes":[]},{"id":4676,"url":"https:\/\/artstella-elixirs-floraux.com\/fr_fr\/produit\/coffret-perelandra-garden-essences\/","url_meta":{"origin":4837,"position":5},"title":"COFFRET PERELANDRA GARDEN ESSENCES","author":"eveapprill","date":"9 mars 2025","format":false,"excerpt":"COFFRET PERELANDRA GARDEN ESSENCES Jeu de 18 essences (14.2ml) \u00e0 base de fleurs de l\u00e9gumes, fleurs ornementales et aromatiques d\u00e9vellop\u00e9es dans le jardin de Perelandra.","rel":"","context":"Article similaire","block_context":{"text":"Article similaire","link":""},"img":{"alt_text":"","src":"https:\/\/i0.wp.com\/artstella-elixirs-floraux.com\/wp-content\/uploads\/2025\/03\/wp-image1268.png?resize=350%2C200&ssl=1","width":350,"height":200},"classes":[]}],"_links":{"self":[{"href":"https:\/\/artstella-elixirs-floraux.com\/fr_fr\/wp-json\/wp\/v2\/product\/4837","targetHints":{"allow":["GET"]}}],"collection":[{"href":"https:\/\/artstella-elixirs-floraux.com\/fr_fr\/wp-json\/wp\/v2\/product"}],"about":[{"href":"https:\/\/artstella-elixirs-floraux.com\/fr_fr\/wp-json\/wp\/v2\/types\/product"}],"version-history":[{"count":0,"href":"https:\/\/artstella-elixirs-floraux.com\/fr_fr\/wp-json\/wp\/v2\/product\/4837\/revisions"}],"wp:featuredmedia":[{"embeddable":true,"href":"https:\/\/artstella-elixirs-floraux.com\/fr_fr\/wp-json\/wp\/v2\/media\/4838"}],"wp:attachment":[{"href":"https:\/\/artstella-elixirs-floraux.com\/fr_fr\/wp-json\/wp\/v2\/media?parent=4837"}],"wp:term":[{"taxonomy":"product_brand","embeddable":true,"href":"https:\/\/artstella-elixirs-floraux.com\/fr_fr\/wp-json\/wp\/v2\/product_brand?post=4837"},{"taxonomy":"product_cat","embeddable":true,"href":"https:\/\/artstella-elixirs-floraux.com\/fr_fr\/wp-json\/wp\/v2\/product_cat?post=4837"},{"taxonomy":"product_tag","embeddable":true,"href":"https:\/\/artstella-elixirs-floraux.com\/fr_fr\/wp-json\/wp\/v2\/product_tag?post=4837"}],"curies":[{"name":"wp","href":"https:\/\/api.w.org\/{rel}","templated":true}]}}